{"id":1020,"date":"2026-03-02T21:02:00","date_gmt":"2026-03-02T18:02:00","guid":{"rendered":"https:\/\/nlp6.mycube.kz\/risk-disclosurer\/"},"modified":"2026-04-01T16:25:51","modified_gmt":"2026-04-01T13:25:51","slug":"risk-disclosurer","status":"publish","type":"page","link":"https:\/\/nlp6.mycube.kz\/de\/risk-disclosurer\/","title":{"rendered":"Risikohinweis"},"content":{"rendered":"<section class=\"l-section wpb_row us_custom_9ccc05f2 height_large\"><div class=\"l-section-h i-cf\"><div class=\"g-cols vc_row via_flex valign_top type_default stacking_default\"><div class=\"vc_col-sm-12 wpb_column vc_column_container\"><div class=\"vc_column-inner\"><div class=\"wpb_wrapper\"><div class=\"g-cols wpb_row via_flex valign_middle type_default stacking_default\"><div class=\"vc_col-sm-6 wpb_column vc_column_container\"><div class=\"vc_column-inner\"><div class=\"wpb_wrapper\"><nav class=\"g-breadcrumbs us_custom_183ff87a has_text_color separator_icon align_none\" itemscope itemtype=\"http:\/\/schema.org\/BreadcrumbList\"><div class=\"g-breadcrumbs-item\" itemscope itemprop=\"itemListElement\" itemtype=\"http:\/\/schema.org\/ListItem\"><a itemprop=\"item\" href=\"https:\/\/nlp6.mycube.kz\/de\/\"><span itemprop=\"name\">Start<\/span><\/a><meta itemprop=\"position\" content=\"1\"\/><\/div><div class=\"g-breadcrumbs-separator\"><i class=\"far fa-angle-right\"><\/i><\/div><div class=\"g-breadcrumbs-item\">Seiten<\/div><\/nav><div class=\"wpb_text_column\"><div class=\"wpb_wrapper\"><h1>Risikohinweis<\/h1>\n<\/div><\/div><div class=\"w-separator size_custom\" style=\"height:25px\"><\/div><div class=\"w-btn-wrapper align_none\"><a class=\"w-btn us-btn-style_1\" href=\"\/platform.html\"><span class=\"w-btn-label\">Jetzt mit dem Trading beginnen<\/span><\/a><\/div><\/div><\/div><\/div><div class=\"vc_col-sm-6 wpb_column vc_column_container\"><div class=\"vc_column-inner\"><div class=\"wpb_wrapper\"><div class=\"w-image align_none\"><div class=\"w-image-h\"><img decoding=\"async\" width=\"734\" height=\"320\" src=\"https:\/\/nlp6.mycube.kz\/wp-content\/uploads\/2026\/02\/gr-page.png\" class=\"attachment-full size-full\" alt=\"\" loading=\"lazy\" srcset=\"https:\/\/nlp6.mycube.kz\/wp-content\/uploads\/2026\/02\/gr-page.png 734w, https:\/\/nlp6.mycube.kz\/wp-content\/uploads\/2026\/02\/gr-page-300x131.png 300w\" sizes=\"auto, (max-width: 734px) 100vw, 734px\" \/><\/div><\/div><\/div><\/div><\/div><\/div><div class=\"w-separator hide_on_tablets hide_on_mobiles size_custom\" style=\"height:3rem\"><\/div><\/div><\/div><\/div><\/div><\/div><\/section><section class=\"l-section wpb_row height_large\"><div class=\"l-section-h i-cf\"><div class=\"g-cols vc_row via_flex valign_top type_default reversed stacking_default\"><div class=\"vc_col-sm-4 wpb_column vc_column_container\"><div class=\"vc_column-inner type_sticky\"><div class=\"wpb_wrapper\"><div class=\"g-cols wpb_row us_custom_6df4bc3a has_text_color via_flex valign_top type_boxes stacking_default\"><div class=\"vc_col-sm-12 wpb_column vc_column_container has_bg_color\"><div class=\"vc_column-inner us_custom_d99ff950\"><div class=\"wpb_wrapper\"><section class=\"l-section wpb_row height_auto width_full\"><div class=\"l-section-h i-cf\"><div class=\"g-cols vc_row via_flex valign_top type_default stacking_default\"><div class=\"vc_col-sm-12 wpb_column vc_column_container\"><div class=\"vc_column-inner\"><div class=\"wpb_wrapper\"><div class=\"g-cols wpb_row side-a via_flex valign_top type_default stacking_default\"><div class=\"vc_col-sm-12 wpb_column vc_column_container\"><div class=\"vc_column-inner\"><div class=\"wpb_wrapper\"><div class=\"wpb_text_column\"><div class=\"wpb_wrapper\"><h5>Andere Richtlinien<\/h5>\n<\/div><\/div><div class=\"w-separator size_custom\" style=\"height:30px\"><\/div><div class=\"wpb_text_column us_custom_6df4bc3a ulmoy2 link-ul has_text_color\"><div class=\"wpb_wrapper\"><ul>\n<li><a href=\"\/de\/risk-disclosure\/\">Risikohinweis<\/a><\/li>\n<li><a href=\"\/de\/kyc-process\/\">KYC-Prozess<\/a><\/li>\n<li><a href=\"\/de\/bonus-terms-and-conditions\/\">Bonusbedingungen<\/a><\/li>\n<li><a href=\"\/de\/terms-and-conditions\/\">Allgemeine Gesch\u00e4ftsbedingungen<\/a><\/li>\n<li><a href=\"\/de\/cookie-policy\/\">Cookie-Richtlinie<\/a><\/li>\n<li><a href=\"\/de\/privacy-policy\/\">Datenschutzrichtlinie<\/a><\/li>\n<li><a href=\"\/de\/complaints-dispute-policy\/\">Die Beschwerde- und Streitbeilegungsrichtlinie<\/a><\/li>\n<\/ul>\n<\/div><\/div><\/div><\/div><\/div><\/div><\/div><\/div><\/div><\/div><\/div><\/section>\n<\/div><\/div><\/div><\/div><\/div><\/div><\/div><div class=\"vc_col-sm-8 wpb_column vc_column_container ulmoy\"><div class=\"vc_column-inner\"><div class=\"wpb_wrapper\"><div class=\"g-cols wpb_row via_flex valign_top type_default stacking_default\"><div class=\"vc_col-sm-12 wpb_column vc_column_container\"><div class=\"vc_column-inner\"><div class=\"wpb_wrapper\"><div class=\"wpb_text_column\"><div class=\"wpb_wrapper\"><h5>Die Risiken des CFD-Handels mit ICBC Markets verstehen<\/h5>\n<p><strong>Die Herausforderungen des CFD-Handels meistern<\/strong><br \/>\nDer Handel mit Contracts for Difference (CFDs) erfordert eine sorgf\u00e4ltige Risikomanagement-Strategie, insbesondere bei der Nutzung von Hebelwirkung. F\u00fcr Anf\u00e4nger oder Personen mit geringer Risikobereitschaft k\u00f6nnen CFDs komplex sein und erhebliche Risiken bergen. Im Gegensatz zum traditionellen Aktienhandel, der oft mit geringerer Hebelwirkung arbeitet, k\u00f6nnen CFDs sowohl Gewinne als auch Verluste deutlich verst\u00e4rken.<\/p>\n<\/div><\/div><\/div><\/div><\/div><\/div><div class=\"w-separator size_custom\" style=\"height:30px\"><\/div><div class=\"g-cols wpb_row via_flex valign_top type_default stacking_default\"><div class=\"vc_col-sm-12 wpb_column vc_column_container\"><div class=\"vc_column-inner\"><div class=\"wpb_wrapper\"><div class=\"wpb_text_column\"><div class=\"wpb_wrapper\"><h5>Die wichtigsten Risiken des CFD-Handels<\/h5>\n<ul>\n<li><strong>Marktvolatilit\u00e4t<\/strong> \u2013 CFD-Preise k\u00f6nnen sich sehr schnell \u00e4ndern, und die Hebelwirkung verst\u00e4rkt sowohl potenzielle Gewinne als auch Verluste.<\/li>\n<li><strong>Vollst\u00e4ndiger Kapitalverlust<\/strong> \u2013 Sie k\u00f6nnen Ihr gesamtes investiertes Kapital verlieren. Handeln Sie nur mit Geld, das Sie sich leisten k\u00f6nnen zu verlieren, ohne Ihre finanzielle Sicherheit zu gef\u00e4hrden.<\/li>\n<\/ul>\n<\/div><\/div><\/div><\/div><\/div><\/div><div class=\"w-separator size_custom\" style=\"height:30px\"><\/div><div class=\"g-cols wpb_row via_flex valign_top type_default stacking_default\"><div class=\"vc_col-sm-12 wpb_column vc_column_container\"><div class=\"vc_column-inner\"><div class=\"wpb_wrapper\"><div class=\"wpb_text_column\"><div class=\"wpb_wrapper\"><h5>Wichtige Risiken beim CFD-Handel<\/h5>\n<ul>\n<li><strong>Marktvolatilit\u00e4t:<\/strong> CFD-Preise k\u00f6nnen sich rasch bewegen, und die Hebelwirkung kann potenzielle Verluste verst\u00e4rken.<\/li>\n<li><strong>Risiko des Totalverlusts:<\/strong> Es besteht die M\u00f6glichkeit, Ihr gesamtes Investment zu verlieren. Handeln Sie nur mit Geld, das Sie sich leisten k\u00f6nnen zu verlieren, und stellen Sie Ihre finanzielle Sicherheit an erste Stelle.<\/li>\n<\/ul>\n<\/div><\/div><\/div><\/div><\/div><\/div><div class=\"w-separator size_custom\" style=\"height:30px\"><\/div><div class=\"g-cols wpb_row via_flex valign_top type_default stacking_default\"><div class=\"vc_col-sm-12 wpb_column vc_column_container\"><div class=\"vc_column-inner\"><div class=\"wpb_wrapper\"><div class=\"wpb_text_column\"><div class=\"wpb_wrapper\"><h5>Wesentliche Sicherheitsma\u00dfnahmen<\/h5>\n<ul>\n<li><strong>Risikobewusstsein:<\/strong> Stellen Sie sicher, dass Sie die damit verbundenen Risiken vollst\u00e4ndig verstehen, bevor Sie mit dem CFD-Handel beginnen.<\/li>\n<li><strong>Professionelle Beratung:<\/strong> Konsultieren Sie einen zugelassenen Finanzberater, um fundierte Entscheidungen zu treffen.<\/li>\n<\/ul>\n<\/div><\/div><\/div><\/div><\/div><\/div><div class=\"w-separator size_custom\" style=\"height:30px\"><\/div><div class=\"g-cols wpb_row via_flex valign_top type_default stacking_default\"><div class=\"vc_col-sm-12 wpb_column vc_column_container\"><div class=\"vc_column-inner\"><div class=\"wpb_wrapper\"><div class=\"wpb_text_column\"><div class=\"wpb_wrapper\"><h5>ICBC Markets Haftungsausschluss<\/h5>\n<p>ICBC Markets \u00fcbernimmt keine Verantwortung f\u00fcr Verluste im Zusammenhang mit dem CFD-Handel, einschlie\u00dflich:<\/p>\n<ul>\n<li>Direkter oder indirekter finanzieller Verluste.<\/li>\n<li>Besonderer, zuf\u00e4lliger oder Folgesch\u00e4den.<\/li>\n<\/ul>\n<\/div><\/div><\/div><\/div><\/div><\/div><div class=\"w-separator size_custom\" style=\"height:30px\"><\/div><div class=\"g-cols wpb_row via_flex valign_top type_default stacking_default\"><div class=\"vc_col-sm-12 wpb_column vc_column_container\"><div class=\"vc_column-inner\"><div class=\"wpb_wrapper\"><div class=\"wpb_text_column\"><div class=\"wpb_wrapper\"><h5>Weitere wichtige Hinweise<\/h5>\n<ul>\n<li><strong>Risiken des Copy-Trading:<\/strong> Das Kopieren der Strategien anderer Trader bietet keine Erfolgsgarantie. Ihre individuelle finanzielle Situation und Risikobereitschaft beeinflussen Ihre Ergebnisse.<\/li>\n<li><strong>Vergangene vs. zuk\u00fcnftige Performance:<\/strong> Historische Ergebnisse auf der ICBC Markets-Plattform stellen keine Garantie f\u00fcr zuk\u00fcnftige Gewinne dar. Die bereitgestellten Informationen sind kein Finanzrat und keine offizielle Stellungnahme von ICBC Markets.<\/li>\n<\/ul>\n<\/div><\/div><\/div><\/div><\/div><\/div><div class=\"w-separator size_custom\" style=\"height:30px\"><\/div><div class=\"g-cols wpb_row via_flex valign_top type_default stacking_default\"><div class=\"vc_col-sm-12 wpb_column vc_column_container\"><div class=\"vc_column-inner\"><div class=\"wpb_wrapper\"><div class=\"wpb_text_column\"><div class=\"wpb_wrapper\"><h5>Einblicke aus der Trading-Community<\/h5>\n<p>Die ICBC Markets Trading-Community ist ein wertvoller Ort zum Austausch von Ideen, aber bedenken Sie, dass die dort ge\u00e4u\u00dferten Meinungen nicht die offizielle Position von ICBC Markets widerspiegeln. F\u00fchren Sie stets eigene gr\u00fcndliche Recherchen durch und holen Sie sich Rat von qualifizierten Finanzexperten, bevor Sie Handelsentscheidungen treffen.<\/p>\n<\/div><\/div><\/div><\/div><\/div><\/div><\/div><\/div><\/div><\/div><\/div><\/section>\n","protected":false},"excerpt":{"rendered":"StartSeitenRisikohinweis Jetzt mit dem Trading beginnenAndere Richtlinien Risikohinweis KYC-Prozess Bonusbedingungen Allgemeine Gesch\u00e4ftsbedingungen Cookie-Richtlinie Datenschutzrichtlinie Die Beschwerde- und Streitbeilegungsrichtlinie Die Risiken des CFD-Handels mit ICBC Markets verstehen Die Herausforderungen des CFD-Handels meistern Der Handel mit Contracts for Difference (CFDs) erfordert eine sorgf\u00e4ltige Risikomanagement-Strategie, insbesondere bei der Nutzung von Hebelwirkung. F\u00fcr Anf\u00e4nger oder Personen mit geringer Risikobereitschaft...","protected":false},"author":1,"featured_media":0,"parent":0,"menu_order":0,"comment_status":"closed","ping_status":"closed","template":"","meta":{"footnotes":""},"class_list":["post-1020","page","type-page","status-publish","hentry"],"_links":{"self":[{"href":"https:\/\/nlp6.mycube.kz\/de\/wp-json\/wp\/v2\/pages\/1020","targetHints":{"allow":["GET"]}}],"collection":[{"href":"https:\/\/nlp6.mycube.kz\/de\/wp-json\/wp\/v2\/pages"}],"about":[{"href":"https:\/\/nlp6.mycube.kz\/de\/wp-json\/wp\/v2\/types\/page"}],"author":[{"embeddable":true,"href":"https:\/\/nlp6.mycube.kz\/de\/wp-json\/wp\/v2\/users\/1"}],"replies":[{"embeddable":true,"href":"https:\/\/nlp6.mycube.kz\/de\/wp-json\/wp\/v2\/comments?post=1020"}],"version-history":[{"count":2,"href":"https:\/\/nlp6.mycube.kz\/de\/wp-json\/wp\/v2\/pages\/1020\/revisions"}],"predecessor-version":[{"id":1022,"href":"https:\/\/nlp6.mycube.kz\/de\/wp-json\/wp\/v2\/pages\/1020\/revisions\/1022"}],"wp:attachment":[{"href":"https:\/\/nlp6.mycube.kz\/de\/wp-json\/wp\/v2\/media?parent=1020"}],"curies":[{"name":"wp","href":"https:\/\/api.w.org\/{rel}","templated":true}]}}