{"id":1028,"date":"2026-03-02T21:33:03","date_gmt":"2026-03-02T18:33:03","guid":{"rendered":"https:\/\/nlp6.mycube.kz\/kyc-process\/"},"modified":"2026-04-01T16:30:46","modified_gmt":"2026-04-01T13:30:46","slug":"kyc-process","status":"publish","type":"page","link":"https:\/\/nlp6.mycube.kz\/de\/kyc-process\/","title":{"rendered":"KYC-Prozess"},"content":{"rendered":"<section class=\"l-section wpb_row us_custom_9ccc05f2 height_large\"><div class=\"l-section-h i-cf\"><div class=\"g-cols vc_row via_flex valign_top type_default stacking_default\"><div class=\"vc_col-sm-12 wpb_column vc_column_container\"><div class=\"vc_column-inner\"><div class=\"wpb_wrapper\"><div class=\"g-cols wpb_row via_flex valign_middle type_default stacking_default\"><div class=\"vc_col-sm-6 wpb_column vc_column_container\"><div class=\"vc_column-inner\"><div class=\"wpb_wrapper\"><nav class=\"g-breadcrumbs us_custom_183ff87a has_text_color separator_icon align_none\" itemscope itemtype=\"http:\/\/schema.org\/BreadcrumbList\"><div class=\"g-breadcrumbs-item\" itemscope itemprop=\"itemListElement\" itemtype=\"http:\/\/schema.org\/ListItem\"><a itemprop=\"item\" href=\"https:\/\/nlp6.mycube.kz\/de\/\"><span itemprop=\"name\">Start<\/span><\/a><meta itemprop=\"position\" content=\"1\"\/><\/div><div class=\"g-breadcrumbs-separator\"><i class=\"far fa-angle-right\"><\/i><\/div><div class=\"g-breadcrumbs-item\">Seiten<\/div><\/nav><div class=\"wpb_text_column\"><div class=\"wpb_wrapper\"><h1>KYC-Prozess<\/h1>\n<\/div><\/div><div class=\"w-separator size_custom\" style=\"height:25px\"><\/div><div class=\"w-btn-wrapper align_none\"><a class=\"w-btn us-btn-style_1\" href=\"\/platform.html\"><span class=\"w-btn-label\">Jetzt mit dem Trading beginnen<\/span><\/a><\/div><\/div><\/div><\/div><div class=\"vc_col-sm-6 wpb_column vc_column_container\"><div class=\"vc_column-inner\"><div class=\"wpb_wrapper\"><div class=\"w-image align_none\"><div class=\"w-image-h\"><img decoding=\"async\" width=\"734\" height=\"320\" src=\"https:\/\/nlp6.mycube.kz\/wp-content\/uploads\/2026\/02\/gr-page.png\" class=\"attachment-full size-full\" alt=\"\" loading=\"lazy\" srcset=\"https:\/\/nlp6.mycube.kz\/wp-content\/uploads\/2026\/02\/gr-page.png 734w, https:\/\/nlp6.mycube.kz\/wp-content\/uploads\/2026\/02\/gr-page-300x131.png 300w\" sizes=\"auto, (max-width: 734px) 100vw, 734px\" \/><\/div><\/div><\/div><\/div><\/div><\/div><div class=\"w-separator hide_on_tablets hide_on_mobiles size_custom\" style=\"height:3rem\"><\/div><\/div><\/div><\/div><\/div><\/div><\/section><section class=\"l-section wpb_row height_large\"><div class=\"l-section-h i-cf\"><div class=\"g-cols vc_row via_flex valign_top type_default reversed stacking_default\"><div class=\"vc_col-sm-4 wpb_column vc_column_container\"><div class=\"vc_column-inner type_sticky\"><div class=\"wpb_wrapper\"><div class=\"g-cols wpb_row us_custom_6df4bc3a has_text_color via_flex valign_top type_boxes stacking_default\"><div class=\"vc_col-sm-12 wpb_column vc_column_container has_bg_color\"><div class=\"vc_column-inner us_custom_d99ff950\"><div class=\"wpb_wrapper\"><section class=\"l-section wpb_row height_auto width_full\"><div class=\"l-section-h i-cf\"><div class=\"g-cols vc_row via_flex valign_top type_default stacking_default\"><div class=\"vc_col-sm-12 wpb_column vc_column_container\"><div class=\"vc_column-inner\"><div class=\"wpb_wrapper\"><div class=\"g-cols wpb_row side-a via_flex valign_top type_default stacking_default\"><div class=\"vc_col-sm-12 wpb_column vc_column_container\"><div class=\"vc_column-inner\"><div class=\"wpb_wrapper\"><div class=\"wpb_text_column\"><div class=\"wpb_wrapper\"><h5>Andere Richtlinien<\/h5>\n<\/div><\/div><div class=\"w-separator size_custom\" style=\"height:30px\"><\/div><div class=\"wpb_text_column us_custom_6df4bc3a ulmoy2 link-ul has_text_color\"><div class=\"wpb_wrapper\"><ul>\n<li><a href=\"\/de\/risk-disclosure\/\">Risikohinweis<\/a><\/li>\n<li><a href=\"\/de\/kyc-process\/\">KYC-Prozess<\/a><\/li>\n<li><a href=\"\/de\/bonus-terms-and-conditions\/\">Bonusbedingungen<\/a><\/li>\n<li><a href=\"\/de\/terms-and-conditions\/\">Allgemeine Gesch\u00e4ftsbedingungen<\/a><\/li>\n<li><a href=\"\/de\/cookie-policy\/\">Cookie-Richtlinie<\/a><\/li>\n<li><a href=\"\/de\/privacy-policy\/\">Datenschutzrichtlinie<\/a><\/li>\n<li><a href=\"\/de\/complaints-dispute-policy\/\">Die Beschwerde- und Streitbeilegungsrichtlinie<\/a><\/li>\n<\/ul>\n<\/div><\/div><\/div><\/div><\/div><\/div><\/div><\/div><\/div><\/div><\/div><\/section>\n<\/div><\/div><\/div><\/div><\/div><\/div><\/div><div class=\"vc_col-sm-8 wpb_column vc_column_container ulmoy\"><div class=\"vc_column-inner\"><div class=\"wpb_wrapper\"><div class=\"g-cols wpb_row via_flex valign_top type_default stacking_default\"><div class=\"vc_col-sm-12 wpb_column vc_column_container\"><div class=\"vc_column-inner\"><div class=\"wpb_wrapper\"><div class=\"wpb_text_column\"><div class=\"wpb_wrapper\"><h5>Ihre Sicherheit hat bei uns h\u00f6chste Priorit\u00e4t: Das fortschrittliche Anti-Betrugs-System von ICBC Markets<\/h5>\n<p><strong>Schutz Ihrer Identit\u00e4t und Ihrer Gelder<\/strong><br \/>\nBei ICBC Markets steht der Schutz Ihrer pers\u00f6nlichen Daten und Ihres Trading-Kontos an erster Stelle. Unsere strengen Know-Your-Customer (KYC)- und Anti-Betrugs-Richtlinien dienen der Verhinderung von Identit\u00e4tsdiebstahl, unbefugten Aktivit\u00e4ten und finanziellen Missbrauch. Diese Ma\u00dfnahmen unterst\u00fctzen auch die weltweiten Bem\u00fchungen gegen Geldw\u00e4sche und Terrorismusfinanzierung und gew\u00e4hrleisten ein sicheres, konformes und transparentes Handelsumfeld. Konten, die mit verd\u00e4chtigen oder verbotenen Aktivit\u00e4ten in Verbindung stehen, k\u00f6nnen ohne Vorank\u00fcndigung gesperrt werden, und die damit verbundenen Gelder k\u00f6nnen beschlagnahmt werden.<\/p>\n<\/div><\/div><\/div><\/div><\/div><\/div><div class=\"w-separator size_custom\" style=\"height:30px\"><\/div><div class=\"g-cols wpb_row via_flex valign_top type_default stacking_default\"><div class=\"vc_col-sm-12 wpb_column vc_column_container\"><div class=\"vc_column-inner\"><div class=\"wpb_wrapper\"><div class=\"wpb_text_column\"><div class=\"wpb_wrapper\"><h5>Fortschrittliche Sicherheit &amp; Datenverschl\u00fcsselung<\/h5>\n<p>Wir setzen modernste Verschl\u00fcsselungstechnologien und leistungsstarke Cybersicherheitssysteme ein, um Ihre Identit\u00e4t, Transaktionen und den Zugriff auf Ihr Konto zu sch\u00fctzen. Eine Identit\u00e4ts\u00fcberpr\u00fcfung ist f\u00fcr alle elektronischen Einzahlungen und Zahlungsmethoden erforderlich, um die Sicherheit und Integrit\u00e4t der Plattform zu gew\u00e4hrleisten.<\/p>\n<\/div><\/div><\/div><\/div><\/div><\/div><div class=\"w-separator size_custom\" style=\"height:30px\"><\/div><div class=\"g-cols wpb_row via_flex valign_top type_default stacking_default\"><div class=\"vc_col-sm-12 wpb_column vc_column_container\"><div class=\"vc_column-inner\"><div class=\"wpb_wrapper\"><div class=\"wpb_text_column\"><div class=\"wpb_wrapper\"><h5>KYC-Anforderungen f\u00fcr Einzahlungen<\/h5>\n<\/div><\/div><\/div><\/div><\/div><\/div><div class=\"w-separator size_custom\" style=\"height:30px\"><\/div><div class=\"g-cols wpb_row via_flex valign_middle type_default stacking_default\"><div class=\"vc_col-sm-4 wpb_column vc_column_container\"><div class=\"vc_column-inner\"><div class=\"wpb_wrapper\"><div class=\"w-image align_none\"><div class=\"w-image-h\"><img decoding=\"async\" width=\"262\" height=\"355\" src=\"https:\/\/nlp6.mycube.kz\/wp-content\/uploads\/2026\/03\/card1.jpg\" class=\"attachment-full size-full\" alt=\"\" loading=\"lazy\" srcset=\"https:\/\/nlp6.mycube.kz\/wp-content\/uploads\/2026\/03\/card1.jpg 262w, https:\/\/nlp6.mycube.kz\/wp-content\/uploads\/2026\/03\/card1-221x300.jpg 221w\" sizes=\"auto, (max-width: 262px) 100vw, 262px\" \/><\/div><\/div><\/div><\/div><\/div><div class=\"vc_col-sm-8 wpb_column vc_column_container\"><div class=\"vc_column-inner\"><div class=\"wpb_wrapper\"><div class=\"wpb_text_column\"><div class=\"wpb_wrapper\"><h5>Identit\u00e4tsnachweis<\/h5>\n<p>Reichen Sie einen klaren, farbigen Scan oder ein Foto eines g\u00fcltigen, von einer Regierungsstelle ausgestellten Ausweises oder Reisepasses ein, der Ihren vollst\u00e4ndigen Namen, Ihr Foto und Ihre Unterschrift zeigt.<\/p>\n<\/div><\/div><\/div><\/div><\/div><\/div><div class=\"w-separator size_custom with_line width_default thick_1 style_solid color_border align_center\" style=\"height:60px\"><div class=\"w-separator-h\"><\/div><\/div><div class=\"g-cols wpb_row via_flex valign_middle type_default stacking_default\"><div class=\"vc_col-sm-4 wpb_column vc_column_container\"><div class=\"vc_column-inner\"><div class=\"wpb_wrapper\"><div class=\"w-image align_none\"><div class=\"w-image-h\"><img decoding=\"async\" width=\"262\" height=\"355\" src=\"https:\/\/nlp6.mycube.kz\/wp-content\/uploads\/2026\/03\/card02.png\" class=\"attachment-full size-full\" alt=\"\" loading=\"lazy\" srcset=\"https:\/\/nlp6.mycube.kz\/wp-content\/uploads\/2026\/03\/card02.png 262w, https:\/\/nlp6.mycube.kz\/wp-content\/uploads\/2026\/03\/card02-221x300.png 221w\" sizes=\"auto, (max-width: 262px) 100vw, 262px\" \/><\/div><\/div><\/div><\/div><\/div><div class=\"vc_col-sm-8 wpb_column vc_column_container\"><div class=\"vc_column-inner\"><div class=\"wpb_wrapper\"><div class=\"wpb_text_column\"><div class=\"wpb_wrapper\"><h5>Kartenverifizierung<\/h5>\n<p>Legen Sie ein Farbbild Ihrer Debit- oder Kreditkarte vor, auf dem nur die ersten 6 und die letzten 4 Ziffern sichtbar sind. Verdecken Sie die \u00fcbrigen Ziffern und den CVV-Code, w\u00e4hrend die Unterschrift des Karteninhabers sichtbar bleibt.<\/p>\n<\/div><\/div><\/div><\/div><\/div><\/div><div class=\"w-separator size_custom with_line width_default thick_1 style_solid color_border align_center\" style=\"height:60px\"><div class=\"w-separator-h\"><\/div><\/div><div class=\"g-cols wpb_row via_flex valign_middle type_default stacking_default\"><div class=\"vc_col-sm-4 wpb_column vc_column_container\"><div class=\"vc_column-inner\"><div class=\"wpb_wrapper\"><div class=\"w-image align_none\"><div class=\"w-image-h\"><img decoding=\"async\" width=\"262\" height=\"355\" src=\"https:\/\/nlp6.mycube.kz\/wp-content\/uploads\/2026\/03\/card3.jpg\" class=\"attachment-full size-full\" alt=\"\" loading=\"lazy\" srcset=\"https:\/\/nlp6.mycube.kz\/wp-content\/uploads\/2026\/03\/card3.jpg 262w, https:\/\/nlp6.mycube.kz\/wp-content\/uploads\/2026\/03\/card3-221x300.jpg 221w\" sizes=\"auto, (max-width: 262px) 100vw, 262px\" \/><\/div><\/div><\/div><\/div><\/div><div class=\"vc_col-sm-8 wpb_column vc_column_container\"><div class=\"vc_column-inner\"><div class=\"wpb_wrapper\"><div class=\"wpb_text_column\"><div class=\"wpb_wrapper\"><h5>Adressnachweis<\/h5>\n<p>Laden Sie ein aktuelles offizielles Dokument hoch (z. B. eine Versorgungsrechnung, einen Kontoauszug oder einen beh\u00f6rdlichen Bescheid), das nicht \u00e4lter als 90 Tage ist und Ihren vollst\u00e4ndigen Namen genau so zeigt, wie er auf Ihrem Ausweis steht.<\/p>\n<\/div><\/div><\/div><\/div><\/div><\/div><div class=\"w-separator size_custom\" style=\"height:30px\"><\/div><div class=\"g-cols wpb_row via_flex valign_top type_default stacking_default\"><div class=\"vc_col-sm-12 wpb_column vc_column_container\"><div class=\"vc_column-inner\"><div class=\"wpb_wrapper\"><div class=\"wpb_text_column\"><div class=\"wpb_wrapper\"><h5>Reichen Sie Ihre Dokumente unverz\u00fcglich ein<\/h5>\n<p>Um Verz\u00f6gerungen bei der Bearbeitung zu vermeiden, reichen Sie bitte alle erforderlichen Verifizierungsdokumente zeitnah ein. Ein eingeschr\u00e4nkter Kontozugang kann zun\u00e4chst gew\u00e4hrt werden, die volle Funktionalit\u00e4t \u2013 einschlie\u00dflich Auszahlungen \u2013 ist jedoch erst nach Abschluss der KYC-Verifizierung verf\u00fcgbar. Fehlende oder unvollst\u00e4ndige Dokumente k\u00f6nnen zu abgelehnten Auszahlungsantr\u00e4gen oder vor\u00fcbergehenden Kontoeinschr\u00e4nkungen f\u00fchren.<\/p>\n<\/div><\/div><\/div><\/div><\/div><\/div><div class=\"w-separator size_custom\" style=\"height:30px\"><\/div><div class=\"g-cols wpb_row via_flex valign_top type_default stacking_default\"><div class=\"vc_col-sm-12 wpb_column vc_column_container\"><div class=\"vc_column-inner\"><div class=\"wpb_wrapper\"><div class=\"wpb_text_column\"><div class=\"wpb_wrapper\"><h5>So reichen Sie Ihre Dokumente ein<\/h5>\n<ul>\n<li><strong>Dateiqualit\u00e4t:<\/strong> Stellen Sie sicher, dass alle Dokumente klar, lesbar, hochaufl\u00f6send und im JPEG-Format gespeichert sind.<\/li>\n<li><strong>Einreichungsmethode:<\/strong> Senden Sie Ihre Dokumente per E-Mail an support@icbcmarkets.com.<\/li>\n<\/ul>\n<\/div><\/div><\/div><\/div><\/div><\/div><div class=\"w-separator size_custom\" style=\"height:30px\"><\/div><div class=\"g-cols wpb_row via_flex valign_top type_default stacking_default\"><div class=\"vc_col-sm-12 wpb_column vc_column_container\"><div class=\"vc_column-inner\"><div class=\"wpb_wrapper\"><div class=\"wpb_text_column\"><div class=\"wpb_wrapper\"><h5>Garantiertes Datenschutz und Datensicherheit<\/h5>\n<p>Alle eingereichten Dokumente werden verschl\u00fcsselt und sicher in Ihrem privaten Kundenprofil gespeichert. ICBC Markets h\u00e4lt sich an internationale Datenschutzbestimmungen und gibt Ihre Daten niemals an Dritte weiter, es sei denn, es ist gesetzlich vorgeschrieben.<\/p>\n<\/div><\/div><\/div><\/div><\/div><\/div><div class=\"w-separator size_custom\" style=\"height:30px\"><\/div><div class=\"g-cols wpb_row via_flex valign_top type_default stacking_default\"><div class=\"vc_col-sm-12 wpb_column vc_column_container\"><div class=\"vc_column-inner\"><div class=\"wpb_wrapper\"><div class=\"wpb_text_column\"><div class=\"wpb_wrapper\"><h5>Folgen bei Nichteinhaltung<\/h5>\n<p>Eine w\u00f6chentliche Verwaltungsgeb\u00fchr von 5 % kann erhoben werden, wenn:<\/p>\n<ul>\n<li>Die KYC-Dokumente nicht innerhalb von 5 Werktagen nach Ihrer ersten Einzahlung eingereicht werden.<\/li>\n<li>F\u00fcr nachfolgende Einzahlungen keine Einzahlungserkl\u00e4rung innerhalb von 3 Werktagen vorgelegt wird.<\/li>\n<\/ul>\n<p>Ihre zeitnahe Mitarbeit hilft ICBC Markets, ein sicheres, konformes und transparentes Handelsumfeld f\u00fcr alle Kunden aufrechtzuerhalten.<\/p>\n<\/div><\/div><\/div><\/div><\/div><\/div><\/div><\/div><\/div><\/div><\/div><\/section>\n","protected":false},"excerpt":{"rendered":"StartSeitenKYC-Prozess Jetzt mit dem Trading beginnenAndere Richtlinien Risikohinweis KYC-Prozess Bonusbedingungen Allgemeine Gesch\u00e4ftsbedingungen Cookie-Richtlinie Datenschutzrichtlinie Die Beschwerde- und Streitbeilegungsrichtlinie Ihre Sicherheit hat bei uns h\u00f6chste Priorit\u00e4t: Das fortschrittliche Anti-Betrugs-System von ICBC Markets Schutz Ihrer Identit\u00e4t und Ihrer Gelder Bei ICBC Markets steht der Schutz Ihrer pers\u00f6nlichen Daten und Ihres Trading-Kontos an erster Stelle. Unsere strengen Know-Your-Customer...","protected":false},"author":1,"featured_media":0,"parent":0,"menu_order":0,"comment_status":"closed","ping_status":"closed","template":"","meta":{"footnotes":""},"class_list":["post-1028","page","type-page","status-publish","hentry"],"_links":{"self":[{"href":"https:\/\/nlp6.mycube.kz\/de\/wp-json\/wp\/v2\/pages\/1028","targetHints":{"allow":["GET"]}}],"collection":[{"href":"https:\/\/nlp6.mycube.kz\/de\/wp-json\/wp\/v2\/pages"}],"about":[{"href":"https:\/\/nlp6.mycube.kz\/de\/wp-json\/wp\/v2\/types\/page"}],"author":[{"embeddable":true,"href":"https:\/\/nlp6.mycube.kz\/de\/wp-json\/wp\/v2\/users\/1"}],"replies":[{"embeddable":true,"href":"https:\/\/nlp6.mycube.kz\/de\/wp-json\/wp\/v2\/comments?post=1028"}],"version-history":[{"count":1,"href":"https:\/\/nlp6.mycube.kz\/de\/wp-json\/wp\/v2\/pages\/1028\/revisions"}],"predecessor-version":[{"id":1029,"href":"https:\/\/nlp6.mycube.kz\/de\/wp-json\/wp\/v2\/pages\/1028\/revisions\/1029"}],"wp:attachment":[{"href":"https:\/\/nlp6.mycube.kz\/de\/wp-json\/wp\/v2\/media?parent=1028"}],"curies":[{"name":"wp","href":"https:\/\/api.w.org\/{rel}","templated":true}]}}