{"id":1035,"date":"2026-03-03T09:29:32","date_gmt":"2026-03-03T06:29:32","guid":{"rendered":"https:\/\/nlp6.mycube.kz\/bonus-terms-and-conditions\/"},"modified":"2026-04-01T16:36:05","modified_gmt":"2026-04-01T13:36:05","slug":"bonus-terms-and-conditions","status":"publish","type":"page","link":"https:\/\/nlp6.mycube.kz\/de\/bonus-terms-and-conditions\/","title":{"rendered":"Bonusbedingungen"},"content":{"rendered":"<section class=\"l-section wpb_row us_custom_9ccc05f2 height_large\"><div class=\"l-section-h i-cf\"><div class=\"g-cols vc_row via_flex valign_top type_default stacking_default\"><div class=\"vc_col-sm-12 wpb_column vc_column_container\"><div class=\"vc_column-inner\"><div class=\"wpb_wrapper\"><div class=\"g-cols wpb_row via_flex valign_middle type_default stacking_default\"><div class=\"vc_col-sm-6 wpb_column vc_column_container\"><div class=\"vc_column-inner\"><div class=\"wpb_wrapper\"><nav class=\"g-breadcrumbs us_custom_183ff87a has_text_color separator_icon align_none\" itemscope itemtype=\"http:\/\/schema.org\/BreadcrumbList\"><div class=\"g-breadcrumbs-item\" itemscope itemprop=\"itemListElement\" itemtype=\"http:\/\/schema.org\/ListItem\"><a itemprop=\"item\" href=\"https:\/\/nlp6.mycube.kz\/de\/\"><span itemprop=\"name\">Start<\/span><\/a><meta itemprop=\"position\" content=\"1\"\/><\/div><div class=\"g-breadcrumbs-separator\"><i class=\"far fa-angle-right\"><\/i><\/div><div class=\"g-breadcrumbs-item\">Seiten<\/div><\/nav><div class=\"wpb_text_column\"><div class=\"wpb_wrapper\"><h1>Bonus-Bedingungen und Konditionen<\/h1>\n<\/div><\/div><div class=\"w-separator size_custom\" style=\"height:25px\"><\/div><div class=\"w-btn-wrapper align_none\"><a class=\"w-btn us-btn-style_1\" href=\"\/platform.html\"><span class=\"w-btn-label\">Jetzt mit dem Trading beginnen<\/span><\/a><\/div><\/div><\/div><\/div><div class=\"vc_col-sm-6 wpb_column vc_column_container\"><div class=\"vc_column-inner\"><div class=\"wpb_wrapper\"><div class=\"w-image align_none\"><div class=\"w-image-h\"><img decoding=\"async\" width=\"734\" height=\"320\" src=\"https:\/\/nlp6.mycube.kz\/wp-content\/uploads\/2026\/02\/gr-page.png\" class=\"attachment-full size-full\" alt=\"\" loading=\"lazy\" srcset=\"https:\/\/nlp6.mycube.kz\/wp-content\/uploads\/2026\/02\/gr-page.png 734w, https:\/\/nlp6.mycube.kz\/wp-content\/uploads\/2026\/02\/gr-page-300x131.png 300w\" sizes=\"auto, (max-width: 734px) 100vw, 734px\" \/><\/div><\/div><\/div><\/div><\/div><\/div><div class=\"w-separator hide_on_tablets hide_on_mobiles size_custom\" style=\"height:3rem\"><\/div><\/div><\/div><\/div><\/div><\/div><\/section><section class=\"l-section wpb_row height_large\"><div class=\"l-section-h i-cf\"><div class=\"g-cols vc_row via_flex valign_top type_default reversed stacking_default\"><div class=\"vc_col-sm-4 wpb_column vc_column_container\"><div class=\"vc_column-inner type_sticky\"><div class=\"wpb_wrapper\"><div class=\"g-cols wpb_row us_custom_6df4bc3a has_text_color via_flex valign_top type_boxes stacking_default\"><div class=\"vc_col-sm-12 wpb_column vc_column_container has_bg_color\"><div class=\"vc_column-inner us_custom_d99ff950\"><div class=\"wpb_wrapper\"><section class=\"l-section wpb_row height_auto width_full\"><div class=\"l-section-h i-cf\"><div class=\"g-cols vc_row via_flex valign_top type_default stacking_default\"><div class=\"vc_col-sm-12 wpb_column vc_column_container\"><div class=\"vc_column-inner\"><div class=\"wpb_wrapper\"><div class=\"g-cols wpb_row side-a via_flex valign_top type_default stacking_default\"><div class=\"vc_col-sm-12 wpb_column vc_column_container\"><div class=\"vc_column-inner\"><div class=\"wpb_wrapper\"><div class=\"wpb_text_column\"><div class=\"wpb_wrapper\"><h5>Andere Richtlinien<\/h5>\n<\/div><\/div><div class=\"w-separator size_custom\" style=\"height:30px\"><\/div><div class=\"wpb_text_column us_custom_6df4bc3a ulmoy2 link-ul has_text_color\"><div class=\"wpb_wrapper\"><ul>\n<li><a href=\"\/de\/risk-disclosure\/\">Risikohinweis<\/a><\/li>\n<li><a href=\"\/de\/kyc-process\/\">KYC-Prozess<\/a><\/li>\n<li><a href=\"\/de\/bonus-terms-and-conditions\/\">Bonusbedingungen<\/a><\/li>\n<li><a href=\"\/de\/terms-and-conditions\/\">Allgemeine Gesch\u00e4ftsbedingungen<\/a><\/li>\n<li><a href=\"\/de\/cookie-policy\/\">Cookie-Richtlinie<\/a><\/li>\n<li><a href=\"\/de\/privacy-policy\/\">Datenschutzrichtlinie<\/a><\/li>\n<li><a href=\"\/de\/complaints-dispute-policy\/\">Die Beschwerde- und Streitbeilegungsrichtlinie<\/a><\/li>\n<\/ul>\n<\/div><\/div><\/div><\/div><\/div><\/div><\/div><\/div><\/div><\/div><\/div><\/section>\n<\/div><\/div><\/div><\/div><\/div><\/div><\/div><div class=\"vc_col-sm-8 wpb_column vc_column_container ulmoy\"><div class=\"vc_column-inner\"><div class=\"wpb_wrapper\"><div class=\"g-cols wpb_row via_flex valign_top type_default stacking_default\"><div class=\"vc_col-sm-12 wpb_column vc_column_container\"><div class=\"vc_column-inner\"><div class=\"wpb_wrapper\"><div class=\"wpb_text_column\"><div class=\"wpb_wrapper\"><h5>Bleiben Sie auf dem Laufenden mit ICBC Markets Management Ltd\u00ae \u2013 2026 Mitteilungen<\/h5>\n<p><strong>Offizielle Updates, Promotionen &amp; regulatorische Informationen<\/strong><br \/>\nInformieren Sie sich \u00fcber die neuesten Ank\u00fcndigungen, Werbekampagnen und betrieblichen Updates von ICBC Markets Management Ltd auf unserer offiziellen Website www.icbcmarkets.com. Unser eingetragener Firmensitz befindet sich in 1 Kemble Street, London WC2B 4TS, United Kingdom. Als gesch\u00e4tzter Kunde k\u00f6nnen Sie f\u00fcr exklusive Werbeangebote berechtigt sein. Alle Details finden Sie in unserer Bonus-Richtlinie, die Bestandteil der Allgemeinen Gesch\u00e4ftsbedingungen der Plattform ist. Bei Widerspr\u00fcchen gilt folgende Rangfolge:<\/p>\n<ul>\n<li><strong>Bonus-spezifische Bedingungen<\/strong><\/li>\n<li><strong>Allgemeine Plattform-Gesch\u00e4ftsbedingungen<\/strong><\/li>\n<\/ul>\n<\/div><\/div><\/div><\/div><\/div><\/div><div class=\"w-separator size_custom\" style=\"height:30px\"><\/div><div class=\"g-cols wpb_row via_flex valign_top type_default stacking_default\"><div class=\"vc_col-sm-12 wpb_column vc_column_container\"><div class=\"vc_column-inner\"><div class=\"wpb_wrapper\"><div class=\"wpb_text_column\"><div class=\"wpb_wrapper\"><h5>Bonus-Berechtigung &amp; regionale Einschr\u00e4nkungen<\/h5>\n<p>Bestimmte Promotionen k\u00f6nnen in einzelnen Regionen aufgrund regulatorischer Vorgaben eingeschr\u00e4nkt sein. Die Auszahlungsbedingungen f\u00fcr Bonusguthaben k\u00f6nnen je nach Rechtsraum variieren. F\u00fcr weitere Kl\u00e4rungen kontaktieren Sie bitte support@icbcmarkets.com.<\/p>\n<\/div><\/div><\/div><\/div><\/div><\/div><div class=\"w-separator size_custom\" style=\"height:30px\"><\/div><div class=\"g-cols wpb_row via_flex valign_top type_default stacking_default\"><div class=\"vc_col-sm-12 wpb_column vc_column_container\"><div class=\"vc_column-inner\"><div class=\"wpb_wrapper\"><div class=\"wpb_text_column\"><div class=\"wpb_wrapper\"><h5>Ein Bonus pro Haushalt<\/h5>\n<p>Sofern nicht ausdr\u00fccklich anders angegeben, sind Werbeboni auf einen Bonus pro Haushalt beschr\u00e4nkt \u2013 unabh\u00e4ngig davon, wie viele Konten unter derselben Adresse registriert sind.<\/p>\n<\/div><\/div><\/div><\/div><\/div><\/div><div class=\"w-separator size_custom\" style=\"height:30px\"><\/div><div class=\"g-cols wpb_row via_flex valign_top type_default stacking_default\"><div class=\"vc_col-sm-12 wpb_column vc_column_container\"><div class=\"vc_column-inner\"><div class=\"wpb_wrapper\"><div class=\"wpb_text_column\"><div class=\"wpb_wrapper\"><h5>\u00c4nderungen oder Stornierung von Promotionen<\/h5>\n<p>ICBC Markets beh\u00e4lt sich das Recht vor, jede Promotion nach eigenem Ermessen zu \u00e4ndern, auszusetzen oder zu beenden \u2013 ohne vorherige Ank\u00fcndigung.<\/p>\n<\/div><\/div><\/div><\/div><\/div><\/div><div class=\"w-separator size_custom\" style=\"height:30px\"><\/div><div class=\"g-cols wpb_row via_flex valign_top type_default stacking_default\"><div class=\"vc_col-sm-12 wpb_column vc_column_container\"><div class=\"vc_column-inner\"><div class=\"wpb_wrapper\"><div class=\"wpb_text_column\"><div class=\"wpb_wrapper\"><h5>Abgelehnte oder zur\u00fcckgebuchte Einzahlungen<\/h5>\n<p>Wird eine Einzahlung von Ihrem Zahlungsanbieter abgelehnt oder zur\u00fcckgebucht, kann ICBC Markets die damit verbundenen Bonusguthaben widerrufen und die daraus erzielten Gewinne f\u00fcr ung\u00fcltig erkl\u00e4ren.<\/p>\n<\/div><\/div><\/div><\/div><\/div><\/div><div class=\"w-separator size_custom\" style=\"height:30px\"><\/div><div class=\"g-cols wpb_row via_flex valign_top type_default stacking_default\"><div class=\"vc_col-sm-12 wpb_column vc_column_container\"><div class=\"vc_column-inner\"><div class=\"wpb_wrapper\"><div class=\"wpb_text_column\"><div class=\"wpb_wrapper\"><h5>Auszahlungen &amp; R\u00fcckerstattungen<\/h5>\n<p>F\u00fcr alle Details zu Auszahlungen oder R\u00fcckerstattungen konsultieren Sie bitte unsere Auszahlungs- und R\u00fcckerstattungsrichtlinie auf www.icbcmarkets.com.<\/p>\n<\/div><\/div><\/div><\/div><\/div><\/div><div class=\"w-separator size_custom\" style=\"height:30px\"><\/div><div class=\"g-cols wpb_row via_flex valign_top type_default stacking_default\"><div class=\"vc_col-sm-12 wpb_column vc_column_container\"><div class=\"vc_column-inner\"><div class=\"wpb_wrapper\"><div class=\"wpb_text_column\"><div class=\"wpb_wrapper\"><h5>Bonus-Zuweisung &amp; Bedingungen<\/h5>\n<ul>\n<li><strong>Gew\u00e4hrung von Boni<\/strong><br \/>\nICBC Markets kann Boni nach eigenem Ermessen vergeben, einschlie\u00dflich Willkommensboni oder wiederkehrender Werbeaktionen.<\/li>\n<li><strong>Freiwillige Teilnahme<\/strong><br \/>\nDie Teilnahme an Boni ist freiwillig. Mit der Annahme und dem Trading mit einem Bonus erkl\u00e4ren Sie sich mit allen geltenden Bedingungen einverstanden.<\/li>\n<li><strong>Berechtigungsanforderungen<\/strong><br \/>\nEinige Promotionen k\u00f6nnen die Erf\u00fcllung bestimmter Kriterien erfordern, wie z. B. einen Mindesteinzahlungsbetrag oder ein festgelegtes Handelsvolumen innerhalb eines bestimmten Zeitraums.<\/li>\n<\/ul>\n<\/div><\/div><\/div><\/div><\/div><\/div><div class=\"w-separator size_custom\" style=\"height:30px\"><\/div><div class=\"g-cols wpb_row via_flex valign_top type_default stacking_default\"><div class=\"vc_col-sm-12 wpb_column vc_column_container\"><div class=\"vc_column-inner\"><div class=\"wpb_wrapper\"><div class=\"wpb_text_column\"><div class=\"wpb_wrapper\"><h5>Nutzungsbedingungen &amp; Einschr\u00e4nkungen<\/h5>\n<ul>\n<li><strong>Handelsvolumen-Anforderung:<\/strong> Um Gewinne aus Bonusguthaben auszahlen zu k\u00f6nnen, muss ein Trader 1 Standard-Lot pro Bonus-Einheit handeln.<\/li>\n<li><strong>Nicht \u00fcbertragbar:<\/strong> Bonusguthaben k\u00f6nnen nicht zwischen Konten \u00fcbertragen oder separat ausgezahlt werden.<\/li>\n<\/ul>\n<\/div><\/div><\/div><\/div><\/div><\/div><div class=\"w-separator size_custom\" style=\"height:30px\"><\/div><div class=\"g-cols wpb_row via_flex valign_top type_default stacking_default\"><div class=\"vc_col-sm-12 wpb_column vc_column_container\"><div class=\"vc_column-inner\"><div class=\"wpb_wrapper\"><div class=\"wpb_text_column\"><div class=\"wpb_wrapper\"><h5>Bonus-Missbrauch &amp; Betrugspr\u00e4vention<\/h5>\n<ul>\n<li><strong>Anti-Missbrauchskontrollen<\/strong><br \/>\nBei festgestelltem Missbrauch, Manipulation oder Versto\u00df gegen die Bonusbedingungen kann ICBC Markets Bonusguthaben sowie die damit erzielten Gewinne sperren oder entfernen.<\/li>\n<li><strong>Durchsetzungsma\u00dfnahmen<\/strong><br \/>\nBei nachgewiesenen F\u00e4llen von Betrug, Chargebacks oder verbotenem Verhalten k\u00f6nnen Gelder \u00fcber den urspr\u00fcnglichen Einzahlungsbetrag hinaus einbehalten werden. Gegebenenfalls werden rechtliche Schritte eingeleitet.<\/li>\n<\/ul>\n<\/div><\/div><\/div><\/div><\/div><\/div><div class=\"w-separator size_custom\" style=\"height:30px\"><\/div><div class=\"g-cols wpb_row via_flex valign_top type_default stacking_default\"><div class=\"vc_col-sm-12 wpb_column vc_column_container\"><div class=\"vc_column-inner\"><div class=\"wpb_wrapper\"><div class=\"wpb_text_column\"><div class=\"wpb_wrapper\"><h5>Auftragsausf\u00fchrung &amp; Trading-Tools<\/h5>\n<ul>\n<li><strong>Stop-Loss-Orders<\/strong><br \/>\nAusgel\u00f6ste Stop-Loss-Orders werden zum n\u00e4chsten verf\u00fcgbaren Marktpreis ausgef\u00fchrt. Marktvolatilit\u00e4t kann zu Slippage f\u00fchren.<\/li>\n<li><strong>Limit-Orders<\/strong><br \/>\nLimit-Orders werden zum angegebenen Preis oder besser ausgef\u00fchrt und bieten eine bessere Kontrolle \u00fcber den Einstieg und Ausstieg aus Trades.<\/li>\n<li><strong>Risikomanagement-Empfehlungen<\/strong><br \/>\nDefinieren Sie immer Stop-Loss-Level, bevor Sie eine Position er\u00f6ffnen \u2013 besonders auf volatilen M\u00e4rkten. Legen Sie klare Risikoparameter fest, bevor Sie Positionen \u00f6ffnen.<\/li>\n<li><strong>Ben\u00f6tigen Sie Hilfe?<\/strong><br \/>\nUnser Support-Team hilft Ihnen gerne bei der Konfiguration von Orders, der Einrichtung von Stop-Loss und der Optimierung der Plattform-Funktionen.<\/li>\n<\/ul>\n<\/div><\/div><\/div><\/div><\/div><\/div><div class=\"w-separator size_custom\" style=\"height:30px\"><\/div><div class=\"g-cols wpb_row via_flex valign_top type_default stacking_default\"><div class=\"vc_col-sm-12 wpb_column vc_column_container\"><div class=\"vc_column-inner\"><div class=\"wpb_wrapper\"><div class=\"wpb_text_column\"><div class=\"wpb_wrapper\"><h5>Drittanbieter-Dienste &amp; Integrationen<\/h5>\n<p>ICBC Markets kann den Zugang zu Drittanbieter-Tools oder externen Diensten anbieten. Die Nutzung solcher Dienste erfolgt auf eigene Verantwortung. Wir haften nicht f\u00fcr Fehler, technische Probleme oder Verluste, die durch Drittanbieter entstehen.<\/p>\n<\/div><\/div><\/div><\/div><\/div><\/div><div class=\"w-separator size_custom\" style=\"height:30px\"><\/div><div class=\"g-cols wpb_row via_flex valign_top type_default stacking_default\"><div class=\"vc_col-sm-12 wpb_column vc_column_container\"><div class=\"vc_column-inner\"><div class=\"wpb_wrapper\"><div class=\"wpb_text_column\"><div class=\"wpb_wrapper\"><h5>Plattform-Verf\u00fcgbarkeit &amp; Performance<\/h5>\n<p>Wir bem\u00fchen uns um eine kontinuierliche Verf\u00fcgbarkeit der Plattform, dennoch k\u00f6nnen vor\u00fcbergehende Ausf\u00e4lle oder Unterbrechungen auftreten. ICBC Markets haftet nicht f\u00fcr Verz\u00f6gerungen, Ausf\u00e4lle oder technische St\u00f6rungen.<\/p>\n<\/div><\/div><\/div><\/div><\/div><\/div><div class=\"w-separator size_custom\" style=\"height:30px\"><\/div><div class=\"g-cols wpb_row via_flex valign_top type_default stacking_default\"><div class=\"vc_col-sm-12 wpb_column vc_column_container\"><div class=\"vc_column-inner\"><div class=\"wpb_wrapper\"><div class=\"wpb_text_column\"><div class=\"wpb_wrapper\"><h5>Rechtlicher Hinweis<\/h5>\n<p>Soweit gesetzlich zul\u00e4ssig, haftet ICBC Markets nicht f\u00fcr indirekte, zuf\u00e4llige oder Folgesch\u00e4den, einschlie\u00dflich Verlust von Handelskapital oder Gewinnen. Die Haftung ist auf den f\u00fcr die betreffende Transaktion eingezahlten Betrag beschr\u00e4nkt.<\/p>\n<\/div><\/div><\/div><\/div><\/div><\/div><\/div><\/div><\/div><\/div><\/div><\/section>\n","protected":false},"excerpt":{"rendered":"StartSeitenBonus-Bedingungen und Konditionen Jetzt mit dem Trading beginnenAndere Richtlinien Risikohinweis KYC-Prozess Bonusbedingungen Allgemeine Gesch\u00e4ftsbedingungen Cookie-Richtlinie Datenschutzrichtlinie Die Beschwerde- und Streitbeilegungsrichtlinie Bleiben Sie auf dem Laufenden mit ICBC Markets Management Ltd\u00ae \u2013 2026 Mitteilungen Offizielle Updates, Promotionen &amp; regulatorische Informationen Informieren Sie sich \u00fcber die neuesten Ank\u00fcndigungen, Werbekampagnen und betrieblichen Updates von ICBC Markets Management Ltd...","protected":false},"author":1,"featured_media":0,"parent":0,"menu_order":0,"comment_status":"closed","ping_status":"closed","template":"","meta":{"footnotes":""},"class_list":["post-1035","page","type-page","status-publish","hentry"],"_links":{"self":[{"href":"https:\/\/nlp6.mycube.kz\/de\/wp-json\/wp\/v2\/pages\/1035","targetHints":{"allow":["GET"]}}],"collection":[{"href":"https:\/\/nlp6.mycube.kz\/de\/wp-json\/wp\/v2\/pages"}],"about":[{"href":"https:\/\/nlp6.mycube.kz\/de\/wp-json\/wp\/v2\/types\/page"}],"author":[{"embeddable":true,"href":"https:\/\/nlp6.mycube.kz\/de\/wp-json\/wp\/v2\/users\/1"}],"replies":[{"embeddable":true,"href":"https:\/\/nlp6.mycube.kz\/de\/wp-json\/wp\/v2\/comments?post=1035"}],"version-history":[{"count":3,"href":"https:\/\/nlp6.mycube.kz\/de\/wp-json\/wp\/v2\/pages\/1035\/revisions"}],"predecessor-version":[{"id":1039,"href":"https:\/\/nlp6.mycube.kz\/de\/wp-json\/wp\/v2\/pages\/1035\/revisions\/1039"}],"wp:attachment":[{"href":"https:\/\/nlp6.mycube.kz\/de\/wp-json\/wp\/v2\/media?parent=1035"}],"curies":[{"name":"wp","href":"https:\/\/api.w.org\/{rel}","templated":true}]}}