{"id":1043,"date":"2026-03-03T09:46:22","date_gmt":"2026-03-03T06:46:22","guid":{"rendered":"https:\/\/nlp6.mycube.kz\/terms-and-conditions\/"},"modified":"2026-04-01T16:42:18","modified_gmt":"2026-04-01T13:42:18","slug":"terms-and-conditions","status":"publish","type":"page","link":"https:\/\/nlp6.mycube.kz\/de\/terms-and-conditions\/","title":{"rendered":"Allgemeine Gesch\u00e4ftsbedingungen"},"content":{"rendered":"<section class=\"l-section wpb_row us_custom_9ccc05f2 height_large\"><div class=\"l-section-h i-cf\"><div class=\"g-cols vc_row via_flex valign_top type_default stacking_default\"><div class=\"vc_col-sm-12 wpb_column vc_column_container\"><div class=\"vc_column-inner\"><div class=\"wpb_wrapper\"><div class=\"g-cols wpb_row via_flex valign_middle type_default stacking_default\"><div class=\"vc_col-sm-8 wpb_column vc_column_container\"><div class=\"vc_column-inner\"><div class=\"wpb_wrapper\"><nav class=\"g-breadcrumbs us_custom_183ff87a has_text_color separator_icon align_none\" itemscope itemtype=\"http:\/\/schema.org\/BreadcrumbList\"><div class=\"g-breadcrumbs-item\" itemscope itemprop=\"itemListElement\" itemtype=\"http:\/\/schema.org\/ListItem\"><a itemprop=\"item\" href=\"https:\/\/nlp6.mycube.kz\/de\/\"><span itemprop=\"name\">Start<\/span><\/a><meta itemprop=\"position\" content=\"1\"\/><\/div><div class=\"g-breadcrumbs-separator\"><i class=\"far fa-angle-right\"><\/i><\/div><div class=\"g-breadcrumbs-item\">Seiten<\/div><\/nav><div class=\"wpb_text_column\"><div class=\"wpb_wrapper\"><h1>Allgemeine Gesch\u00e4ftsbedingungen<\/h1>\n<\/div><\/div><div class=\"w-separator size_custom\" style=\"height:25px\"><\/div><div class=\"w-btn-wrapper align_none\"><a class=\"w-btn us-btn-style_1\" href=\"\/platform.html\"><span class=\"w-btn-label\">Jetzt mit dem Trading beginnen<\/span><\/a><\/div><\/div><\/div><\/div><div class=\"vc_col-sm-4 wpb_column vc_column_container\"><div class=\"vc_column-inner\"><div class=\"wpb_wrapper\"><div class=\"w-image align_none\"><div class=\"w-image-h\"><img decoding=\"async\" width=\"734\" height=\"320\" src=\"https:\/\/nlp6.mycube.kz\/wp-content\/uploads\/2026\/02\/gr-page.png\" class=\"attachment-full size-full\" alt=\"\" loading=\"lazy\" srcset=\"https:\/\/nlp6.mycube.kz\/wp-content\/uploads\/2026\/02\/gr-page.png 734w, https:\/\/nlp6.mycube.kz\/wp-content\/uploads\/2026\/02\/gr-page-300x131.png 300w\" sizes=\"auto, (max-width: 734px) 100vw, 734px\" \/><\/div><\/div><\/div><\/div><\/div><\/div><div class=\"w-separator hide_on_tablets hide_on_mobiles size_custom\" style=\"height:3rem\"><\/div><\/div><\/div><\/div><\/div><\/div><\/section><section class=\"l-section wpb_row height_large\"><div class=\"l-section-h i-cf\"><div class=\"g-cols vc_row via_flex valign_top type_default reversed stacking_default\"><div class=\"vc_col-sm-4 wpb_column vc_column_container\"><div class=\"vc_column-inner type_sticky\"><div class=\"wpb_wrapper\"><div class=\"g-cols wpb_row us_custom_6df4bc3a has_text_color via_flex valign_top type_boxes stacking_default\"><div class=\"vc_col-sm-12 wpb_column vc_column_container has_bg_color\"><div class=\"vc_column-inner us_custom_d99ff950\"><div class=\"wpb_wrapper\"><section class=\"l-section wpb_row height_auto width_full\"><div class=\"l-section-h i-cf\"><div class=\"g-cols vc_row via_flex valign_top type_default stacking_default\"><div class=\"vc_col-sm-12 wpb_column vc_column_container\"><div class=\"vc_column-inner\"><div class=\"wpb_wrapper\"><div class=\"g-cols wpb_row side-a via_flex valign_top type_default stacking_default\"><div class=\"vc_col-sm-12 wpb_column vc_column_container\"><div class=\"vc_column-inner\"><div class=\"wpb_wrapper\"><div class=\"wpb_text_column\"><div class=\"wpb_wrapper\"><h5>Andere Richtlinien<\/h5>\n<\/div><\/div><div class=\"w-separator size_custom\" style=\"height:30px\"><\/div><div class=\"wpb_text_column us_custom_6df4bc3a ulmoy2 link-ul has_text_color\"><div class=\"wpb_wrapper\"><ul>\n<li><a href=\"\/de\/risk-disclosure\/\">Risikohinweis<\/a><\/li>\n<li><a href=\"\/de\/kyc-process\/\">KYC-Prozess<\/a><\/li>\n<li><a href=\"\/de\/bonus-terms-and-conditions\/\">Bonusbedingungen<\/a><\/li>\n<li><a href=\"\/de\/terms-and-conditions\/\">Allgemeine Gesch\u00e4ftsbedingungen<\/a><\/li>\n<li><a href=\"\/de\/cookie-policy\/\">Cookie-Richtlinie<\/a><\/li>\n<li><a href=\"\/de\/privacy-policy\/\">Datenschutzrichtlinie<\/a><\/li>\n<li><a href=\"\/de\/complaints-dispute-policy\/\">Die Beschwerde- und Streitbeilegungsrichtlinie<\/a><\/li>\n<\/ul>\n<\/div><\/div><\/div><\/div><\/div><\/div><\/div><\/div><\/div><\/div><\/div><\/section>\n<\/div><\/div><\/div><\/div><\/div><\/div><\/div><div class=\"vc_col-sm-8 wpb_column vc_column_container ulmoy\"><div class=\"vc_column-inner\"><div class=\"wpb_wrapper\"><div class=\"g-cols wpb_row via_flex valign_top type_default stacking_default\"><div class=\"vc_col-sm-12 wpb_column vc_column_container\"><div class=\"vc_column-inner\"><div class=\"wpb_wrapper\"><div class=\"wpb_text_column\"><div class=\"wpb_wrapper\"><h5>Brauchen Sie Hilfe?<\/h5>\n<p>Das Support-Team von ICBC Markets ist jederzeit f\u00fcr Sie da. Ob es um die Einrichtung von Stop-Loss-Levels, die Aktualisierung Ihrer Kontodaten oder allgemeine Trading-Fragen geht \u2013 unsere Spezialisten bieten Ihnen schnelle Unterst\u00fctzung und individuelle L\u00f6sungen. Kontaktieren Sie uns jederzeit f\u00fcr eine rasche und zuverl\u00e4ssige Hilfe.<\/p>\n<\/div><\/div><\/div><\/div><\/div><\/div><div class=\"w-separator size_custom\" style=\"height:30px\"><\/div><div class=\"g-cols wpb_row via_flex valign_top type_default stacking_default\"><div class=\"vc_col-sm-12 wpb_column vc_column_container\"><div class=\"vc_column-inner\"><div class=\"wpb_wrapper\"><div class=\"wpb_text_column\"><div class=\"wpb_wrapper\"><h5>Bonus-Integrit\u00e4tsrichtlinie bei ICBC Markets<\/h5>\n<p>Wir halten strenge Standards ein, um sicherzustellen, dass alle Werbeboni fair und zweckm\u00e4\u00dfig genutzt werden. ICBC Markets \u00fcberwacht kontinuierlich die Trading-Aktivit\u00e4ten, um Missbrauch oder Manipulation von Bonusguthaben zu erkennen.<br \/>\n<strong>Die folgenden Handlungen gelten als Versto\u00df gegen unsere Bonus-Missbrauchsrichtlinie und k\u00f6nnen zu einer Untersuchung f\u00fchren:<\/strong><\/p>\n<ul>\n<li>Erstellung mehrerer Konten mit widerspr\u00fcchlichen pers\u00f6nlichen oder Zahlungsdaten<\/li>\n<li>Verwendung desselben Bankkontos oder derselben Zahlungskarte f\u00fcr mehrere Konten<\/li>\n<li>Anforderung von Chargebacks oder Stornierung bereits genehmigter Einzahlungen<\/li>\n<li>Er\u00f6ffnung von Konten ausschlie\u00dflich zum Erhalt von Boni oder Werbeaktionen<\/li>\n<li>Anwendung ausbeuterischer Trading-Techniken (z. B. risikofreie Strategien oder Hedging), um Bonusguthaben zu missbrauchen<\/li>\n<\/ul>\n<\/div><\/div><\/div><\/div><\/div><\/div><div class=\"w-separator size_custom\" style=\"height:30px\"><\/div><div class=\"g-cols wpb_row via_flex valign_top type_default stacking_default\"><div class=\"vc_col-sm-12 wpb_column vc_column_container\"><div class=\"vc_column-inner\"><div class=\"wpb_wrapper\"><div class=\"wpb_text_column\"><div class=\"wpb_wrapper\"><h5>Bei festgestelltem Missbrauch kann ICBC Markets folgendes tun:<\/h5>\n<ul>\n<li>Gewinne aus unrechtm\u00e4\u00dfig genutzten Boni f\u00fcr ung\u00fcltig erkl\u00e4ren<\/li>\n<li>Betroffene Konten dauerhaft schlie\u00dfen<\/li>\n<li>Guthaben im Zusammenhang mit betr\u00fcgerischem oder missbr\u00e4uchlichem Verhalten einbehalten<\/li>\n<li>Den Zugang zu zuk\u00fcnftigen Promotionen einschr\u00e4nken oder verweigern<\/li>\n<\/ul>\n<p>Diese Ma\u00dfnahmen dienen der Wahrung der Fairness und dem Schutz der Integrit\u00e4t aller Bonusprogramme. F\u00fcr weitere Informationen kontaktieren Sie bitte unser Support-Team.<\/p>\n<\/div><\/div><\/div><\/div><\/div><\/div><div class=\"w-separator size_custom\" style=\"height:30px\"><\/div><div class=\"g-cols wpb_row via_flex valign_top type_default stacking_default\"><div class=\"vc_col-sm-12 wpb_column vc_column_container\"><div class=\"vc_column-inner\"><div class=\"wpb_wrapper\"><div class=\"wpb_text_column\"><div class=\"wpb_wrapper\"><h5>Rechtlicher Rahmen &amp; Nutzungsbedingungen<\/h5>\n<ul>\n<li><strong>Haftungsbeschr\u00e4nkungen<\/strong><br \/>\nICBC Markets haftet nicht f\u00fcr direkte oder indirekte Verluste, die aus der Auslegung oder Anwendung dieser Richtlinie entstehen, einschlie\u00dflich finanzieller Verluste, entgangener Gewinne oder Datenungenauigkeiten.<\/li>\n<li><strong>Anwendbares Recht &amp; Gerichtsstand<\/strong><br \/>\nDiese Richtlinie unterliegt den ICC ADR Rules und dem Recht von Saint Vincent and the Grenadines. ICBC Markets beh\u00e4lt sich das Recht vor, rechtliche Schritte in anderen Gerichtsbarkeiten einzuleiten, wo dies angemessen ist.<\/li>\n<li><strong>Plattform-Nutzungslizenz<\/strong><br \/>\nDurch die Er\u00f6ffnung eines Kontos erhalten Sie ein begrenztes, nicht-exklusives Recht, auf die ICBC Markets-Plattform zuzugreifen und diese zu nutzen. Jegliche Vervielf\u00e4ltigung, Verbreitung oder \u00c4nderung von Plattform-Inhalten ohne schriftliche Genehmigung ist strengstens untersagt.<\/li>\n<li><strong>Aussetzung oder K\u00fcndigung der Lizenz<\/strong><br \/>\nDer Zugang zur Plattform kann eingeschr\u00e4nkt oder widerrufen werden, wenn falsche Angaben gemacht werden oder Plattform-Regeln verletzt werden. Dies kann auch den Zugriff auf Inhalte oder Guthaben einschr\u00e4nken.<\/li>\n<\/ul>\n<\/div><\/div><\/div><\/div><\/div><\/div><div class=\"w-separator size_custom\" style=\"height:30px\"><\/div><div class=\"g-cols wpb_row via_flex valign_top type_default stacking_default\"><div class=\"vc_col-sm-12 wpb_column vc_column_container\"><div class=\"vc_column-inner\"><div class=\"wpb_wrapper\"><div class=\"wpb_text_column\"><div class=\"wpb_wrapper\"><h5>Risikohinweis<\/h5>\n<p>Der Handel mit ICBC Markets birgt Risiken, einschlie\u00dflich der M\u00f6glichkeit, einen Teil oder das gesamte eingesetzte Kapital zu verlieren. Handeln Sie nur mit Geld, das Sie sich leisten k\u00f6nnen zu verlieren.<\/p>\n<\/div><\/div><\/div><\/div><\/div><\/div><div class=\"w-separator size_custom\" style=\"height:30px\"><\/div><div class=\"g-cols wpb_row via_flex valign_top type_default stacking_default\"><div class=\"vc_col-sm-12 wpb_column vc_column_container\"><div class=\"vc_column-inner\"><div class=\"wpb_wrapper\"><div class=\"wpb_text_column\"><div class=\"wpb_wrapper\"><h5>Streitbeilegung<\/h5>\n<p>Wir bem\u00fchen uns, Streitigkeiten durch direkte Kommunikation zu l\u00f6sen. Sollte eine interne L\u00f6sung nicht m\u00f6glich sein, kann jede Partei ein Schiedsverfahren gem\u00e4\u00df den ICC ADR Rules einleiten. Die Entscheidungen sind endg\u00fcltig und bindend.<\/p>\n<\/div><\/div><\/div><\/div><\/div><\/div><div class=\"w-separator size_custom\" style=\"height:30px\"><\/div><div class=\"g-cols wpb_row via_flex valign_top type_default stacking_default\"><div class=\"vc_col-sm-12 wpb_column vc_column_container\"><div class=\"vc_column-inner\"><div class=\"wpb_wrapper\"><div class=\"wpb_text_column\"><div class=\"wpb_wrapper\"><h5>Online-Sicherheit &amp; Schutz Minderj\u00e4hriger<\/h5>\n<p>ICBC Markets erhebt wissentlich keine personenbezogenen Daten von Personen unter 18 Jahren. Unsere Dienste richten sich an Erwachsene. Eltern und Erziehungsberechtigte werden gebeten, die Online-Aktivit\u00e4ten von Minderj\u00e4hrigen zu beaufsichtigen.<\/p>\n<\/div><\/div><\/div><\/div><\/div><\/div><div class=\"w-separator size_custom\" style=\"height:30px\"><\/div><div class=\"g-cols wpb_row via_flex valign_top type_default stacking_default\"><div class=\"vc_col-sm-12 wpb_column vc_column_container\"><div class=\"vc_column-inner\"><div class=\"wpb_wrapper\"><div class=\"wpb_text_column\"><div class=\"wpb_wrapper\"><h5>Bildungsmaterialien &amp; Haftungsausschluss zu Investitionen<\/h5>\n<p>Diagramme, Analysetools und Bildungsmaterialien werden ausschlie\u00dflich zu Informations- und Bildungszwecken bereitgestellt und stellen keinen individuellen Anlageberatung dar.<\/p>\n<\/div><\/div><\/div><\/div><\/div><\/div><div class=\"w-separator size_custom\" style=\"height:30px\"><\/div><div class=\"g-cols wpb_row via_flex valign_top type_default stacking_default\"><div class=\"vc_col-sm-12 wpb_column vc_column_container\"><div class=\"vc_column-inner\"><div class=\"wpb_wrapper\"><div class=\"wpb_text_column\"><div class=\"wpb_wrapper\"><h5>Genauigkeit der Informationen<\/h5>\n<p>Obwohl wir uns bem\u00fchen, genaue und aktuelle Informationen bereitzustellen, kann ICBC Markets keine vollst\u00e4ndige Richtigkeit garantieren. Eine unabh\u00e4ngige Recherche wird vor jedem Trade empfohlen.<\/p>\n<\/div><\/div><\/div><\/div><\/div><\/div><div class=\"w-separator size_custom\" style=\"height:30px\"><\/div><div class=\"g-cols wpb_row via_flex valign_top type_default stacking_default\"><div class=\"vc_col-sm-12 wpb_column vc_column_container\"><div class=\"vc_column-inner\"><div class=\"wpb_wrapper\"><div class=\"wpb_text_column\"><div class=\"wpb_wrapper\"><h5>\u00c4nderungen der Dienste<\/h5>\n<p>Wir k\u00f6nnen Plattform-Funktionen, Tools oder Inhalte jederzeit ohne vorherige Ank\u00fcndigung aktualisieren, aussetzen oder \u00e4ndern.<\/p>\n<\/div><\/div><\/div><\/div><\/div><\/div><div class=\"w-separator size_custom\" style=\"height:30px\"><\/div><div class=\"g-cols wpb_row via_flex valign_top type_default stacking_default\"><div class=\"vc_col-sm-12 wpb_column vc_column_container\"><div class=\"vc_column-inner\"><div class=\"wpb_wrapper\"><div class=\"wpb_text_column\"><div class=\"wpb_wrapper\"><h5>Drittanbieter-Integrationen<\/h5>\n<p>Die Plattform kann Zugriff auf externe Dienste bieten. ICBC Markets ist nicht verantwortlich f\u00fcr technische Probleme, Fehler oder Verluste, die durch Drittanbieter verursacht werden.<\/p>\n<\/div><\/div><\/div><\/div><\/div><\/div><div class=\"w-separator size_custom\" style=\"height:30px\"><\/div><div class=\"g-cols wpb_row via_flex valign_top type_default stacking_default\"><div class=\"vc_col-sm-12 wpb_column vc_column_container\"><div class=\"vc_column-inner\"><div class=\"wpb_wrapper\"><div class=\"wpb_text_column\"><div class=\"wpb_wrapper\"><h5>Transaktions\u00fcberwachung &amp; Zugangskontrollen<\/h5>\n<p>Der Zugang zur Plattform, Kontoaktivit\u00e4ten oder Transaktionen k\u00f6nnen eingeschr\u00e4nkt oder ausgesetzt werden, wenn verd\u00e4chtiges Verhalten oder Verst\u00f6\u00dfe gegen die Richtlinien festgestellt werden.<\/p>\n<\/div><\/div><\/div><\/div><\/div><\/div><div class=\"w-separator size_custom\" style=\"height:30px\"><\/div><div class=\"g-cols wpb_row via_flex valign_top type_default stacking_default\"><div class=\"vc_col-sm-12 wpb_column vc_column_container\"><div class=\"vc_column-inner\"><div class=\"wpb_wrapper\"><div class=\"wpb_text_column\"><div class=\"wpb_wrapper\"><h5>Regionale Verf\u00fcgbarkeitsbeschr\u00e4nkungen<\/h5>\n<p>Bestimmte Dienste, Funktionen oder Promotionen k\u00f6nnen in bestimmten Regionen aufgrund regulatorischer Anforderungen nicht verf\u00fcgbar sein. Bitte beachten Sie unsere Allgemeinen Gesch\u00e4ftsbedingungen oder kontaktieren Sie den Support f\u00fcr regionsspezifische Informationen.<\/p>\n<\/div><\/div><\/div><\/div><\/div><\/div><div class=\"w-separator size_custom\" style=\"height:30px\"><\/div><div class=\"g-cols wpb_row via_flex valign_top type_default stacking_default\"><div class=\"vc_col-sm-12 wpb_column vc_column_container\"><div class=\"vc_column-inner\"><div class=\"wpb_wrapper\"><div class=\"wpb_text_column\"><div class=\"wpb_wrapper\"><h5>Fragen oder Kl\u00e4rungsbedarf?<\/h5>\n<p>F\u00fcr weitere Informationen zu einer Richtlinie oder einem Verfahren kontaktieren Sie bitte support@icbcmarkets.com. Unser Ziel ist es, ein transparentes, sicheres und faires Handelsumfeld f\u00fcr alle Kunden zu gew\u00e4hrleisten.<\/p>\n<\/div><\/div><\/div><\/div><\/div><\/div><\/div><\/div><\/div><\/div><\/div><\/section>\n","protected":false},"excerpt":{"rendered":"StartSeitenAllgemeine Gesch\u00e4ftsbedingungen Jetzt mit dem Trading beginnenAndere Richtlinien Risikohinweis KYC-Prozess Bonusbedingungen Allgemeine Gesch\u00e4ftsbedingungen Cookie-Richtlinie Datenschutzrichtlinie Die Beschwerde- und Streitbeilegungsrichtlinie Brauchen Sie Hilfe? Das Support-Team von ICBC Markets ist jederzeit f\u00fcr Sie da. Ob es um die Einrichtung von Stop-Loss-Levels, die Aktualisierung Ihrer Kontodaten oder allgemeine Trading-Fragen geht \u2013 unsere Spezialisten bieten Ihnen schnelle Unterst\u00fctzung und...","protected":false},"author":1,"featured_media":0,"parent":0,"menu_order":0,"comment_status":"closed","ping_status":"closed","template":"","meta":{"footnotes":""},"class_list":["post-1043","page","type-page","status-publish","hentry"],"_links":{"self":[{"href":"https:\/\/nlp6.mycube.kz\/de\/wp-json\/wp\/v2\/pages\/1043","targetHints":{"allow":["GET"]}}],"collection":[{"href":"https:\/\/nlp6.mycube.kz\/de\/wp-json\/wp\/v2\/pages"}],"about":[{"href":"https:\/\/nlp6.mycube.kz\/de\/wp-json\/wp\/v2\/types\/page"}],"author":[{"embeddable":true,"href":"https:\/\/nlp6.mycube.kz\/de\/wp-json\/wp\/v2\/users\/1"}],"replies":[{"embeddable":true,"href":"https:\/\/nlp6.mycube.kz\/de\/wp-json\/wp\/v2\/comments?post=1043"}],"version-history":[{"count":3,"href":"https:\/\/nlp6.mycube.kz\/de\/wp-json\/wp\/v2\/pages\/1043\/revisions"}],"predecessor-version":[{"id":1047,"href":"https:\/\/nlp6.mycube.kz\/de\/wp-json\/wp\/v2\/pages\/1043\/revisions\/1047"}],"wp:attachment":[{"href":"https:\/\/nlp6.mycube.kz\/de\/wp-json\/wp\/v2\/media?parent=1043"}],"curies":[{"name":"wp","href":"https:\/\/api.w.org\/{rel}","templated":true}]}}