{"id":1052,"date":"2026-03-03T09:56:33","date_gmt":"2026-03-03T06:56:33","guid":{"rendered":"https:\/\/nlp6.mycube.kz\/cookie-policy\/"},"modified":"2026-04-01T16:46:38","modified_gmt":"2026-04-01T13:46:38","slug":"cookie-policy","status":"publish","type":"page","link":"https:\/\/nlp6.mycube.kz\/de\/cookie-policy\/","title":{"rendered":"Cookie-Richtlinie"},"content":{"rendered":"<section class=\"l-section wpb_row us_custom_9ccc05f2 height_large\"><div class=\"l-section-h i-cf\"><div class=\"g-cols vc_row via_flex valign_top type_default stacking_default\"><div class=\"vc_col-sm-12 wpb_column vc_column_container\"><div class=\"vc_column-inner\"><div class=\"wpb_wrapper\"><div class=\"g-cols wpb_row via_flex valign_middle type_default stacking_default\"><div class=\"vc_col-sm-6 wpb_column vc_column_container\"><div class=\"vc_column-inner\"><div class=\"wpb_wrapper\"><nav class=\"g-breadcrumbs us_custom_183ff87a has_text_color separator_icon align_none\" itemscope itemtype=\"http:\/\/schema.org\/BreadcrumbList\"><div class=\"g-breadcrumbs-item\" itemscope itemprop=\"itemListElement\" itemtype=\"http:\/\/schema.org\/ListItem\"><a itemprop=\"item\" href=\"https:\/\/nlp6.mycube.kz\/de\/\"><span itemprop=\"name\">Start<\/span><\/a><meta itemprop=\"position\" content=\"1\"\/><\/div><div class=\"g-breadcrumbs-separator\"><i class=\"far fa-angle-right\"><\/i><\/div><div class=\"g-breadcrumbs-item\">Seiten<\/div><\/nav><div class=\"wpb_text_column\"><div class=\"wpb_wrapper\"><h1>Cookie-Richtlinie<\/h1>\n<\/div><\/div><div class=\"w-separator size_custom\" style=\"height:25px\"><\/div><div class=\"w-btn-wrapper align_none\"><a class=\"w-btn us-btn-style_1\" href=\"\/platform.html\"><span class=\"w-btn-label\">Jetzt mit dem Trading beginnen<\/span><\/a><\/div><\/div><\/div><\/div><div class=\"vc_col-sm-6 wpb_column vc_column_container\"><div class=\"vc_column-inner\"><div class=\"wpb_wrapper\"><div class=\"w-image align_none\"><div class=\"w-image-h\"><img decoding=\"async\" width=\"734\" height=\"320\" src=\"https:\/\/nlp6.mycube.kz\/wp-content\/uploads\/2026\/02\/gr-page.png\" class=\"attachment-full size-full\" alt=\"\" loading=\"lazy\" srcset=\"https:\/\/nlp6.mycube.kz\/wp-content\/uploads\/2026\/02\/gr-page.png 734w, https:\/\/nlp6.mycube.kz\/wp-content\/uploads\/2026\/02\/gr-page-300x131.png 300w\" sizes=\"auto, (max-width: 734px) 100vw, 734px\" \/><\/div><\/div><\/div><\/div><\/div><\/div><div class=\"w-separator hide_on_tablets hide_on_mobiles size_custom\" style=\"height:3rem\"><\/div><\/div><\/div><\/div><\/div><\/div><\/section><section class=\"l-section wpb_row height_large\"><div class=\"l-section-h i-cf\"><div class=\"g-cols vc_row via_flex valign_top type_default reversed stacking_default\"><div class=\"vc_col-sm-4 wpb_column vc_column_container\"><div class=\"vc_column-inner type_sticky\"><div class=\"wpb_wrapper\"><div class=\"g-cols wpb_row us_custom_6df4bc3a has_text_color via_flex valign_top type_boxes stacking_default\"><div class=\"vc_col-sm-12 wpb_column vc_column_container has_bg_color\"><div class=\"vc_column-inner us_custom_d99ff950\"><div class=\"wpb_wrapper\"><section class=\"l-section wpb_row height_auto width_full\"><div class=\"l-section-h i-cf\"><div class=\"g-cols vc_row via_flex valign_top type_default stacking_default\"><div class=\"vc_col-sm-12 wpb_column vc_column_container\"><div class=\"vc_column-inner\"><div class=\"wpb_wrapper\"><div class=\"g-cols wpb_row side-a via_flex valign_top type_default stacking_default\"><div class=\"vc_col-sm-12 wpb_column vc_column_container\"><div class=\"vc_column-inner\"><div class=\"wpb_wrapper\"><div class=\"wpb_text_column\"><div class=\"wpb_wrapper\"><h5>Andere Richtlinien<\/h5>\n<\/div><\/div><div class=\"w-separator size_custom\" style=\"height:30px\"><\/div><div class=\"wpb_text_column us_custom_6df4bc3a ulmoy2 link-ul has_text_color\"><div class=\"wpb_wrapper\"><ul>\n<li><a href=\"\/de\/risk-disclosure\/\">Risikohinweis<\/a><\/li>\n<li><a href=\"\/de\/kyc-process\/\">KYC-Prozess<\/a><\/li>\n<li><a href=\"\/de\/bonus-terms-and-conditions\/\">Bonusbedingungen<\/a><\/li>\n<li><a href=\"\/de\/terms-and-conditions\/\">Allgemeine Gesch\u00e4ftsbedingungen<\/a><\/li>\n<li><a href=\"\/de\/cookie-policy\/\">Cookie-Richtlinie<\/a><\/li>\n<li><a href=\"\/de\/privacy-policy\/\">Datenschutzrichtlinie<\/a><\/li>\n<li><a href=\"\/de\/complaints-dispute-policy\/\">Die Beschwerde- und Streitbeilegungsrichtlinie<\/a><\/li>\n<\/ul>\n<\/div><\/div><\/div><\/div><\/div><\/div><\/div><\/div><\/div><\/div><\/div><\/section>\n<\/div><\/div><\/div><\/div><\/div><\/div><\/div><div class=\"vc_col-sm-8 wpb_column vc_column_container ulmoy\"><div class=\"vc_column-inner\"><div class=\"wpb_wrapper\"><div class=\"g-cols wpb_row via_flex valign_top type_default stacking_default\"><div class=\"vc_col-sm-12 wpb_column vc_column_container\"><div class=\"vc_column-inner\"><div class=\"wpb_wrapper\"><div class=\"wpb_text_column\"><div class=\"wpb_wrapper\"><h5>Von ICBC Markets verwendete Arten von Cookies<\/h5>\n<p><strong>Cookies f\u00fcr Konto und Einstellungen:<\/strong><br \/>\nDiese Cookies unterst\u00fctzen die Kontoerstellung und speichern Ihre pers\u00f6nlichen Einstellungen. Sie sorgen daf\u00fcr, dass Ihre gew\u00e4hlten Einstellungen auch nach dem Abmelden und bei einem sp\u00e4teren Besuch unver\u00e4ndert bleiben.<\/p>\n<p><strong>Anmelde- und Sitzungs-Cookies:<\/strong><br \/>\nDiese Cookies gew\u00e4hrleisten sichere Anmeldesitzungen und machen wiederholtes Einloggen \u00fcberfl\u00fcssig. Aus Sicherheitsgr\u00fcnden verfallen sie automatisch, sobald Sie sich abmelden.<\/p>\n<p><strong>E-Mail- und Benachrichtigungs-Cookies:<\/strong><br \/>\nDiese Cookies steuern die Art und Weise, wie wir mit Ihnen kommunizieren, und erm\u00f6glichen es ICBC Markets, Ihnen auf Grundlage Ihrer gew\u00e4hlten Einstellungen personalisierte Updates, Werbebotschaften und Benachrichtigungen zu senden.<\/p>\n<p><strong>Umfrage- und Feedback-Cookies:<\/strong><br \/>\nUm genaue Umfragedaten zu gew\u00e4hrleisten und doppelte Antworten zu vermeiden, \u00fcberwachen diese Cookies die Teilnahme und verhindern wiederholte Umfrageaufforderungen.<\/p>\n<p><strong>Cookies zum automatischen Ausf\u00fcllen von Formularen:<\/strong><br \/>\nDiese tempor\u00e4ren Cookies speichern Informationen, die in Formulare eingegeben wurden, sodass zuk\u00fcnftige \u00dcbermittlungen schneller abgeschlossen werden k\u00f6nnen, indem zuvor angegebene Details automatisch ausgef\u00fcllt werden.<\/p>\n<p><strong>Layout- und Personalisierungs-Cookies:<\/strong><br \/>\nDiese Cookies wurden entwickelt, um Ihr Surferlebnis zu verbessern. Sie speichern Ihre Einstellungen f\u00fcr Benutzeroberfl\u00e4che und Layout und sorgen so bei jedem Besuch f\u00fcr ein einheitliches und personalisiertes Erlebnis.<\/p>\n<\/div><\/div><\/div><\/div><\/div><\/div><\/div><\/div><\/div><\/div><\/div><\/section>\n","protected":false},"excerpt":{"rendered":"StartSeitenCookie-Richtlinie Jetzt mit dem Trading beginnenAndere Richtlinien Risikohinweis KYC-Prozess Bonusbedingungen Allgemeine Gesch\u00e4ftsbedingungen Cookie-Richtlinie Datenschutzrichtlinie Die Beschwerde- und Streitbeilegungsrichtlinie Von ICBC Markets verwendete Arten von Cookies Cookies f\u00fcr Konto und Einstellungen: Diese Cookies unterst\u00fctzen die Kontoerstellung und speichern Ihre pers\u00f6nlichen Einstellungen. Sie sorgen daf\u00fcr, dass Ihre gew\u00e4hlten Einstellungen auch nach dem Abmelden und bei einem sp\u00e4teren...","protected":false},"author":1,"featured_media":0,"parent":0,"menu_order":0,"comment_status":"closed","ping_status":"closed","template":"","meta":{"footnotes":""},"class_list":["post-1052","page","type-page","status-publish","hentry"],"_links":{"self":[{"href":"https:\/\/nlp6.mycube.kz\/de\/wp-json\/wp\/v2\/pages\/1052","targetHints":{"allow":["GET"]}}],"collection":[{"href":"https:\/\/nlp6.mycube.kz\/de\/wp-json\/wp\/v2\/pages"}],"about":[{"href":"https:\/\/nlp6.mycube.kz\/de\/wp-json\/wp\/v2\/types\/page"}],"author":[{"embeddable":true,"href":"https:\/\/nlp6.mycube.kz\/de\/wp-json\/wp\/v2\/users\/1"}],"replies":[{"embeddable":true,"href":"https:\/\/nlp6.mycube.kz\/de\/wp-json\/wp\/v2\/comments?post=1052"}],"version-history":[{"count":2,"href":"https:\/\/nlp6.mycube.kz\/de\/wp-json\/wp\/v2\/pages\/1052\/revisions"}],"predecessor-version":[{"id":1054,"href":"https:\/\/nlp6.mycube.kz\/de\/wp-json\/wp\/v2\/pages\/1052\/revisions\/1054"}],"wp:attachment":[{"href":"https:\/\/nlp6.mycube.kz\/de\/wp-json\/wp\/v2\/media?parent=1052"}],"curies":[{"name":"wp","href":"https:\/\/api.w.org\/{rel}","templated":true}]}}