{"id":903,"date":"2026-03-03T12:00:32","date_gmt":"2026-03-03T09:00:32","guid":{"rendered":"https:\/\/nlp6.mycube.kz\/deposit-bonus\/"},"modified":"2026-04-01T14:29:45","modified_gmt":"2026-04-01T11:29:45","slug":"deposit-bonus","status":"publish","type":"page","link":"https:\/\/nlp6.mycube.kz\/de\/deposit-bonus\/","title":{"rendered":"Der Einzahlungsbonus"},"content":{"rendered":"<section class=\"l-section wpb_row us_custom_9ccc05f2 height_auto full_height valign_bottom\"><div class=\"l-section-h i-cf\"><div class=\"g-cols vc_row via_flex valign_top type_default stacking_default\"><div class=\"vc_col-sm-12 wpb_column vc_column_container\"><div class=\"vc_column-inner\"><div class=\"wpb_wrapper\"><div class=\"w-separator hide_on_default hide_on_laptops size_custom\" style=\"height:2rem\"><\/div><div class=\"g-cols wpb_row via_flex valign_top type_default stacking_default\"><div class=\"vc_col-sm-12 wpb_column vc_column_container\"><div class=\"vc_column-inner\"><div class=\"wpb_wrapper\"><nav class=\"g-breadcrumbs us_custom_183ff87a has_text_color separator_icon align_none\" itemscope itemtype=\"http:\/\/schema.org\/BreadcrumbList\"><div class=\"g-breadcrumbs-item\" itemscope itemprop=\"itemListElement\" itemtype=\"http:\/\/schema.org\/ListItem\"><a itemprop=\"item\" href=\"https:\/\/nlp6.mycube.kz\/de\/\"><span itemprop=\"name\">Start<\/span><\/a><meta itemprop=\"position\" content=\"1\"\/><\/div><div class=\"g-breadcrumbs-separator\"><i class=\"far fa-angle-right\"><\/i><\/div><div class=\"g-breadcrumbs-item\">Seiten<\/div><\/nav><div class=\"wpb_text_column\"><div class=\"wpb_wrapper\"><h1>Erh\u00f6hen Sie Ihr Trading-Guthaben mit dem 100% Einzahlungsbonus von ICBC Markets<\/h1>\n<\/div><\/div><\/div><\/div><\/div><\/div><div class=\"w-separator hide_on_default hide_on_laptops size_custom\" style=\"height:2rem\"><\/div><div class=\"g-cols wpb_row us_custom_a2ebf4ae via_flex valign_top type_boxes stacking_default\"><div class=\"vc_col-sm-6 wpb_column vc_column_container\"><div class=\"vc_column-inner us_custom_681cf35f\"><div class=\"wpb_wrapper\"><div class=\"w-image align_none\"><div class=\"w-image-h\"><img decoding=\"async\" width=\"734\" height=\"320\" src=\"https:\/\/nlp6.mycube.kz\/wp-content\/uploads\/2026\/02\/gr-page.png\" class=\"attachment-full size-full\" alt=\"\" loading=\"lazy\" srcset=\"https:\/\/nlp6.mycube.kz\/wp-content\/uploads\/2026\/02\/gr-page.png 734w, https:\/\/nlp6.mycube.kz\/wp-content\/uploads\/2026\/02\/gr-page-300x131.png 300w\" sizes=\"auto, (max-width: 734px) 100vw, 734px\" \/><\/div><\/div><\/div><\/div><\/div><div class=\"vc_col-sm-6 wpb_column vc_column_container has_bg_color\"><div class=\"vc_column-inner us_custom_243b448c\"><div class=\"wpb_wrapper\"><div class=\"wpb_text_column\"><div class=\"wpb_wrapper\"><h4>Multiplizieren Sie Ihr Startkapital sofort und erschlie\u00dfen Sie breitere Marktchancen<\/h4>\n<p>St\u00e4rken Sie Ihre Trading-Power mit dem 100% Einzahlungsbonus von ICBC Markets. Der Bonus gibt Ihnen zus\u00e4tzliche Margin, damit Sie mehrere Strategien gleichzeitig einsetzen und von einem breiteren Spektrum an Marktbedingungen profitieren k\u00f6nnen.<\/p>\n<\/div><\/div><div class=\"w-separator size_custom\" style=\"height:30px\"><\/div><div class=\"w-btn-wrapper align_none\"><a class=\"w-btn us-btn-style_4\" href=\"\/platform.html\"><span class=\"w-btn-label\">Bonus jetzt freischalten<\/span><\/a><\/div><\/div><\/div><\/div><\/div><div class=\"g-cols wpb_row hide_on_tablets hide_on_mobiles via_flex valign_top type_default stacking_default\"><div class=\"vc_col-sm-12 wpb_column vc_column_container stretched\"><div class=\"vc_column-inner\"><div class=\"wpb_wrapper\"><div data-us-scroll=\"{&quot;from_initial_position&quot;:&quot;0&quot;,&quot;start_position&quot;:&quot;0%&quot;,&quot;end_position&quot;:&quot;100%&quot;,&quot;delay&quot;:&quot;0s&quot;,&quot;translate_x_direction&quot;:&quot;left&quot;,&quot;translate_x_speed&quot;:&quot;0.5x&quot;}\" class=\"w-text us_custom_819caa63 has_text_color has_scroll_effects has_translate_x\"><span class=\"w-text-h\"><span class=\"w-text-value\">Einzahlungsbonus<\/span><\/span><\/div><\/div><\/div><\/div><\/div><\/div><\/div><\/div><\/div><\/div><\/section><section class=\"l-section wpb_row height_large\"><div class=\"l-section-h i-cf\"><div class=\"g-cols vc_row via_flex valign_top type_default stacking_default\"><div class=\"vc_col-sm-12 wpb_column vc_column_container\"><div class=\"vc_column-inner\"><div class=\"wpb_wrapper\"><div class=\"g-cols wpb_row via_flex valign_top type_default stacking_default\"><div class=\"vc_col-sm-12 wpb_column vc_column_container\"><div class=\"vc_column-inner us_custom_eb849559\"><div class=\"wpb_wrapper\"><div class=\"wpb_text_column\"><div class=\"wpb_wrapper\"><h2>So beanspruchen Sie<br \/>\nIhren ICBC Markets Bonus<\/h2>\n<\/div><\/div><\/div><\/div><\/div><\/div><div class=\"w-separator size_custom\" style=\"height:3rem\"><\/div><div class=\"g-cols wpb_row via_flex valign_top type_boxes stacking_default\" style=\"--additional-gap:0.5rem;\"><div class=\"vc_col-sm-3 wpb_column vc_column_container has_bg_color\"><div class=\"vc_column-inner us_custom_43640d39\"><div class=\"wpb_wrapper\"><div class=\"w-hwrapper valign_middle align_justify\"><div class=\"w-text us_custom_20be0902 has_text_color\"><span class=\"w-text-h\"><span class=\"w-text-value\">01<\/span><\/span><\/div><div class=\"w-text us_custom_aaf4415d has_text_color\"><span class=\"w-text-h\"><span class=\"w-text-value\">SCHRITT<\/span><\/span><\/div><\/div><div class=\"w-separator us_custom_33c47bad has_text_color size_custom with_line width_default thick_1 style_solid color_text align_center\" style=\"height:60px\"><div class=\"w-separator-h\"><\/div><\/div><div class=\"wpb_text_column us_custom_6df4bc3a has_text_color\"><div class=\"wpb_wrapper\"><h6>Konto er\u00f6ffnen und einzahlen<\/h6>\n<p>Registrieren Sie sich, t\u00e4tigen Sie eine Einzahlung und akzeptieren Sie die Bonusbedingungen, um zu starten.<\/p>\n<\/div><\/div><\/div><\/div><\/div><div class=\"vc_col-sm-3 wpb_column vc_column_container has_bg_color\"><div class=\"vc_column-inner us_custom_39f4b765\"><div class=\"wpb_wrapper\"><div class=\"w-hwrapper valign_middle align_justify\"><div class=\"w-text us_custom_fcfaddd6 has_text_color\"><span class=\"w-text-h\"><span class=\"w-text-value\">02<\/span><\/span><\/div><div class=\"w-text us_custom_a683f875 has_text_color\"><span class=\"w-text-h\"><span class=\"w-text-value\">SCHRITT<\/span><\/span><\/div><\/div><div class=\"w-separator us_custom_7940c76c has_text_color size_custom with_line width_default thick_1 style_solid color_text align_center\" style=\"height:60px\"><div class=\"w-separator-h\"><\/div><\/div><div class=\"wpb_text_column us_custom_0259209c has_text_color\"><div class=\"wpb_wrapper\"><h6>Sofortige Erh\u00f6hung Ihres Guthabens<\/h6>\n<p>Ihre Einzahlung wird vollst\u00e4ndig verdoppelt \u2013 Sie erhalten sofort doppelt so viel Handelskapital.<\/p>\n<\/div><\/div><\/div><\/div><\/div><div class=\"vc_col-sm-3 wpb_column vc_column_container has_bg_color\"><div class=\"vc_column-inner us_custom_ddefdeea\"><div class=\"wpb_wrapper\"><div class=\"w-hwrapper valign_middle align_justify\"><div class=\"w-text us_custom_fcfaddd6 has_text_color\"><span class=\"w-text-h\"><span class=\"w-text-value\">03<\/span><\/span><\/div><div class=\"w-text us_custom_a683f875 has_text_color\"><span class=\"w-text-h\"><span class=\"w-text-value\">SCHRITT<\/span><\/span><\/div><\/div><div class=\"w-separator us_custom_7940c76c has_text_color size_custom with_line width_default thick_1 style_solid color_text align_center\" style=\"height:60px\"><div class=\"w-separator-h\"><\/div><\/div><div class=\"wpb_text_column\"><div class=\"wpb_wrapper\"><h6>Trade mit mehr Freiheit<\/h6>\n<p>Nutzen Sie das zus\u00e4tzliche Kapital, um gr\u00f6\u00dfere Positionen zu er\u00f6ffnen und mehr Marktchancen zu nutzen.<\/p>\n<\/div><\/div><\/div><\/div><\/div><div class=\"vc_col-sm-3 wpb_column vc_column_container has_bg_color\"><div class=\"vc_column-inner us_custom_0b41f71e\"><div class=\"wpb_wrapper\"><div class=\"w-hwrapper valign_middle align_justify\"><div class=\"w-text us_custom_fcfaddd6 has_text_color\"><span class=\"w-text-h\"><span class=\"w-text-value\">04<\/span><\/span><\/div><div class=\"w-text us_custom_a683f875 has_text_color\"><span class=\"w-text-h\"><span class=\"w-text-value\">SCHRITT<\/span><\/span><\/div><\/div><div class=\"w-separator us_custom_7940c76c has_text_color size_custom with_line width_default thick_1 style_solid color_text align_center\" style=\"height:60px\"><div class=\"w-separator-h\"><\/div><\/div><div class=\"wpb_text_column\"><div class=\"wpb_wrapper\"><h6>Gewinne problemlos auszahlen<\/h6>\n<p>Sobald die Bonusbedingungen erf\u00fcllt sind, profitieren Sie von einem reibungslosen und zuverl\u00e4ssigen Auszahlungsprozess.<\/p>\n<\/div><\/div><\/div><\/div><\/div><\/div><\/div><\/div><\/div><\/div><\/div><\/section><section class=\"l-section wpb_row us_custom_c70c97eb height_large\"><div class=\"l-section-h i-cf\"><div class=\"g-cols vc_row via_flex valign_middle type_default stacking_default\"><div class=\"vc_col-sm-12 wpb_column vc_column_container\"><div class=\"vc_column-inner\"><div class=\"wpb_wrapper\"><div class=\"g-cols wpb_row via_flex valign_middle type_default stacking_default\"><div class=\"vc_col-sm-4 wpb_column vc_column_container\"><div class=\"vc_column-inner\"><div class=\"wpb_wrapper\"><div class=\"w-image align_none\"><div class=\"w-image-h\"><img decoding=\"async\" width=\"461\" height=\"551\" src=\"https:\/\/nlp6.mycube.kz\/wp-content\/uploads\/2026\/03\/img7.png\" class=\"attachment-full size-full\" alt=\"\" loading=\"lazy\" srcset=\"https:\/\/nlp6.mycube.kz\/wp-content\/uploads\/2026\/03\/img7.png 461w, https:\/\/nlp6.mycube.kz\/wp-content\/uploads\/2026\/03\/img7-251x300.png 251w\" sizes=\"auto, (max-width: 461px) 100vw, 461px\" \/><\/div><\/div><\/div><\/div><\/div><div class=\"vc_col-sm-8 wpb_column vc_column_container\"><div class=\"vc_column-inner\"><div class=\"wpb_wrapper\"><div class=\"wpb_text_column\"><div class=\"wpb_wrapper\"><h2>Ist der 100% Einzahlungsbonus echt?<\/h2>\n<p>Ja \u2013 jeder eingezahlte Dollar wird vollst\u00e4ndig verdoppelt.<br \/>\nZahlen Sie 2.500$ ein und erhalten Sie weitere 2.500$ Bonus. Ihr gesamtes Trading-Guthaben betr\u00e4gt dann 5.000$.<\/p>\n<\/div><\/div><div class=\"w-separator us_custom_e9ff2831 has_text_color size_custom has_font_size with_line width_default thick_1 style_dotted color_text align_left with_content\" style=\"height:4rem\"><div class=\"w-separator-h\"><i class=\"fas fa-fas fa-box-usd\"><\/i><\/div><\/div><div class=\"wpb_text_column\"><div class=\"wpb_wrapper\"><h4>Meinungen der Trader<\/h4>\n<p>Trader sch\u00e4tzen die zus\u00e4tzliche Flexibilit\u00e4t und das erweiterte Trading-Potenzial, das dieser Bonus bietet \u2013 mehr Margin, gr\u00f6\u00dfere Positionen und schnelleres Konto-Wachstum.<\/p>\n<\/div><\/div><div class=\"w-separator size_custom\" style=\"height:30px\"><\/div><div class=\"w-btn-wrapper align_left\"><a class=\"w-btn us-btn-style_3\" href=\"\/platform.html\"><span class=\"w-btn-label\">Bonus sichern und selbstbewusst traden<\/span><\/a><\/div><\/div><\/div><\/div><\/div><\/div><\/div><\/div><\/div><\/div><\/section>\n","protected":false},"excerpt":{"rendered":"StartSeitenErh\u00f6hen Sie Ihr Trading-Guthaben mit dem 100% Einzahlungsbonus von ICBC Markets Multiplizieren Sie Ihr Startkapital sofort und erschlie\u00dfen Sie breitere Marktchancen St\u00e4rken Sie Ihre Trading-Power mit dem 100% Einzahlungsbonus von ICBC Markets. Der Bonus gibt Ihnen zus\u00e4tzliche Margin, damit Sie mehrere Strategien gleichzeitig einsetzen und von einem breiteren Spektrum an Marktbedingungen profitieren k\u00f6nnen. Bonus jetzt...","protected":false},"author":1,"featured_media":0,"parent":0,"menu_order":0,"comment_status":"closed","ping_status":"closed","template":"","meta":{"footnotes":""},"class_list":["post-903","page","type-page","status-publish","hentry"],"_links":{"self":[{"href":"https:\/\/nlp6.mycube.kz\/de\/wp-json\/wp\/v2\/pages\/903","targetHints":{"allow":["GET"]}}],"collection":[{"href":"https:\/\/nlp6.mycube.kz\/de\/wp-json\/wp\/v2\/pages"}],"about":[{"href":"https:\/\/nlp6.mycube.kz\/de\/wp-json\/wp\/v2\/types\/page"}],"author":[{"embeddable":true,"href":"https:\/\/nlp6.mycube.kz\/de\/wp-json\/wp\/v2\/users\/1"}],"replies":[{"embeddable":true,"href":"https:\/\/nlp6.mycube.kz\/de\/wp-json\/wp\/v2\/comments?post=903"}],"version-history":[{"count":4,"href":"https:\/\/nlp6.mycube.kz\/de\/wp-json\/wp\/v2\/pages\/903\/revisions"}],"predecessor-version":[{"id":907,"href":"https:\/\/nlp6.mycube.kz\/de\/wp-json\/wp\/v2\/pages\/903\/revisions\/907"}],"wp:attachment":[{"href":"https:\/\/nlp6.mycube.kz\/de\/wp-json\/wp\/v2\/media?parent=903"}],"curies":[{"name":"wp","href":"https:\/\/api.w.org\/{rel}","templated":true}]}}