{"id":913,"date":"2026-03-03T13:09:54","date_gmt":"2026-03-03T10:09:54","guid":{"rendered":"https:\/\/nlp6.mycube.kz\/trade-the-markets\/"},"modified":"2026-04-01T14:38:46","modified_gmt":"2026-04-01T11:38:46","slug":"trade-the-markets","status":"publish","type":"page","link":"https:\/\/nlp6.mycube.kz\/de\/trade-the-markets\/","title":{"rendered":"Handel an den M\u00e4rkten"},"content":{"rendered":"<section class=\"l-section wpb_row us_custom_9ccc05f2 height_auto full_height valign_bottom\"><div class=\"l-section-h i-cf\"><div class=\"g-cols vc_row via_flex valign_top type_default stacking_default\"><div class=\"vc_col-sm-12 wpb_column vc_column_container\"><div class=\"vc_column-inner\"><div class=\"wpb_wrapper\"><div class=\"w-separator size_custom\" style=\"height:2rem\"><\/div><div class=\"g-cols wpb_row via_flex valign_top type_default stacking_default\"><div class=\"vc_col-sm-12 wpb_column vc_column_container\"><div class=\"vc_column-inner\"><div class=\"wpb_wrapper\"><nav class=\"g-breadcrumbs us_custom_183ff87a has_text_color separator_icon align_none\" itemscope itemtype=\"http:\/\/schema.org\/BreadcrumbList\"><div class=\"g-breadcrumbs-item\" itemscope itemprop=\"itemListElement\" itemtype=\"http:\/\/schema.org\/ListItem\"><a itemprop=\"item\" href=\"https:\/\/nlp6.mycube.kz\/de\/\"><span itemprop=\"name\">Start<\/span><\/a><meta itemprop=\"position\" content=\"1\"\/><\/div><div class=\"g-breadcrumbs-separator\"><i class=\"far fa-angle-right\"><\/i><\/div><div class=\"g-breadcrumbs-item\">Seiten<\/div><\/nav><div class=\"wpb_text_column\"><div class=\"wpb_wrapper\"><h1>Entdecken Sie globale Trading-M\u00e4rkte mit ICBC Markets<\/h1>\n<\/div><\/div><\/div><\/div><\/div><\/div><div class=\"w-separator size_custom\" style=\"height:2rem\"><\/div><div class=\"g-cols wpb_row us_custom_a2ebf4ae via_flex valign_top type_boxes stacking_default\"><div class=\"vc_col-sm-6 wpb_column vc_column_container\"><div class=\"vc_column-inner us_custom_681cf35f\"><div class=\"wpb_wrapper\"><div class=\"w-image align_none\"><div class=\"w-image-h\"><img decoding=\"async\" width=\"734\" height=\"320\" src=\"https:\/\/nlp6.mycube.kz\/wp-content\/uploads\/2026\/02\/gr-page.png\" class=\"attachment-full size-full\" alt=\"\" loading=\"lazy\" srcset=\"https:\/\/nlp6.mycube.kz\/wp-content\/uploads\/2026\/02\/gr-page.png 734w, https:\/\/nlp6.mycube.kz\/wp-content\/uploads\/2026\/02\/gr-page-300x131.png 300w\" sizes=\"auto, (max-width: 734px) 100vw, 734px\" \/><\/div><\/div><\/div><\/div><\/div><div class=\"vc_col-sm-6 wpb_column vc_column_container has_bg_color\"><div class=\"vc_column-inner us_custom_243b448c\"><div class=\"wpb_wrapper\"><div class=\"wpb_text_column\"><div class=\"wpb_wrapper\"><h4>Treten Sie in eine schnelle, international vernetzte Trading-Welt ein<\/h4>\n<p>Entfalten Sie das volle Potenzial von ICBC Markets \u2013 Ihr Zugang zu \u00fcber 300 globalen Instrumenten, blitzschneller Ausf\u00fchrung und wettbewerbsf\u00e4higen Preisen. Ob Sie gerade erst anfangen oder fortgeschrittene Strategien verfeinern \u2013 handeln Sie globale M\u00e4rkte mit Pr\u00e4zision und Vertrauen.<\/p>\n<\/div><\/div><div class=\"w-separator size_custom\" style=\"height:30px\"><\/div><div class=\"w-btn-wrapper align_none\"><a class=\"w-btn us-btn-style_4\" href=\"\/platform.html\"><span class=\"w-btn-label\">Starten Sie Ihre Trading-Reise<\/span><\/a><\/div><\/div><\/div><\/div><\/div><div class=\"g-cols wpb_row hide_on_tablets hide_on_mobiles via_flex valign_top type_default stacking_default\"><div class=\"vc_col-sm-12 wpb_column vc_column_container stretched\"><div class=\"vc_column-inner\"><div class=\"wpb_wrapper\"><div data-us-scroll=\"{&quot;from_initial_position&quot;:&quot;0&quot;,&quot;start_position&quot;:&quot;0%&quot;,&quot;end_position&quot;:&quot;100%&quot;,&quot;delay&quot;:&quot;0s&quot;,&quot;translate_x_direction&quot;:&quot;left&quot;,&quot;translate_x_speed&quot;:&quot;0.5x&quot;}\" class=\"w-text us_custom_819caa63 has_text_color has_scroll_effects has_translate_x\"><span class=\"w-text-h\"><span class=\"w-text-value\">M\u00e4rkte traden<\/span><\/span><\/div><\/div><\/div><\/div><\/div><\/div><\/div><\/div><\/div><\/div><\/section><section class=\"l-section wpb_row us_custom_4fb9e5a3 height_large\"><div class=\"l-section-h i-cf\"><div class=\"g-cols vc_row via_flex valign_middle type_default stacking_default\"><div class=\"vc_col-sm-4 wpb_column vc_column_container\"><div class=\"vc_column-inner\"><div class=\"wpb_wrapper\"><div class=\"g-cols wpb_row via_flex valign_top type_default stacking_default\"><div class=\"vc_col-sm-12 wpb_column vc_column_container\"><div class=\"vc_column-inner\"><div class=\"wpb_wrapper\"><div class=\"w-image align_none\"><div class=\"w-image-h\"><img decoding=\"async\" width=\"461\" height=\"551\" src=\"https:\/\/nlp6.mycube.kz\/wp-content\/uploads\/2026\/03\/img-8.png\" class=\"attachment-full size-full\" alt=\"\" loading=\"lazy\" srcset=\"https:\/\/nlp6.mycube.kz\/wp-content\/uploads\/2026\/03\/img-8.png 461w, https:\/\/nlp6.mycube.kz\/wp-content\/uploads\/2026\/03\/img-8-251x300.png 251w\" sizes=\"auto, (max-width: 461px) 100vw, 461px\" \/><\/div><\/div><\/div><\/div><\/div><\/div><\/div><\/div><\/div><div class=\"vc_col-sm-8 wpb_column vc_column_container\"><div class=\"vc_column-inner\"><div class=\"wpb_wrapper\"><div class=\"g-cols wpb_row via_flex valign_top type_default stacking_default\"><div class=\"vc_col-sm-6 wpb_column vc_column_container\"><div class=\"vc_column-inner\"><div class=\"wpb_wrapper\"><div class=\"wpb_text_column\"><div class=\"wpb_wrapper\"><h2>Eine Plattform. Vollst\u00e4ndiger Marktzugang<\/h2>\n<p>Mit ICBC Markets erhalten Sie die Flexibilit\u00e4t und professionellen Tools, die Sie ben\u00f6tigen, um auf den weltweit f\u00fchrenden Finanzm\u00e4rkten zu handeln. Von hochvolatilen Kryptow\u00e4hrungen und wichtigen Forex-Paaren \u00fcber Indizes, Metalle, Rohstoffe und mehr \u2013 alles ist \u00fcber eine robuste, alles-in-einem Plattform erreichbar.<\/p>\n<\/div><\/div><\/div><\/div><\/div><div class=\"vc_col-sm-6 wpb_column vc_column_container\"><div class=\"vc_column-inner\"><div class=\"wpb_wrapper\"><div class=\"wpb_text_column ulmoy\"><div class=\"wpb_wrapper\"><h4>CFD-Handel \u00fcber wichtige Asset-Klassen:<\/h4>\n<ul>\n<li>Major, Minor &amp; Exotic Forex-Paare<\/li>\n<li>Kryptow\u00e4hrungs-CFDs<\/li>\n<li>Top globale Indizes<\/li>\n<li>Agrar- und Energierohstoffe<\/li>\n<li>Edel- und Industriemetalle<\/li>\n<li>Roh\u00f6l &amp; Erdgas<\/li>\n<li>Internationale Aktien-CFDs<\/li>\n<\/ul>\n<\/div><\/div><\/div><\/div><\/div><\/div><\/div><\/div><\/div><\/div><\/div><\/section><section class=\"l-section wpb_row us_custom_0db20381 height_large with_img\"><div class=\"l-section-img\" role=\"img\" data-img-width=\"1920\" data-img-height=\"1080\" style=\"background-image: url(https:\/\/nlp6.mycube.kz\/wp-content\/uploads\/2026\/02\/bg-section.jpg);background-position: bottom center;background-repeat: no-repeat;background-size: auto;\"><\/div><div class=\"l-section-h i-cf\"><div class=\"g-cols vc_row via_flex valign_top type_default stacking_default\"><div class=\"vc_col-sm-12 wpb_column vc_column_container\"><div class=\"vc_column-inner\"><div class=\"wpb_wrapper\"><div class=\"g-cols wpb_row via_flex valign_top type_default stacking_default\"><div class=\"vc_col-sm-1 wpb_column vc_column_container hide_on_tablets hide_on_mobiles\"><div class=\"vc_column-inner\"><div class=\"wpb_wrapper\"><\/div><\/div><\/div><div class=\"vc_col-sm-10 wpb_column vc_column_container\"><div class=\"vc_column-inner\"><div class=\"wpb_wrapper\"><div class=\"wpb_text_column us_custom_d44d8758 has_text_color\"><div class=\"wpb_wrapper\"><h2>Trade mit Zuversicht. Reagieren Sie sofort auf Marktbewegungen.<\/h2>\n<\/div><\/div><\/div><\/div><\/div><\/div><div class=\"w-separator size_custom\" style=\"height:4rem\" id=\"c392\"><style>@media(max-width:767px){ #c392{height:3rem!important}}<\/style><\/div><div class=\"g-cols wpb_row via_flex valign_top type_boxes stacking_default\" style=\"--additional-gap:0.5rem;\"><div class=\"vc_col-sm-4 wpb_column vc_column_container has_bg_color\"><div class=\"vc_column-inner us_custom_5533cc46\"><div class=\"wpb_wrapper\"><div class=\"w-image align_center\"><div class=\"w-image-h\"><img decoding=\"async\" width=\"520\" height=\"223\" src=\"https:\/\/nlp6.mycube.kz\/wp-content\/uploads\/2026\/03\/gr-new.png\" class=\"attachment-full size-full\" alt=\"\" loading=\"lazy\" srcset=\"https:\/\/nlp6.mycube.kz\/wp-content\/uploads\/2026\/03\/gr-new.png 520w, https:\/\/nlp6.mycube.kz\/wp-content\/uploads\/2026\/03\/gr-new-300x129.png 300w\" sizes=\"auto, (max-width: 520px) 100vw, 520px\" \/><\/div><\/div><div class=\"w-separator us_custom_871532fd has_text_color size_custom has_font_size with_line width_default thick_1 style_dashed color_text align_center with_content\" style=\"height:60px\"><div class=\"w-separator-h\"><i class=\"material-icons\">swap_horizontal_circle<\/i><\/div><\/div><div class=\"wpb_text_column us_custom_eb849559\"><div class=\"wpb_wrapper\"><h6>Forex-Trading mit<br \/>\nICBC Markets<\/h6>\n<p>Greifen Sie m\u00fchelos auf den liquidesten Finanzmarkt der Welt zu. W\u00e4hlen Sie aus einer gro\u00dfen Auswahl an W\u00e4hrungspaaren, handeln Sie mit einem Hebel bis zu 500:1, profitieren Sie von engen Spreads und einer schnellen, zuverl\u00e4ssigen Ausf\u00fchrung.<\/p>\n<\/div><\/div><div class=\"w-separator size_custom\" style=\"height:30px\"><\/div><div class=\"w-btn-wrapper align_center\"><a class=\"w-btn us-btn-style_3\" href=\"\/platform.html\"><span class=\"w-btn-label\">Forex-Trading starten<\/span><\/a><\/div><\/div><\/div><\/div><div class=\"vc_col-sm-4 wpb_column vc_column_container has_bg_color\"><div class=\"vc_column-inner us_custom_5533cc46\"><div class=\"wpb_wrapper\"><div class=\"w-image align_center\"><div class=\"w-image-h\"><img decoding=\"async\" width=\"520\" height=\"223\" src=\"https:\/\/nlp6.mycube.kz\/wp-content\/uploads\/2026\/03\/gr-new.png\" class=\"attachment-full size-full\" alt=\"\" loading=\"lazy\" srcset=\"https:\/\/nlp6.mycube.kz\/wp-content\/uploads\/2026\/03\/gr-new.png 520w, https:\/\/nlp6.mycube.kz\/wp-content\/uploads\/2026\/03\/gr-new-300x129.png 300w\" sizes=\"auto, (max-width: 520px) 100vw, 520px\" \/><\/div><\/div><div class=\"w-separator us_custom_871532fd has_text_color size_custom has_font_size with_line width_default thick_1 style_dashed color_text align_center with_content\" style=\"height:60px\"><div class=\"w-separator-h\"><i class=\"fas fa-fas fa-coins\"><\/i><\/div><\/div><div class=\"wpb_text_column us_custom_eb849559\"><div class=\"wpb_wrapper\"><h6>Kryptow\u00e4hrungs-CFD-Trading \u2013 24\/7 M\u00e4rkte<\/h6>\n<p>Handeln Sie f\u00fchrende digitale Assets jederzeit, Tag und Nacht. Nutzen Sie die Volatilit\u00e4t der Kryptom\u00e4rkte mit klaren Preisen, schneller Ausf\u00fchrung und voller Kontrolle \u00fcber Ihre Positionen.<\/p>\n<\/div><\/div><div class=\"w-separator size_custom\" style=\"height:30px\"><\/div><div class=\"w-btn-wrapper align_center\"><a class=\"w-btn us-btn-style_3\" href=\"\/platform.html\"><span class=\"w-btn-label\">Jetzt Kryptos traden<\/span><\/a><\/div><\/div><\/div><\/div><div class=\"vc_col-sm-4 wpb_column vc_column_container has_bg_color\"><div class=\"vc_column-inner us_custom_5533cc46\"><div class=\"wpb_wrapper\"><div class=\"w-image align_center\"><div class=\"w-image-h\"><img decoding=\"async\" width=\"520\" height=\"223\" src=\"https:\/\/nlp6.mycube.kz\/wp-content\/uploads\/2026\/03\/gr-new.png\" class=\"attachment-full size-full\" alt=\"\" loading=\"lazy\" srcset=\"https:\/\/nlp6.mycube.kz\/wp-content\/uploads\/2026\/03\/gr-new.png 520w, https:\/\/nlp6.mycube.kz\/wp-content\/uploads\/2026\/03\/gr-new-300x129.png 300w\" sizes=\"auto, (max-width: 520px) 100vw, 520px\" \/><\/div><\/div><div class=\"w-separator us_custom_871532fd has_text_color size_custom has_font_size with_line width_default thick_1 style_dashed color_text align_center with_content\" style=\"height:60px\"><div class=\"w-separator-h\"><i class=\"material-icons\">area_chart<\/i><\/div><\/div><div class=\"wpb_text_column us_custom_eb849559\"><div class=\"wpb_wrapper\"><h6>Reibungsloser globaler Index-Handel<\/h6>\n<p>Erhalten Sie Zugang zu gro\u00dfen Indizes wie S&amp;P 500, FTSE, DAX und vielen mehr. Nutzen Sie flexiblen Hebel, niedrige Handelskosten und effiziente Orderausf\u00fchrung.<\/p>\n<\/div><\/div><div class=\"w-separator size_custom\" style=\"height:30px\"><\/div><div class=\"w-btn-wrapper align_center\"><a class=\"w-btn us-btn-style_3\" href=\"\/platform.html\"><span class=\"w-btn-label\">Index-Trading entdecken<\/span><\/a><\/div><\/div><\/div><\/div><\/div><div class=\"w-separator hide_on_tablets hide_on_mobiles size_custom\" style=\"height:1rem\"><\/div><div class=\"g-cols wpb_row via_flex valign_top type_boxes stacking_default\" style=\"--additional-gap:0.5rem;\"><div class=\"vc_col-sm-4 wpb_column vc_column_container has_bg_color\"><div class=\"vc_column-inner us_custom_5533cc46\"><div class=\"wpb_wrapper\"><div class=\"w-image align_center\"><div class=\"w-image-h\"><img decoding=\"async\" width=\"520\" height=\"223\" src=\"https:\/\/nlp6.mycube.kz\/wp-content\/uploads\/2026\/03\/gr-new.png\" class=\"attachment-full size-full\" alt=\"\" loading=\"lazy\" srcset=\"https:\/\/nlp6.mycube.kz\/wp-content\/uploads\/2026\/03\/gr-new.png 520w, https:\/\/nlp6.mycube.kz\/wp-content\/uploads\/2026\/03\/gr-new-300x129.png 300w\" sizes=\"auto, (max-width: 520px) 100vw, 520px\" \/><\/div><\/div><div class=\"w-separator us_custom_871532fd has_text_color size_custom has_font_size with_line width_default thick_1 style_dashed color_text align_center with_content\" style=\"height:60px\"><div class=\"w-separator-h\"><i class=\"material-icons\">donut_small<\/i><\/div><\/div><div class=\"wpb_text_column us_custom_eb849559\"><div class=\"wpb_wrapper\"><h6>Vollst\u00e4ndiger Zugang zu Rohstoffm\u00e4rkten<\/h6>\n<p>Erweitern Sie Ihr Portfolio mit Rohstoffen wie \u00d6l, Weizen, Kaffee und Mais \u2013 alle handelbar \u00fcber eine einzige fortschrittliche und benutzerfreundliche Plattform.<\/p>\n<\/div><\/div><div class=\"w-separator size_custom\" style=\"height:30px\"><\/div><div class=\"w-btn-wrapper align_center\"><a class=\"w-btn us-btn-style_3\" href=\"\/platform.html\"><span class=\"w-btn-label\">Rohstoffm\u00e4rkte ansehen<\/span><\/a><\/div><\/div><\/div><\/div><div class=\"vc_col-sm-4 wpb_column vc_column_container has_bg_color\"><div class=\"vc_column-inner us_custom_5533cc46\"><div class=\"wpb_wrapper\"><div class=\"w-image align_center\"><div class=\"w-image-h\"><img decoding=\"async\" width=\"520\" height=\"223\" src=\"https:\/\/nlp6.mycube.kz\/wp-content\/uploads\/2026\/03\/gr-new.png\" class=\"attachment-full size-full\" alt=\"\" loading=\"lazy\" srcset=\"https:\/\/nlp6.mycube.kz\/wp-content\/uploads\/2026\/03\/gr-new.png 520w, https:\/\/nlp6.mycube.kz\/wp-content\/uploads\/2026\/03\/gr-new-300x129.png 300w\" sizes=\"auto, (max-width: 520px) 100vw, 520px\" \/><\/div><\/div><div class=\"w-separator us_custom_871532fd has_text_color size_custom has_font_size with_line width_default thick_1 style_dashed color_text align_center with_content\" style=\"height:60px\"><div class=\"w-separator-h\"><i class=\"material-icons\">poll<\/i><\/div><\/div><div class=\"wpb_text_column us_custom_eb849559\"><div class=\"wpb_wrapper\"><h6>Pr\u00e4ziser Metall-Handel<\/h6>\n<p>Handeln Sie Gold, Silber und andere wichtige Metalle mit leistungsstarken Chart- und Analysetools \u2013 ideal f\u00fcr langfristige Strategien und Portfoliodiversifikation.<\/p>\n<\/div><\/div><div class=\"w-separator size_custom\" style=\"height:30px\"><\/div><div class=\"w-btn-wrapper align_center\"><a class=\"w-btn us-btn-style_3\" href=\"\/platform.html\"><span class=\"w-btn-label\">Metalle heute traden<\/span><\/a><\/div><\/div><\/div><\/div><div class=\"vc_col-sm-4 wpb_column vc_column_container has_bg_color\"><div class=\"vc_column-inner us_custom_5533cc46\"><div class=\"wpb_wrapper\"><div class=\"w-image align_center\"><div class=\"w-image-h\"><img decoding=\"async\" width=\"520\" height=\"223\" src=\"https:\/\/nlp6.mycube.kz\/wp-content\/uploads\/2026\/03\/gr-new.png\" class=\"attachment-full size-full\" alt=\"\" loading=\"lazy\" srcset=\"https:\/\/nlp6.mycube.kz\/wp-content\/uploads\/2026\/03\/gr-new.png 520w, https:\/\/nlp6.mycube.kz\/wp-content\/uploads\/2026\/03\/gr-new-300x129.png 300w\" sizes=\"auto, (max-width: 520px) 100vw, 520px\" \/><\/div><\/div><div class=\"w-separator us_custom_871532fd has_text_color size_custom has_font_size with_line width_default thick_1 style_dashed color_text align_center with_content\" style=\"height:60px\"><div class=\"w-separator-h\"><i class=\"material-icons\">oil_barrel<\/i><\/div><\/div><div class=\"wpb_text_column us_custom_eb849559\"><div class=\"wpb_wrapper\"><h6>Direkter Zugang zu Energiem\u00e4rkten<\/h6>\n<p>Handeln Sie wichtige Energie-Assets wie Roh\u00f6l und Erdgas. Beobachten Sie Echtzeit-Preise und managen Sie Risiken effektiv mit integrierten Trading-Funktionen.<\/p>\n<\/div><\/div><div class=\"w-separator size_custom\" style=\"height:30px\"><\/div><div class=\"w-btn-wrapper align_center\"><a class=\"w-btn us-btn-style_3\" href=\"\/platform.html\"><span class=\"w-btn-label\">Energiem\u00e4rkte durchst\u00f6bern<\/span><\/a><\/div><\/div><\/div><\/div><\/div><\/div><\/div><\/div><\/div><\/div><\/section><section class=\"l-section wpb_row height_large\"><div class=\"l-section-h i-cf\"><div class=\"g-cols vc_row via_flex valign_top type_default stacking_default\"><div class=\"vc_col-sm-12 wpb_column vc_column_container\"><div class=\"vc_column-inner\"><div class=\"wpb_wrapper\"><div class=\"g-cols wpb_row via_flex valign_middle type_default stacking_default\"><div class=\"vc_col-sm-6 wpb_column vc_column_container\"><div class=\"vc_column-inner\"><div class=\"wpb_wrapper\"><div class=\"w-image us_custom_447bff20 align_center\"><div class=\"w-image-h\"><img decoding=\"async\" width=\"725\" height=\"537\" src=\"https:\/\/nlp6.mycube.kz\/wp-content\/uploads\/2026\/03\/img-9.jpg\" class=\"attachment-full size-full\" alt=\"\" loading=\"lazy\" srcset=\"https:\/\/nlp6.mycube.kz\/wp-content\/uploads\/2026\/03\/img-9.jpg 725w, https:\/\/nlp6.mycube.kz\/wp-content\/uploads\/2026\/03\/img-9-300x222.jpg 300w\" sizes=\"auto, (max-width: 725px) 100vw, 725px\" \/><\/div><\/div><\/div><\/div><\/div><div class=\"vc_col-sm-6 wpb_column vc_column_container\"><div class=\"vc_column-inner\"><div class=\"wpb_wrapper\"><div class=\"wpb_text_column\"><div class=\"wpb_wrapper\"><h2>Erweitern Sie Ihr Trading-Wissen mit ICBC Markets<\/h2>\n<p>Langfristiger Erfolg beginnt mit Bildung. Erhalten Sie Zugang zu hochwertigen Lernressourcen: Live-Webinare, ausf\u00fchrliche Video-Tutorials, Experten-Marktanalysen und pers\u00f6nliches 1-zu-1-Mentoring. Treten Sie der ICBC Markets-Community bei und entwickeln Sie die F\u00e4higkeiten und das Selbstvertrauen, um intelligenter und strategischer zu traden.<\/p>\n<\/div><\/div><div class=\"w-separator size_custom\" style=\"height:30px\"><\/div><div class=\"w-btn-wrapper align_none\"><a class=\"w-btn us-btn-style_4\" href=\"\/platform.html\"><span class=\"w-btn-label\">Jetzt mit dem Lernen beginnen<\/span><\/a><\/div><\/div><\/div><\/div><\/div><\/div><\/div><\/div><\/div><\/div><\/section>\n","protected":false},"excerpt":{"rendered":"StartSeitenEntdecken Sie globale Trading-M\u00e4rkte mit ICBC Markets Treten Sie in eine schnelle, international vernetzte Trading-Welt ein Entfalten Sie das volle Potenzial von ICBC Markets \u2013 Ihr Zugang zu \u00fcber 300 globalen Instrumenten, blitzschneller Ausf\u00fchrung und wettbewerbsf\u00e4higen Preisen. Ob Sie gerade erst anfangen oder fortgeschrittene Strategien verfeinern \u2013 handeln Sie globale M\u00e4rkte mit Pr\u00e4zision und Vertrauen....","protected":false},"author":1,"featured_media":0,"parent":0,"menu_order":0,"comment_status":"closed","ping_status":"closed","template":"","meta":{"footnotes":""},"class_list":["post-913","page","type-page","status-publish","hentry"],"_links":{"self":[{"href":"https:\/\/nlp6.mycube.kz\/de\/wp-json\/wp\/v2\/pages\/913","targetHints":{"allow":["GET"]}}],"collection":[{"href":"https:\/\/nlp6.mycube.kz\/de\/wp-json\/wp\/v2\/pages"}],"about":[{"href":"https:\/\/nlp6.mycube.kz\/de\/wp-json\/wp\/v2\/types\/page"}],"author":[{"embeddable":true,"href":"https:\/\/nlp6.mycube.kz\/de\/wp-json\/wp\/v2\/users\/1"}],"replies":[{"embeddable":true,"href":"https:\/\/nlp6.mycube.kz\/de\/wp-json\/wp\/v2\/comments?post=913"}],"version-history":[{"count":2,"href":"https:\/\/nlp6.mycube.kz\/de\/wp-json\/wp\/v2\/pages\/913\/revisions"}],"predecessor-version":[{"id":916,"href":"https:\/\/nlp6.mycube.kz\/de\/wp-json\/wp\/v2\/pages\/913\/revisions\/916"}],"wp:attachment":[{"href":"https:\/\/nlp6.mycube.kz\/de\/wp-json\/wp\/v2\/media?parent=913"}],"curies":[{"name":"wp","href":"https:\/\/api.w.org\/{rel}","templated":true}]}}