{"id":922,"date":"2026-03-03T17:39:10","date_gmt":"2026-03-03T14:39:10","guid":{"rendered":"https:\/\/nlp6.mycube.kz\/trading-schedule\/"},"modified":"2026-04-01T14:44:00","modified_gmt":"2026-04-01T11:44:00","slug":"trading-schedule","status":"publish","type":"page","link":"https:\/\/nlp6.mycube.kz\/de\/trading-schedule\/","title":{"rendered":"Zeitplan f\u00fcr den Handel"},"content":{"rendered":"<section class=\"l-section wpb_row us_custom_9ccc05f2 height_auto full_height valign_bottom\"><div class=\"l-section-h i-cf\"><div class=\"g-cols vc_row via_flex valign_top type_default stacking_default\"><div class=\"vc_col-sm-12 wpb_column vc_column_container\"><div class=\"vc_column-inner\"><div class=\"wpb_wrapper\"><div class=\"w-separator size_custom\" style=\"height:2rem\"><\/div><div class=\"g-cols wpb_row via_flex valign_top type_default stacking_default\"><div class=\"vc_col-sm-12 wpb_column vc_column_container\"><div class=\"vc_column-inner\"><div class=\"wpb_wrapper\"><nav class=\"g-breadcrumbs us_custom_183ff87a has_text_color separator_icon align_none\" itemscope itemtype=\"http:\/\/schema.org\/BreadcrumbList\"><div class=\"g-breadcrumbs-item\" itemscope itemprop=\"itemListElement\" itemtype=\"http:\/\/schema.org\/ListItem\"><a itemprop=\"item\" href=\"https:\/\/nlp6.mycube.kz\/de\/\"><span itemprop=\"name\">Start<\/span><\/a><meta itemprop=\"position\" content=\"1\"\/><\/div><div class=\"g-breadcrumbs-separator\"><i class=\"far fa-angle-right\"><\/i><\/div><div class=\"g-breadcrumbs-item\">Seiten<\/div><\/nav><div class=\"wpb_text_column\"><div class=\"wpb_wrapper\"><h1>Verbessern Sie Ihre Trading-Performance mit den Markt-Sessions-Insights von ICBC Markets<\/h1>\n<\/div><\/div><\/div><\/div><\/div><\/div><div class=\"w-separator size_custom\" style=\"height:2rem\"><\/div><div class=\"g-cols wpb_row us_custom_a2ebf4ae via_flex valign_top type_boxes stacking_default\"><div class=\"vc_col-sm-6 wpb_column vc_column_container\"><div class=\"vc_column-inner us_custom_681cf35f\"><div class=\"wpb_wrapper\"><div class=\"w-image align_none\"><div class=\"w-image-h\"><img decoding=\"async\" width=\"734\" height=\"320\" src=\"https:\/\/nlp6.mycube.kz\/wp-content\/uploads\/2026\/02\/gr-page.png\" class=\"attachment-full size-full\" alt=\"\" loading=\"lazy\" srcset=\"https:\/\/nlp6.mycube.kz\/wp-content\/uploads\/2026\/02\/gr-page.png 734w, https:\/\/nlp6.mycube.kz\/wp-content\/uploads\/2026\/02\/gr-page-300x131.png 300w\" sizes=\"auto, (max-width: 734px) 100vw, 734px\" \/><\/div><\/div><\/div><\/div><\/div><div class=\"vc_col-sm-6 wpb_column vc_column_container has_bg_color\"><div class=\"vc_column-inner us_custom_243b448c\"><div class=\"wpb_wrapper\"><div class=\"wpb_text_column\"><div class=\"wpb_wrapper\"><h4>Optimieren Sie Ihr Timing und nutzen Sie jede Marktchance<\/h4>\n<p>In hochdynamischen M\u00e4rkten ist der Zeitpunkt des Tradings genauso wichtig wie die Art und Weise. ICBC Markets liefert Ihnen Echtzeit-Einblicke in globale Marktsessions, damit Sie Ihre Trades w\u00e4hrend der aktivsten Phasen ausf\u00fchren k\u00f6nnen \u2013 f\u00fcr mehr Pr\u00e4zision und bessere Ergebnisse.<\/p>\n<\/div><\/div><div class=\"w-separator size_custom\" style=\"height:30px\"><\/div><div class=\"w-btn-wrapper align_none\"><a class=\"w-btn us-btn-style_4\" href=\"\/platform.html\"><span class=\"w-btn-label\">Zum optimalen Zeitpunkt traden<\/span><\/a><\/div><\/div><\/div><\/div><\/div><div class=\"g-cols wpb_row hide_on_tablets hide_on_mobiles via_flex valign_top type_default stacking_default\"><div class=\"vc_col-sm-12 wpb_column vc_column_container stretched\"><div class=\"vc_column-inner\"><div class=\"wpb_wrapper\"><div data-us-scroll=\"{&quot;from_initial_position&quot;:&quot;0&quot;,&quot;start_position&quot;:&quot;0%&quot;,&quot;end_position&quot;:&quot;100%&quot;,&quot;delay&quot;:&quot;0s&quot;,&quot;translate_x_direction&quot;:&quot;left&quot;,&quot;translate_x_speed&quot;:&quot;0.5x&quot;}\" class=\"w-text us_custom_819caa63 has_text_color has_scroll_effects has_translate_x\"><span class=\"w-text-h\"><span class=\"w-text-value\">Trading-Zeitplan<\/span><\/span><\/div><\/div><\/div><\/div><\/div><\/div><\/div><\/div><\/div><\/div><\/section><section class=\"l-section wpb_row us_custom_4fb9e5a3 height_large\"><div class=\"l-section-h i-cf\"><div class=\"g-cols vc_row via_flex valign_middle type_default stacking_default\"><div class=\"vc_col-sm-4 wpb_column vc_column_container\"><div class=\"vc_column-inner\"><div class=\"wpb_wrapper\"><div class=\"g-cols wpb_row via_flex valign_top type_default stacking_default\"><div class=\"vc_col-sm-12 wpb_column vc_column_container\"><div class=\"vc_column-inner\"><div class=\"wpb_wrapper\"><div class=\"w-image us_custom_447bff20 align_none\"><div class=\"w-image-h\"><img decoding=\"async\" width=\"457\" height=\"568\" src=\"https:\/\/nlp6.mycube.kz\/wp-content\/uploads\/2026\/03\/img12.jpg\" class=\"attachment-full size-full\" alt=\"\" loading=\"lazy\" srcset=\"https:\/\/nlp6.mycube.kz\/wp-content\/uploads\/2026\/03\/img12.jpg 457w, https:\/\/nlp6.mycube.kz\/wp-content\/uploads\/2026\/03\/img12-241x300.jpg 241w\" sizes=\"auto, (max-width: 457px) 100vw, 457px\" \/><\/div><\/div><\/div><\/div><\/div><\/div><\/div><\/div><\/div><div class=\"vc_col-sm-8 wpb_column vc_column_container\"><div class=\"vc_column-inner\"><div class=\"wpb_wrapper\"><div class=\"g-cols wpb_row via_flex valign_middle type_default stacking_default\"><div class=\"vc_col-sm-8 wpb_column vc_column_container\"><div class=\"vc_column-inner\"><div class=\"wpb_wrapper\"><div class=\"wpb_text_column\"><div class=\"wpb_wrapper\"><h2>Perfektes Markttiming mit ICBC Markets<\/h2>\n<p>Erfolgreiches Trading h\u00e4ngt davon ab, zum richtigen Zeitpunkt in den Markt ein- und auszusteigen. Deshalb bietet ICBC Markets ein Live-Session-Monitoring-Tool, das \u00d6ffnungszeiten der M\u00e4rkte, Phasen erh\u00f6hter Aktivit\u00e4t und wichtige Session-\u00dcberschneidungen anzeigt \u2013 automatisch angepasst an die Sommerzeit f\u00fcr ganzj\u00e4hrige Genauigkeit.<\/p>\n<\/div><\/div><\/div><\/div><\/div><div class=\"vc_col-sm-4 wpb_column vc_column_container\"><div class=\"vc_column-inner\"><div class=\"wpb_wrapper\"><div data-us-scroll=\"{&quot;from_initial_position&quot;:&quot;0&quot;,&quot;start_position&quot;:&quot;0%&quot;,&quot;end_position&quot;:&quot;100%&quot;,&quot;delay&quot;:&quot;0s&quot;,&quot;translate_y_direction&quot;:&quot;down&quot;,&quot;translate_y_speed&quot;:&quot;0.2x&quot;}\" class=\"w-image has_scroll_effects has_translate_y align_center\"><div class=\"w-image-h\"><img decoding=\"async\" width=\"317\" height=\"414\" src=\"https:\/\/nlp6.mycube.kz\/wp-content\/uploads\/2026\/03\/img13.jpg\" class=\"attachment-full size-full\" alt=\"\" loading=\"lazy\" srcset=\"https:\/\/nlp6.mycube.kz\/wp-content\/uploads\/2026\/03\/img13.jpg 317w, https:\/\/nlp6.mycube.kz\/wp-content\/uploads\/2026\/03\/img13-230x300.jpg 230w\" sizes=\"auto, (max-width: 317px) 100vw, 317px\" \/><\/div><\/div><\/div><\/div><\/div><\/div><\/div><\/div><\/div><\/div><\/div><\/section><section class=\"l-section wpb_row us_custom_9ccc05f2 height_large\"><div class=\"l-section-h i-cf\"><div class=\"g-cols vc_row via_flex valign_top type_default stacking_default\"><div class=\"vc_col-sm-12 wpb_column vc_column_container\"><div class=\"vc_column-inner\"><div class=\"wpb_wrapper\"><div class=\"g-cols wpb_row via_flex valign_top type_default stacking_default\"><div class=\"vc_col-sm-12 wpb_column vc_column_container\"><div class=\"vc_column-inner\"><div class=\"wpb_wrapper\"><div class=\"wpb_text_column us_custom_40c523d3 has_text_color\"><div class=\"wpb_wrapper\"><h2>Automatische saisonale Zeitanpassungen<\/h2>\n<p>Globale Finanzzentren \u00e4ndern ihre Handelszeiten zwischen Sommer und Winter.<br \/>\nMit ICBC Markets bleibt Ihre Plattform perfekt synchronisiert:<\/p>\n<\/div><\/div><\/div><\/div><\/div><\/div><div class=\"w-separator size_custom\" style=\"height:4rem\" id=\"x054\"><style>@media(max-width:767px){ #x054{height:3rem!important}}<\/style><\/div><div class=\"g-cols wpb_row via_flex valign_top type_boxes stacking_default\" style=\"--additional-gap:0.5rem;\"><div class=\"vc_col-sm-6 wpb_column vc_column_container has_bg_color\"><div class=\"vc_column-inner us_custom_62f6d392\"><div class=\"wpb_wrapper\"><h5 class=\"w-text us_custom_83a03b96 has_text_color\"><span class=\"w-text-h\"><span class=\"w-text-value\">Sommerzeitplan: GMT +3<\/span><\/span><\/h5><div class=\"w-separator us_custom_112a99c3 has_text_color size_custom has_font_size with_line width_50 thick_1 style_dashed color_text align_center with_content\" style=\"height:60px\"><div class=\"w-separator-h\"><i class=\"material-icons\">watch_later<\/i><\/div><\/div><div class=\"w-hwrapper valign_top stack_on_mobiles align_center\"><div class=\"wpb_text_column us_custom_6df4bc3a ulmoy2 has_text_color\"><div class=\"wpb_wrapper\"><ul>\n<li>Australien: 21:00 \u2013 06:00<\/li>\n<li>Tokio: 00:00 \u2013 09:00<\/li>\n<\/ul>\n<\/div><\/div><div class=\"wpb_text_column us_custom_6df4bc3a ulmoy2 has_text_color\"><div class=\"wpb_wrapper\"><ul>\n<li>London: 07:00 \u2013 15:00<\/li>\n<li>New York: 12:00 \u2013 21:00<\/li>\n<\/ul>\n<\/div><\/div><\/div><\/div><\/div><\/div><div class=\"vc_col-sm-6 wpb_column vc_column_container has_bg_color\"><div class=\"vc_column-inner us_custom_6f89978b\"><div class=\"wpb_wrapper\"><h5 class=\"w-text us_custom_eb849559\"><span class=\"w-text-h\"><span class=\"w-text-value\">Winterzeitplan: GMT +2<\/span><\/span><\/h5><div class=\"w-separator us_custom_e21592b0 has_text_color size_custom has_font_size with_line width_50 thick_1 style_dashed color_text align_center with_content\" style=\"height:60px\"><div class=\"w-separator-h\"><i class=\"material-icons\">watch_later<\/i><\/div><\/div><div class=\"w-hwrapper valign_top stack_on_mobiles align_center\"><div class=\"wpb_text_column us_custom_0259209c ulmoy has_text_color\"><div class=\"wpb_wrapper\"><ul>\n<li>Australien: 20:00 \u2013 05:00<\/li>\n<li>Tokio: 00:00 \u2013 09:00<\/li>\n<\/ul>\n<\/div><\/div><div class=\"wpb_text_column us_custom_0259209c ulmoy has_text_color\"><div class=\"wpb_wrapper\"><ul>\n<li>London: 08:00 \u2013 16:00<\/li>\n<li>New York: 13:00 \u2013 22:00<\/li>\n<\/ul>\n<\/div><\/div><\/div><\/div><\/div><\/div><\/div><div class=\"w-separator size_custom\" style=\"height:4rem\" id=\"a526\"><style>@media(max-width:767px){ #a526{height:3rem!important}}<\/style><\/div><div class=\"g-cols wpb_row via_flex valign_top type_default stacking_default\"><div class=\"vc_col-sm-3 wpb_column vc_column_container hide_on_tablets hide_on_mobiles\"><div class=\"vc_column-inner\"><div class=\"wpb_wrapper\"><\/div><\/div><\/div><div class=\"vc_col-sm-6 wpb_column vc_column_container\"><div class=\"vc_column-inner\"><div class=\"wpb_wrapper\"><div class=\"wpb_text_column us_custom_eb849559\"><div class=\"wpb_wrapper\"><h6>Alle Aktualisierungen erfolgen automatisch \u2013 keine manuellen Anpassungen n\u00f6tig.<\/h6>\n<\/div><\/div><div class=\"w-separator size_custom\" style=\"height:30px\"><\/div><div class=\"w-btn-wrapper align_center\"><a class=\"w-btn us-btn-style_1\" href=\"\/platform.html\"><span class=\"w-btn-label\">Heutige Trading-Sessions pr\u00fcfen<\/span><\/a><\/div><\/div><\/div><\/div><\/div><\/div><\/div><\/div><\/div><\/div><\/section><section class=\"l-section wpb_row height_large\"><div class=\"l-section-h i-cf\"><div class=\"g-cols vc_row via_flex valign_top type_default stacking_default\"><div class=\"vc_col-sm-12 wpb_column vc_column_container\"><div class=\"vc_column-inner\"><div class=\"wpb_wrapper\"><div class=\"g-cols wpb_row via_flex valign_top type_default stacking_default\"><div class=\"vc_col-sm-12 wpb_column vc_column_container\"><div class=\"vc_column-inner\"><div class=\"wpb_wrapper\"><div class=\"wpb_text_column us_custom_eb849559\"><div class=\"wpb_wrapper\"><h2>Traden Sie, wenn die M\u00e4rkte am aktivsten sind<\/h2>\n<p>Wenn mehrere gro\u00dfe Finanzzentren gleichzeitig aktiv sind, steigen oft Liquidit\u00e4t und Kursbewegungen \u2013 ideale Bedingungen f\u00fcr den Handel. Da Forex- und Kryptom\u00e4rkte rund um die Uhr verf\u00fcgbar sind, k\u00f6nnen Sie jederzeit traden und sich gleichzeitig auf die aktivsten und potenziell lukrativsten Zeitfenster konzentrieren. Arbeiten Sie mit Ihrem ICBC Markets Account Manager zusammen, um Ihre Strategie optimal auf diese hochvolatilen Phasen abzustimmen.<\/p>\n<\/div><\/div><\/div><\/div><\/div><\/div><div class=\"w-separator size_custom\" style=\"height:4rem\" id=\"h69a\"><style>@media(max-width:767px){ #h69a{height:3rem!important}}<\/style><\/div><div class=\"w-tabs us_custom_a61e2493 layout_hor style_radio2 switch_click has_scrolling\" style=\"--sections-title-size:14px\"><div class=\"w-tabs-list items_2 align_center\" style=\"font-family:var(--font-family);font-weight:700;text-transform:uppercase;\"><div class=\"w-tabs-list-h\"><button class=\"w-tabs-item active\" aria-controls=\"content-b174\" aria-expanded=\"false\"><span class=\"w-tabs-item-title\">Sommer-Session<\/span><\/button><button class=\"w-tabs-item\" aria-controls=\"content-nb3b\" aria-expanded=\"false\"><span class=\"w-tabs-item-title\">Winter-Session<\/span><\/button><\/div><\/div><div class=\"w-tabs-sections titles-align_none icon_chevron cpos_right\"><div class=\"w-tabs-section active\" id=\"b174\"><button class=\"w-tabs-section-header active\" aria-controls=\"content-b174\" aria-expanded=\"true\"><div class=\"w-tabs-section-title\">Sommer-Session<\/div><div class=\"w-tabs-section-control\"><\/div><\/button><div  class=\"w-tabs-section-content\" id=\"content-b174\"><div class=\"w-tabs-section-content-h i-cf\"><div class=\"w-image us_custom_7f574db7 align_center has_bg_color\"><div class=\"w-image-h\"><img decoding=\"async\" width=\"1319\" height=\"473\" src=\"https:\/\/nlp6.mycube.kz\/wp-content\/uploads\/2026\/03\/summer.png\" class=\"attachment-full size-full\" alt=\"\" loading=\"lazy\" srcset=\"https:\/\/nlp6.mycube.kz\/wp-content\/uploads\/2026\/03\/summer.png 1319w, https:\/\/nlp6.mycube.kz\/wp-content\/uploads\/2026\/03\/summer-300x108.png 300w, https:\/\/nlp6.mycube.kz\/wp-content\/uploads\/2026\/03\/summer-1024x367.png 1024w\" sizes=\"auto, (max-width: 1319px) 100vw, 1319px\" \/><\/div><\/div><\/div><\/div><\/div><div class=\"w-tabs-section\" id=\"nb3b\"><button class=\"w-tabs-section-header\" aria-controls=\"content-nb3b\" aria-expanded=\"false\"><div class=\"w-tabs-section-title\">Winter-Session<\/div><div class=\"w-tabs-section-control\"><\/div><\/button><div  class=\"w-tabs-section-content\" id=\"content-nb3b\"><div class=\"w-tabs-section-content-h i-cf\"><div class=\"w-image us_custom_7f574db7 align_center has_bg_color\"><div class=\"w-image-h\"><img decoding=\"async\" width=\"1319\" height=\"473\" src=\"https:\/\/nlp6.mycube.kz\/wp-content\/uploads\/2026\/03\/winter.png\" class=\"attachment-full size-full\" alt=\"\" loading=\"lazy\" srcset=\"https:\/\/nlp6.mycube.kz\/wp-content\/uploads\/2026\/03\/winter.png 1319w, https:\/\/nlp6.mycube.kz\/wp-content\/uploads\/2026\/03\/winter-300x108.png 300w, https:\/\/nlp6.mycube.kz\/wp-content\/uploads\/2026\/03\/winter-1024x367.png 1024w\" sizes=\"auto, (max-width: 1319px) 100vw, 1319px\" \/><\/div><\/div><\/div><\/div><\/div><\/div><\/div><\/div><\/div><\/div><\/div><\/div><\/section><section class=\"l-section wpb_row us_custom_c70c97eb height_large\"><div class=\"l-section-h i-cf\"><div class=\"g-cols vc_row via_flex valign_top type_default stacking_default\"><div class=\"vc_col-sm-12 wpb_column vc_column_container\"><div class=\"vc_column-inner\"><div class=\"wpb_wrapper\"><div class=\"g-cols wpb_row via_flex valign_middle type_default stacking_default\"><div class=\"vc_col-sm-6 wpb_column vc_column_container\"><div class=\"vc_column-inner\"><div class=\"wpb_wrapper\"><div class=\"w-image us_custom_447bff20 align_center\"><div class=\"w-image-h\"><img decoding=\"async\" width=\"698\" height=\"534\" src=\"https:\/\/nlp6.mycube.kz\/wp-content\/uploads\/2026\/03\/img14.jpg\" class=\"attachment-full size-full\" alt=\"\" loading=\"lazy\" srcset=\"https:\/\/nlp6.mycube.kz\/wp-content\/uploads\/2026\/03\/img14.jpg 698w, https:\/\/nlp6.mycube.kz\/wp-content\/uploads\/2026\/03\/img14-300x230.jpg 300w\" sizes=\"auto, (max-width: 698px) 100vw, 698px\" \/><\/div><\/div><\/div><\/div><\/div><div class=\"vc_col-sm-6 wpb_column vc_column_container\"><div class=\"vc_column-inner\"><div class=\"wpb_wrapper\"><div class=\"wpb_text_column us_custom_0259209c ulmoy has_text_color\"><div class=\"wpb_wrapper\"><h2>Wichtige Session-\u00dcberschneidungen im Blick:<\/h2>\n<ul>\n<li><strong>London &amp; New York<\/strong><\/li>\n<li><strong>Tokio &amp; Sydney<\/strong><\/li>\n<\/ul>\n<p>Diese \u00dcberschneidungen sorgen h\u00e4ufig f\u00fcr st\u00e4rkeres Momentum, engere Spreads und mehr Trading-Chancen. Nutzen Sie das ICBC Markets Market Session Dashboard, um Ihre Strategie mit den aktuellen globalen Marktbewegungen abzustimmen.<\/p>\n<\/div><\/div><div class=\"w-separator size_custom\" style=\"height:30px\"><\/div><div class=\"w-btn-wrapper align_none\"><a class=\"w-btn us-btn-style_4\" href=\"\/platform.html\"><span class=\"w-btn-label\">Echtzeit-Markt-Sessions-Karte \u00f6ffnen<\/span><\/a><\/div><\/div><\/div><\/div><\/div><\/div><\/div><\/div><\/div><\/div><\/section>\n","protected":false},"excerpt":{"rendered":"StartSeitenVerbessern Sie Ihre Trading-Performance mit den Markt-Sessions-Insights von ICBC Markets Optimieren Sie Ihr Timing und nutzen Sie jede Marktchance In hochdynamischen M\u00e4rkten ist der Zeitpunkt des Tradings genauso wichtig wie die Art und Weise. ICBC Markets liefert Ihnen Echtzeit-Einblicke in globale Marktsessions, damit Sie Ihre Trades w\u00e4hrend der aktivsten Phasen ausf\u00fchren k\u00f6nnen \u2013 f\u00fcr mehr...","protected":false},"author":1,"featured_media":0,"parent":0,"menu_order":0,"comment_status":"closed","ping_status":"closed","template":"","meta":{"footnotes":""},"class_list":["post-922","page","type-page","status-publish","hentry"],"_links":{"self":[{"href":"https:\/\/nlp6.mycube.kz\/de\/wp-json\/wp\/v2\/pages\/922","targetHints":{"allow":["GET"]}}],"collection":[{"href":"https:\/\/nlp6.mycube.kz\/de\/wp-json\/wp\/v2\/pages"}],"about":[{"href":"https:\/\/nlp6.mycube.kz\/de\/wp-json\/wp\/v2\/types\/page"}],"author":[{"embeddable":true,"href":"https:\/\/nlp6.mycube.kz\/de\/wp-json\/wp\/v2\/users\/1"}],"replies":[{"embeddable":true,"href":"https:\/\/nlp6.mycube.kz\/de\/wp-json\/wp\/v2\/comments?post=922"}],"version-history":[{"count":2,"href":"https:\/\/nlp6.mycube.kz\/de\/wp-json\/wp\/v2\/pages\/922\/revisions"}],"predecessor-version":[{"id":924,"href":"https:\/\/nlp6.mycube.kz\/de\/wp-json\/wp\/v2\/pages\/922\/revisions\/924"}],"wp:attachment":[{"href":"https:\/\/nlp6.mycube.kz\/de\/wp-json\/wp\/v2\/media?parent=922"}],"curies":[{"name":"wp","href":"https:\/\/api.w.org\/{rel}","templated":true}]}}