{"id":931,"date":"2026-03-03T22:30:54","date_gmt":"2026-03-03T19:30:54","guid":{"rendered":"https:\/\/nlp6.mycube.kz\/trading-platform\/"},"modified":"2026-04-01T15:34:06","modified_gmt":"2026-04-01T12:34:06","slug":"trading-platform","status":"publish","type":"page","link":"https:\/\/nlp6.mycube.kz\/de\/trading-platform\/","title":{"rendered":"Die Plattform"},"content":{"rendered":"<section class=\"l-section wpb_row us_custom_9ccc05f2 height_auto full_height valign_bottom\"><div class=\"l-section-h i-cf\"><div class=\"g-cols vc_row via_flex valign_top type_default stacking_default\"><div class=\"vc_col-sm-12 wpb_column vc_column_container\"><div class=\"vc_column-inner\"><div class=\"wpb_wrapper\"><div class=\"w-separator size_custom\" style=\"height:2rem\"><\/div><div class=\"g-cols wpb_row via_flex valign_top type_default stacking_default\"><div class=\"vc_col-sm-12 wpb_column vc_column_container\"><div class=\"vc_column-inner\"><div class=\"wpb_wrapper\"><nav class=\"g-breadcrumbs us_custom_183ff87a has_text_color separator_icon align_none\" itemscope itemtype=\"http:\/\/schema.org\/BreadcrumbList\"><div class=\"g-breadcrumbs-item\" itemscope itemprop=\"itemListElement\" itemtype=\"http:\/\/schema.org\/ListItem\"><a itemprop=\"item\" href=\"https:\/\/nlp6.mycube.kz\/de\/\"><span itemprop=\"name\">Start<\/span><\/a><meta itemprop=\"position\" content=\"1\"\/><\/div><div class=\"g-breadcrumbs-separator\"><i class=\"far fa-angle-right\"><\/i><\/div><div class=\"g-breadcrumbs-item\">Seiten<\/div><\/nav><div class=\"wpb_text_column\"><div class=\"wpb_wrapper\"><h1>Redefinieren Sie Ihre Trading-Reise mit der ICBC Markets Plattform<\/h1>\n<\/div><\/div><\/div><\/div><\/div><\/div><div class=\"w-separator size_custom\" style=\"height:2rem\"><\/div><div class=\"g-cols wpb_row us_custom_a2ebf4ae via_flex valign_top type_boxes stacking_default\"><div class=\"vc_col-sm-6 wpb_column vc_column_container\"><div class=\"vc_column-inner us_custom_681cf35f\"><div class=\"wpb_wrapper\"><div class=\"w-image align_none\"><div class=\"w-image-h\"><img decoding=\"async\" width=\"734\" height=\"320\" src=\"https:\/\/nlp6.mycube.kz\/wp-content\/uploads\/2026\/02\/gr-page.png\" class=\"attachment-full size-full\" alt=\"\" loading=\"lazy\" srcset=\"https:\/\/nlp6.mycube.kz\/wp-content\/uploads\/2026\/02\/gr-page.png 734w, https:\/\/nlp6.mycube.kz\/wp-content\/uploads\/2026\/02\/gr-page-300x131.png 300w\" sizes=\"auto, (max-width: 734px) 100vw, 734px\" \/><\/div><\/div><\/div><\/div><\/div><div class=\"vc_col-sm-6 wpb_column vc_column_container has_bg_color\"><div class=\"vc_column-inner us_custom_2bf2f786\"><div class=\"wpb_wrapper\"><div class=\"wpb_text_column\"><div class=\"wpb_wrapper\"><h4>Handeln Sie mit Geschwindigkeit, Intelligenz und Pr\u00e4zision<\/h4>\n<p>Treten Sie selbstbewusst in die globalen M\u00e4rkte ein mit der ICBC Markets Plattform \u2013 entwickelt, um traditionelle L\u00f6sungen wie MT4 und MT5 zu \u00fcbertreffen. Ob Sie gerade erst anfangen oder ein erfahrener Trader sind, ICBC Markets bietet Ihnen die Performance, Genauigkeit und Kontrolle, die Sie ben\u00f6tigen, um jeden Trade effektiv zu managen.<\/p>\n<\/div><\/div><div class=\"w-separator size_custom\" style=\"height:30px\"><\/div><div class=\"w-btn-wrapper align_none\"><a class=\"w-btn us-btn-style_4\" href=\"\/platform.html\"><span class=\"w-btn-label\">Starten Sie jetzt Ihre Trading-Reise<\/span><\/a><\/div><\/div><\/div><\/div><\/div><div class=\"g-cols wpb_row hide_on_tablets hide_on_mobiles via_flex valign_top type_default stacking_default\"><div class=\"vc_col-sm-12 wpb_column vc_column_container stretched\"><div class=\"vc_column-inner\"><div class=\"wpb_wrapper\"><div data-us-scroll=\"{&quot;from_initial_position&quot;:&quot;0&quot;,&quot;start_position&quot;:&quot;0%&quot;,&quot;end_position&quot;:&quot;100%&quot;,&quot;delay&quot;:&quot;0s&quot;,&quot;translate_x_direction&quot;:&quot;left&quot;,&quot;translate_x_speed&quot;:&quot;0.5x&quot;}\" class=\"w-text us_custom_819caa63 has_text_color has_scroll_effects has_translate_x\"><span class=\"w-text-h\"><span class=\"w-text-value\">Die Plattform<\/span><\/span><\/div><\/div><\/div><\/div><\/div><\/div><\/div><\/div><\/div><\/div><\/section><section class=\"l-section wpb_row us_custom_4fb9e5a3 height_auto\"><div class=\"l-section-h i-cf\"><div class=\"g-cols vc_row via_flex valign_middle type_default stacking_default\"><div class=\"vc_col-sm-12 wpb_column vc_column_container\"><div class=\"vc_column-inner\"><div class=\"wpb_wrapper\"><div class=\"w-separator hide_on_default hide_on_laptops size_custom\" style=\"height:3rem\"><\/div><div class=\"g-cols wpb_row via_flex valign_middle type_default stacking_default\"><div class=\"vc_col-sm-6 wpb_column vc_column_container\"><div class=\"vc_column-inner\"><div class=\"wpb_wrapper\"><div class=\"wpb_text_column\"><div class=\"wpb_wrapper\"><h2>Erleben Sie die volle Power des ICBC Markets Trading Hubs<\/h2>\n<p>Unsere Plattform wurde entwickelt, um Arbeitsabl\u00e4ufe zu optimieren und Ihre Trading-Ergebnisse zu verbessern. Mit fortschrittlichen Funktionen und nahtlosem Zugang zu globalen M\u00e4rkten bietet ICBC Markets eine komplette Trading-Umgebung f\u00fcr alle Erfahrungsstufen.<\/p>\n<\/div><\/div><\/div><\/div><\/div><div class=\"vc_col-sm-6 wpb_column vc_column_container\"><div class=\"vc_column-inner\"><div class=\"wpb_wrapper\"><div class=\"w-image us_custom_ab6aa706 align_none\"><div class=\"w-image-h\"><img decoding=\"async\" width=\"859\" height=\"965\" src=\"https:\/\/nlp6.mycube.kz\/wp-content\/uploads\/2026\/03\/macbook.png\" class=\"attachment-full size-full\" alt=\"\" loading=\"lazy\" srcset=\"https:\/\/nlp6.mycube.kz\/wp-content\/uploads\/2026\/03\/macbook.png 859w, https:\/\/nlp6.mycube.kz\/wp-content\/uploads\/2026\/03\/macbook-267x300.png 267w\" sizes=\"auto, (max-width: 859px) 100vw, 859px\" \/><\/div><\/div><\/div><\/div><\/div><\/div><\/div><\/div><\/div><\/div><\/div><\/section><section class=\"l-section wpb_row us_custom_c70c97eb height_large\"><div class=\"l-section-h i-cf\"><div class=\"g-cols vc_row via_flex valign_top type_default stacking_default\"><div class=\"vc_col-sm-12 wpb_column vc_column_container\"><div class=\"vc_column-inner\"><div class=\"wpb_wrapper\"><div class=\"g-cols wpb_row via_flex valign_top type_default stacking_default\"><div class=\"vc_col-sm-12 wpb_column vc_column_container\"><div class=\"vc_column-inner\"><div class=\"wpb_wrapper\"><div class=\"wpb_text_column us_custom_eb849559\"><div class=\"wpb_wrapper\"><h2>Warum Trader<br \/>\nICBC Markets w\u00e4hlen<\/h2>\n<\/div><\/div><\/div><\/div><\/div><\/div><div class=\"w-separator size_custom\" style=\"height:4rem\" id=\"o1df\"><style>@media(max-width:767px){ #o1df{height:3rem!important}}<\/style><\/div><div class=\"g-cols wpb_row via_flex valign_top type_boxes stacking_default\" style=\"--additional-gap:0.5rem;\"><div class=\"vc_col-sm-3 wpb_column vc_column_container has_bg_color\"><div class=\"vc_column-inner us_custom_5533cc46\"><div class=\"wpb_wrapper\"><div class=\"wpb_text_column\"><div class=\"wpb_wrapper\"><h6>Umfassende Marktabdeckung<\/h6>\n<p>Handeln Sie Forex, Kryptow\u00e4hrungen, Aktien und mehr \u00fcber ein einziges Konto mit Zugang zu \u00fcber 200 Instrumenten.<\/p>\n<\/div><\/div><div class=\"w-image align_left\"><div class=\"w-image-h\"><img decoding=\"async\" width=\"625\" height=\"355\" src=\"https:\/\/nlp6.mycube.kz\/wp-content\/uploads\/2026\/03\/g1.png\" class=\"attachment-full size-full\" alt=\"\" loading=\"lazy\" srcset=\"https:\/\/nlp6.mycube.kz\/wp-content\/uploads\/2026\/03\/g1.png 625w, https:\/\/nlp6.mycube.kz\/wp-content\/uploads\/2026\/03\/g1-300x170.png 300w\" sizes=\"auto, (max-width: 625px) 100vw, 625px\" \/><\/div><\/div><\/div><\/div><\/div><div class=\"vc_col-sm-3 wpb_column vc_column_container has_bg_color\"><div class=\"vc_column-inner us_custom_5533cc46\"><div class=\"wpb_wrapper\"><div class=\"wpb_text_column\"><div class=\"wpb_wrapper\"><h6>Plattform \u00fcbergreifende Freiheit<\/h6>\n<p>Wechseln Sie nahtlos zwischen Desktop, Tablet und Mobile mit Echtzeit-Datensynchronisation.<\/p>\n<\/div><\/div><div class=\"w-image align_left\"><div class=\"w-image-h\"><img decoding=\"async\" width=\"625\" height=\"355\" src=\"https:\/\/nlp6.mycube.kz\/wp-content\/uploads\/2026\/03\/g1.png\" class=\"attachment-full size-full\" alt=\"\" loading=\"lazy\" srcset=\"https:\/\/nlp6.mycube.kz\/wp-content\/uploads\/2026\/03\/g1.png 625w, https:\/\/nlp6.mycube.kz\/wp-content\/uploads\/2026\/03\/g1-300x170.png 300w\" sizes=\"auto, (max-width: 625px) 100vw, 625px\" \/><\/div><\/div><\/div><\/div><\/div><div class=\"vc_col-sm-3 wpb_column vc_column_container has_bg_color\"><div class=\"vc_column-inner us_custom_5533cc46\"><div class=\"wpb_wrapper\"><div class=\"wpb_text_column\"><div class=\"wpb_wrapper\"><h6>Blitzschnelle Ausf\u00fchrung<\/h6>\n<p>\u00d6ffnen und schlie\u00dfen Sie Positionen sofort mit extrem niedriger Latenz.<\/p>\n<\/div><\/div><div class=\"w-separator hide_on_tablets hide_on_mobiles size_custom\" style=\"height:60px\"><\/div><div class=\"w-image align_left\"><div class=\"w-image-h\"><img decoding=\"async\" width=\"625\" height=\"355\" src=\"https:\/\/nlp6.mycube.kz\/wp-content\/uploads\/2026\/03\/g1.png\" class=\"attachment-full size-full\" alt=\"\" loading=\"lazy\" srcset=\"https:\/\/nlp6.mycube.kz\/wp-content\/uploads\/2026\/03\/g1.png 625w, https:\/\/nlp6.mycube.kz\/wp-content\/uploads\/2026\/03\/g1-300x170.png 300w\" sizes=\"auto, (max-width: 625px) 100vw, 625px\" \/><\/div><\/div><\/div><\/div><\/div><div class=\"vc_col-sm-3 wpb_column vc_column_container has_bg_color\"><div class=\"vc_column-inner us_custom_5533cc46\"><div class=\"wpb_wrapper\"><div class=\"wpb_text_column\"><div class=\"wpb_wrapper\"><h6>Vollst\u00e4ndig anpassbare Layouts<\/h6>\n<p>Passen Sie Charts, Tools und Arbeitsbereiche individuell an Ihren Trading-Stil an.<\/p>\n<\/div><\/div><div class=\"w-image align_left\"><div class=\"w-image-h\"><img decoding=\"async\" width=\"625\" height=\"355\" src=\"https:\/\/nlp6.mycube.kz\/wp-content\/uploads\/2026\/03\/g1.png\" class=\"attachment-full size-full\" alt=\"\" loading=\"lazy\" srcset=\"https:\/\/nlp6.mycube.kz\/wp-content\/uploads\/2026\/03\/g1.png 625w, https:\/\/nlp6.mycube.kz\/wp-content\/uploads\/2026\/03\/g1-300x170.png 300w\" sizes=\"auto, (max-width: 625px) 100vw, 625px\" \/><\/div><\/div><\/div><\/div><\/div><\/div><div class=\"w-separator hide_on_tablets hide_on_mobiles size_custom\" style=\"height:1rem\"><\/div><div class=\"g-cols wpb_row via_flex valign_top type_boxes stacking_default\" style=\"--additional-gap:0.5rem;\"><div class=\"vc_col-sm-3 wpb_column vc_column_container has_bg_color\"><div class=\"vc_column-inner us_custom_5533cc46\"><div class=\"wpb_wrapper\"><div class=\"wpb_text_column\"><div class=\"wpb_wrapper\"><h6>Fortgeschrittene Analysetools<\/h6>\n<p>Nutzen Sie verschiedene Chart-Formate, Zeichenwerkzeuge und integrierte Indikatoren f\u00fcr eine tiefgehende Marktanalyse.<\/p>\n<\/div><\/div><div class=\"w-image align_left\"><div class=\"w-image-h\"><img decoding=\"async\" width=\"625\" height=\"355\" src=\"https:\/\/nlp6.mycube.kz\/wp-content\/uploads\/2026\/03\/g1.png\" class=\"attachment-full size-full\" alt=\"\" loading=\"lazy\" srcset=\"https:\/\/nlp6.mycube.kz\/wp-content\/uploads\/2026\/03\/g1.png 625w, https:\/\/nlp6.mycube.kz\/wp-content\/uploads\/2026\/03\/g1-300x170.png 300w\" sizes=\"auto, (max-width: 625px) 100vw, 625px\" \/><\/div><\/div><\/div><\/div><\/div><div class=\"vc_col-sm-3 wpb_column vc_column_container has_bg_color\"><div class=\"vc_column-inner us_custom_5533cc46\"><div class=\"wpb_wrapper\"><div class=\"wpb_text_column\"><div class=\"wpb_wrapper\"><h6>Live-Alarme &amp; Strategie-Automatisierung<\/h6>\n<p>Bleiben Sie mit Echtzeit-Preisalarmen auf dem Laufenden und automatisieren Sie Ihre Handelsstrategien m\u00fchelos.<\/p>\n<\/div><\/div><div class=\"w-image align_left\"><div class=\"w-image-h\"><img decoding=\"async\" width=\"625\" height=\"355\" src=\"https:\/\/nlp6.mycube.kz\/wp-content\/uploads\/2026\/03\/g1.png\" class=\"attachment-full size-full\" alt=\"\" loading=\"lazy\" srcset=\"https:\/\/nlp6.mycube.kz\/wp-content\/uploads\/2026\/03\/g1.png 625w, https:\/\/nlp6.mycube.kz\/wp-content\/uploads\/2026\/03\/g1-300x170.png 300w\" sizes=\"auto, (max-width: 625px) 100vw, 625px\" \/><\/div><\/div><\/div><\/div><\/div><div class=\"vc_col-sm-3 wpb_column vc_column_container has_bg_color\"><div class=\"vc_column-inner us_custom_5533cc46\"><div class=\"wpb_wrapper\"><div class=\"wpb_text_column\"><div class=\"wpb_wrapper\"><h6>Integriertes Risikomanagement<\/h6>\n<p>Sch\u00fctzen Sie Ihre Trades mit umfassenden Risikokontrollfunktionen.<\/p>\n<\/div><\/div><div class=\"w-separator hide_on_tablets hide_on_mobiles size_custom\" style=\"height:30px\"><\/div><div class=\"w-image align_left\"><div class=\"w-image-h\"><img decoding=\"async\" width=\"625\" height=\"355\" src=\"https:\/\/nlp6.mycube.kz\/wp-content\/uploads\/2026\/03\/g1.png\" class=\"attachment-full size-full\" alt=\"\" loading=\"lazy\" srcset=\"https:\/\/nlp6.mycube.kz\/wp-content\/uploads\/2026\/03\/g1.png 625w, https:\/\/nlp6.mycube.kz\/wp-content\/uploads\/2026\/03\/g1-300x170.png 300w\" sizes=\"auto, (max-width: 625px) 100vw, 625px\" \/><\/div><\/div><\/div><\/div><\/div><div class=\"vc_col-sm-3 wpb_column vc_column_container has_bg_color\"><div class=\"vc_column-inner us_custom_5533cc46\"><div class=\"wpb_wrapper\"><div class=\"wpb_text_column\"><div class=\"wpb_wrapper\"><h6>Benutzer -freundlich Design<\/h6>\n<p>Genie\u00dfen Sie eine klare, intuitive Oberfl\u00e4che, die auf Geschwindigkeit und Effizienz ausgelegt ist.<\/p>\n<\/div><\/div><div class=\"w-separator hide_on_tablets hide_on_mobiles size_custom\" style=\"height:30px\"><\/div><div class=\"w-image align_left\"><div class=\"w-image-h\"><img decoding=\"async\" width=\"625\" height=\"355\" src=\"https:\/\/nlp6.mycube.kz\/wp-content\/uploads\/2026\/03\/g1.png\" class=\"attachment-full size-full\" alt=\"\" loading=\"lazy\" srcset=\"https:\/\/nlp6.mycube.kz\/wp-content\/uploads\/2026\/03\/g1.png 625w, https:\/\/nlp6.mycube.kz\/wp-content\/uploads\/2026\/03\/g1-300x170.png 300w\" sizes=\"auto, (max-width: 625px) 100vw, 625px\" \/><\/div><\/div><\/div><\/div><\/div><\/div><div class=\"w-separator size_custom\" style=\"height:3rem\"><\/div><div class=\"g-cols wpb_row via_flex valign_top type_default stacking_default\"><div class=\"vc_col-sm-12 wpb_column vc_column_container\"><div class=\"vc_column-inner\"><div class=\"wpb_wrapper\"><div class=\"w-btn-wrapper align_center\"><a class=\"w-btn us-btn-style_3\" href=\"\/platform.html\"><span class=\"w-btn-label\">Verbessern Sie Ihre Trading-Plattform noch heute<\/span><\/a><\/div><\/div><\/div><\/div><\/div><\/div><\/div><\/div><\/div><\/div><\/section>\n","protected":false},"excerpt":{"rendered":"StartSeiten Redefinieren Sie Ihre Trading-Reise mit der ICBC Markets Plattform Handeln Sie mit Geschwindigkeit, Intelligenz und Pr\u00e4zision Treten Sie selbstbewusst in die globalen M\u00e4rkte ein mit der ICBC Markets Plattform \u2013 entwickelt, um traditionelle L\u00f6sungen wie MT4 und MT5 zu \u00fcbertreffen. Ob Sie gerade erst anfangen oder ein erfahrener Trader sind, ICBC Markets bietet Ihnen...","protected":false},"author":1,"featured_media":0,"parent":0,"menu_order":0,"comment_status":"closed","ping_status":"closed","template":"","meta":{"footnotes":""},"class_list":["post-931","page","type-page","status-publish","hentry"],"_links":{"self":[{"href":"https:\/\/nlp6.mycube.kz\/de\/wp-json\/wp\/v2\/pages\/931","targetHints":{"allow":["GET"]}}],"collection":[{"href":"https:\/\/nlp6.mycube.kz\/de\/wp-json\/wp\/v2\/pages"}],"about":[{"href":"https:\/\/nlp6.mycube.kz\/de\/wp-json\/wp\/v2\/types\/page"}],"author":[{"embeddable":true,"href":"https:\/\/nlp6.mycube.kz\/de\/wp-json\/wp\/v2\/users\/1"}],"replies":[{"embeddable":true,"href":"https:\/\/nlp6.mycube.kz\/de\/wp-json\/wp\/v2\/comments?post=931"}],"version-history":[{"count":4,"href":"https:\/\/nlp6.mycube.kz\/de\/wp-json\/wp\/v2\/pages\/931\/revisions"}],"predecessor-version":[{"id":960,"href":"https:\/\/nlp6.mycube.kz\/de\/wp-json\/wp\/v2\/pages\/931\/revisions\/960"}],"wp:attachment":[{"href":"https:\/\/nlp6.mycube.kz\/de\/wp-json\/wp\/v2\/media?parent=931"}],"curies":[{"name":"wp","href":"https:\/\/api.w.org\/{rel}","templated":true}]}}