{"id":942,"date":"2026-03-04T15:12:47","date_gmt":"2026-03-04T12:12:47","guid":{"rendered":"https:\/\/nlp6.mycube.kz\/why-trade-with\/"},"modified":"2026-04-01T15:23:53","modified_gmt":"2026-04-01T12:23:53","slug":"why-trade-with","status":"publish","type":"page","link":"https:\/\/nlp6.mycube.kz\/de\/why-trade-with\/","title":{"rendered":"Warum mit ICBC Markets handeln?"},"content":{"rendered":"<section class=\"l-section wpb_row us_custom_9ccc05f2 height_auto full_height valign_bottom\"><div class=\"l-section-h i-cf\"><div class=\"g-cols vc_row via_flex valign_top type_default stacking_default\"><div class=\"vc_col-sm-12 wpb_column vc_column_container\"><div class=\"vc_column-inner\"><div class=\"wpb_wrapper\"><div class=\"w-separator size_custom\" style=\"height:2rem\"><\/div><div class=\"g-cols wpb_row via_flex valign_middle type_default stacking_default\"><div class=\"vc_col-sm-6 wpb_column vc_column_container\"><div class=\"vc_column-inner\"><div class=\"wpb_wrapper\"><nav class=\"g-breadcrumbs us_custom_183ff87a has_text_color separator_icon align_none\" itemscope itemtype=\"http:\/\/schema.org\/BreadcrumbList\"><div class=\"g-breadcrumbs-item\" itemscope itemprop=\"itemListElement\" itemtype=\"http:\/\/schema.org\/ListItem\"><a itemprop=\"item\" href=\"https:\/\/nlp6.mycube.kz\/de\/\"><span itemprop=\"name\">Start<\/span><\/a><meta itemprop=\"position\" content=\"1\"\/><\/div><div class=\"g-breadcrumbs-separator\"><i class=\"far fa-angle-right\"><\/i><\/div><div class=\"g-breadcrumbs-item\">Seiten<\/div><\/nav><div class=\"wpb_text_column\"><div class=\"wpb_wrapper\"><h1>Warum mit<br \/>\nICBC Markets handeln?<\/h1>\n<\/div><\/div><\/div><\/div><\/div><div class=\"vc_col-sm-6 wpb_column vc_column_container\"><div class=\"vc_column-inner\"><div class=\"wpb_wrapper\"><div class=\"w-image align_none\"><div class=\"w-image-h\"><img decoding=\"async\" width=\"734\" height=\"320\" src=\"https:\/\/nlp6.mycube.kz\/wp-content\/uploads\/2026\/02\/gr-page.png\" class=\"attachment-full size-full\" alt=\"\" loading=\"lazy\" srcset=\"https:\/\/nlp6.mycube.kz\/wp-content\/uploads\/2026\/02\/gr-page.png 734w, https:\/\/nlp6.mycube.kz\/wp-content\/uploads\/2026\/02\/gr-page-300x131.png 300w\" sizes=\"auto, (max-width: 734px) 100vw, 734px\" \/><\/div><\/div><\/div><\/div><\/div><\/div><div class=\"w-separator size_custom\" style=\"height:2rem\"><\/div><div class=\"g-cols wpb_row us_custom_a2ebf4ae via_flex valign_top type_boxes stacking_default\"><div class=\"vc_col-sm-6 wpb_column vc_column_container\"><div class=\"vc_column-inner us_custom_681cf35f\"><div class=\"wpb_wrapper\"><div class=\"wpb_text_column us_custom_0259209c has_text_color\"><div class=\"wpb_wrapper\"><h4>Werden Sie Teil einer weltweiten Trading-Community<\/h4>\n<p>Schlie\u00dfen Sie sich mehr als 100.000 aktiven Tradern an, die ICBC Markets vertrauen, um ihre Trading-Performance zu verbessern und bessere Ergebnisse zu erzielen.<\/p>\n<\/div><\/div><\/div><\/div><\/div><div class=\"vc_col-sm-6 wpb_column vc_column_container has_bg_color\"><div class=\"vc_column-inner us_custom_fc47a58d\"><div class=\"wpb_wrapper\"><div class=\"wpb_text_column\"><div class=\"wpb_wrapper\"><h4>Schnelle, sichere &amp; zuverl\u00e4ssige Auszahlungen<\/h4>\n<p>Genie\u00dfen Sie reaktionsschnellen Kundensupport, wettbewerbsf\u00e4hige Spreads, fortschrittliche Bildungsressourcen und Zugang zu \u00fcber 300 globalen M\u00e4rkten \u2014 alles \u00fcber eine leistungsstarke und benutzerfreundliche Plattform.<\/p>\n<\/div><\/div><div class=\"w-separator size_custom\" style=\"height:30px\"><\/div><div class=\"w-btn-wrapper align_none\"><a class=\"w-btn us-btn-style_4\" href=\"\/platform.html\"><span class=\"w-btn-label\">Er\u00f6ffnen Sie noch heute Ihr ICBC Markets Konto<\/span><\/a><\/div><\/div><\/div><\/div><\/div><div class=\"g-cols wpb_row hide_on_tablets hide_on_mobiles via_flex valign_top type_default stacking_default\"><div class=\"vc_col-sm-12 wpb_column vc_column_container stretched\"><div class=\"vc_column-inner\"><div class=\"wpb_wrapper\"><div data-us-scroll=\"{&quot;from_initial_position&quot;:&quot;0&quot;,&quot;start_position&quot;:&quot;0%&quot;,&quot;end_position&quot;:&quot;100%&quot;,&quot;delay&quot;:&quot;0s&quot;,&quot;translate_x_direction&quot;:&quot;left&quot;,&quot;translate_x_speed&quot;:&quot;0.5x&quot;}\" class=\"w-text us_custom_819caa63 has_text_color has_scroll_effects has_translate_x\"><span class=\"w-text-h\"><span class=\"w-text-value\">\u00dcber uns<\/span><\/span><\/div><\/div><\/div><\/div><\/div><\/div><\/div><\/div><\/div><\/div><\/section><section class=\"l-section wpb_row us_custom_4fb9e5a3 height_large\"><div class=\"l-section-h i-cf\"><div class=\"g-cols vc_row via_flex valign_middle type_default stacking_default\"><div class=\"vc_col-sm-4 wpb_column vc_column_container\"><div class=\"vc_column-inner\"><div class=\"wpb_wrapper\"><div class=\"g-cols wpb_row via_flex valign_top type_default stacking_default\"><div class=\"vc_col-sm-12 wpb_column vc_column_container\"><div class=\"vc_column-inner\"><div class=\"wpb_wrapper\"><div class=\"w-image us_custom_447bff20 align_none\"><div class=\"w-image-h\"><img decoding=\"async\" width=\"461\" height=\"551\" src=\"https:\/\/nlp6.mycube.kz\/wp-content\/uploads\/2026\/03\/img15.png\" class=\"attachment-full size-full\" alt=\"\" loading=\"lazy\" srcset=\"https:\/\/nlp6.mycube.kz\/wp-content\/uploads\/2026\/03\/img15.png 461w, https:\/\/nlp6.mycube.kz\/wp-content\/uploads\/2026\/03\/img15-251x300.png 251w\" sizes=\"auto, (max-width: 461px) 100vw, 461px\" \/><\/div><\/div><\/div><\/div><\/div><\/div><\/div><\/div><\/div><div class=\"vc_col-sm-8 wpb_column vc_column_container\"><div class=\"vc_column-inner\"><div class=\"wpb_wrapper\"><div class=\"g-cols wpb_row via_flex valign_middle type_default stacking_default\"><div class=\"vc_col-sm-8 wpb_column vc_column_container\"><div class=\"vc_column-inner\"><div class=\"wpb_wrapper\"><div class=\"wpb_text_column us_custom_15a59903\"><div class=\"wpb_wrapper\"><h2>Was unterscheidet ICBC Markets?<\/h2>\n<p>Unsere Glaubw\u00fcrdigkeit basiert auf dem realen Erfolg von Tradern. Lesen Sie unsere verifizierten TrustPilot-Bewertungen und entdecken Sie, warum Trader weltweit ICBC Markets w\u00e4hlen. Wir sind nicht nur ein Broker \u2013 wir sind Ihr langfristiger Partner im globalen Markthandel.<\/p>\n<\/div><\/div><\/div><\/div><\/div><div class=\"vc_col-sm-4 wpb_column vc_column_container hide_on_tablets hide_on_mobiles\"><div class=\"vc_column-inner\"><div class=\"wpb_wrapper\"><div data-us-scroll=\"{&quot;from_initial_position&quot;:&quot;0&quot;,&quot;start_position&quot;:&quot;0%&quot;,&quot;end_position&quot;:&quot;100%&quot;,&quot;delay&quot;:&quot;0s&quot;}\" class=\"w-image us_custom_1f7b52e1 hide_on_tablets hide_on_mobiles has_scroll_effects align_center\"><div class=\"w-image-h\"><img decoding=\"async\" width=\"445\" height=\"774\" src=\"https:\/\/nlp6.mycube.kz\/wp-content\/uploads\/2026\/03\/img44.png\" class=\"attachment-full size-full\" alt=\"\" loading=\"lazy\" srcset=\"https:\/\/nlp6.mycube.kz\/wp-content\/uploads\/2026\/03\/img44.png 445w, https:\/\/nlp6.mycube.kz\/wp-content\/uploads\/2026\/03\/img44-172x300.png 172w\" sizes=\"auto, (max-width: 445px) 100vw, 445px\" \/><\/div><\/div><\/div><\/div><\/div><\/div><\/div><\/div><\/div><\/div><\/div><\/section><section class=\"l-section wpb_row us_custom_0db20381 height_large with_img\"><div class=\"l-section-img\" role=\"img\" data-img-width=\"1920\" data-img-height=\"1080\" style=\"background-image: url(https:\/\/nlp6.mycube.kz\/wp-content\/uploads\/2026\/03\/section4.jpg);background-position: bottom center;background-repeat: no-repeat;background-size: auto;\"><\/div><div class=\"l-section-h i-cf\"><div class=\"g-cols vc_row via_flex valign_middle type_default stacking_default\"><div class=\"vc_col-sm-6 wpb_column vc_column_container\"><div class=\"vc_column-inner\"><div class=\"wpb_wrapper\"><div class=\"g-cols wpb_row via_flex valign_top type_default stacking_default\"><div class=\"vc_col-sm-12 wpb_column vc_column_container\"><div class=\"vc_column-inner\"><div class=\"wpb_wrapper\"><div class=\"wpb_text_column us_custom_6df4bc3a has_text_color\"><div class=\"wpb_wrapper\"><h2>Erfolgreich in jedem Marktumfeld<\/h2>\n<p>Navigieren Sie mit Zuversicht durch sich ver\u00e4ndernde Marktbedingungen dank Zugang zu sechs gro\u00dfen Asset-Klassen. Bauen Sie ein diversifiziertes Portfolio auf und entdecken Sie Chancen in folgenden Bereichen:<\/p>\n<\/div><\/div><div class=\"w-separator size_custom\" style=\"height:30px\"><\/div><div class=\"w-btn-wrapper align_none\"><a class=\"w-btn us-btn-style_3\" href=\"\/platform.html\"><span class=\"w-btn-label\">Beginnen Sie jetzt mit dem Trading<\/span><\/a><\/div><\/div><\/div><\/div><\/div><\/div><\/div><\/div><div class=\"vc_col-sm-6 wpb_column vc_column_container\"><div class=\"vc_column-inner\"><div class=\"wpb_wrapper\"><div class=\"g-cols wpb_row via_flex valign_bottom type_boxes stacking_default\" style=\"--additional-gap:0.2rem;\"><div class=\"vc_col-sm-4 wpb_column vc_column_container has_bg_color\"><div class=\"vc_column-inner us_custom_a4c0738d\"><div class=\"wpb_wrapper\"><div class=\"w-image us_custom_635a79ca has_height align_none\"><div class=\"w-image-h\"><img decoding=\"async\" width=\"150\" height=\"150\" src=\"https:\/\/nlp6.mycube.kz\/wp-content\/uploads\/2026\/02\/icon1.png\" class=\"attachment-full size-full\" alt=\"\" loading=\"lazy\" \/><\/div><\/div><div class=\"w-separator size_custom\" style=\"height:80px\"><\/div><h6 class=\"w-text us_custom_5058d70d has_text_color\"><span class=\"w-text-h\"><span class=\"w-text-value\">Forex <br \/>(Devisenhandel)<\/span><\/span><\/h6><\/div><\/div><\/div><div class=\"vc_col-sm-4 wpb_column vc_column_container has_bg_color\"><div class=\"vc_column-inner us_custom_899993a0\"><div class=\"wpb_wrapper\"><div class=\"w-image us_custom_635a79ca has_height align_none\"><div class=\"w-image-h\"><img decoding=\"async\" width=\"150\" height=\"150\" src=\"https:\/\/nlp6.mycube.kz\/wp-content\/uploads\/2026\/02\/icon2.png\" class=\"attachment-full size-full\" alt=\"\" loading=\"lazy\" \/><\/div><\/div><div class=\"w-separator size_custom\" style=\"height:80px\"><\/div><h6 class=\"w-text us_custom_5058d70d has_text_color\"><span class=\"w-text-h\"><span class=\"w-text-value\">Kryptow\u00e4hrung  <br \/>M\u00e4rkte<\/span><\/span><\/h6><\/div><\/div><\/div><div class=\"vc_col-sm-4 wpb_column vc_column_container has_bg_color\"><div class=\"vc_column-inner us_custom_a4c0738d\"><div class=\"wpb_wrapper\"><div class=\"w-image us_custom_635a79ca has_height align_none\"><div class=\"w-image-h\"><img decoding=\"async\" width=\"150\" height=\"150\" src=\"https:\/\/nlp6.mycube.kz\/wp-content\/uploads\/2026\/02\/icon3.png\" class=\"attachment-full size-full\" alt=\"\" loading=\"lazy\" \/><\/div><\/div><div class=\"w-separator size_custom\" style=\"height:80px\"><\/div><h6 class=\"w-text us_custom_5058d70d has_text_color\"><span class=\"w-text-h\"><span class=\"w-text-value\">Globale Aktien-CFDs<\/span><\/span><\/h6><\/div><\/div><\/div><\/div><div class=\"w-separator hide_on_tablets hide_on_mobiles size_custom\" style=\"height:0.4rem\"><\/div><div class=\"g-cols wpb_row via_flex valign_bottom type_boxes stacking_default\" style=\"--additional-gap:0.2rem;\"><div class=\"vc_col-sm-4 wpb_column vc_column_container has_bg_color\"><div class=\"vc_column-inner us_custom_899993a0\"><div class=\"wpb_wrapper\"><div class=\"w-image us_custom_635a79ca has_height align_none\"><div class=\"w-image-h\"><img decoding=\"async\" width=\"150\" height=\"150\" src=\"https:\/\/nlp6.mycube.kz\/wp-content\/uploads\/2026\/02\/icon5.png\" class=\"attachment-full size-full\" alt=\"\" loading=\"lazy\" \/><\/div><\/div><div class=\"w-separator size_custom\" style=\"height:80px\"><\/div><h6 class=\"w-text us_custom_5058d70d has_text_color\"><span class=\"w-text-h\"><span class=\"w-text-value\">Edelmetalle<\/span><\/span><\/h6><\/div><\/div><\/div><div class=\"vc_col-sm-4 wpb_column vc_column_container has_bg_color\"><div class=\"vc_column-inner us_custom_a4c0738d\"><div class=\"wpb_wrapper\"><div class=\"w-image us_custom_635a79ca has_height align_none\"><div class=\"w-image-h\"><img decoding=\"async\" width=\"150\" height=\"150\" src=\"https:\/\/nlp6.mycube.kz\/wp-content\/uploads\/2026\/02\/icon4.png\" class=\"attachment-full size-full\" alt=\"\" loading=\"lazy\" \/><\/div><\/div><div class=\"w-separator size_custom\" style=\"height:80px\"><\/div><h6 class=\"w-text us_custom_5058d70d has_text_color\"><span class=\"w-text-h\"><span class=\"w-text-value\">Wichtige internationale Indizes<\/span><\/span><\/h6><\/div><\/div><\/div><div class=\"vc_col-sm-4 wpb_column vc_column_container has_bg_color\"><div class=\"vc_column-inner us_custom_899993a0\"><div class=\"wpb_wrapper\"><div class=\"w-image us_custom_635a79ca has_height align_none\"><div class=\"w-image-h\"><img decoding=\"async\" width=\"150\" height=\"150\" src=\"https:\/\/nlp6.mycube.kz\/wp-content\/uploads\/2026\/02\/icon6.png\" class=\"attachment-full size-full\" alt=\"\" loading=\"lazy\" \/><\/div><\/div><div class=\"w-separator size_custom\" style=\"height:80px\"><\/div><h6 class=\"w-text us_custom_5058d70d has_text_color\"><span class=\"w-text-h\"><span class=\"w-text-value\">Energie- &amp; Rohstoffm\u00e4rkte<\/span><\/span><\/h6><\/div><\/div><\/div><\/div><\/div><\/div><\/div><\/div><\/div><\/section><section class=\"l-section wpb_row height_large\"><div class=\"l-section-h i-cf\"><div class=\"g-cols vc_row via_flex valign_top type_default stacking_default\"><div class=\"vc_col-sm-12 wpb_column vc_column_container\"><div class=\"vc_column-inner\"><div class=\"wpb_wrapper\"><div class=\"g-cols wpb_row via_flex valign_middle type_default stacking_default\"><div class=\"vc_col-sm-6 wpb_column vc_column_container\"><div class=\"vc_column-inner\"><div class=\"wpb_wrapper\"><div class=\"w-image us_custom_447bff20 align_center\"><div class=\"w-image-h\"><img decoding=\"async\" width=\"762\" height=\"424\" src=\"https:\/\/nlp6.mycube.kz\/wp-content\/uploads\/2026\/03\/img17.jpg\" class=\"attachment-full size-full\" alt=\"\" loading=\"lazy\" srcset=\"https:\/\/nlp6.mycube.kz\/wp-content\/uploads\/2026\/03\/img17.jpg 762w, https:\/\/nlp6.mycube.kz\/wp-content\/uploads\/2026\/03\/img17-300x167.jpg 300w\" sizes=\"auto, (max-width: 762px) 100vw, 762px\" \/><\/div><\/div><\/div><\/div><\/div><div class=\"vc_col-sm-6 wpb_column vc_column_container\"><div class=\"vc_column-inner\"><div class=\"wpb_wrapper\"><div class=\"wpb_text_column us_custom_0259209c ulmoy has_text_color\"><div class=\"wpb_wrapper\"><h2>Verwandeln Sie Ihre Trading-Ambitionen in Erfolge<\/h2>\n<p>Unsere von Experten entwickelten Schulungsprogramme helfen Ihnen, F\u00e4higkeiten aufzubauen, fundierte Entscheidungen zu treffen und selbstbewusst zu handeln. Von Anf\u00e4ngern bis zu erfahrenen Tradern bietet ICBC Markets strukturiertes, praxisnahes Lernen f\u00fcr kontinuierliche Verbesserung.<\/p>\n<\/div><\/div><\/div><\/div><\/div><\/div><div class=\"w-separator size_custom\" style=\"height:6rem\" id=\"fd68\"><style>@media(max-width:767px){ #fd68{height:3rem!important}}<\/style><\/div><div class=\"g-cols wpb_row via_flex valign_top type_default stacking_default\"><div class=\"vc_col-sm-6 wpb_column vc_column_container\"><div class=\"vc_column-inner\"><div class=\"wpb_wrapper\"><div class=\"wpb_text_column\"><div class=\"wpb_wrapper\"><h2>Dedizierter Trading-Support<\/h2>\n<p>Arbeiten Sie pers\u00f6nlich mit Ihrem Trading-Spezialisten zusammen, um Strategien zu verfeinern, die Ausf\u00fchrung zu optimieren und Ihre Performance zu steigern.<\/p>\n<\/div><\/div><\/div><\/div><\/div><div class=\"vc_col-sm-6 wpb_column vc_column_container\"><div class=\"vc_column-inner\"><div class=\"wpb_wrapper\"><div class=\"wpb_text_column\"><div class=\"wpb_wrapper\"><h2>Handeln Sie mit Wissen und Zuversicht<\/h2>\n<p>Fundierte Entscheidungen f\u00fchren zum Erfolg. Erhalten Sie Zugang zu detaillierten Marktanalysen, Echtzeit-Updates und professionellen Einsch\u00e4tzungen, die jeden Trade unterst\u00fctzen.<\/p>\n<\/div><\/div><\/div><\/div><\/div><\/div><div class=\"w-separator size_custom with_line width_default thick_1 style_solid color_border align_center\" style=\"height:6rem\"><div class=\"w-separator-h\"><\/div><\/div><div class=\"g-cols wpb_row via_flex valign_top type_default stacking_default\"><div class=\"vc_col-sm-12 wpb_column vc_column_container\"><div class=\"vc_column-inner\"><div class=\"wpb_wrapper\"><div class=\"w-btn-wrapper align_none\"><a class=\"w-btn us-btn-style_3\" href=\"\/platform.html\"><span class=\"w-btn-label\">Starten Sie noch heute Ihre ICBC Markets Reise<\/span><\/a><\/div><\/div><\/div><\/div><\/div><\/div><\/div><\/div><\/div><\/div><\/section>\n","protected":false},"excerpt":{"rendered":"StartSeiten Warum mit ICBC Markets handeln? Werden Sie Teil einer weltweiten Trading-Community Schlie\u00dfen Sie sich mehr als 100.000 aktiven Tradern an, die ICBC Markets vertrauen, um ihre Trading-Performance zu verbessern und bessere Ergebnisse zu erzielen. Schnelle, sichere &amp; zuverl\u00e4ssige Auszahlungen Genie\u00dfen Sie reaktionsschnellen Kundensupport, wettbewerbsf\u00e4hige Spreads, fortschrittliche Bildungsressourcen und Zugang zu \u00fcber 300 globalen M\u00e4rkten...","protected":false},"author":1,"featured_media":0,"parent":0,"menu_order":0,"comment_status":"closed","ping_status":"closed","template":"","meta":{"footnotes":""},"class_list":["post-942","page","type-page","status-publish","hentry"],"_links":{"self":[{"href":"https:\/\/nlp6.mycube.kz\/de\/wp-json\/wp\/v2\/pages\/942","targetHints":{"allow":["GET"]}}],"collection":[{"href":"https:\/\/nlp6.mycube.kz\/de\/wp-json\/wp\/v2\/pages"}],"about":[{"href":"https:\/\/nlp6.mycube.kz\/de\/wp-json\/wp\/v2\/types\/page"}],"author":[{"embeddable":true,"href":"https:\/\/nlp6.mycube.kz\/de\/wp-json\/wp\/v2\/users\/1"}],"replies":[{"embeddable":true,"href":"https:\/\/nlp6.mycube.kz\/de\/wp-json\/wp\/v2\/comments?post=942"}],"version-history":[{"count":4,"href":"https:\/\/nlp6.mycube.kz\/de\/wp-json\/wp\/v2\/pages\/942\/revisions"}],"predecessor-version":[{"id":946,"href":"https:\/\/nlp6.mycube.kz\/de\/wp-json\/wp\/v2\/pages\/942\/revisions\/946"}],"wp:attachment":[{"href":"https:\/\/nlp6.mycube.kz\/de\/wp-json\/wp\/v2\/media?parent=942"}],"curies":[{"name":"wp","href":"https:\/\/api.w.org\/{rel}","templated":true}]}}