{"id":953,"date":"2026-03-05T00:42:09","date_gmt":"2026-03-04T21:42:09","guid":{"rendered":"https:\/\/nlp6.mycube.kz\/withdrawing-your-profits\/"},"modified":"2026-04-01T15:31:27","modified_gmt":"2026-04-01T12:31:27","slug":"withdrawing-your-profits","status":"publish","type":"page","link":"https:\/\/nlp6.mycube.kz\/de\/withdrawing-your-profits\/","title":{"rendered":"Auszahlung von Gewinnen"},"content":{"rendered":"<section class=\"l-section wpb_row us_custom_9ccc05f2 height_auto full_height valign_bottom\"><div class=\"l-section-h i-cf\"><div class=\"g-cols vc_row via_flex valign_top type_default stacking_default\"><div class=\"vc_col-sm-12 wpb_column vc_column_container\"><div class=\"vc_column-inner\"><div class=\"wpb_wrapper\"><div class=\"w-separator hide_on_default hide_on_laptops size_custom\" style=\"height:2rem\"><\/div><div class=\"g-cols wpb_row via_flex valign_top type_default stacking_default\"><div class=\"vc_col-sm-11 wpb_column vc_column_container\"><div class=\"vc_column-inner\"><div class=\"wpb_wrapper\"><nav class=\"g-breadcrumbs us_custom_183ff87a has_text_color separator_icon align_none\" itemscope itemtype=\"http:\/\/schema.org\/BreadcrumbList\"><div class=\"g-breadcrumbs-item\" itemscope itemprop=\"itemListElement\" itemtype=\"http:\/\/schema.org\/ListItem\"><a itemprop=\"item\" href=\"https:\/\/nlp6.mycube.kz\/de\/\"><span itemprop=\"name\">Start<\/span><\/a><meta itemprop=\"position\" content=\"1\"\/><\/div><div class=\"g-breadcrumbs-separator\"><i class=\"far fa-angle-right\"><\/i><\/div><div class=\"g-breadcrumbs-item\">Seiten<\/div><\/nav><div class=\"wpb_text_column\"><div class=\"wpb_wrapper\"><h1>Schnelle &amp; sichere Auszahlungen mit ICBC Markets<\/h1>\n<\/div><\/div><\/div><\/div><\/div><\/div><div class=\"w-separator size_custom\" style=\"height:3rem\"><\/div><div class=\"g-cols wpb_row us_custom_a2ebf4ae via_flex valign_top type_boxes stacking_default\"><div class=\"vc_col-sm-6 wpb_column vc_column_container\"><div class=\"vc_column-inner us_custom_681cf35f\"><div class=\"wpb_wrapper\"><div class=\"w-image align_none\"><div class=\"w-image-h\"><img decoding=\"async\" width=\"734\" height=\"320\" src=\"https:\/\/nlp6.mycube.kz\/wp-content\/uploads\/2026\/02\/gr-page.png\" class=\"attachment-full size-full\" alt=\"\" loading=\"lazy\" srcset=\"https:\/\/nlp6.mycube.kz\/wp-content\/uploads\/2026\/02\/gr-page.png 734w, https:\/\/nlp6.mycube.kz\/wp-content\/uploads\/2026\/02\/gr-page-300x131.png 300w\" sizes=\"auto, (max-width: 734px) 100vw, 734px\" \/><\/div><\/div><\/div><\/div><\/div><div class=\"vc_col-sm-6 wpb_column vc_column_container has_bg_color\"><div class=\"vc_column-inner us_custom_fc47a58d\"><div class=\"wpb_wrapper\"><div class=\"wpb_text_column\"><div class=\"wpb_wrapper\"><h4>Greifen Sie mit Vertrauen auf Ihre Gelder zu<\/h4>\n<p>Bei ICBC Markets hat der Schutz Ihrer Gelder h\u00f6chste Priorit\u00e4t. Alle Kundengelder werden in vollst\u00e4ndig segregierten, sicheren Konten gehalten. So k\u00f6nnen Sie Ihre Gewinne sicher, schnell und jederzeit abheben.<\/p>\n<\/div><\/div><div class=\"w-separator size_custom\" style=\"height:30px\"><\/div><div class=\"w-btn-wrapper align_none\"><a class=\"w-btn us-btn-style_4\" href=\"\/platform.html\"><span class=\"w-btn-label\">Jetzt mit dem Trading beginnen<\/span><\/a><\/div><\/div><\/div><\/div><\/div><div class=\"g-cols wpb_row hide_on_tablets hide_on_mobiles via_flex valign_top type_default stacking_default\"><div class=\"vc_col-sm-12 wpb_column vc_column_container stretched\"><div class=\"vc_column-inner\"><div class=\"wpb_wrapper\"><div data-us-scroll=\"{&quot;from_initial_position&quot;:&quot;0&quot;,&quot;start_position&quot;:&quot;0%&quot;,&quot;end_position&quot;:&quot;100%&quot;,&quot;delay&quot;:&quot;0s&quot;,&quot;translate_x_direction&quot;:&quot;left&quot;,&quot;translate_x_speed&quot;:&quot;0.5x&quot;}\" class=\"w-text us_custom_819caa63 has_text_color has_scroll_effects has_translate_x\"><span class=\"w-text-h\"><span class=\"w-text-value\">Gewinnentnahme<\/span><\/span><\/div><\/div><\/div><\/div><\/div><\/div><\/div><\/div><\/div><\/div><\/section><section class=\"l-section wpb_row height_large\"><div class=\"l-section-h i-cf\"><div class=\"g-cols vc_row via_flex valign_top type_default stacking_default\"><div class=\"vc_col-sm-12 wpb_column vc_column_container\"><div class=\"vc_column-inner\"><div class=\"wpb_wrapper\"><div class=\"g-cols wpb_row via_flex valign_top type_default stacking_default\"><div class=\"vc_col-sm-6 wpb_column vc_column_container\"><div class=\"vc_column-inner\"><div class=\"wpb_wrapper\"><div class=\"wpb_text_column\"><div class=\"wpb_wrapper\"><h2>Einfach, schnell und unkompliziert<\/h2>\n<p>Ob Sie Gewinne abheben oder Kapital f\u00fcr neue Chancen umschichten \u2013 die Verwaltung Ihres Kapitals ist ganz einfach. Melden Sie sich an, stellen Sie Ihren Antrag und wir k\u00fcmmern uns effizient und sicher um den Rest.<\/p>\n<\/div><\/div><\/div><\/div><\/div><div class=\"vc_col-sm-6 wpb_column vc_column_container\"><div class=\"vc_column-inner\"><div class=\"wpb_wrapper\"><div class=\"wpb_text_column\"><div class=\"wpb_wrapper\"><h2>Ein klarer und zuverl\u00e4ssiger Auszahlungsprozess<\/h2>\n<p>Unser Auszahlungssystem ist auf Geschwindigkeit, Transparenz und Verl\u00e4sslichkeit ausgelegt, damit Ihre Gelder reibungslos und ohne Verz\u00f6gerungen bei Ihnen ankommen.<\/p>\n<\/div><\/div><\/div><\/div><\/div><\/div><div class=\"w-separator size_custom with_line width_default thick_1 style_solid color_border align_center\" style=\"height:6rem\"><div class=\"w-separator-h\"><\/div><\/div><div class=\"g-cols wpb_row via_flex valign_top type_default stacking_default\"><div class=\"vc_col-sm-12 wpb_column vc_column_container\"><div class=\"vc_column-inner us_custom_eb849559\"><div class=\"wpb_wrapper\"><div class=\"wpb_text_column\"><div class=\"wpb_wrapper\"><h2>4 einfache Schritte, um Ihre Gelder zu erhalten:<\/h2>\n<\/div><\/div><\/div><\/div><\/div><\/div><div class=\"w-separator size_custom\" style=\"height:3rem\"><\/div><div class=\"g-cols wpb_row via_flex valign_top type_boxes stacking_default\" style=\"--additional-gap:0.5rem;\"><div class=\"vc_col-sm-3 wpb_column vc_column_container has_bg_color\"><div class=\"vc_column-inner us_custom_43640d39\"><div class=\"wpb_wrapper\"><div class=\"w-hwrapper valign_middle align_justify\"><div class=\"w-text us_custom_20be0902 has_text_color\"><span class=\"w-text-h\"><span class=\"w-text-value\">01<\/span><\/span><\/div><div class=\"w-text us_custom_aaf4415d has_text_color\"><span class=\"w-text-h\"><span class=\"w-text-value\">SCHRITT<\/span><\/span><\/div><\/div><div class=\"w-separator us_custom_33c47bad has_text_color size_custom with_line width_default thick_1 style_solid color_text align_center\" style=\"height:60px\"><div class=\"w-separator-h\"><\/div><\/div><div class=\"wpb_text_column us_custom_6df4bc3a has_text_color\"><div class=\"wpb_wrapper\"><h6>Antrag stellen<\/h6>\n<p>Melden Sie sich in Ihrem Client Dashboard an und stellen Sie einen Auszahlungsantrag.<\/p>\n<\/div><\/div><\/div><\/div><\/div><div class=\"vc_col-sm-3 wpb_column vc_column_container has_bg_color\"><div class=\"vc_column-inner us_custom_39f4b765\"><div class=\"wpb_wrapper\"><div class=\"w-hwrapper valign_middle align_justify\"><div class=\"w-text us_custom_fcfaddd6 has_text_color\"><span class=\"w-text-h\"><span class=\"w-text-value\">02<\/span><\/span><\/div><div class=\"w-text us_custom_a683f875 has_text_color\"><span class=\"w-text-h\"><span class=\"w-text-value\">SCHRITT<\/span><\/span><\/div><\/div><div class=\"w-separator us_custom_7940c76c has_text_color size_custom with_line width_default thick_1 style_solid color_text align_center\" style=\"height:60px\"><div class=\"w-separator-h\"><\/div><\/div><div class=\"wpb_text_column us_custom_0259209c has_text_color\"><div class=\"wpb_wrapper\"><h6>Schnelle Pr\u00fcfung<\/h6>\n<p>Unser Team pr\u00fcft Ihren Antrag prompt und bereitet ihn f\u00fcr die Bearbeitung vor.<\/p>\n<\/div><\/div><\/div><\/div><\/div><div class=\"vc_col-sm-3 wpb_column vc_column_container has_bg_color\"><div class=\"vc_column-inner us_custom_ddefdeea\"><div class=\"wpb_wrapper\"><div class=\"w-hwrapper valign_middle align_justify\"><div class=\"w-text us_custom_fcfaddd6 has_text_color\"><span class=\"w-text-h\"><span class=\"w-text-value\">03<\/span><\/span><\/div><div class=\"w-text us_custom_a683f875 has_text_color\"><span class=\"w-text-h\"><span class=\"w-text-value\">SCHRITT<\/span><\/span><\/div><\/div><div class=\"w-separator us_custom_7940c76c has_text_color size_custom with_line width_default thick_1 style_solid color_text align_center\" style=\"height:60px\"><div class=\"w-separator-h\"><\/div><\/div><div class=\"wpb_text_column\"><div class=\"wpb_wrapper\"><h6>Sichere Best\u00e4tigung<\/h6>\n<p>Nach der \u00dcberpr\u00fcfung Ihrer Daten wird die Auszahlung genehmigt.<\/p>\n<\/div><\/div><\/div><\/div><\/div><div class=\"vc_col-sm-3 wpb_column vc_column_container has_bg_color\"><div class=\"vc_column-inner us_custom_0b41f71e\"><div class=\"wpb_wrapper\"><div class=\"w-hwrapper valign_middle align_justify\"><div class=\"w-text us_custom_fcfaddd6 has_text_color\"><span class=\"w-text-h\"><span class=\"w-text-value\">04<\/span><\/span><\/div><div class=\"w-text us_custom_a683f875 has_text_color\"><span class=\"w-text-h\"><span class=\"w-text-value\">SCHRITT<\/span><\/span><\/div><\/div><div class=\"w-separator us_custom_7940c76c has_text_color size_custom with_line width_default thick_1 style_solid color_text align_center\" style=\"height:60px\"><div class=\"w-separator-h\"><\/div><\/div><div class=\"wpb_text_column\"><div class=\"wpb_wrapper\"><h6>Gelder \u00fcberwiesen<\/h6>\n<p>Ihr Geld wird sicher und prompt auf Ihre gew\u00e4hlte Zahlungsmethode \u00fcberwiesen.<\/p>\n<\/div><\/div><\/div><\/div><\/div><\/div><div class=\"w-separator size_custom\" style=\"height:3rem\"><\/div><div class=\"g-cols wpb_row via_flex valign_top type_default stacking_default\"><div class=\"vc_col-sm-12 wpb_column vc_column_container\"><div class=\"vc_column-inner\"><div class=\"wpb_wrapper\"><div class=\"w-btn-wrapper align_center\"><a class=\"w-btn us-btn-style_3\" href=\"\/platform.html\"><span class=\"w-btn-label\">Jetzt Gelder abheben<\/span><\/a><\/div><\/div><\/div><\/div><\/div><\/div><\/div><\/div><\/div><\/div><\/section><section class=\"l-section wpb_row us_custom_d8542672 height_large\"><div class=\"l-section-h i-cf\"><div class=\"g-cols vc_row via_flex valign_top type_default stacking_default\"><div class=\"vc_col-sm-12 wpb_column vc_column_container\"><div class=\"vc_column-inner\"><div class=\"wpb_wrapper\"><div class=\"g-cols wpb_row via_flex valign_middle type_default stacking_default\"><div class=\"vc_col-sm-6 wpb_column vc_column_container\"><div class=\"vc_column-inner us_custom_4bd626bc\"><div class=\"wpb_wrapper\"><div class=\"wpb_text_column us_custom_6df4bc3a has_text_color\"><div class=\"wpb_wrapper\"><h2>Pers\u00f6nliche Unterst\u00fctzung bei Auszahlungen<\/h2>\n<p>Jeder ICBC Markets-Kunde hat einen pers\u00f6nlichen Trading-Berater. Wenn Sie eine Auszahlung planen, kann Ihnen Ihr Berater individuelle Unterst\u00fctzung bieten, damit Sie Ihr Kapital optimal verwalten.<\/p>\n<\/div><\/div><div class=\"w-separator size_custom\" style=\"height:30px\"><\/div><div class=\"w-btn-wrapper align_none\"><a class=\"w-btn us-btn-style_3\" href=\"\/platform.html\"><span class=\"w-btn-label\">Expertenhilfe erhalten<\/span><\/a><\/div><\/div><\/div><\/div><div class=\"vc_col-sm-6 wpb_column vc_column_container has_bg_color\"><div class=\"vc_column-inner us_custom_d429fdbf\"><div class=\"wpb_wrapper\"><div class=\"wpb_text_column us_custom_0259209c has_text_color\"><div class=\"wpb_wrapper\"><h2>Hilfe, wenn<br \/>\nSie sie brauchen<\/h2>\n<p>Haben Sie Fragen zu Auszahlungen? Unser freundliches Support-Team steht Ihnen w\u00e4hrend der Gesch\u00e4ftszeiten per Live-Chat zur Verf\u00fcgung und begleitet Sie bei jedem Schritt.<\/p>\n<\/div><\/div><div class=\"w-separator size_custom\" style=\"height:30px\"><\/div><div class=\"w-btn-wrapper align_none\"><a class=\"w-btn us-btn-style_1\" href=\"\/platform.html\"><span class=\"w-btn-label\">Jetzt einzahlen<\/span><\/a><\/div><\/div><\/div><\/div><\/div><\/div><\/div><\/div><\/div><\/div><\/section>\n","protected":false},"excerpt":{"rendered":"StartSeiten Schnelle &amp; sichere Auszahlungen mit ICBC Markets Greifen Sie mit Vertrauen auf Ihre Gelder zu Bei ICBC Markets hat der Schutz Ihrer Gelder h\u00f6chste Priorit\u00e4t. Alle Kundengelder werden in vollst\u00e4ndig segregierten, sicheren Konten gehalten. So k\u00f6nnen Sie Ihre Gewinne sicher, schnell und jederzeit abheben. Jetzt mit dem Trading beginnenGewinnentnahme Einfach, schnell und unkompliziert Ob...","protected":false},"author":1,"featured_media":0,"parent":0,"menu_order":0,"comment_status":"closed","ping_status":"closed","template":"","meta":{"footnotes":""},"class_list":["post-953","page","type-page","status-publish","hentry"],"_links":{"self":[{"href":"https:\/\/nlp6.mycube.kz\/de\/wp-json\/wp\/v2\/pages\/953","targetHints":{"allow":["GET"]}}],"collection":[{"href":"https:\/\/nlp6.mycube.kz\/de\/wp-json\/wp\/v2\/pages"}],"about":[{"href":"https:\/\/nlp6.mycube.kz\/de\/wp-json\/wp\/v2\/types\/page"}],"author":[{"embeddable":true,"href":"https:\/\/nlp6.mycube.kz\/de\/wp-json\/wp\/v2\/users\/1"}],"replies":[{"embeddable":true,"href":"https:\/\/nlp6.mycube.kz\/de\/wp-json\/wp\/v2\/comments?post=953"}],"version-history":[{"count":3,"href":"https:\/\/nlp6.mycube.kz\/de\/wp-json\/wp\/v2\/pages\/953\/revisions"}],"predecessor-version":[{"id":957,"href":"https:\/\/nlp6.mycube.kz\/de\/wp-json\/wp\/v2\/pages\/953\/revisions\/957"}],"wp:attachment":[{"href":"https:\/\/nlp6.mycube.kz\/de\/wp-json\/wp\/v2\/media?parent=953"}],"curies":[{"name":"wp","href":"https:\/\/api.w.org\/{rel}","templated":true}]}}