{"id":968,"date":"2026-03-04T09:11:35","date_gmt":"2026-03-04T06:11:35","guid":{"rendered":"https:\/\/nlp6.mycube.kz\/choose-an-account\/"},"modified":"2026-04-01T15:56:51","modified_gmt":"2026-04-01T12:56:51","slug":"choose-an-account","status":"publish","type":"page","link":"https:\/\/nlp6.mycube.kz\/de\/choose-an-account\/","title":{"rendered":"Handelskontos"},"content":{"rendered":"<section class=\"l-section wpb_row us_custom_9ccc05f2 height_auto full_height valign_bottom\"><div class=\"l-section-h i-cf\"><div class=\"g-cols vc_row via_flex valign_top type_default stacking_default\"><div class=\"vc_col-sm-12 wpb_column vc_column_container\"><div class=\"vc_column-inner\"><div class=\"wpb_wrapper\"><div class=\"w-separator size_custom\" style=\"height:2rem\"><\/div><div class=\"g-cols wpb_row via_flex valign_top type_default stacking_default\"><div class=\"vc_col-sm-12 wpb_column vc_column_container\"><div class=\"vc_column-inner\"><div class=\"wpb_wrapper\"><nav class=\"g-breadcrumbs us_custom_183ff87a has_text_color separator_icon align_none\" itemscope itemtype=\"http:\/\/schema.org\/BreadcrumbList\"><div class=\"g-breadcrumbs-item\" itemscope itemprop=\"itemListElement\" itemtype=\"http:\/\/schema.org\/ListItem\"><a itemprop=\"item\" href=\"https:\/\/nlp6.mycube.kz\/de\/\"><span itemprop=\"name\">Start<\/span><\/a><meta itemprop=\"position\" content=\"1\"\/><\/div><div class=\"g-breadcrumbs-separator\"><i class=\"far fa-angle-right\"><\/i><\/div><div class=\"g-breadcrumbs-item\">Seiten<\/div><\/nav><div class=\"wpb_text_column\"><div class=\"wpb_wrapper\"><h1>Entdecken Sie das ideale Handelskonto bei ICBC Markets<\/h1>\n<\/div><\/div><\/div><\/div><\/div><\/div><div class=\"w-separator size_custom\" style=\"height:2rem\"><\/div><div class=\"g-cols wpb_row us_custom_a2ebf4ae via_flex valign_top type_boxes stacking_default\"><div class=\"vc_col-sm-6 wpb_column vc_column_container\"><div class=\"vc_column-inner us_custom_681cf35f\"><div class=\"wpb_wrapper\"><div class=\"w-image align_none\"><div class=\"w-image-h\"><img decoding=\"async\" width=\"734\" height=\"320\" src=\"https:\/\/nlp6.mycube.kz\/wp-content\/uploads\/2026\/02\/gr-page.png\" class=\"attachment-full size-full\" alt=\"\" loading=\"lazy\" srcset=\"https:\/\/nlp6.mycube.kz\/wp-content\/uploads\/2026\/02\/gr-page.png 734w, https:\/\/nlp6.mycube.kz\/wp-content\/uploads\/2026\/02\/gr-page-300x131.png 300w\" sizes=\"auto, (max-width: 734px) 100vw, 734px\" \/><\/div><\/div><div class=\"w-separator hide_on_tablets hide_on_mobiles size_custom\" style=\"height:7rem\"><\/div><\/div><\/div><\/div><div class=\"vc_col-sm-6 wpb_column vc_column_container has_bg_color\"><div class=\"vc_column-inner us_custom_fc47a58d\"><div class=\"wpb_wrapper\"><div class=\"wpb_text_column\"><div class=\"wpb_wrapper\"><h4>Auf jeden Trader zugeschnittene Kontol\u00f6sungen<\/h4>\n<p>Bei ICBC Markets bieten wir eine gro\u00dfe Auswahl an Kontotypen an, die auf unterschiedliche Erfahrungsstufen, Handelspr\u00e4ferenzen und finanzielle Ziele zugeschnitten sind.<\/p>\n<\/div><\/div><div class=\"w-separator size_custom\" style=\"height:30px\"><\/div><div class=\"w-btn-wrapper align_none\"><a class=\"w-btn us-btn-style_4\" href=\"\/platform.html\"><span class=\"w-btn-label\">Optionen f\u00fcr Ihr Konto<\/span><\/a><\/div><\/div><\/div><\/div><\/div><div class=\"g-cols wpb_row hide_on_tablets hide_on_mobiles via_flex valign_top type_default stacking_default\"><div class=\"vc_col-sm-12 wpb_column vc_column_container stretched\"><div class=\"vc_column-inner\"><div class=\"wpb_wrapper\"><div data-us-scroll=\"{&quot;from_initial_position&quot;:&quot;0&quot;,&quot;start_position&quot;:&quot;0%&quot;,&quot;end_position&quot;:&quot;100%&quot;,&quot;delay&quot;:&quot;0s&quot;,&quot;translate_x_direction&quot;:&quot;left&quot;,&quot;translate_x_speed&quot;:&quot;0.5x&quot;}\" class=\"w-text us_custom_819caa63 has_text_color has_scroll_effects has_translate_x\"><span class=\"w-text-h\"><span class=\"w-text-value\">Handelskontos<\/span><\/span><\/div><\/div><\/div><\/div><\/div><\/div><\/div><\/div><\/div><\/div><\/section><section class=\"l-section wpb_row us_custom_4fb9e5a3 height_large\"><div class=\"l-section-h i-cf\"><div class=\"g-cols vc_row via_flex valign_middle type_default stacking_default\"><div class=\"vc_col-sm-12 wpb_column vc_column_container\"><div class=\"vc_column-inner\"><div class=\"wpb_wrapper\"><div class=\"g-cols wpb_row via_flex valign_middle type_default stacking_default\"><div class=\"vc_col-sm-1 wpb_column vc_column_container hide_on_tablets hide_on_mobiles\"><div class=\"vc_column-inner\"><div class=\"wpb_wrapper\"><\/div><\/div><\/div><div class=\"vc_col-sm-10 wpb_column vc_column_container\"><div class=\"vc_column-inner\"><div class=\"wpb_wrapper\"><div class=\"wpb_text_column us_custom_eb849559\"><div class=\"wpb_wrapper\"><h2>W\u00e4hlen Sie das ICBC Markets-Konto aus, das zu Ihrem Handelsstil passt<\/h2>\n<p>Ganz gleich, ob Sie gerade erst anfangen oder bereits fortgeschrittene Strategien umsetzen \u2013 ICBC Markets bietet Kontooptionen, die speziell darauf zugeschnitten sind, Ihren Handelsansatz, Ihre Denkweise und Ihre langfristigen Ziele zu unterst\u00fctzen.<\/p>\n<\/div><\/div><\/div><\/div><\/div><\/div><div class=\"w-separator size_custom\" style=\"height:4rem\" id=\"ree2\"><style>@media(max-width:767px){ #ree2{height:3rem!important}}<\/style><\/div><div class=\"w-tabs layout_hor style_radio2 switch_click has_scrolling\" style=\"--sections-title-size:14px\"><div class=\"w-tabs-list items_2 align_center\" style=\"font-family:var(--font-family);font-weight:800;text-transform:uppercase;\"><div class=\"w-tabs-list-h\"><button class=\"w-tabs-item active defined-active\" aria-controls=\"content-e99f\" aria-expanded=\"true\"><span class=\"w-tabs-item-title\">Standard<\/span><\/button><button class=\"w-tabs-item\" aria-controls=\"content-k186\" aria-expanded=\"false\"><span class=\"w-tabs-item-title\">Fachmann<\/span><\/button><\/div><\/div><div class=\"w-tabs-sections titles-align_none icon_chevron cpos_right\"><div class=\"w-tabs-section active\" id=\"e99f\"><button class=\"w-tabs-section-header active\" aria-controls=\"content-e99f\" aria-expanded=\"true\"><div class=\"w-tabs-section-title\">Standard<\/div><div class=\"w-tabs-section-control\"><\/div><\/button><div  class=\"w-tabs-section-content\" id=\"content-e99f\"><div class=\"w-tabs-section-content-h i-cf\"><div class=\"g-cols wpb_row us_custom_50001f2f via_flex valign_top type_boxes stacking_default\" style=\"--additional-gap:0.5rem;\"><div class=\"vc_col-sm-1\/5 wpb_column vc_column_container price01  has_bg_color\"><div class=\"vc_column-inner us_custom_5745ae87 us_animate_this\"><div class=\"wpb_wrapper\"><div class=\"w-vwrapper us_custom_f7c2e7be align_center valign_middle\"><div class=\"w-image align_center\"><div class=\"w-image-h\"><img decoding=\"async\" width=\"369\" height=\"85\" src=\"https:\/\/nlp6.mycube.kz\/wp-content\/uploads\/2026\/03\/gr01.png\" class=\"attachment-full size-full\" alt=\"\" loading=\"lazy\" srcset=\"https:\/\/nlp6.mycube.kz\/wp-content\/uploads\/2026\/03\/gr01.png 369w, https:\/\/nlp6.mycube.kz\/wp-content\/uploads\/2026\/03\/gr01-300x69.png 300w\" sizes=\"auto, (max-width: 369px) 100vw, 369px\" \/><\/div><\/div><div class=\"w-text us_custom_b97dd2de has_text_color\"><span class=\"w-text-h\"><span class=\"w-text-value\">Bronze<\/span><\/span><\/div><div class=\"w-counter us_custom_18800f86 has_text_color color_custom align_center has_font_size\" data-duration=\"2\"><div class=\"w-counter-value\" style=\"color:var(--color-content-heading);\"><span class=\"w-counter-value-part type_text\" data-final=\"$\"><\/span><span class=\"w-counter-value-part type_number\" data-final=\"10000\">1<\/span><span class=\"w-counter-value-part type_text\" data-final=\"\"><\/span><\/div><p class=\"w-counter-title\" style=\"font-size:13px;\">Mindesteinzahlung<\/p><\/div><\/div><div class=\"w-separator size_custom\" style=\"height:10px\"><\/div><div class=\"wpb_text_column us_custom_3b912a85 ulmoy has_text_color\"><div class=\"wpb_wrapper\"><ul>\n<li>Pers\u00f6nlicher Kundenbetreuer<\/li>\n<li>Einf\u00fchrung in die Handelsplattform<\/li>\n<li>Risikomanagement strategien und -beratung<\/li>\n<li>Grundlegende Marktbildungssitzungen<\/li>\n<li class=\"strike\">Personalisierte Trading-Warnungen<\/li>\n<li class=\"strike\">Risikofreie Trades<\/li>\n<li class=\"strike\">Praktische gef\u00fchrte Handelssitzungen<\/li>\n<li class=\"strike\">Berechtigung zum <span>ICBC Markets<\/span> Managed Account Service<\/li>\n<li class=\"strike\">H\u00f6here Hebelwirkung<\/li>\n<\/ul>\n<\/div><\/div><div class=\"w-btn-wrapper align_center\"><a class=\"w-btn us-btn-style_1\" href=\"\/platform.html\"><span class=\"w-btn-label\">Konto Er\u00f6ffnen<\/span><\/a><\/div><\/div><\/div><\/div><div class=\"vc_col-sm-1\/5 wpb_column vc_column_container price01  has_bg_color\"><div class=\"vc_column-inner us_custom_06f548c9 us_animate_this\"><div class=\"wpb_wrapper\"><div class=\"w-vwrapper us_custom_c67876a3 align_center valign_middle\"><div class=\"w-image align_center\"><div class=\"w-image-h\"><img decoding=\"async\" width=\"369\" height=\"85\" src=\"https:\/\/nlp6.mycube.kz\/wp-content\/uploads\/2026\/03\/gr01.png\" class=\"attachment-full size-full\" alt=\"\" loading=\"lazy\" srcset=\"https:\/\/nlp6.mycube.kz\/wp-content\/uploads\/2026\/03\/gr01.png 369w, https:\/\/nlp6.mycube.kz\/wp-content\/uploads\/2026\/03\/gr01-300x69.png 300w\" sizes=\"auto, (max-width: 369px) 100vw, 369px\" \/><\/div><\/div><div class=\"w-text us_custom_b97dd2de has_text_color\"><span class=\"w-text-h\"><span class=\"w-text-value\">Silber<\/span><\/span><\/div><div class=\"w-counter us_custom_18800f86 has_text_color color_custom align_center has_font_size\" data-duration=\"2\"><div class=\"w-counter-value\" style=\"color:var(--color-content-heading);\"><span class=\"w-counter-value-part type_text\" data-final=\"$\"><\/span><span class=\"w-counter-value-part type_number\" data-final=\"25000\">1<\/span><span class=\"w-counter-value-part type_text\" data-final=\"\"><\/span><\/div><p class=\"w-counter-title\" style=\"font-size:13px;\">Mindesteinzahlung<\/p><\/div><\/div><div class=\"w-separator size_custom\" style=\"height:10px\"><\/div><div class=\"wpb_text_column us_custom_3b912a85 ulmoy has_text_color\"><div class=\"wpb_wrapper\"><ul>\n<li>Pers\u00f6nlicher Kundenbetreuer<\/li>\n<li>Einf\u00fchrung in die Handelsplattform<\/li>\n<li>Risikomanagement strategien und -beratung<\/li>\n<li>Grundlegende Marktbildungssitzungen<\/li>\n<li>Personalisierte Trading-Warnungen<\/li>\n<li class=\"strike\">Risikofreie Trades<\/li>\n<li class=\"strike\">Praktische gef\u00fchrte Handelssitzungen<\/li>\n<li class=\"strike\">Berechtigung zum <span>ICBC Markets<\/span> Managed Account Service<\/li>\n<li class=\"strike\">H\u00f6here Hebelwirkung<\/li>\n<\/ul>\n<\/div><\/div><div class=\"w-btn-wrapper align_center\"><a class=\"w-btn us-btn-style_1\" href=\"\/platform.html\"><span class=\"w-btn-label\">Konto Er\u00f6ffnen<\/span><\/a><\/div><\/div><\/div><\/div><div class=\"vc_col-sm-1\/5 wpb_column vc_column_container price01  has_bg_color\"><div class=\"vc_column-inner us_custom_593e4e19 us_animate_this\"><div class=\"wpb_wrapper\"><div class=\"w-vwrapper us_custom_804b10e3 align_center valign_middle\"><div class=\"w-image align_center\"><div class=\"w-image-h\"><img decoding=\"async\" width=\"369\" height=\"85\" src=\"https:\/\/nlp6.mycube.kz\/wp-content\/uploads\/2026\/03\/gr01.png\" class=\"attachment-full size-full\" alt=\"\" loading=\"lazy\" srcset=\"https:\/\/nlp6.mycube.kz\/wp-content\/uploads\/2026\/03\/gr01.png 369w, https:\/\/nlp6.mycube.kz\/wp-content\/uploads\/2026\/03\/gr01-300x69.png 300w\" sizes=\"auto, (max-width: 369px) 100vw, 369px\" \/><\/div><\/div><div class=\"w-text us_custom_b97dd2de has_text_color\"><span class=\"w-text-h\"><span class=\"w-text-value\">Gold<\/span><\/span><\/div><div class=\"w-counter us_custom_18800f86 has_text_color color_custom align_center has_font_size\" data-duration=\"2\"><div class=\"w-counter-value\" style=\"color:var(--color-content-heading);\"><span class=\"w-counter-value-part type_text\" data-final=\"$\"><\/span><span class=\"w-counter-value-part type_number\" data-final=\"50000\">1<\/span><span class=\"w-counter-value-part type_text\" data-final=\"\"><\/span><\/div><p class=\"w-counter-title\" style=\"font-size:13px;\">Mindesteinzahlung<\/p><\/div><\/div><div class=\"w-separator size_custom\" style=\"height:10px\"><\/div><div class=\"wpb_text_column us_custom_3b912a85 ulmoy has_text_color\"><div class=\"wpb_wrapper\"><ul>\n<li>Pers\u00f6nlicher Kundenbetreuer<\/li>\n<li>Einf\u00fchrung in die Handelsplattform<\/li>\n<li>Risikomanagement strategien und -beratung<\/li>\n<li>Grundlegende Marktbildungssitzungen<\/li>\n<li>Personalisierte Trading-Warnungen<\/li>\n<li>Risikofreie Trades<\/li>\n<li>Praktische gef\u00fchrte Handelssitzungen<\/li>\n<li class=\"strike\">Berechtigung zum <span>ICBC Markets<\/span> Managed Account Service<\/li>\n<li class=\"strike\">H\u00f6here Hebelwirkung<\/li>\n<\/ul>\n<\/div><\/div><div class=\"w-btn-wrapper align_center\"><a class=\"w-btn us-btn-style_1\" href=\"\/platform.html\"><span class=\"w-btn-label\">Konto Er\u00f6ffnen<\/span><\/a><\/div><\/div><\/div><\/div><div class=\"vc_col-sm-1\/5 wpb_column vc_column_container price01  has_bg_color\"><div class=\"vc_column-inner us_custom_de2bb9ee us_animate_this\"><div class=\"wpb_wrapper\"><div class=\"w-vwrapper us_custom_f66869b8 align_center valign_middle\"><div class=\"w-image align_center\"><div class=\"w-image-h\"><img decoding=\"async\" width=\"369\" height=\"85\" src=\"https:\/\/nlp6.mycube.kz\/wp-content\/uploads\/2026\/03\/gr01.png\" class=\"attachment-full size-full\" alt=\"\" loading=\"lazy\" srcset=\"https:\/\/nlp6.mycube.kz\/wp-content\/uploads\/2026\/03\/gr01.png 369w, https:\/\/nlp6.mycube.kz\/wp-content\/uploads\/2026\/03\/gr01-300x69.png 300w\" sizes=\"auto, (max-width: 369px) 100vw, 369px\" \/><\/div><\/div><div class=\"w-text us_custom_b97dd2de has_text_color\"><span class=\"w-text-h\"><span class=\"w-text-value\">Pr\u00e4mie<\/span><\/span><\/div><div class=\"w-counter us_custom_18800f86 has_text_color color_custom align_center has_font_size\" data-duration=\"2\"><div class=\"w-counter-value\" style=\"color:var(--color-content-heading);\"><span class=\"w-counter-value-part type_text\" data-final=\"$\"><\/span><span class=\"w-counter-value-part type_number\" data-final=\"100000\">1<\/span><span class=\"w-counter-value-part type_text\" data-final=\"\"><\/span><\/div><p class=\"w-counter-title\" style=\"font-size:13px;\">Mindesteinzahlung<\/p><\/div><\/div><div class=\"w-separator size_custom\" style=\"height:10px\"><\/div><div class=\"wpb_text_column us_custom_3b912a85 ulmoy has_text_color\"><div class=\"wpb_wrapper\"><ul>\n<li>Pers\u00f6nlicher Kundenbetreuer<\/li>\n<li>Einf\u00fchrung in die Handelsplattform<\/li>\n<li>Risikomanagement strategien und -beratung<\/li>\n<li>Grundlegende Marktbildungssitzungen<\/li>\n<li>Personalisierte Trading-Warnungen<\/li>\n<li>Risikofreie Trades<\/li>\n<li>Praktische gef\u00fchrte Handelssitzungen<\/li>\n<li>Berechtigung zum <span>ICBC Markets<\/span> Managed Account Service<\/li>\n<li class=\"strike\">H\u00f6here Hebelwirkung<\/li>\n<\/ul>\n<\/div><\/div><div class=\"w-btn-wrapper align_center\"><a class=\"w-btn us-btn-style_1\" href=\"\/platform.html\"><span class=\"w-btn-label\">Konto Er\u00f6ffnen<\/span><\/a><\/div><\/div><\/div><\/div><div class=\"vc_col-sm-1\/5 wpb_column vc_column_container price01  has_bg_color\"><div class=\"vc_column-inner us_custom_f6ffe0b1 us_animate_this\"><div class=\"wpb_wrapper\"><div class=\"w-vwrapper us_custom_579ee330 align_center valign_middle\"><div class=\"w-image align_center\"><div class=\"w-image-h\"><img decoding=\"async\" width=\"369\" height=\"85\" src=\"https:\/\/nlp6.mycube.kz\/wp-content\/uploads\/2026\/03\/gr01.png\" class=\"attachment-full size-full\" alt=\"\" loading=\"lazy\" srcset=\"https:\/\/nlp6.mycube.kz\/wp-content\/uploads\/2026\/03\/gr01.png 369w, https:\/\/nlp6.mycube.kz\/wp-content\/uploads\/2026\/03\/gr01-300x69.png 300w\" sizes=\"auto, (max-width: 369px) 100vw, 369px\" \/><\/div><\/div><div class=\"w-text us_custom_b97dd2de has_text_color\"><span class=\"w-text-h\"><span class=\"w-text-value\">Platin<\/span><\/span><\/div><div class=\"w-counter us_custom_18800f86 has_text_color color_custom align_center has_font_size\" data-duration=\"2\"><div class=\"w-counter-value\" style=\"color:var(--color-content-heading);\"><span class=\"w-counter-value-part type_text\" data-final=\"$\"><\/span><span class=\"w-counter-value-part type_number\" data-final=\"250000\">1<\/span><span class=\"w-counter-value-part type_text\" data-final=\"\"><\/span><\/div><p class=\"w-counter-title\" style=\"font-size:13px;\">Mindesteinzahlung<\/p><\/div><\/div><div class=\"w-separator size_custom\" style=\"height:10px\"><\/div><div class=\"wpb_text_column us_custom_3b912a85 ulmoy has_text_color\"><div class=\"wpb_wrapper\"><ul>\n<li>Pers\u00f6nlicher Kundenbetreuer<\/li>\n<li>Einf\u00fchrung in die Handelsplattform<\/li>\n<li>Risikomanagement strategien und -beratung<\/li>\n<li>Grundlegende Marktbildungssitzungen<\/li>\n<li>Personalisierte Trading-Warnungen<\/li>\n<li>Risikofreie Trades<\/li>\n<li>Praktische gef\u00fchrte Handelssitzungen<\/li>\n<li>Berechtigung zum <span>ICBC Markets<\/span> Managed Account Service<\/li>\n<li>H\u00f6here Hebelwirkung<\/li>\n<\/ul>\n<\/div><\/div><div class=\"w-btn-wrapper align_center\"><a class=\"w-btn us-btn-style_1\" href=\"\/platform.html\"><span class=\"w-btn-label\">Konto Er\u00f6ffnen<\/span><\/a><\/div><\/div><\/div><\/div><\/div><\/div><\/div><\/div><div class=\"w-tabs-section\" id=\"k186\"><button class=\"w-tabs-section-header\" aria-controls=\"content-k186\" aria-expanded=\"false\"><div class=\"w-tabs-section-title\">Fachmann<\/div><div class=\"w-tabs-section-control\"><\/div><\/button><div  class=\"w-tabs-section-content\" id=\"content-k186\"><div class=\"w-tabs-section-content-h i-cf\"><div class=\"g-cols wpb_row via_flex valign_top type_boxes stacking_default\" style=\"--additional-gap:0.8rem;\"><div class=\"vc_col-sm-6 wpb_column vc_column_container  has_bg_color\"><div class=\"vc_column-inner us_custom_78800d8d us_animate_this\"><div class=\"wpb_wrapper\"><div class=\"w-vwrapper us_custom_f7cbc7cf align_center valign_middle\"><div class=\"w-image align_center\"><div class=\"w-image-h\"><img decoding=\"async\" width=\"369\" height=\"85\" src=\"https:\/\/nlp6.mycube.kz\/wp-content\/uploads\/2026\/03\/gr02.png\" class=\"attachment-full size-full\" alt=\"\" loading=\"lazy\" srcset=\"https:\/\/nlp6.mycube.kz\/wp-content\/uploads\/2026\/03\/gr02.png 369w, https:\/\/nlp6.mycube.kz\/wp-content\/uploads\/2026\/03\/gr02-300x69.png 300w\" sizes=\"auto, (max-width: 369px) 100vw, 369px\" \/><\/div><\/div><div class=\"w-text us_custom_21046ad1 has_text_color\"><span class=\"w-text-h\"><span class=\"w-text-value\">VIP<\/span><\/span><\/div><div class=\"wpb_text_column us_custom_6df4bc3a has_text_color\"><div class=\"wpb_wrapper\"><p>Nur begrenzt verf\u00fcgbar.<br \/>\nBewerben Sie sich jetzt f\u00fcr den VIP-Club!<\/p>\n<\/div><\/div><div class=\"w-counter us_custom_7c261fa4 has_text_color color_custom align_center has_font_size\" data-duration=\"2\"><div class=\"w-counter-value\" style=\"color:var(--color-content-primary);\"><span class=\"w-counter-value-part type_text\" data-final=\"$\"><\/span><span class=\"w-counter-value-part type_number\" data-final=\"500000\">1<\/span><span class=\"w-counter-value-part type_text\" data-final=\"+\"><\/span><\/div><\/div><\/div><div class=\"w-separator size_custom\" style=\"height:25px\"><\/div><div class=\"w-vwrapper us_custom_367eabb9 align_center valign_top\"><div class=\"wpb_text_column us_custom_6df4bc3a has_text_color\"><div class=\"wpb_wrapper\"><h5>Werden Sie Mitglied in unserem exklusiven VIP-Trading-Club und profitieren Sie von au\u00dfergew\u00f6hnlichen Renditen auf Ihre Investition!<\/h5>\n<p>Genie\u00dfen Sie uneingeschr\u00e4nkten Zugang zu unserem Elite-Trading-Team in einer exklusiven Telegram-Gruppe. Unsere besten Trading-Experten ver\u00f6ffentlichen dort Trades und Handelsstrategien, einschlie\u00dflich Strategien zum Risikomanagement. Verschaffen Sie sich einen Vorteil, zu dem nur wenige Trader Zugang haben.<\/p>\n<\/div><\/div><div class=\"w-separator size_custom\" style=\"height:10px\"><\/div><div class=\"w-btn-wrapper align_center\"><a class=\"w-btn us-btn-style_3\" href=\"\/platform.html\"><span class=\"w-btn-label\">Hier bewerben<\/span><\/a><\/div><\/div><\/div><\/div><\/div><div class=\"vc_col-sm-6 wpb_column vc_column_container  has_bg_color\"><div class=\"vc_column-inner us_custom_458d191b us_animate_this\"><div class=\"wpb_wrapper\"><div class=\"w-vwrapper us_custom_e3fdbad4 align_center valign_middle\"><div class=\"w-image align_center\"><div class=\"w-image-h\"><img decoding=\"async\" width=\"369\" height=\"85\" src=\"https:\/\/nlp6.mycube.kz\/wp-content\/uploads\/2026\/03\/gr01.png\" class=\"attachment-full size-full\" alt=\"\" loading=\"lazy\" srcset=\"https:\/\/nlp6.mycube.kz\/wp-content\/uploads\/2026\/03\/gr01.png 369w, https:\/\/nlp6.mycube.kz\/wp-content\/uploads\/2026\/03\/gr01-300x69.png 300w\" sizes=\"auto, (max-width: 369px) 100vw, 369px\" \/><\/div><\/div><div class=\"w-text us_custom_89bdfc11 has_text_color\"><span class=\"w-text-h\"><span class=\"w-text-value\">VIP+<\/span><\/span><\/div><div class=\"wpb_text_column us_custom_40c523d3 has_text_color\"><div class=\"wpb_wrapper\"><p>Begrenzte Verf\u00fcgbarkeit.<br \/>\nBeantragen Sie jetzt ein verwaltetes Konto!<\/p>\n<\/div><\/div><div class=\"w-counter us_custom_e52319a3 has_text_color color_custom align_center has_font_size\" data-duration=\"2\"><div class=\"w-counter-value\" style=\"color:var(--color-content-heading);\"><span class=\"w-counter-value-part type_text\" data-final=\"$\"><\/span><span class=\"w-counter-value-part type_number\" data-final=\"1000000\">1<\/span><span class=\"w-counter-value-part type_text\" data-final=\"+\"><\/span><\/div><\/div><\/div><div class=\"w-separator size_custom\" style=\"height:25px\"><\/div><div class=\"w-vwrapper us_custom_367eabb9 align_center valign_top\"><div class=\"wpb_text_column us_custom_0259209c has_text_color\"><div class=\"wpb_wrapper\"><h5>Heute investieren, morgen profitieren!<\/h5>\n<p>Inhaber eines Managed Accounts erzielen die besten Renditen f\u00fcr ihre Investitionen. Jetzt bieten wir Ihnen die M\u00f6glichkeit, die Managed-Account-Dienstleistungen 30 Tage lang zu testen, damit Sie sich selbst davon \u00fcberzeugen k\u00f6nnen. Wenn Sie auf der Suche nach einer hervorragenden Kapitalrendite sind, vereinbaren Sie einen Beratungstermin mit Ihrem pers\u00f6nlichen Kundenbetreuer, um das Managed Account auszuprobieren.<\/p>\n<\/div><\/div><div class=\"w-separator size_custom\" style=\"height:10px\"><\/div><div class=\"w-btn-wrapper align_center\"><a class=\"w-btn us-btn-style_4\" href=\"\/platform.html\"><span class=\"w-btn-label\">Hier bewerben<\/span><\/a><\/div><\/div><\/div><\/div><\/div><\/div><\/div><\/div><\/div><\/div><\/div><\/div><\/div><\/div><\/div><\/div><\/section><section class=\"l-section wpb_row us_custom_c70c97eb height_large with_img\"><div class=\"l-section-img\" role=\"img\" data-img-width=\"1920\" data-img-height=\"1080\" style=\"background-image: url(https:\/\/nlp6.mycube.kz\/wp-content\/uploads\/2026\/02\/bg-section.jpg);background-position: bottom center;background-repeat: no-repeat;background-size: auto;\"><\/div><div class=\"l-section-h i-cf\"><div class=\"g-cols vc_row via_flex valign_top type_default stacking_default\"><div class=\"vc_col-sm-12 wpb_column vc_column_container\"><div class=\"vc_column-inner\"><div class=\"wpb_wrapper\"><div class=\"g-cols wpb_row via_flex valign_top type_boxes stacking_default\" style=\"--additional-gap:0.5rem;\"><div class=\"vc_col-sm-6 wpb_column vc_column_container has_bg_color\"><div class=\"vc_column-inner us_custom_e70fb924\"><div class=\"wpb_wrapper\"><div class=\"wpb_text_column ulmoy\"><div class=\"wpb_wrapper\"><h4>ICBC Markets VIP Trading Club \u2013 Exklusiver Zugang f\u00fcr Elite-Trader<\/h4>\n<p>Wechseln Sie zu einem Platinum-Konto und werden Sie Mitglied im ICBC Markets VIP-Trading-Club, um Premium-Vorteile, detaillierte Einblicke und exklusive Handelsm\u00f6glichkeiten zu erhalten.<\/p>\n<h6>Vorteile der VIP-Mitgliedschaft:<\/h6>\n<ul>\n<li>Treten Sie einer Community erfahrener Trader bei und profitieren Sie von exklusiven Vorteilen.<\/li>\n<li>Erhalten Sie \u00fcber einen privaten Telegram-Kanal pers\u00f6nliche Beratung durch erfahrene Analysten.<\/li>\n<\/ul>\n<\/div><\/div><div class=\"w-separator size_custom\" style=\"height:10px\"><\/div><div class=\"w-btn-wrapper align_none\"><a class=\"w-btn us-btn-style_3\" href=\"\/platform.html\"><span class=\"w-btn-label\">VIP-Mitgliedschaft freischalten<\/span><\/a><\/div><\/div><\/div><\/div><div class=\"vc_col-sm-6 wpb_column vc_column_container has_bg_color\"><div class=\"vc_column-inner us_custom_e70fb924\"><div class=\"wpb_wrapper\"><div class=\"wpb_text_column ulmoy\"><div class=\"wpb_wrapper\"><h4>Verwaltete Konten \u2013 Professionelle Verm\u00f6gensverwaltung<\/h4>\n<p>Sie bevorzugen einen Ansatz, bei dem Sie sich um nichts k\u00fcmmern m\u00fcssen? Der ICBC Markets Managed Account-Service bietet Ihnen eine professionelle Verwaltung Ihrer Anlagen. Starten Sie mit einer 30-t\u00e4gigen Testphase und arbeiten Sie mit einem pers\u00f6nlichen Kundenbetreuer zusammen, der eine auf Ihre Ziele zugeschnittene Handelsstrategie entwickelt und \u00fcberwacht.<\/p>\n<h6>Was Sie erhalten:<\/h6>\n<ul>\n<li>Ihr Portfolio wird von erfahrenen Marktexperten verwaltet.<\/li>\n<li>Ma\u00dfgeschneiderte Strategien, die auf Ihre finanziellen Ziele und Ihr Risikoprofil abgestimmt sind.<\/li>\n<\/ul>\n<\/div><\/div><div class=\"w-separator size_custom\" style=\"height:10px\"><\/div><div class=\"w-btn-wrapper align_none\"><a class=\"w-btn us-btn-style_3\" href=\"\/platform.html\"><span class=\"w-btn-label\">Er\u00f6ffnen Sie Ihr verwaltetes Konto<\/span><\/a><\/div><\/div><\/div><\/div><\/div><\/div><\/div><\/div><\/div><\/div><\/section>\n","protected":false},"excerpt":{"rendered":"StartSeitenEntdecken Sie das ideale Handelskonto bei ICBC Markets Auf jeden Trader zugeschnittene Kontol\u00f6sungen Bei ICBC Markets bieten wir eine gro\u00dfe Auswahl an Kontotypen an, die auf unterschiedliche Erfahrungsstufen, Handelspr\u00e4ferenzen und finanzielle Ziele zugeschnitten sind. Optionen f\u00fcr Ihr KontoHandelskontosW\u00e4hlen Sie das ICBC Markets-Konto aus, das zu Ihrem Handelsstil passt Ganz gleich, ob Sie gerade erst anfangen...","protected":false},"author":1,"featured_media":0,"parent":0,"menu_order":0,"comment_status":"closed","ping_status":"closed","template":"","meta":{"footnotes":""},"class_list":["post-968","page","type-page","status-publish","hentry"],"_links":{"self":[{"href":"https:\/\/nlp6.mycube.kz\/de\/wp-json\/wp\/v2\/pages\/968","targetHints":{"allow":["GET"]}}],"collection":[{"href":"https:\/\/nlp6.mycube.kz\/de\/wp-json\/wp\/v2\/pages"}],"about":[{"href":"https:\/\/nlp6.mycube.kz\/de\/wp-json\/wp\/v2\/types\/page"}],"author":[{"embeddable":true,"href":"https:\/\/nlp6.mycube.kz\/de\/wp-json\/wp\/v2\/users\/1"}],"replies":[{"embeddable":true,"href":"https:\/\/nlp6.mycube.kz\/de\/wp-json\/wp\/v2\/comments?post=968"}],"version-history":[{"count":6,"href":"https:\/\/nlp6.mycube.kz\/de\/wp-json\/wp\/v2\/pages\/968\/revisions"}],"predecessor-version":[{"id":975,"href":"https:\/\/nlp6.mycube.kz\/de\/wp-json\/wp\/v2\/pages\/968\/revisions\/975"}],"wp:attachment":[{"href":"https:\/\/nlp6.mycube.kz\/de\/wp-json\/wp\/v2\/media?parent=968"}],"curies":[{"name":"wp","href":"https:\/\/api.w.org\/{rel}","templated":true}]}}