{"id":1015,"date":"2026-03-02T21:02:00","date_gmt":"2026-03-02T18:02:00","guid":{"rendered":"https:\/\/nlp6.mycube.kz\/risk-disclosurer\/"},"modified":"2026-04-01T16:23:57","modified_gmt":"2026-04-01T13:23:57","slug":"risk-disclosurer","status":"publish","type":"page","link":"https:\/\/nlp6.mycube.kz\/fr\/risk-disclosurer\/","title":{"rendered":"Divulgation des risques"},"content":{"rendered":"<section class=\"l-section wpb_row us_custom_9ccc05f2 height_large\"><div class=\"l-section-h i-cf\"><div class=\"g-cols vc_row via_flex valign_top type_default stacking_default\"><div class=\"vc_col-sm-12 wpb_column vc_column_container\"><div class=\"vc_column-inner\"><div class=\"wpb_wrapper\"><div class=\"g-cols wpb_row via_flex valign_middle type_default stacking_default\"><div class=\"vc_col-sm-6 wpb_column vc_column_container\"><div class=\"vc_column-inner\"><div class=\"wpb_wrapper\"><nav class=\"g-breadcrumbs us_custom_183ff87a has_text_color separator_icon align_none\" itemscope itemtype=\"http:\/\/schema.org\/BreadcrumbList\"><div class=\"g-breadcrumbs-item\" itemscope itemprop=\"itemListElement\" itemtype=\"http:\/\/schema.org\/ListItem\"><a itemprop=\"item\" href=\"https:\/\/nlp6.mycube.kz\/fr\/\"><span itemprop=\"name\">Accueil<\/span><\/a><meta itemprop=\"position\" content=\"1\"\/><\/div><div class=\"g-breadcrumbs-separator\"><i class=\"far fa-angle-right\"><\/i><\/div><div class=\"g-breadcrumbs-item\">Pages<\/div><\/nav><div class=\"wpb_text_column\"><div class=\"wpb_wrapper\"><h1>Avertissement sur les risques<\/h1>\n<\/div><\/div><div class=\"w-separator size_custom\" style=\"height:25px\"><\/div><div class=\"w-btn-wrapper align_none\"><a class=\"w-btn us-btn-style_1\" href=\"\/platform.html\"><span class=\"w-btn-label\">Commencez \u00e0 trader aujourd\u2019hui<\/span><\/a><\/div><\/div><\/div><\/div><div class=\"vc_col-sm-6 wpb_column vc_column_container\"><div class=\"vc_column-inner\"><div class=\"wpb_wrapper\"><div class=\"w-image align_none\"><div class=\"w-image-h\"><img decoding=\"async\" width=\"734\" height=\"320\" src=\"https:\/\/nlp6.mycube.kz\/wp-content\/uploads\/2026\/02\/gr-page.png\" class=\"attachment-full size-full\" alt=\"\" loading=\"lazy\" srcset=\"https:\/\/nlp6.mycube.kz\/wp-content\/uploads\/2026\/02\/gr-page.png 734w, https:\/\/nlp6.mycube.kz\/wp-content\/uploads\/2026\/02\/gr-page-300x131.png 300w\" sizes=\"auto, (max-width: 734px) 100vw, 734px\" \/><\/div><\/div><\/div><\/div><\/div><\/div><div class=\"w-separator hide_on_tablets hide_on_mobiles size_custom\" style=\"height:3rem\"><\/div><\/div><\/div><\/div><\/div><\/div><\/section><section class=\"l-section wpb_row height_large\"><div class=\"l-section-h i-cf\"><div class=\"g-cols vc_row via_flex valign_top type_default reversed stacking_default\"><div class=\"vc_col-sm-4 wpb_column vc_column_container\"><div class=\"vc_column-inner type_sticky\"><div class=\"wpb_wrapper\"><div class=\"g-cols wpb_row us_custom_6df4bc3a has_text_color via_flex valign_top type_boxes stacking_default\"><div class=\"vc_col-sm-12 wpb_column vc_column_container has_bg_color\"><div class=\"vc_column-inner us_custom_d99ff950\"><div class=\"wpb_wrapper\"><section class=\"l-section wpb_row height_auto width_full\"><div class=\"l-section-h i-cf\"><div class=\"g-cols vc_row via_flex valign_top type_default stacking_default\"><div class=\"vc_col-sm-12 wpb_column vc_column_container\"><div class=\"vc_column-inner\"><div class=\"wpb_wrapper\"><div class=\"g-cols wpb_row side-a via_flex valign_top type_default stacking_default\"><div class=\"vc_col-sm-12 wpb_column vc_column_container\"><div class=\"vc_column-inner\"><div class=\"wpb_wrapper\"><div class=\"wpb_text_column\"><div class=\"wpb_wrapper\"><h5>Autres Politiques<\/h5>\n<\/div><\/div><div class=\"w-separator size_custom\" style=\"height:30px\"><\/div><div class=\"wpb_text_column us_custom_6df4bc3a ulmoy2 link-ul has_text_color\"><div class=\"wpb_wrapper\"><ul>\n<li><a href=\"\/fr\/risk-disclosure\/\">Divulgation des Risques<\/a><\/li>\n<li><a href=\"\/fr\/kyc-process\/\">Proc\u00e9dures KYC<\/a><\/li>\n<li><a href=\"\/fr\/bonus-terms-and-conditions\/\">Termes et Conditions des Bonus<\/a><\/li>\n<li><a href=\"\/fr\/terms-and-conditions\/\">Termes et Conditions<\/a><\/li>\n<li><a href=\"\/fr\/cookie-policy\/\">La Politique de Cookies<\/a><\/li>\n<li><a href=\"\/fr\/privacy-policy\/\">La Politique de Confidentialit\u00e9<\/a><\/li>\n<li><a href=\"\/fr\/complaints-dispute-policy\/\">Politique des Plaintes et Litiges<\/a><\/li>\n<\/ul>\n<\/div><\/div><\/div><\/div><\/div><\/div><\/div><\/div><\/div><\/div><\/div><\/section>\n<\/div><\/div><\/div><\/div><\/div><\/div><\/div><div class=\"vc_col-sm-8 wpb_column vc_column_container ulmoy\"><div class=\"vc_column-inner\"><div class=\"wpb_wrapper\"><div class=\"g-cols wpb_row via_flex valign_top type_default stacking_default\"><div class=\"vc_col-sm-12 wpb_column vc_column_container\"><div class=\"vc_column-inner\"><div class=\"wpb_wrapper\"><div class=\"wpb_text_column\"><div class=\"wpb_wrapper\"><h5>Comprendre les risques du trading de CFD avec ICBC Markets<\/h5>\n<p><strong>Naviguer dans les d\u00e9fis du trading de CFD<\/strong><br \/>\nLe trading de Contrats pour la Diff\u00e9rence (CFD) exige une gestion prudente des risques, en particulier lorsqu\u2019on utilise l\u2019effet de levier. Pour les d\u00e9butants ou les personnes ayant une faible tol\u00e9rance au risque, les CFD peuvent \u00eatre complexes et comporter des risques importants. Contrairement au trading d\u2019actions traditionnel, qui implique souvent moins d\u2019effet de levier, les CFD peuvent amplifier \u00e0 la fois les profits et les pertes.<\/p>\n<\/div><\/div><\/div><\/div><\/div><\/div><div class=\"w-separator size_custom\" style=\"height:30px\"><\/div><div class=\"g-cols wpb_row via_flex valign_top type_default stacking_default\"><div class=\"vc_col-sm-12 wpb_column vc_column_container\"><div class=\"vc_column-inner\"><div class=\"wpb_wrapper\"><div class=\"wpb_text_column\"><div class=\"wpb_wrapper\"><h5>Principaux risques du trading de CFD<\/h5>\n<ul>\n<li><strong>Volatilit\u00e9 du march\u00e9<\/strong> \u2013 Les prix des CFD peuvent changer rapidement, et l\u2019effet de levier intensifie \u00e0 la fois les gains et les pertes potentiels.<\/li>\n<li><strong>Perte totale du capital<\/strong> \u2013 Vous pouvez perdre la totalit\u00e9 de votre investissement. Ne tradez qu\u2019avec de l\u2019argent que vous pouvez vous permettre de perdre sans compromettre votre s\u00e9curit\u00e9 financi\u00e8re.<\/li>\n<\/ul>\n<\/div><\/div><\/div><\/div><\/div><\/div><div class=\"w-separator size_custom\" style=\"height:30px\"><\/div><div class=\"g-cols wpb_row via_flex valign_top type_default stacking_default\"><div class=\"vc_col-sm-12 wpb_column vc_column_container\"><div class=\"vc_column-inner\"><div class=\"wpb_wrapper\"><div class=\"wpb_text_column\"><div class=\"wpb_wrapper\"><h5>Risques cl\u00e9s du trading de CFD<\/h5>\n<ul>\n<li><strong>Volatilit\u00e9 du march\u00e9 :<\/strong> Les prix des CFD peuvent \u00e9voluer rapidement, et l\u2019effet de levier peut amplifier les pertes potentielles.<\/li>\n<li><strong>Risque de perte totale :<\/strong> Il existe un risque de perdre la totalit\u00e9 de votre investissement. Ne tradez qu\u2019avec de l\u2019argent que vous pouvez vous permettre de perdre et priorisez votre s\u00e9curit\u00e9 financi\u00e8re.<\/li>\n<\/ul>\n<\/div><\/div><\/div><\/div><\/div><\/div><div class=\"w-separator size_custom\" style=\"height:30px\"><\/div><div class=\"g-cols wpb_row via_flex valign_top type_default stacking_default\"><div class=\"vc_col-sm-12 wpb_column vc_column_container\"><div class=\"vc_column-inner\"><div class=\"wpb_wrapper\"><div class=\"wpb_text_column\"><div class=\"wpb_wrapper\"><h5>Mesures de s\u00e9curit\u00e9 essentielles<\/h5>\n<ul>\n<li><strong>Conscience des risques :<\/strong> Assurez-vous de bien comprendre les risques impliqu\u00e9s avant de vous engager dans le trading de CFD.<\/li>\n<li><strong>Conseils professionnels :<\/strong> Consultez un conseiller financier agr\u00e9\u00e9 pour prendre des d\u00e9cisions \u00e9clair\u00e9es.<\/li>\n<\/ul>\n<\/div><\/div><\/div><\/div><\/div><\/div><div class=\"w-separator size_custom\" style=\"height:30px\"><\/div><div class=\"g-cols wpb_row via_flex valign_top type_default stacking_default\"><div class=\"vc_col-sm-12 wpb_column vc_column_container\"><div class=\"vc_column-inner\"><div class=\"wpb_wrapper\"><div class=\"wpb_text_column\"><div class=\"wpb_wrapper\"><h5>Avertissement de ICBC Markets<\/h5>\n<p>ICBC Markets n\u2019est pas responsable des pertes associ\u00e9es au trading de CFD, y compris :<\/p>\n<ul>\n<li>Les pertes financi\u00e8res directes ou indirectes.<\/li>\n<li>Les dommages sp\u00e9ciaux, accessoires ou cons\u00e9cutifs.<\/li>\n<\/ul>\n<\/div><\/div><\/div><\/div><\/div><\/div><div class=\"w-separator size_custom\" style=\"height:30px\"><\/div><div class=\"g-cols wpb_row via_flex valign_top type_default stacking_default\"><div class=\"vc_col-sm-12 wpb_column vc_column_container\"><div class=\"vc_column-inner\"><div class=\"wpb_wrapper\"><div class=\"wpb_text_column\"><div class=\"wpb_wrapper\"><h5>Autres consid\u00e9rations importantes<\/h5>\n<ul>\n<li><strong>Risques du copy trading :<\/strong> Copier les strat\u00e9gies d\u2019autres traders ne garantit aucun succ\u00e8s. Votre situation financi\u00e8re individuelle et votre tol\u00e9rance au risque influenceront vos r\u00e9sultats.<\/li>\n<li><strong>Performance pass\u00e9e vs future :<\/strong> Les r\u00e9sultats historiques sur la plateforme ICBC Markets ne garantissent pas les performances futures. Les informations fournies ne constituent ni un conseil financier ni une position officielle de ICBC Markets.<\/li>\n<\/ul>\n<\/div><\/div><\/div><\/div><\/div><\/div><div class=\"w-separator size_custom\" style=\"height:30px\"><\/div><div class=\"g-cols wpb_row via_flex valign_top type_default stacking_default\"><div class=\"vc_col-sm-12 wpb_column vc_column_container\"><div class=\"vc_column-inner\"><div class=\"wpb_wrapper\"><div class=\"wpb_text_column\"><div class=\"wpb_wrapper\"><h5>Avis de la communaut\u00e9 de trading<\/h5>\n<p>La communaut\u00e9 de trading ICBC Markets est un lieu pr\u00e9cieux pour partager des id\u00e9es, mais rappelez-vous que les opinions exprim\u00e9es n\u2019engagent pas ICBC Markets. Effectuez toujours vos propres recherches approfondies et consultez des professionnels de la finance avant de prendre des d\u00e9cisions de trading.<\/p>\n<\/div><\/div><\/div><\/div><\/div><\/div><\/div><\/div><\/div><\/div><\/div><\/section>\n","protected":false},"excerpt":{"rendered":"AccueilPagesAvertissement sur les risques Commencez \u00e0 trader aujourd\u2019huiAutres Politiques Divulgation des Risques Proc\u00e9dures KYC Termes et Conditions des Bonus Termes et Conditions La Politique de Cookies La Politique de Confidentialit\u00e9 Politique des Plaintes et Litiges Comprendre les risques du trading de CFD avec ICBC Markets Naviguer dans les d\u00e9fis du trading de CFD Le trading...","protected":false},"author":1,"featured_media":0,"parent":0,"menu_order":0,"comment_status":"closed","ping_status":"closed","template":"","meta":{"footnotes":""},"class_list":["post-1015","page","type-page","status-publish","hentry"],"_links":{"self":[{"href":"https:\/\/nlp6.mycube.kz\/fr\/wp-json\/wp\/v2\/pages\/1015","targetHints":{"allow":["GET"]}}],"collection":[{"href":"https:\/\/nlp6.mycube.kz\/fr\/wp-json\/wp\/v2\/pages"}],"about":[{"href":"https:\/\/nlp6.mycube.kz\/fr\/wp-json\/wp\/v2\/types\/page"}],"author":[{"embeddable":true,"href":"https:\/\/nlp6.mycube.kz\/fr\/wp-json\/wp\/v2\/users\/1"}],"replies":[{"embeddable":true,"href":"https:\/\/nlp6.mycube.kz\/fr\/wp-json\/wp\/v2\/comments?post=1015"}],"version-history":[{"count":3,"href":"https:\/\/nlp6.mycube.kz\/fr\/wp-json\/wp\/v2\/pages\/1015\/revisions"}],"predecessor-version":[{"id":1019,"href":"https:\/\/nlp6.mycube.kz\/fr\/wp-json\/wp\/v2\/pages\/1015\/revisions\/1019"}],"wp:attachment":[{"href":"https:\/\/nlp6.mycube.kz\/fr\/wp-json\/wp\/v2\/media?parent=1015"}],"curies":[{"name":"wp","href":"https:\/\/api.w.org\/{rel}","templated":true}]}}