{"id":1031,"date":"2026-03-03T09:29:32","date_gmt":"2026-03-03T06:29:32","guid":{"rendered":"https:\/\/nlp6.mycube.kz\/bonus-terms-and-conditions\/"},"modified":"2026-04-01T16:33:35","modified_gmt":"2026-04-01T13:33:35","slug":"bonus-terms-and-conditions","status":"publish","type":"page","link":"https:\/\/nlp6.mycube.kz\/fr\/bonus-terms-and-conditions\/","title":{"rendered":"Termes et conditions des bonus"},"content":{"rendered":"<section class=\"l-section wpb_row us_custom_9ccc05f2 height_large\"><div class=\"l-section-h i-cf\"><div class=\"g-cols vc_row via_flex valign_top type_default stacking_default\"><div class=\"vc_col-sm-12 wpb_column vc_column_container\"><div class=\"vc_column-inner\"><div class=\"wpb_wrapper\"><div class=\"g-cols wpb_row via_flex valign_middle type_default stacking_default\"><div class=\"vc_col-sm-6 wpb_column vc_column_container\"><div class=\"vc_column-inner\"><div class=\"wpb_wrapper\"><nav class=\"g-breadcrumbs us_custom_183ff87a has_text_color separator_icon align_none\" itemscope itemtype=\"http:\/\/schema.org\/BreadcrumbList\"><div class=\"g-breadcrumbs-item\" itemscope itemprop=\"itemListElement\" itemtype=\"http:\/\/schema.org\/ListItem\"><a itemprop=\"item\" href=\"https:\/\/nlp6.mycube.kz\/fr\/\"><span itemprop=\"name\">Accueil<\/span><\/a><meta itemprop=\"position\" content=\"1\"\/><\/div><div class=\"g-breadcrumbs-separator\"><i class=\"far fa-angle-right\"><\/i><\/div><div class=\"g-breadcrumbs-item\">Pages<\/div><\/nav><div class=\"wpb_text_column\"><div class=\"wpb_wrapper\"><h1>Conditions G\u00e9n\u00e9rales des Bonus<\/h1>\n<\/div><\/div><div class=\"w-separator size_custom\" style=\"height:25px\"><\/div><div class=\"w-btn-wrapper align_none\"><a class=\"w-btn us-btn-style_1\" href=\"\/platform.html\"><span class=\"w-btn-label\">Commencez \u00e0 trader aujourd\u2019hui<\/span><\/a><\/div><\/div><\/div><\/div><div class=\"vc_col-sm-6 wpb_column vc_column_container\"><div class=\"vc_column-inner\"><div class=\"wpb_wrapper\"><div class=\"w-image align_none\"><div class=\"w-image-h\"><img decoding=\"async\" width=\"734\" height=\"320\" src=\"https:\/\/nlp6.mycube.kz\/wp-content\/uploads\/2026\/02\/gr-page.png\" class=\"attachment-full size-full\" alt=\"\" loading=\"lazy\" srcset=\"https:\/\/nlp6.mycube.kz\/wp-content\/uploads\/2026\/02\/gr-page.png 734w, https:\/\/nlp6.mycube.kz\/wp-content\/uploads\/2026\/02\/gr-page-300x131.png 300w\" sizes=\"auto, (max-width: 734px) 100vw, 734px\" \/><\/div><\/div><\/div><\/div><\/div><\/div><div class=\"w-separator hide_on_tablets hide_on_mobiles size_custom\" style=\"height:3rem\"><\/div><\/div><\/div><\/div><\/div><\/div><\/section><section class=\"l-section wpb_row height_large\"><div class=\"l-section-h i-cf\"><div class=\"g-cols vc_row via_flex valign_top type_default reversed stacking_default\"><div class=\"vc_col-sm-4 wpb_column vc_column_container\"><div class=\"vc_column-inner type_sticky\"><div class=\"wpb_wrapper\"><div class=\"g-cols wpb_row us_custom_6df4bc3a has_text_color via_flex valign_top type_boxes stacking_default\"><div class=\"vc_col-sm-12 wpb_column vc_column_container has_bg_color\"><div class=\"vc_column-inner us_custom_d99ff950\"><div class=\"wpb_wrapper\"><section class=\"l-section wpb_row height_auto width_full\"><div class=\"l-section-h i-cf\"><div class=\"g-cols vc_row via_flex valign_top type_default stacking_default\"><div class=\"vc_col-sm-12 wpb_column vc_column_container\"><div class=\"vc_column-inner\"><div class=\"wpb_wrapper\"><div class=\"g-cols wpb_row side-a via_flex valign_top type_default stacking_default\"><div class=\"vc_col-sm-12 wpb_column vc_column_container\"><div class=\"vc_column-inner\"><div class=\"wpb_wrapper\"><div class=\"wpb_text_column\"><div class=\"wpb_wrapper\"><h5>Autres Politiques<\/h5>\n<\/div><\/div><div class=\"w-separator size_custom\" style=\"height:30px\"><\/div><div class=\"wpb_text_column us_custom_6df4bc3a ulmoy2 link-ul has_text_color\"><div class=\"wpb_wrapper\"><ul>\n<li><a href=\"\/fr\/risk-disclosure\/\">Divulgation des Risques<\/a><\/li>\n<li><a href=\"\/fr\/kyc-process\/\">Proc\u00e9dures KYC<\/a><\/li>\n<li><a href=\"\/fr\/bonus-terms-and-conditions\/\">Termes et Conditions des Bonus<\/a><\/li>\n<li><a href=\"\/fr\/terms-and-conditions\/\">Termes et Conditions<\/a><\/li>\n<li><a href=\"\/fr\/cookie-policy\/\">La Politique de Cookies<\/a><\/li>\n<li><a href=\"\/fr\/privacy-policy\/\">La Politique de Confidentialit\u00e9<\/a><\/li>\n<li><a href=\"\/fr\/complaints-dispute-policy\/\">Politique des Plaintes et Litiges<\/a><\/li>\n<\/ul>\n<\/div><\/div><\/div><\/div><\/div><\/div><\/div><\/div><\/div><\/div><\/div><\/section>\n<\/div><\/div><\/div><\/div><\/div><\/div><\/div><div class=\"vc_col-sm-8 wpb_column vc_column_container ulmoy\"><div class=\"vc_column-inner\"><div class=\"wpb_wrapper\"><div class=\"g-cols wpb_row via_flex valign_top type_default stacking_default\"><div class=\"vc_col-sm-12 wpb_column vc_column_container\"><div class=\"vc_column-inner\"><div class=\"wpb_wrapper\"><div class=\"wpb_text_column\"><div class=\"wpb_wrapper\"><h5>Restez inform\u00e9 avec ICBC Markets Management Ltd\u00ae \u2013 Avis 2026<\/h5>\n<p><strong>Annonces officielles, promotions et informations r\u00e9glementaires<\/strong><br \/>\nRestez inform\u00e9 des derni\u00e8res annonces, campagnes promotionnelles et mises \u00e0 jour op\u00e9rationnelles de ICBC Markets Management Ltd en visitant notre site officiel www.icbcmarkets.com. Notre si\u00e8ge social est situ\u00e9 \u00e0 1 Kemble Street, London WC2B 4TS, United Kingdom. En tant que client pr\u00e9cieux, vous pouvez b\u00e9n\u00e9ficier d\u2019offres promotionnelles exclusives. Tous les d\u00e9tails sont fournis dans notre Politique des Bonus, qui fait partie des Conditions G\u00e9n\u00e9rales de la plateforme. En cas d\u2019incoh\u00e9rence, l\u2019ordre de priorit\u00e9 suivant s\u2019applique :<\/p>\n<ul>\n<li><strong>Conditions sp\u00e9cifiques aux bonus<\/strong><\/li>\n<li><strong>Conditions g\u00e9n\u00e9rales de la plateforme<\/strong><\/li>\n<\/ul>\n<\/div><\/div><\/div><\/div><\/div><\/div><div class=\"w-separator size_custom\" style=\"height:30px\"><\/div><div class=\"g-cols wpb_row via_flex valign_top type_default stacking_default\"><div class=\"vc_col-sm-12 wpb_column vc_column_container\"><div class=\"vc_column-inner\"><div class=\"wpb_wrapper\"><div class=\"wpb_text_column\"><div class=\"wpb_wrapper\"><h5>\u00c9ligibilit\u00e9 aux bonus et limitations r\u00e9gionales<\/h5>\n<p>Certaines promotions peuvent \u00eatre restreintes dans des r\u00e9gions sp\u00e9cifiques en raison d\u2019obligations r\u00e9glementaires. Les conditions de retrait li\u00e9es aux bonus peuvent varier selon la juridiction. Pour plus de pr\u00e9cisions, veuillez contacter support@icbcmarkets.com.<\/p>\n<\/div><\/div><\/div><\/div><\/div><\/div><div class=\"w-separator size_custom\" style=\"height:30px\"><\/div><div class=\"g-cols wpb_row via_flex valign_top type_default stacking_default\"><div class=\"vc_col-sm-12 wpb_column vc_column_container\"><div class=\"vc_column-inner\"><div class=\"wpb_wrapper\"><div class=\"wpb_text_column\"><div class=\"wpb_wrapper\"><h5>Un bonus par foyer<\/h5>\n<p>Sauf indication contraire explicite, les bonus promotionnels sont limit\u00e9s \u00e0 un par foyer, quel que soit le nombre de comptes enregistr\u00e9s \u00e0 la m\u00eame adresse.<\/p>\n<\/div><\/div><\/div><\/div><\/div><\/div><div class=\"w-separator size_custom\" style=\"height:30px\"><\/div><div class=\"g-cols wpb_row via_flex valign_top type_default stacking_default\"><div class=\"vc_col-sm-12 wpb_column vc_column_container\"><div class=\"vc_column-inner\"><div class=\"wpb_wrapper\"><div class=\"wpb_text_column\"><div class=\"wpb_wrapper\"><h5>Modifications ou annulation des promotions<\/h5>\n<p>ICBC Markets se r\u00e9serve le droit de modifier, suspendre ou mettre fin \u00e0 toute promotion \u00e0 sa seule discr\u00e9tion et sans pr\u00e9avis.<\/p>\n<\/div><\/div><\/div><\/div><\/div><\/div><div class=\"w-separator size_custom\" style=\"height:30px\"><\/div><div class=\"g-cols wpb_row via_flex valign_top type_default stacking_default\"><div class=\"vc_col-sm-12 wpb_column vc_column_container\"><div class=\"vc_column-inner\"><div class=\"wpb_wrapper\"><div class=\"wpb_text_column\"><div class=\"wpb_wrapper\"><h5>D\u00e9p\u00f4ts refus\u00e9s ou annul\u00e9s<\/h5>\n<p>Si un d\u00e9p\u00f4t est refus\u00e9 ou annul\u00e9 par votre prestataire de paiement, ICBC Markets peut r\u00e9voquer les cr\u00e9dits de bonus associ\u00e9s et annuler les profits g\u00e9n\u00e9r\u00e9s \u00e0 partir de ces bonus.<\/p>\n<\/div><\/div><\/div><\/div><\/div><\/div><div class=\"w-separator size_custom\" style=\"height:30px\"><\/div><div class=\"g-cols wpb_row via_flex valign_top type_default stacking_default\"><div class=\"vc_col-sm-12 wpb_column vc_column_container\"><div class=\"vc_column-inner\"><div class=\"wpb_wrapper\"><div class=\"wpb_text_column\"><div class=\"wpb_wrapper\"><h5>Retraits et remboursements<\/h5>\n<p>Pour tous les d\u00e9tails concernant les retraits ou remboursements, veuillez consulter notre Politique de Retraits et Remboursements disponible sur www.icbcmarkets.com.<\/p>\n<\/div><\/div><\/div><\/div><\/div><\/div><div class=\"w-separator size_custom\" style=\"height:30px\"><\/div><div class=\"g-cols wpb_row via_flex valign_top type_default stacking_default\"><div class=\"vc_col-sm-12 wpb_column vc_column_container\"><div class=\"vc_column-inner\"><div class=\"wpb_wrapper\"><div class=\"wpb_text_column\"><div class=\"wpb_wrapper\"><h5>Attribution et conditions des bonus<\/h5>\n<ul>\n<li><strong>Octroi des bonus<\/strong><br \/>\nICBC Markets peut accorder des bonus \u00e0 sa discr\u00e9tion, y compris des incitatifs de bienvenue ou des offres promotionnelles r\u00e9currentes.<\/li>\n<li><strong>Participation volontaire<\/strong><br \/>\nLa participation aux bonus est facultative. En acceptant et en tradant avec un bonus, vous acceptez de respecter toutes les conditions applicables.<\/li>\n<li><strong>Conditions d\u2019\u00e9ligibilit\u00e9<\/strong><br \/>\nCertaines promotions peuvent exiger de remplir des crit\u00e8res sp\u00e9cifiques, tels qu\u2019un d\u00e9p\u00f4t minimum ou un volume de trading cible dans un d\u00e9lai d\u00e9fini.<\/li>\n<\/ul>\n<\/div><\/div><\/div><\/div><\/div><\/div><div class=\"w-separator size_custom\" style=\"height:30px\"><\/div><div class=\"g-cols wpb_row via_flex valign_top type_default stacking_default\"><div class=\"vc_col-sm-12 wpb_column vc_column_container\"><div class=\"vc_column-inner\"><div class=\"wpb_wrapper\"><div class=\"wpb_text_column\"><div class=\"wpb_wrapper\"><h5>Conditions d\u2019utilisation et restrictions<\/h5>\n<ul>\n<li><strong>Exigence de volume de trading :<\/strong> Pour retirer les profits g\u00e9n\u00e9r\u00e9s par les fonds de bonus, les traders doivent r\u00e9aliser 1 lot standard par unit\u00e9 de bonus.<\/li>\n<li><strong>Non transf\u00e9rable :<\/strong> Les cr\u00e9dits de bonus ne peuvent pas \u00eatre transf\u00e9r\u00e9s entre comptes ni retir\u00e9s ind\u00e9pendamment.<\/li>\n<\/ul>\n<\/div><\/div><\/div><\/div><\/div><\/div><div class=\"w-separator size_custom\" style=\"height:30px\"><\/div><div class=\"g-cols wpb_row via_flex valign_top type_default stacking_default\"><div class=\"vc_col-sm-12 wpb_column vc_column_container\"><div class=\"vc_column-inner\"><div class=\"wpb_wrapper\"><div class=\"wpb_text_column\"><div class=\"wpb_wrapper\"><h5>Abus de bonus et pr\u00e9vention de la fraude<\/h5>\n<ul>\n<li><strong>Contr\u00f4les anti-abus<\/strong><br \/>\nEn cas de d\u00e9tection d\u2019abus, de manipulation ou de violation des conditions des bonus, ICBC Markets peut suspendre ou supprimer les fonds de bonus ainsi que les profits associ\u00e9s.<\/li>\n<li><strong>Mesures d\u2019application<\/strong><br \/>\nLes cas av\u00e9r\u00e9s de fraude, de r\u00e9trofacturation ou de conduite interdite peuvent entra\u00eener la retenue de fonds au-del\u00e0 du d\u00e9p\u00f4t initial, et des poursuites judiciaires peuvent \u00eatre engag\u00e9es le cas \u00e9ch\u00e9ant.<\/li>\n<\/ul>\n<\/div><\/div><\/div><\/div><\/div><\/div><div class=\"w-separator size_custom\" style=\"height:30px\"><\/div><div class=\"g-cols wpb_row via_flex valign_top type_default stacking_default\"><div class=\"vc_col-sm-12 wpb_column vc_column_container\"><div class=\"vc_column-inner\"><div class=\"wpb_wrapper\"><div class=\"wpb_text_column\"><div class=\"wpb_wrapper\"><h5>Ex\u00e9cution des ordres et outils de trading<\/h5>\n<ul>\n<li><strong>Ordres Stop-Loss<\/strong><br \/>\nLes ordres stop-loss d\u00e9clench\u00e9s sont ex\u00e9cut\u00e9s au prochain prix de march\u00e9 disponible. La volatilit\u00e9 du march\u00e9 peut entra\u00eener un slippage.<\/li>\n<li><strong>Ordres Limit<\/strong><br \/>\nLes ordres limit sont ex\u00e9cut\u00e9s au prix sp\u00e9cifi\u00e9 ou meilleur, offrant un meilleur contr\u00f4le sur l\u2019entr\u00e9e et la sortie des trades.<\/li>\n<li><strong>Recommandations de gestion des risques<\/strong><br \/>\nD\u00e9finissez toujours des niveaux de stop-loss avant d\u2019entrer en position, surtout sur des march\u00e9s volatils. \u00c9tablissez des param\u00e8tres de risque clairs avant d\u2019ouvrir des positions pour g\u00e9rer efficacement votre exposition.<\/li>\n<li><strong>Besoin d\u2019aide ?<\/strong><br \/>\nNotre \u00e9quipe de support est disponible pour vous aider avec la configuration des ordres, la mise en place des stop-loss et l\u2019optimisation des fonctionnalit\u00e9s de la plateforme.<\/li>\n<\/ul>\n<\/div><\/div><\/div><\/div><\/div><\/div><div class=\"w-separator size_custom\" style=\"height:30px\"><\/div><div class=\"g-cols wpb_row via_flex valign_top type_default stacking_default\"><div class=\"vc_col-sm-12 wpb_column vc_column_container\"><div class=\"vc_column-inner\"><div class=\"wpb_wrapper\"><div class=\"wpb_text_column\"><div class=\"wpb_wrapper\"><h5>Services tiers et int\u00e9grations<\/h5>\n<p>ICBC Markets peut offrir l\u2019acc\u00e8s \u00e0 des outils tiers ou des services externes. L\u2019utilisation de ces services se fait \u00e0 votre propre discr\u00e9tion. Nous ne sommes pas responsables des erreurs, probl\u00e8mes techniques ou pertes r\u00e9sultant de prestataires tiers.<\/p>\n<\/div><\/div><\/div><\/div><\/div><\/div><div class=\"w-separator size_custom\" style=\"height:30px\"><\/div><div class=\"g-cols wpb_row via_flex valign_top type_default stacking_default\"><div class=\"vc_col-sm-12 wpb_column vc_column_container\"><div class=\"vc_column-inner\"><div class=\"wpb_wrapper\"><div class=\"wpb_text_column\"><div class=\"wpb_wrapper\"><h5>Disponibilit\u00e9 et performance de la plateforme<\/h5>\n<p>Bien que nous nous efforcions d\u2019assurer un acc\u00e8s continu \u00e0 la plateforme, des interruptions temporaires ou des pannes de service peuvent survenir. ICBC Markets n\u2019est pas responsable des retards, des interruptions ou des perturbations techniques.<\/p>\n<\/div><\/div><\/div><\/div><\/div><\/div><div class=\"w-separator size_custom\" style=\"height:30px\"><\/div><div class=\"g-cols wpb_row via_flex valign_top type_default stacking_default\"><div class=\"vc_col-sm-12 wpb_column vc_column_container\"><div class=\"vc_column-inner\"><div class=\"wpb_wrapper\"><div class=\"wpb_text_column\"><div class=\"wpb_wrapper\"><h5>Avis juridique<\/h5>\n<p>Dans la mesure permise par la loi, ICBC Markets n\u2019est pas responsable des pertes indirectes, accessoires ou cons\u00e9cutives, y compris la perte de capital de trading ou de profits. Toute responsabilit\u00e9 est limit\u00e9e au montant d\u00e9pos\u00e9 pour la transaction concern\u00e9e.<\/p>\n<\/div><\/div><\/div><\/div><\/div><\/div><\/div><\/div><\/div><\/div><\/div><\/section>\n","protected":false},"excerpt":{"rendered":"AccueilPagesConditions G\u00e9n\u00e9rales des Bonus Commencez \u00e0 trader aujourd\u2019huiAutres Politiques Divulgation des Risques Proc\u00e9dures KYC Termes et Conditions des Bonus Termes et Conditions La Politique de Cookies La Politique de Confidentialit\u00e9 Politique des Plaintes et Litiges Restez inform\u00e9 avec ICBC Markets Management Ltd\u00ae \u2013 Avis 2026 Annonces officielles, promotions et informations r\u00e9glementaires Restez inform\u00e9 des derni\u00e8res...","protected":false},"author":1,"featured_media":0,"parent":0,"menu_order":0,"comment_status":"closed","ping_status":"closed","template":"","meta":{"footnotes":""},"class_list":["post-1031","page","type-page","status-publish","hentry"],"_links":{"self":[{"href":"https:\/\/nlp6.mycube.kz\/fr\/wp-json\/wp\/v2\/pages\/1031","targetHints":{"allow":["GET"]}}],"collection":[{"href":"https:\/\/nlp6.mycube.kz\/fr\/wp-json\/wp\/v2\/pages"}],"about":[{"href":"https:\/\/nlp6.mycube.kz\/fr\/wp-json\/wp\/v2\/types\/page"}],"author":[{"embeddable":true,"href":"https:\/\/nlp6.mycube.kz\/fr\/wp-json\/wp\/v2\/users\/1"}],"replies":[{"embeddable":true,"href":"https:\/\/nlp6.mycube.kz\/fr\/wp-json\/wp\/v2\/comments?post=1031"}],"version-history":[{"count":2,"href":"https:\/\/nlp6.mycube.kz\/fr\/wp-json\/wp\/v2\/pages\/1031\/revisions"}],"predecessor-version":[{"id":1034,"href":"https:\/\/nlp6.mycube.kz\/fr\/wp-json\/wp\/v2\/pages\/1031\/revisions\/1034"}],"wp:attachment":[{"href":"https:\/\/nlp6.mycube.kz\/fr\/wp-json\/wp\/v2\/media?parent=1031"}],"curies":[{"name":"wp","href":"https:\/\/api.w.org\/{rel}","templated":true}]}}