{"id":1040,"date":"2026-03-03T09:46:22","date_gmt":"2026-03-03T06:46:22","guid":{"rendered":"https:\/\/nlp6.mycube.kz\/terms-and-conditions\/"},"modified":"2026-04-01T16:37:58","modified_gmt":"2026-04-01T13:37:58","slug":"terms-and-conditions","status":"publish","type":"page","link":"https:\/\/nlp6.mycube.kz\/fr\/terms-and-conditions\/","title":{"rendered":"Les Termes et les Conditions"},"content":{"rendered":"<section class=\"l-section wpb_row us_custom_9ccc05f2 height_large\"><div class=\"l-section-h i-cf\"><div class=\"g-cols vc_row via_flex valign_top type_default stacking_default\"><div class=\"vc_col-sm-12 wpb_column vc_column_container\"><div class=\"vc_column-inner\"><div class=\"wpb_wrapper\"><div class=\"g-cols wpb_row via_flex valign_middle type_default stacking_default\"><div class=\"vc_col-sm-6 wpb_column vc_column_container\"><div class=\"vc_column-inner\"><div class=\"wpb_wrapper\"><nav class=\"g-breadcrumbs us_custom_183ff87a has_text_color separator_icon align_none\" itemscope itemtype=\"http:\/\/schema.org\/BreadcrumbList\"><div class=\"g-breadcrumbs-item\" itemscope itemprop=\"itemListElement\" itemtype=\"http:\/\/schema.org\/ListItem\"><a itemprop=\"item\" href=\"https:\/\/nlp6.mycube.kz\/fr\/\"><span itemprop=\"name\">Accueil<\/span><\/a><meta itemprop=\"position\" content=\"1\"\/><\/div><div class=\"g-breadcrumbs-separator\"><i class=\"far fa-angle-right\"><\/i><\/div><div class=\"g-breadcrumbs-item\">Pages<\/div><\/nav><div class=\"wpb_text_column\"><div class=\"wpb_wrapper\"><h1>Conditions G\u00e9n\u00e9rales<\/h1>\n<\/div><\/div><div class=\"w-separator size_custom\" style=\"height:25px\"><\/div><div class=\"w-btn-wrapper align_none\"><a class=\"w-btn us-btn-style_1\" href=\"\/platform.html\"><span class=\"w-btn-label\">Commencez \u00e0 trader aujourd\u2019hui<\/span><\/a><\/div><\/div><\/div><\/div><div class=\"vc_col-sm-6 wpb_column vc_column_container\"><div class=\"vc_column-inner\"><div class=\"wpb_wrapper\"><div class=\"w-image align_none\"><div class=\"w-image-h\"><img decoding=\"async\" width=\"734\" height=\"320\" src=\"https:\/\/nlp6.mycube.kz\/wp-content\/uploads\/2026\/02\/gr-page.png\" class=\"attachment-full size-full\" alt=\"\" loading=\"lazy\" srcset=\"https:\/\/nlp6.mycube.kz\/wp-content\/uploads\/2026\/02\/gr-page.png 734w, https:\/\/nlp6.mycube.kz\/wp-content\/uploads\/2026\/02\/gr-page-300x131.png 300w\" sizes=\"auto, (max-width: 734px) 100vw, 734px\" \/><\/div><\/div><\/div><\/div><\/div><\/div><div class=\"w-separator hide_on_tablets hide_on_mobiles size_custom\" style=\"height:3rem\"><\/div><\/div><\/div><\/div><\/div><\/div><\/section><section class=\"l-section wpb_row height_large\"><div class=\"l-section-h i-cf\"><div class=\"g-cols vc_row via_flex valign_top type_default reversed stacking_default\"><div class=\"vc_col-sm-4 wpb_column vc_column_container\"><div class=\"vc_column-inner type_sticky\"><div class=\"wpb_wrapper\"><div class=\"g-cols wpb_row us_custom_6df4bc3a has_text_color via_flex valign_top type_boxes stacking_default\"><div class=\"vc_col-sm-12 wpb_column vc_column_container has_bg_color\"><div class=\"vc_column-inner us_custom_d99ff950\"><div class=\"wpb_wrapper\"><section class=\"l-section wpb_row height_auto width_full\"><div class=\"l-section-h i-cf\"><div class=\"g-cols vc_row via_flex valign_top type_default stacking_default\"><div class=\"vc_col-sm-12 wpb_column vc_column_container\"><div class=\"vc_column-inner\"><div class=\"wpb_wrapper\"><div class=\"g-cols wpb_row side-a via_flex valign_top type_default stacking_default\"><div class=\"vc_col-sm-12 wpb_column vc_column_container\"><div class=\"vc_column-inner\"><div class=\"wpb_wrapper\"><div class=\"wpb_text_column\"><div class=\"wpb_wrapper\"><h5>Autres Politiques<\/h5>\n<\/div><\/div><div class=\"w-separator size_custom\" style=\"height:30px\"><\/div><div class=\"wpb_text_column us_custom_6df4bc3a ulmoy2 link-ul has_text_color\"><div class=\"wpb_wrapper\"><ul>\n<li><a href=\"\/fr\/risk-disclosure\/\">Divulgation des Risques<\/a><\/li>\n<li><a href=\"\/fr\/kyc-process\/\">Proc\u00e9dures KYC<\/a><\/li>\n<li><a href=\"\/fr\/bonus-terms-and-conditions\/\">Termes et Conditions des Bonus<\/a><\/li>\n<li><a href=\"\/fr\/terms-and-conditions\/\">Termes et Conditions<\/a><\/li>\n<li><a href=\"\/fr\/cookie-policy\/\">La Politique de Cookies<\/a><\/li>\n<li><a href=\"\/fr\/privacy-policy\/\">La Politique de Confidentialit\u00e9<\/a><\/li>\n<li><a href=\"\/fr\/complaints-dispute-policy\/\">Politique des Plaintes et Litiges<\/a><\/li>\n<\/ul>\n<\/div><\/div><\/div><\/div><\/div><\/div><\/div><\/div><\/div><\/div><\/div><\/section>\n<\/div><\/div><\/div><\/div><\/div><\/div><\/div><div class=\"vc_col-sm-8 wpb_column vc_column_container ulmoy\"><div class=\"vc_column-inner\"><div class=\"wpb_wrapper\"><div class=\"g-cols wpb_row via_flex valign_top type_default stacking_default\"><div class=\"vc_col-sm-12 wpb_column vc_column_container\"><div class=\"vc_column-inner\"><div class=\"wpb_wrapper\"><div class=\"wpb_text_column\"><div class=\"wpb_wrapper\"><h5>Besoin d\u2019aide ?<\/h5>\n<p>L\u2019\u00e9quipe de support ICBC Markets est l\u00e0 pour vous aider \u00e0 tout moment. Que ce soit pour configurer des niveaux de Stop-Loss, mettre \u00e0 jour vos informations de compte ou r\u00e9pondre \u00e0 des questions g\u00e9n\u00e9rales sur le trading, nos sp\u00e9cialistes vous apportent un soutien rapide et des solutions personnalis\u00e9es. Contactez-nous \u00e0 tout moment pour une assistance rapide et fiable.<\/p>\n<\/div><\/div><\/div><\/div><\/div><\/div><div class=\"w-separator size_custom\" style=\"height:30px\"><\/div><div class=\"g-cols wpb_row via_flex valign_top type_default stacking_default\"><div class=\"vc_col-sm-12 wpb_column vc_column_container\"><div class=\"vc_column-inner\"><div class=\"wpb_wrapper\"><div class=\"wpb_text_column\"><div class=\"wpb_wrapper\"><h5>Politique d\u2019int\u00e9grit\u00e9 des bonus chez ICBC Markets<\/h5>\n<p>Nous maintenons des normes strictes pour garantir que tous les bonus promotionnels sont utilis\u00e9s de mani\u00e8re \u00e9quitable et conform\u00e9ment \u00e0 leur objectif. ICBC Markets surveille en permanence l\u2019activit\u00e9 de trading afin de d\u00e9tecter tout abus ou manipulation des fonds de bonus.<br \/>\n<strong>Les actions suivantes sont consid\u00e9r\u00e9es comme des violations de notre Politique d\u2019Abus de Bonus et peuvent entra\u00eener une enqu\u00eate :<\/strong><\/p>\n<ul>\n<li>Cr\u00e9ation de plusieurs comptes avec des informations personnelles ou de paiement incoh\u00e9rentes<\/li>\n<li>Utilisation du m\u00eame compte bancaire ou de la m\u00eame carte de paiement sur plusieurs comptes<\/li>\n<li>Demande de r\u00e9trofacturation ou annulation de d\u00e9p\u00f4ts pr\u00e9c\u00e9demment approuv\u00e9s<\/li>\n<li>Ouverture de comptes uniquement pour obtenir des bonus ou des incitatifs promotionnels<\/li>\n<li>Utilisation de techniques de trading exploitantes (telles que des strat\u00e9gies sans risque ou du hedging) pour abuser des fonds de bonus<\/li>\n<\/ul>\n<\/div><\/div><\/div><\/div><\/div><\/div><div class=\"w-separator size_custom\" style=\"height:30px\"><\/div><div class=\"g-cols wpb_row via_flex valign_top type_default stacking_default\"><div class=\"vc_col-sm-12 wpb_column vc_column_container\"><div class=\"vc_column-inner\"><div class=\"wpb_wrapper\"><div class=\"wpb_text_column\"><div class=\"wpb_wrapper\"><h5>En cas d\u2019abus d\u00e9tect\u00e9, ICBC Markets peut :<\/h5>\n<ul>\n<li>Annuler les profits g\u00e9n\u00e9r\u00e9s par des bonus utilis\u00e9s de mani\u00e8re inappropri\u00e9e<\/li>\n<li>Cl\u00f4turer d\u00e9finitivement les comptes concern\u00e9s<\/li>\n<li>Conserver les soldes associ\u00e9s \u00e0 un comportement frauduleux ou abusif<\/li>\n<li>Limiter ou refuser l\u2019acc\u00e8s aux futures promotions<\/li>\n<\/ul>\n<p>Ces mesures contribuent \u00e0 pr\u00e9server l\u2019\u00e9quit\u00e9 et \u00e0 prot\u00e9ger l\u2019int\u00e9grit\u00e9 de tous les programmes promotionnels. Pour plus de d\u00e9tails, veuillez contacter notre \u00e9quipe de support.<\/p>\n<\/div><\/div><\/div><\/div><\/div><\/div><div class=\"w-separator size_custom\" style=\"height:30px\"><\/div><div class=\"g-cols wpb_row via_flex valign_top type_default stacking_default\"><div class=\"vc_col-sm-12 wpb_column vc_column_container\"><div class=\"vc_column-inner\"><div class=\"wpb_wrapper\"><div class=\"wpb_text_column\"><div class=\"wpb_wrapper\"><h5>Cadre juridique &amp; conditions d\u2019utilisation<\/h5>\n<ul>\n<li><strong>Limites de responsabilit\u00e9<\/strong><br \/>\nICBC Markets n\u2019est pas responsable des pertes directes ou indirectes d\u00e9coulant de l\u2019interpr\u00e9tation ou de l\u2019application de cette politique, y compris les pertes financi\u00e8res, les profits manqu\u00e9s ou les inexactitudes de donn\u00e9es.<\/li>\n<li><strong>Droit applicable &amp; juridiction<\/strong><br \/>\nCette politique est r\u00e9gie par les r\u00e8gles ICC ADR et les lois de Saint-Vincent-et-les-Grenadines. ICBC Markets se r\u00e9serve le droit d\u2019engager des actions en justice dans d\u2019autres juridictions si n\u00e9cessaire.<\/li>\n<li><strong>Licence d\u2019utilisation de la plateforme<\/strong><br \/>\nEn ouvrant un compte, vous b\u00e9n\u00e9ficiez d\u2019un droit limit\u00e9 et non exclusif d\u2019acc\u00e9der \u00e0 et d\u2019utiliser la plateforme ICBC Markets. Toute reproduction, distribution ou modification du contenu de la plateforme sans autorisation \u00e9crite est strictement interdite.<\/li>\n<li><strong>Suspension ou r\u00e9siliation de la licence<\/strong><br \/>\nL\u2019acc\u00e8s \u00e0 la plateforme peut \u00eatre limit\u00e9 ou r\u00e9voqu\u00e9 en cas de fourniture d\u2019informations fausses ou de violation des r\u00e8gles de la plateforme. Cela peut inclure une restriction d\u2019acc\u00e8s au contenu ou aux fonds.<\/li>\n<\/ul>\n<\/div><\/div><\/div><\/div><\/div><\/div><div class=\"w-separator size_custom\" style=\"height:30px\"><\/div><div class=\"g-cols wpb_row via_flex valign_top type_default stacking_default\"><div class=\"vc_col-sm-12 wpb_column vc_column_container\"><div class=\"vc_column-inner\"><div class=\"wpb_wrapper\"><div class=\"wpb_text_column\"><div class=\"wpb_wrapper\"><h5>Avertissement sur les risques<\/h5>\n<p>Le trading avec ICBC Markets comporte des risques, y compris la possibilit\u00e9 de perdre une partie ou la totalit\u00e9 de votre capital investi. Ne tradez qu\u2019avec des fonds que vous pouvez vous permettre de perdre.<\/p>\n<\/div><\/div><\/div><\/div><\/div><\/div><div class=\"w-separator size_custom\" style=\"height:30px\"><\/div><div class=\"g-cols wpb_row via_flex valign_top type_default stacking_default\"><div class=\"vc_col-sm-12 wpb_column vc_column_container\"><div class=\"vc_column-inner\"><div class=\"wpb_wrapper\"><div class=\"wpb_text_column\"><div class=\"wpb_wrapper\"><h5>R\u00e8glement des litiges<\/h5>\n<p>Nous nous effor\u00e7ons de r\u00e9soudre les litiges par une communication directe. Si une r\u00e9solution interne n\u2019aboutit pas, chaque partie peut engager une proc\u00e9dure d\u2019arbitrage conform\u00e9ment aux r\u00e8gles ICC ADR, dont les d\u00e9cisions seront finales et contraignantes.<\/p>\n<\/div><\/div><\/div><\/div><\/div><\/div><div class=\"w-separator size_custom\" style=\"height:30px\"><\/div><div class=\"g-cols wpb_row via_flex valign_top type_default stacking_default\"><div class=\"vc_col-sm-12 wpb_column vc_column_container\"><div class=\"vc_column-inner\"><div class=\"wpb_wrapper\"><div class=\"wpb_text_column\"><div class=\"wpb_wrapper\"><h5>S\u00e9curit\u00e9 en ligne &amp; protection des mineurs<\/h5>\n<p>ICBC Markets ne collecte pas sciemment d\u2019informations personnelles aupr\u00e8s de personnes \u00e2g\u00e9es de moins de 18 ans. Nos services sont destin\u00e9s aux adultes, et les parents ou tuteurs sont encourag\u00e9s \u00e0 superviser l\u2019activit\u00e9 en ligne des mineurs.<\/p>\n<\/div><\/div><\/div><\/div><\/div><\/div><div class=\"w-separator size_custom\" style=\"height:30px\"><\/div><div class=\"g-cols wpb_row via_flex valign_top type_default stacking_default\"><div class=\"vc_col-sm-12 wpb_column vc_column_container\"><div class=\"vc_column-inner\"><div class=\"wpb_wrapper\"><div class=\"wpb_text_column\"><div class=\"wpb_wrapper\"><h5>Outils \u00e9ducatifs &amp; avertissement sur les investissements<\/h5>\n<p>Les graphiques, outils d\u2019analyse et documents \u00e9ducatifs sont fournis \u00e0 titre informatif et \u00e9ducatif uniquement et ne constituent pas un conseil en investissement personnalis\u00e9.<\/p>\n<\/div><\/div><\/div><\/div><\/div><\/div><div class=\"w-separator size_custom\" style=\"height:30px\"><\/div><div class=\"g-cols wpb_row via_flex valign_top type_default stacking_default\"><div class=\"vc_col-sm-12 wpb_column vc_column_container\"><div class=\"vc_column-inner\"><div class=\"wpb_wrapper\"><div class=\"wpb_text_column\"><div class=\"wpb_wrapper\"><h5>Exactitude des informations<\/h5>\n<p>Bien que nous nous efforcions de fournir des informations exactes et \u00e0 jour, ICBC Markets ne garantit pas une exactitude compl\u00e8te. Une recherche ind\u00e9pendante est toujours recommand\u00e9e avant de trader.<\/p>\n<\/div><\/div><\/div><\/div><\/div><\/div><div class=\"w-separator size_custom\" style=\"height:30px\"><\/div><div class=\"g-cols wpb_row via_flex valign_top type_default stacking_default\"><div class=\"vc_col-sm-12 wpb_column vc_column_container\"><div class=\"vc_column-inner\"><div class=\"wpb_wrapper\"><div class=\"wpb_text_column\"><div class=\"wpb_wrapper\"><h5>Modifications des services<\/h5>\n<p>Nous pouvons mettre \u00e0 jour, suspendre ou modifier les fonctionnalit\u00e9s, outils ou contenus de la plateforme \u00e0 tout moment et sans pr\u00e9avis.<\/p>\n<\/div><\/div><\/div><\/div><\/div><\/div><div class=\"w-separator size_custom\" style=\"height:30px\"><\/div><div class=\"g-cols wpb_row via_flex valign_top type_default stacking_default\"><div class=\"vc_col-sm-12 wpb_column vc_column_container\"><div class=\"vc_column-inner\"><div class=\"wpb_wrapper\"><div class=\"wpb_text_column\"><div class=\"wpb_wrapper\"><h5>Int\u00e9grations tierces<\/h5>\n<p>La plateforme peut offrir l\u2019acc\u00e8s \u00e0 des services externes. ICBC Markets n\u2019est pas responsable des probl\u00e8mes techniques, erreurs ou pertes caus\u00e9s par des prestataires tiers.<\/p>\n<\/div><\/div><\/div><\/div><\/div><\/div><div class=\"w-separator size_custom\" style=\"height:30px\"><\/div><div class=\"g-cols wpb_row via_flex valign_top type_default stacking_default\"><div class=\"vc_col-sm-12 wpb_column vc_column_container\"><div class=\"vc_column-inner\"><div class=\"wpb_wrapper\"><div class=\"wpb_text_column\"><div class=\"wpb_wrapper\"><h5>Surveillance des transactions &amp; contr\u00f4les d\u2019acc\u00e8s<\/h5>\n<p>L\u2019acc\u00e8s \u00e0 la plateforme, l\u2019activit\u00e9 du compte ou les transactions peuvent \u00eatre restreints ou suspendus en cas de comportement suspect ou de violation des r\u00e8gles.<\/p>\n<\/div><\/div><\/div><\/div><\/div><\/div><div class=\"w-separator size_custom\" style=\"height:30px\"><\/div><div class=\"g-cols wpb_row via_flex valign_top type_default stacking_default\"><div class=\"vc_col-sm-12 wpb_column vc_column_container\"><div class=\"vc_column-inner\"><div class=\"wpb_wrapper\"><div class=\"wpb_text_column\"><div class=\"wpb_wrapper\"><h5>Restrictions de disponibilit\u00e9 r\u00e9gionale<\/h5>\n<p>Certains services, fonctionnalit\u00e9s ou promotions peuvent \u00eatre indisponibles dans certaines r\u00e9gions en raison d\u2019exigences r\u00e9glementaires. Consultez nos Conditions G\u00e9n\u00e9rales ou contactez le support pour des informations sp\u00e9cifiques \u00e0 votre r\u00e9gion.<\/p>\n<\/div><\/div><\/div><\/div><\/div><\/div><div class=\"w-separator size_custom\" style=\"height:30px\"><\/div><div class=\"g-cols wpb_row via_flex valign_top type_default stacking_default\"><div class=\"vc_col-sm-12 wpb_column vc_column_container\"><div class=\"vc_column-inner\"><div class=\"wpb_wrapper\"><div class=\"wpb_text_column\"><div class=\"wpb_wrapper\"><h5>Questions ou besoin de clarification ?<\/h5>\n<p>Pour plus d\u2019informations sur une politique ou une proc\u00e9dure, contactez support@icbcmarkets.com. Notre engagement est de maintenir un environnement de trading transparent, s\u00e9curis\u00e9 et \u00e9quitable pour tous nos clients.<\/p>\n<\/div><\/div><\/div><\/div><\/div><\/div><\/div><\/div><\/div><\/div><\/div><\/section>\n","protected":false},"excerpt":{"rendered":"AccueilPagesConditions G\u00e9n\u00e9rales Commencez \u00e0 trader aujourd\u2019huiAutres Politiques Divulgation des Risques Proc\u00e9dures KYC Termes et Conditions des Bonus Termes et Conditions La Politique de Cookies La Politique de Confidentialit\u00e9 Politique des Plaintes et Litiges Besoin d\u2019aide ? L\u2019\u00e9quipe de support ICBC Markets est l\u00e0 pour vous aider \u00e0 tout moment. Que ce soit pour configurer des...","protected":false},"author":1,"featured_media":0,"parent":0,"menu_order":0,"comment_status":"closed","ping_status":"closed","template":"","meta":{"footnotes":""},"class_list":["post-1040","page","type-page","status-publish","hentry"],"_links":{"self":[{"href":"https:\/\/nlp6.mycube.kz\/fr\/wp-json\/wp\/v2\/pages\/1040","targetHints":{"allow":["GET"]}}],"collection":[{"href":"https:\/\/nlp6.mycube.kz\/fr\/wp-json\/wp\/v2\/pages"}],"about":[{"href":"https:\/\/nlp6.mycube.kz\/fr\/wp-json\/wp\/v2\/types\/page"}],"author":[{"embeddable":true,"href":"https:\/\/nlp6.mycube.kz\/fr\/wp-json\/wp\/v2\/users\/1"}],"replies":[{"embeddable":true,"href":"https:\/\/nlp6.mycube.kz\/fr\/wp-json\/wp\/v2\/comments?post=1040"}],"version-history":[{"count":1,"href":"https:\/\/nlp6.mycube.kz\/fr\/wp-json\/wp\/v2\/pages\/1040\/revisions"}],"predecessor-version":[{"id":1041,"href":"https:\/\/nlp6.mycube.kz\/fr\/wp-json\/wp\/v2\/pages\/1040\/revisions\/1041"}],"wp:attachment":[{"href":"https:\/\/nlp6.mycube.kz\/fr\/wp-json\/wp\/v2\/media?parent=1040"}],"curies":[{"name":"wp","href":"https:\/\/api.w.org\/{rel}","templated":true}]}}