{"id":1048,"date":"2026-03-03T09:56:33","date_gmt":"2026-03-03T06:56:33","guid":{"rendered":"https:\/\/nlp6.mycube.kz\/cookie-policy\/"},"modified":"2026-04-01T16:44:35","modified_gmt":"2026-04-01T13:44:35","slug":"cookie-policy","status":"publish","type":"page","link":"https:\/\/nlp6.mycube.kz\/fr\/cookie-policy\/","title":{"rendered":"La Politique de Cookies"},"content":{"rendered":"<section class=\"l-section wpb_row us_custom_9ccc05f2 height_large\"><div class=\"l-section-h i-cf\"><div class=\"g-cols vc_row via_flex valign_top type_default stacking_default\"><div class=\"vc_col-sm-12 wpb_column vc_column_container\"><div class=\"vc_column-inner\"><div class=\"wpb_wrapper\"><div class=\"g-cols wpb_row via_flex valign_middle type_default stacking_default\"><div class=\"vc_col-sm-6 wpb_column vc_column_container\"><div class=\"vc_column-inner\"><div class=\"wpb_wrapper\"><nav class=\"g-breadcrumbs us_custom_183ff87a has_text_color separator_icon align_none\" itemscope itemtype=\"http:\/\/schema.org\/BreadcrumbList\"><div class=\"g-breadcrumbs-item\" itemscope itemprop=\"itemListElement\" itemtype=\"http:\/\/schema.org\/ListItem\"><a itemprop=\"item\" href=\"https:\/\/nlp6.mycube.kz\/fr\/\"><span itemprop=\"name\">Accueil<\/span><\/a><meta itemprop=\"position\" content=\"1\"\/><\/div><div class=\"g-breadcrumbs-separator\"><i class=\"far fa-angle-right\"><\/i><\/div><div class=\"g-breadcrumbs-item\">Pages<\/div><\/nav><div class=\"wpb_text_column\"><div class=\"wpb_wrapper\"><h1>La Politique de Cookies<\/h1>\n<\/div><\/div><div class=\"w-separator size_custom\" style=\"height:25px\"><\/div><div class=\"w-btn-wrapper align_none\"><a class=\"w-btn us-btn-style_1\" href=\"\/platform.html\"><span class=\"w-btn-label\">Commencez \u00e0 trader aujourd\u2019hui<\/span><\/a><\/div><\/div><\/div><\/div><div class=\"vc_col-sm-6 wpb_column vc_column_container\"><div class=\"vc_column-inner\"><div class=\"wpb_wrapper\"><div class=\"w-image align_none\"><div class=\"w-image-h\"><img decoding=\"async\" width=\"734\" height=\"320\" src=\"https:\/\/nlp6.mycube.kz\/wp-content\/uploads\/2026\/02\/gr-page.png\" class=\"attachment-full size-full\" alt=\"\" loading=\"lazy\" srcset=\"https:\/\/nlp6.mycube.kz\/wp-content\/uploads\/2026\/02\/gr-page.png 734w, https:\/\/nlp6.mycube.kz\/wp-content\/uploads\/2026\/02\/gr-page-300x131.png 300w\" sizes=\"auto, (max-width: 734px) 100vw, 734px\" \/><\/div><\/div><\/div><\/div><\/div><\/div><div class=\"w-separator hide_on_tablets hide_on_mobiles size_custom\" style=\"height:3rem\"><\/div><\/div><\/div><\/div><\/div><\/div><\/section><section class=\"l-section wpb_row height_large\"><div class=\"l-section-h i-cf\"><div class=\"g-cols vc_row via_flex valign_top type_default reversed stacking_default\"><div class=\"vc_col-sm-4 wpb_column vc_column_container\"><div class=\"vc_column-inner type_sticky\"><div class=\"wpb_wrapper\"><div class=\"g-cols wpb_row us_custom_6df4bc3a has_text_color via_flex valign_top type_boxes stacking_default\"><div class=\"vc_col-sm-12 wpb_column vc_column_container has_bg_color\"><div class=\"vc_column-inner us_custom_d99ff950\"><div class=\"wpb_wrapper\"><section class=\"l-section wpb_row height_auto width_full\"><div class=\"l-section-h i-cf\"><div class=\"g-cols vc_row via_flex valign_top type_default stacking_default\"><div class=\"vc_col-sm-12 wpb_column vc_column_container\"><div class=\"vc_column-inner\"><div class=\"wpb_wrapper\"><div class=\"g-cols wpb_row side-a via_flex valign_top type_default stacking_default\"><div class=\"vc_col-sm-12 wpb_column vc_column_container\"><div class=\"vc_column-inner\"><div class=\"wpb_wrapper\"><div class=\"wpb_text_column\"><div class=\"wpb_wrapper\"><h5>Autres Politiques<\/h5>\n<\/div><\/div><div class=\"w-separator size_custom\" style=\"height:30px\"><\/div><div class=\"wpb_text_column us_custom_6df4bc3a ulmoy2 link-ul has_text_color\"><div class=\"wpb_wrapper\"><ul>\n<li><a href=\"\/fr\/risk-disclosure\/\">Divulgation des Risques<\/a><\/li>\n<li><a href=\"\/fr\/kyc-process\/\">Proc\u00e9dures KYC<\/a><\/li>\n<li><a href=\"\/fr\/bonus-terms-and-conditions\/\">Termes et Conditions des Bonus<\/a><\/li>\n<li><a href=\"\/fr\/terms-and-conditions\/\">Termes et Conditions<\/a><\/li>\n<li><a href=\"\/fr\/cookie-policy\/\">La Politique de Cookies<\/a><\/li>\n<li><a href=\"\/fr\/privacy-policy\/\">La Politique de Confidentialit\u00e9<\/a><\/li>\n<li><a href=\"\/fr\/complaints-dispute-policy\/\">Politique des Plaintes et Litiges<\/a><\/li>\n<\/ul>\n<\/div><\/div><\/div><\/div><\/div><\/div><\/div><\/div><\/div><\/div><\/div><\/section>\n<\/div><\/div><\/div><\/div><\/div><\/div><\/div><div class=\"vc_col-sm-8 wpb_column vc_column_container ulmoy\"><div class=\"vc_column-inner\"><div class=\"wpb_wrapper\"><div class=\"g-cols wpb_row via_flex valign_top type_default stacking_default\"><div class=\"vc_col-sm-12 wpb_column vc_column_container\"><div class=\"vc_column-inner\"><div class=\"wpb_wrapper\"><div class=\"wpb_text_column\"><div class=\"wpb_wrapper\"><h5>Types de cookies utilis\u00e9s par ICBC Markets<\/h5>\n<p><strong>Cookies de compte et de pr\u00e9f\u00e9rences:<\/strong><br \/>\nCes cookies facilitent la cr\u00e9ation de compte et enregistrent vos param\u00e8tres personnels. Ils permettent de garantir que les pr\u00e9f\u00e9rences que vous avez s\u00e9lectionn\u00e9es restent inchang\u00e9es, m\u00eame apr\u00e8s votre d\u00e9connexion et votre retour ult\u00e9rieur.<\/p>\n<p><strong>Cookies de connexion et de session:<\/strong><br \/>\nCes cookies assurent la s\u00e9curit\u00e9 des sessions de connexion et vous \u00e9vitent de devoir vous reconnecter \u00e0 chaque fois. Pour des raisons de s\u00e9curit\u00e9, ils expirent automatiquement d\u00e8s que vous vous d\u00e9connectez.<\/p>\n<p><strong>Cookies de messagerie et de notification:<\/strong><br \/>\nCes cookies g\u00e8rent la mani\u00e8re dont nous communiquons avec vous, permettant \u00e0 ICBC Markets de vous envoyer des mises \u00e0 jour personnalis\u00e9es, des messages promotionnels et des alertes en fonction des pr\u00e9f\u00e9rences que vous avez choisies.<\/p>\n<p><strong>Cookies d&rsquo;enqu\u00eate et de commentaires :<\/strong><br \/>\nAfin de garantir l&rsquo;exactitude des donn\u00e9es d&rsquo;enqu\u00eate et d&rsquo;\u00e9viter les r\u00e9ponses en double, ces cookies surveillent la participation et emp\u00eachent l&rsquo;affichage r\u00e9p\u00e9t\u00e9 des invites d&rsquo;enqu\u00eate.<\/p>\n<p><strong>Cookies de remplissage automatique des formulaires:<\/strong><br \/>\nCes cookies temporaires m\u00e9morisent les informations saisies dans les formulaires, ce qui permet de remplir plus rapidement les futurs formulaires en renseignant automatiquement les informations fournies pr\u00e9c\u00e9demment.<\/p>\n<p><strong>Cookies de mise en page et de personnalisation:<\/strong><br \/>\nCon\u00e7us pour am\u00e9liorer votre exp\u00e9rience de navigation, ces cookies enregistrent vos pr\u00e9f\u00e9rences en mati\u00e8re d&rsquo;interface et de mise en page, garantissant ainsi une exp\u00e9rience coh\u00e9rente et personnalis\u00e9e \u00e0 chaque visite.<\/p>\n<\/div><\/div><\/div><\/div><\/div><\/div><\/div><\/div><\/div><\/div><\/div><\/section>\n","protected":false},"excerpt":{"rendered":"AccueilPagesLa Politique de Cookies Commencez \u00e0 trader aujourd\u2019huiAutres Politiques Divulgation des Risques Proc\u00e9dures KYC Termes et Conditions des Bonus Termes et Conditions La Politique de Cookies La Politique de Confidentialit\u00e9 Politique des Plaintes et Litiges Types de cookies utilis\u00e9s par ICBC Markets Cookies de compte et de pr\u00e9f\u00e9rences: Ces cookies facilitent la cr\u00e9ation de compte...","protected":false},"author":1,"featured_media":0,"parent":0,"menu_order":0,"comment_status":"closed","ping_status":"closed","template":"","meta":{"footnotes":""},"class_list":["post-1048","page","type-page","status-publish","hentry"],"_links":{"self":[{"href":"https:\/\/nlp6.mycube.kz\/fr\/wp-json\/wp\/v2\/pages\/1048","targetHints":{"allow":["GET"]}}],"collection":[{"href":"https:\/\/nlp6.mycube.kz\/fr\/wp-json\/wp\/v2\/pages"}],"about":[{"href":"https:\/\/nlp6.mycube.kz\/fr\/wp-json\/wp\/v2\/types\/page"}],"author":[{"embeddable":true,"href":"https:\/\/nlp6.mycube.kz\/fr\/wp-json\/wp\/v2\/users\/1"}],"replies":[{"embeddable":true,"href":"https:\/\/nlp6.mycube.kz\/fr\/wp-json\/wp\/v2\/comments?post=1048"}],"version-history":[{"count":2,"href":"https:\/\/nlp6.mycube.kz\/fr\/wp-json\/wp\/v2\/pages\/1048\/revisions"}],"predecessor-version":[{"id":1050,"href":"https:\/\/nlp6.mycube.kz\/fr\/wp-json\/wp\/v2\/pages\/1048\/revisions\/1050"}],"wp:attachment":[{"href":"https:\/\/nlp6.mycube.kz\/fr\/wp-json\/wp\/v2\/media?parent=1048"}],"curies":[{"name":"wp","href":"https:\/\/api.w.org\/{rel}","templated":true}]}}