{"id":1056,"date":"2026-03-03T09:59:31","date_gmt":"2026-03-03T06:59:31","guid":{"rendered":"https:\/\/nlp6.mycube.kz\/privacy-policy\/"},"modified":"2026-04-01T16:49:13","modified_gmt":"2026-04-01T13:49:13","slug":"privacy-policy","status":"publish","type":"page","link":"https:\/\/nlp6.mycube.kz\/fr\/privacy-policy\/","title":{"rendered":"La Politique de Confidentialit\u00e9"},"content":{"rendered":"<section class=\"l-section wpb_row us_custom_9ccc05f2 height_large\"><div class=\"l-section-h i-cf\"><div class=\"g-cols vc_row via_flex valign_top type_default stacking_default\"><div class=\"vc_col-sm-12 wpb_column vc_column_container\"><div class=\"vc_column-inner\"><div class=\"wpb_wrapper\"><div class=\"g-cols wpb_row via_flex valign_middle type_default stacking_default\"><div class=\"vc_col-sm-6 wpb_column vc_column_container\"><div class=\"vc_column-inner\"><div class=\"wpb_wrapper\"><nav class=\"g-breadcrumbs us_custom_183ff87a has_text_color separator_icon align_none\" itemscope itemtype=\"http:\/\/schema.org\/BreadcrumbList\"><div class=\"g-breadcrumbs-item\" itemscope itemprop=\"itemListElement\" itemtype=\"http:\/\/schema.org\/ListItem\"><a itemprop=\"item\" href=\"https:\/\/nlp6.mycube.kz\/fr\/\"><span itemprop=\"name\">Accueil<\/span><\/a><meta itemprop=\"position\" content=\"1\"\/><\/div><div class=\"g-breadcrumbs-separator\"><i class=\"far fa-angle-right\"><\/i><\/div><div class=\"g-breadcrumbs-item\">Pages<\/div><\/nav><div class=\"wpb_text_column\"><div class=\"wpb_wrapper\"><h1>Politique de Confidentialit\u00e9<\/h1>\n<\/div><\/div><div class=\"w-separator size_custom\" style=\"height:25px\"><\/div><div class=\"w-btn-wrapper align_none\"><a class=\"w-btn us-btn-style_1\" href=\"\/platform.html\"><span class=\"w-btn-label\">Commencez \u00e0 trader aujourd\u2019hui<\/span><\/a><\/div><\/div><\/div><\/div><div class=\"vc_col-sm-6 wpb_column vc_column_container\"><div class=\"vc_column-inner\"><div class=\"wpb_wrapper\"><div class=\"w-image align_none\"><div class=\"w-image-h\"><img decoding=\"async\" width=\"734\" height=\"320\" src=\"https:\/\/nlp6.mycube.kz\/wp-content\/uploads\/2026\/02\/gr-page.png\" class=\"attachment-full size-full\" alt=\"\" loading=\"lazy\" srcset=\"https:\/\/nlp6.mycube.kz\/wp-content\/uploads\/2026\/02\/gr-page.png 734w, https:\/\/nlp6.mycube.kz\/wp-content\/uploads\/2026\/02\/gr-page-300x131.png 300w\" sizes=\"auto, (max-width: 734px) 100vw, 734px\" \/><\/div><\/div><\/div><\/div><\/div><\/div><div class=\"w-separator hide_on_tablets hide_on_mobiles size_custom\" style=\"height:3rem\"><\/div><\/div><\/div><\/div><\/div><\/div><\/section><section class=\"l-section wpb_row height_large\"><div class=\"l-section-h i-cf\"><div class=\"g-cols vc_row via_flex valign_top type_default reversed stacking_default\"><div class=\"vc_col-sm-4 wpb_column vc_column_container\"><div class=\"vc_column-inner type_sticky\"><div class=\"wpb_wrapper\"><div class=\"g-cols wpb_row us_custom_6df4bc3a has_text_color via_flex valign_top type_boxes stacking_default\"><div class=\"vc_col-sm-12 wpb_column vc_column_container has_bg_color\"><div class=\"vc_column-inner us_custom_d99ff950\"><div class=\"wpb_wrapper\"><section class=\"l-section wpb_row height_auto width_full\"><div class=\"l-section-h i-cf\"><div class=\"g-cols vc_row via_flex valign_top type_default stacking_default\"><div class=\"vc_col-sm-12 wpb_column vc_column_container\"><div class=\"vc_column-inner\"><div class=\"wpb_wrapper\"><div class=\"g-cols wpb_row side-a via_flex valign_top type_default stacking_default\"><div class=\"vc_col-sm-12 wpb_column vc_column_container\"><div class=\"vc_column-inner\"><div class=\"wpb_wrapper\"><div class=\"wpb_text_column\"><div class=\"wpb_wrapper\"><h5>Autres Politiques<\/h5>\n<\/div><\/div><div class=\"w-separator size_custom\" style=\"height:30px\"><\/div><div class=\"wpb_text_column us_custom_6df4bc3a ulmoy2 link-ul has_text_color\"><div class=\"wpb_wrapper\"><ul>\n<li><a href=\"\/fr\/risk-disclosure\/\">Divulgation des Risques<\/a><\/li>\n<li><a href=\"\/fr\/kyc-process\/\">Proc\u00e9dures KYC<\/a><\/li>\n<li><a href=\"\/fr\/bonus-terms-and-conditions\/\">Termes et Conditions des Bonus<\/a><\/li>\n<li><a href=\"\/fr\/terms-and-conditions\/\">Termes et Conditions<\/a><\/li>\n<li><a href=\"\/fr\/cookie-policy\/\">La Politique de Cookies<\/a><\/li>\n<li><a href=\"\/fr\/privacy-policy\/\">La Politique de Confidentialit\u00e9<\/a><\/li>\n<li><a href=\"\/fr\/complaints-dispute-policy\/\">Politique des Plaintes et Litiges<\/a><\/li>\n<\/ul>\n<\/div><\/div><\/div><\/div><\/div><\/div><\/div><\/div><\/div><\/div><\/div><\/section>\n<\/div><\/div><\/div><\/div><\/div><\/div><\/div><div class=\"vc_col-sm-8 wpb_column vc_column_container ulmoy\"><div class=\"vc_column-inner\"><div class=\"wpb_wrapper\"><div class=\"g-cols wpb_row via_flex valign_top type_default stacking_default\"><div class=\"vc_col-sm-12 wpb_column vc_column_container\"><div class=\"vc_column-inner\"><div class=\"wpb_wrapper\"><div class=\"wpb_text_column\"><div class=\"wpb_wrapper\"><h5>Comment ICBC Markets utilise les cookies et les balises web<\/h5>\n<p>Pour offrir une exp\u00e9rience utilisateur fluide et plus personnalis\u00e9e, ICBC Markets utilise des cookies et des balises web (web beacons). Ces technologies nous aident \u00e0 m\u00e9moriser vos pr\u00e9f\u00e9rences, \u00e0 analyser la mani\u00e8re dont les utilisateurs interagissent avec la plateforme et \u00e0 am\u00e9liorer les performances globales du site. Pour plus de d\u00e9tails, veuillez consulter la Politique des Cookies de ICBC Markets.<\/p>\n<\/div><\/div><\/div><\/div><\/div><\/div><div class=\"w-separator size_custom\" style=\"height:30px\"><\/div><div class=\"g-cols wpb_row via_flex valign_top type_default stacking_default\"><div class=\"vc_col-sm-12 wpb_column vc_column_container\"><div class=\"vc_column-inner\"><div class=\"wpb_wrapper\"><div class=\"wpb_text_column\"><div class=\"wpb_wrapper\"><h5>Publicit\u00e9 tierce et suivi externe<\/h5>\n<p>Certains contenus et publicit\u00e9s affich\u00e9s sur notre plateforme sont fournis par des partenaires tiers. Ces annonceurs externes peuvent utiliser des cookies, des balises web ou des outils de suivi similaires conform\u00e9ment \u00e0 leurs propres politiques de confidentialit\u00e9. Lorsque cela est possible, nous incluons des liens vers leurs politiques pour votre information.<\/p>\n<\/div><\/div><\/div><\/div><\/div><\/div><div class=\"w-separator size_custom\" style=\"height:30px\"><\/div><div class=\"g-cols wpb_row via_flex valign_top type_default stacking_default\"><div class=\"vc_col-sm-12 wpb_column vc_column_container\"><div class=\"vc_column-inner\"><div class=\"wpb_wrapper\"><div class=\"wpb_text_column\"><div class=\"wpb_wrapper\"><h5>Technologies utilis\u00e9es par les annonceurs externes<\/h5>\n<p>Les partenaires publicitaires peuvent collecter des donn\u00e9es non identifiables \u2014 telles que des adresses IP \u2014 via des cookies, des balises web, JavaScript ou des technologies similaires. Ces informations les aident \u00e0 diffuser des publicit\u00e9s pertinentes et \u00e0 \u00e9valuer l\u2019efficacit\u00e9 de leurs campagnes. ICBC Markets ne contr\u00f4le ni ne supervise la mani\u00e8re dont les tiers collectent ou utilisent ces donn\u00e9es.<\/p>\n<\/div><\/div><\/div><\/div><\/div><\/div><div class=\"w-separator size_custom\" style=\"height:30px\"><\/div><div class=\"g-cols wpb_row via_flex valign_top type_default stacking_default\"><div class=\"vc_col-sm-12 wpb_column vc_column_container\"><div class=\"vc_column-inner\"><div class=\"wpb_wrapper\"><div class=\"wpb_text_column\"><div class=\"wpb_wrapper\"><h5>Pratiques de confidentialit\u00e9 des tiers<\/h5>\n<p>Les normes de confidentialit\u00e9 d\u00e9crites dans les politiques de ICBC Markets s\u2019appliquent uniquement \u00e0 notre plateforme et ne s\u2019\u00e9tendent pas aux sites web, applications ou services tiers. Nous vous recommandons de consulter les politiques de confidentialit\u00e9 de ces prestataires externes pour comprendre leurs pratiques en mati\u00e8re de donn\u00e9es et les options de d\u00e9sinscription disponibles.<\/p>\n<\/div><\/div><\/div><\/div><\/div><\/div><div class=\"w-separator size_custom\" style=\"height:30px\"><\/div><div class=\"g-cols wpb_row via_flex valign_top type_default stacking_default\"><div class=\"vc_col-sm-12 wpb_column vc_column_container\"><div class=\"vc_column-inner\"><div class=\"wpb_wrapper\"><div class=\"wpb_text_column\"><div class=\"wpb_wrapper\"><h5>G\u00e9rer les cookies dans votre navigateur<\/h5>\n<p>Vous pouvez g\u00e9rer, d\u00e9sactiver ou supprimer les cookies \u00e0 tout moment via les param\u00e8tres de votre navigateur. Pour des instructions, consultez l\u2019aide ou les ressources de support de votre navigateur.<\/p>\n<\/div><\/div><\/div><\/div><\/div><\/div><div class=\"w-separator size_custom\" style=\"height:30px\"><\/div><div class=\"g-cols wpb_row via_flex valign_top type_default stacking_default\"><div class=\"vc_col-sm-12 wpb_column vc_column_container\"><div class=\"vc_column-inner\"><div class=\"wpb_wrapper\"><div class=\"wpb_text_column\"><div class=\"wpb_wrapper\"><h5>Vos droits RGPD<\/h5>\n<p>Conform\u00e9ment au R\u00e8glement G\u00e9n\u00e9ral sur la Protection des Donn\u00e9es (RGPD), ICBC Markets reconna\u00eet et respecte vos droits en mati\u00e8re de protection des donn\u00e9es, notamment le droit de :<\/p>\n<ul>\n<li>Acc\u00e9der \u00e0 vos donn\u00e9es personnelles<\/li>\n<li>Demander la rectification ou la suppression de vos informations<\/li>\n<li>Restreindre ou s\u2019opposer \u00e0 certains traitements de donn\u00e9es<\/li>\n<li>Recevoir vos donn\u00e9es dans un format structur\u00e9 et portable<\/li>\n<\/ul>\n<p>Pour exercer ces droits, veuillez nous contacter. Nous nous effor\u00e7ons de r\u00e9pondre aux demandes valides dans un d\u00e9lai de 30 jours.<\/p>\n<\/div><\/div><\/div><\/div><\/div><\/div><div class=\"w-separator size_custom\" style=\"height:30px\"><\/div><div class=\"g-cols wpb_row via_flex valign_top type_default stacking_default\"><div class=\"vc_col-sm-12 wpb_column vc_column_container\"><div class=\"vc_column-inner\"><div class=\"wpb_wrapper\"><div class=\"wpb_text_column\"><div class=\"wpb_wrapper\"><h5>Protection de la vie priv\u00e9e des enfants<\/h5>\n<p>ICBC Markets ne collecte pas sciemment de donn\u00e9es personnelles aupr\u00e8s de personnes \u00e2g\u00e9es de moins de 13 ans. Toute information de ce type identifi\u00e9e sera supprim\u00e9e de mani\u00e8re permanente. Si vous pensez qu\u2019une information concernant un enfant a \u00e9t\u00e9 soumise par erreur, veuillez en informer notre \u00e9quipe imm\u00e9diatement.<\/p>\n<\/div><\/div><\/div><\/div><\/div><\/div><div class=\"w-separator size_custom\" style=\"height:30px\"><\/div><div class=\"g-cols wpb_row via_flex valign_top type_default stacking_default\"><div class=\"vc_col-sm-12 wpb_column vc_column_container\"><div class=\"vc_column-inner\"><div class=\"wpb_wrapper\"><div class=\"wpb_text_column\"><div class=\"wpb_wrapper\"><h5>Contactez-nous<\/h5>\n<p>Si vous avez des questions concernant la confidentialit\u00e9, l\u2019utilisation des cookies ou la protection des donn\u00e9es, veuillez envoyer un e-mail \u00e0 privacy@icbcmarkets.com. Notre \u00e9quipe est disponible pour vous aider et vous fournir des informations suppl\u00e9mentaires.<\/p>\n<\/div><\/div><\/div><\/div><\/div><\/div><\/div><\/div><\/div><\/div><\/div><\/section>\n","protected":false},"excerpt":{"rendered":"AccueilPagesPolitique de Confidentialit\u00e9 Commencez \u00e0 trader aujourd\u2019huiAutres Politiques Divulgation des Risques Proc\u00e9dures KYC Termes et Conditions des Bonus Termes et Conditions La Politique de Cookies La Politique de Confidentialit\u00e9 Politique des Plaintes et Litiges Comment ICBC Markets utilise les cookies et les balises web Pour offrir une exp\u00e9rience utilisateur fluide et plus personnalis\u00e9e, ICBC Markets...","protected":false},"author":1,"featured_media":0,"parent":0,"menu_order":0,"comment_status":"closed","ping_status":"closed","template":"","meta":{"footnotes":""},"class_list":["post-1056","page","type-page","status-publish","hentry"],"_links":{"self":[{"href":"https:\/\/nlp6.mycube.kz\/fr\/wp-json\/wp\/v2\/pages\/1056","targetHints":{"allow":["GET"]}}],"collection":[{"href":"https:\/\/nlp6.mycube.kz\/fr\/wp-json\/wp\/v2\/pages"}],"about":[{"href":"https:\/\/nlp6.mycube.kz\/fr\/wp-json\/wp\/v2\/types\/page"}],"author":[{"embeddable":true,"href":"https:\/\/nlp6.mycube.kz\/fr\/wp-json\/wp\/v2\/users\/1"}],"replies":[{"embeddable":true,"href":"https:\/\/nlp6.mycube.kz\/fr\/wp-json\/wp\/v2\/comments?post=1056"}],"version-history":[{"count":2,"href":"https:\/\/nlp6.mycube.kz\/fr\/wp-json\/wp\/v2\/pages\/1056\/revisions"}],"predecessor-version":[{"id":1058,"href":"https:\/\/nlp6.mycube.kz\/fr\/wp-json\/wp\/v2\/pages\/1056\/revisions\/1058"}],"wp:attachment":[{"href":"https:\/\/nlp6.mycube.kz\/fr\/wp-json\/wp\/v2\/media?parent=1056"}],"curies":[{"name":"wp","href":"https:\/\/api.w.org\/{rel}","templated":true}]}}