{"id":886,"date":"2026-02-25T22:29:55","date_gmt":"2026-02-25T19:29:55","guid":{"rendered":"https:\/\/nlp6.mycube.kz\/funding-your-account\/"},"modified":"2026-04-01T14:17:22","modified_gmt":"2026-04-01T11:17:22","slug":"funding-your-account","status":"publish","type":"page","link":"https:\/\/nlp6.mycube.kz\/fr\/funding-your-account\/","title":{"rendered":"Financer Votre Compte"},"content":{"rendered":"<section class=\"l-section wpb_row us_custom_9ccc05f2 height_auto full_height valign_bottom\"><div class=\"l-section-h i-cf\"><div class=\"g-cols vc_row via_flex valign_top type_default stacking_default\"><div class=\"vc_col-sm-12 wpb_column vc_column_container\"><div class=\"vc_column-inner\"><div class=\"wpb_wrapper\"><div class=\"w-separator size_custom\" style=\"height:2rem\"><\/div><div class=\"g-cols wpb_row via_flex valign_top type_default stacking_default\"><div class=\"vc_col-sm-12 wpb_column vc_column_container\"><div class=\"vc_column-inner\"><div class=\"wpb_wrapper\"><nav class=\"g-breadcrumbs us_custom_183ff87a has_text_color separator_icon align_none\" itemscope itemtype=\"http:\/\/schema.org\/BreadcrumbList\"><div class=\"g-breadcrumbs-item\" itemscope itemprop=\"itemListElement\" itemtype=\"http:\/\/schema.org\/ListItem\"><a itemprop=\"item\" href=\"https:\/\/nlp6.mycube.kz\/fr\/\"><span itemprop=\"name\">Accueil<\/span><\/a><meta itemprop=\"position\" content=\"1\"\/><\/div><div class=\"g-breadcrumbs-separator\"><i class=\"far fa-angle-right\"><\/i><\/div><div class=\"g-breadcrumbs-item\">Pages<\/div><\/nav><div class=\"wpb_text_column\"><div class=\"wpb_wrapper\"><h1>D\u00e9p\u00f4ts faciles et s\u00e9curis\u00e9s avec ICBC Markets<\/h1>\n<\/div><\/div><\/div><\/div><\/div><\/div><div class=\"w-separator size_custom\" style=\"height:2rem\"><\/div><div class=\"g-cols wpb_row us_custom_a2ebf4ae via_flex valign_top type_boxes stacking_default\"><div class=\"vc_col-sm-6 wpb_column vc_column_container\"><div class=\"vc_column-inner us_custom_681cf35f\"><div class=\"wpb_wrapper\"><div class=\"w-image align_none\"><div class=\"w-image-h\"><img decoding=\"async\" width=\"734\" height=\"320\" src=\"https:\/\/nlp6.mycube.kz\/wp-content\/uploads\/2026\/02\/gr-page.png\" class=\"attachment-full size-full\" alt=\"\" loading=\"lazy\" srcset=\"https:\/\/nlp6.mycube.kz\/wp-content\/uploads\/2026\/02\/gr-page.png 734w, https:\/\/nlp6.mycube.kz\/wp-content\/uploads\/2026\/02\/gr-page-300x131.png 300w\" sizes=\"auto, (max-width: 734px) 100vw, 734px\" \/><\/div><\/div><\/div><\/div><\/div><div class=\"vc_col-sm-6 wpb_column vc_column_container has_bg_color\"><div class=\"vc_column-inner us_custom_2bf2f786\"><div class=\"wpb_wrapper\"><div class=\"wpb_text_column\"><div class=\"wpb_wrapper\"><h4>Alimentez vos objectifs de trading en toute s\u00e9r\u00e9nit\u00e9<\/h4>\n<p>Chez ICBC Markets, nous avons optimis\u00e9 le processus de d\u00e9p\u00f4t pour qu\u2019il soit rapide, s\u00e9curis\u00e9 et sans effort. Que vous effectuiez votre premier d\u00e9p\u00f4t ou que vous approvisionniez votre compte, chaque transaction est trait\u00e9e de mani\u00e8re fluide, s\u00fbre et sans d\u00e9lais inutiles.<\/p>\n<\/div><\/div><div class=\"w-separator size_custom\" style=\"height:30px\"><\/div><div class=\"w-btn-wrapper align_none\"><a class=\"w-btn us-btn-style_4\" href=\"\/platform.html\"><span class=\"w-btn-label\">Commencer votre trading<\/span><\/a><\/div><\/div><\/div><\/div><\/div><div class=\"g-cols wpb_row hide_on_tablets hide_on_mobiles via_flex valign_top type_default stacking_default\"><div class=\"vc_col-sm-12 wpb_column vc_column_container stretched\"><div class=\"vc_column-inner\"><div class=\"wpb_wrapper\"><div data-us-scroll=\"{&quot;from_initial_position&quot;:&quot;0&quot;,&quot;start_position&quot;:&quot;0%&quot;,&quot;end_position&quot;:&quot;100%&quot;,&quot;delay&quot;:&quot;0s&quot;,&quot;translate_x_direction&quot;:&quot;left&quot;,&quot;translate_x_speed&quot;:&quot;0.5x&quot;}\" class=\"w-text us_custom_819caa63 has_text_color has_scroll_effects has_translate_x\"><span class=\"w-text-h\"><span class=\"w-text-value\">Approvisionner votre compte<\/span><\/span><\/div><\/div><\/div><\/div><\/div><\/div><\/div><\/div><\/div><\/div><\/section><section class=\"l-section wpb_row us_custom_4fb9e5a3 height_large\"><div class=\"l-section-h i-cf\"><div class=\"g-cols vc_row via_flex valign_middle type_default stacking_default\"><div class=\"vc_col-sm-4 wpb_column vc_column_container\"><div class=\"vc_column-inner\"><div class=\"wpb_wrapper\"><div class=\"g-cols wpb_row via_flex valign_top type_default stacking_default\"><div class=\"vc_col-sm-12 wpb_column vc_column_container\"><div class=\"vc_column-inner\"><div class=\"wpb_wrapper\"><div class=\"w-image align_none\"><div class=\"w-image-h\"><img decoding=\"async\" width=\"461\" height=\"551\" src=\"https:\/\/nlp6.mycube.kz\/wp-content\/uploads\/2026\/03\/img5.png\" class=\"attachment-full size-full\" alt=\"\" loading=\"lazy\" srcset=\"https:\/\/nlp6.mycube.kz\/wp-content\/uploads\/2026\/03\/img5.png 461w, https:\/\/nlp6.mycube.kz\/wp-content\/uploads\/2026\/03\/img5-251x300.png 251w\" sizes=\"auto, (max-width: 461px) 100vw, 461px\" \/><\/div><\/div><\/div><\/div><\/div><\/div><\/div><\/div><\/div><div class=\"vc_col-sm-8 wpb_column vc_column_container\"><div class=\"vc_column-inner\"><div class=\"wpb_wrapper\"><div class=\"g-cols wpb_row via_flex valign_bottom type_default stacking_default\"><div class=\"vc_col-sm-9 wpb_column vc_column_container\"><div class=\"vc_column-inner\"><div class=\"wpb_wrapper\"><div class=\"wpb_text_column\"><div class=\"wpb_wrapper\"><h2>Options de paiement fiables, flexibles et s\u00e9curis\u00e9es<\/h2>\n<p>Votre s\u00e9curit\u00e9 est notre priorit\u00e9 absolue. C\u2019est pourquoi nous proposons une large gamme de m\u00e9thodes de paiement reconnues, vous permettant d\u2019approvisionner votre compte en toute confiance. Si vous avez besoin d\u2019aide \u00e0 n\u2019importe quelle \u00e9tape, notre \u00e9quipe de support comp\u00e9tente est disponible 24h\/24 et 7j\/7 pour vous assister.<\/p>\n<\/div><\/div><div class=\"w-separator hide_on_tablets hide_on_mobiles size_custom\" style=\"height:2rem\"><\/div><\/div><\/div><\/div><div class=\"vc_col-sm-3 wpb_column vc_column_container stretched\"><div class=\"vc_column-inner\"><div class=\"wpb_wrapper\"><div data-us-scroll=\"{&quot;from_initial_position&quot;:&quot;0&quot;,&quot;start_position&quot;:&quot;0%&quot;,&quot;end_position&quot;:&quot;100%&quot;,&quot;delay&quot;:&quot;0s&quot;,&quot;translate_y_direction&quot;:&quot;down&quot;,&quot;translate_y_speed&quot;:&quot;0.1x&quot;}\" class=\"w-image has_scroll_effects has_translate_y align_none\"><div class=\"w-image-h\"><img decoding=\"async\" width=\"369\" height=\"369\" src=\"https:\/\/nlp6.mycube.kz\/wp-content\/uploads\/2026\/03\/01.jpg\" class=\"attachment-full size-full\" alt=\"\" loading=\"lazy\" srcset=\"https:\/\/nlp6.mycube.kz\/wp-content\/uploads\/2026\/03\/01.jpg 369w, https:\/\/nlp6.mycube.kz\/wp-content\/uploads\/2026\/03\/01-300x300.jpg 300w, https:\/\/nlp6.mycube.kz\/wp-content\/uploads\/2026\/03\/01-150x150.jpg 150w\" sizes=\"auto, (max-width: 369px) 100vw, 369px\" \/><\/div><\/div><\/div><\/div><\/div><\/div><\/div><\/div><\/div><\/div><\/div><\/section><section class=\"l-section wpb_row us_custom_c70c97eb height_large\"><div class=\"l-section-h i-cf\"><div class=\"g-cols vc_row via_flex valign_top type_default stacking_default\"><div class=\"vc_col-sm-12 wpb_column vc_column_container\"><div class=\"vc_column-inner\"><div class=\"wpb_wrapper\"><div class=\"g-cols wpb_row via_flex valign_top type_default stacking_default\"><div class=\"vc_col-sm-2 wpb_column vc_column_container hide_on_tablets hide_on_mobiles\"><div class=\"vc_column-inner\"><div class=\"wpb_wrapper\"><\/div><\/div><\/div><div class=\"vc_col-sm-8 wpb_column vc_column_container\"><div class=\"vc_column-inner\"><div class=\"wpb_wrapper\"><div class=\"wpb_text_column us_custom_eb849559\"><div class=\"wpb_wrapper\"><h2>Effectuer un d\u00e9p\u00f4t en 4 \u00e9tapes simples<\/h2>\n<\/div><\/div><\/div><\/div><\/div><\/div><div class=\"w-separator size_custom\" style=\"height:3rem\"><\/div><div class=\"g-cols wpb_row via_flex valign_top type_boxes stacking_default\" style=\"--additional-gap:0.5rem;\"><div class=\"vc_col-sm-3 wpb_column vc_column_container has_bg_color\"><div class=\"vc_column-inner us_custom_5533cc46\"><div class=\"wpb_wrapper\"><div class=\"w-hwrapper valign_middle align_left\"><div class=\"w-text us_custom_20be0902 has_text_color\"><span class=\"w-text-h\"><span class=\"w-text-value\">01<\/span><\/span><\/div><div class=\"w-image align_left\"><div class=\"w-image-h\"><img decoding=\"async\" width=\"369\" height=\"85\" src=\"https:\/\/nlp6.mycube.kz\/wp-content\/uploads\/2026\/03\/gr01.png\" class=\"attachment-full size-full\" alt=\"\" loading=\"lazy\" srcset=\"https:\/\/nlp6.mycube.kz\/wp-content\/uploads\/2026\/03\/gr01.png 369w, https:\/\/nlp6.mycube.kz\/wp-content\/uploads\/2026\/03\/gr01-300x69.png 300w\" sizes=\"auto, (max-width: 369px) 100vw, 369px\" \/><\/div><\/div><\/div><div class=\"w-separator us_custom_39f13dbb has_text_color size_custom has_font_size with_line width_default thick_1 style_dotted color_text align_right with_text with_content\" style=\"height:30px\"><div class=\"w-separator-h\"><h6 class=\"w-separator-text\"><span>\u00c9TAPE<\/span><\/h6><\/div><\/div><div class=\"wpb_text_column\"><div class=\"wpb_wrapper\"><h6>Contactez notre \u00e9quipe<\/h6>\n<p>Contactez-nous par\u00a0 via le chat en direct ou par e-mail \u00e0 support@icbcmarkets.com pour b\u00e9n\u00e9ficier d\u2019un support rapide et professionnel.<\/p>\n<\/div><\/div><\/div><\/div><\/div><div class=\"vc_col-sm-3 wpb_column vc_column_container has_bg_color\"><div class=\"vc_column-inner us_custom_5533cc46\"><div class=\"wpb_wrapper\"><div class=\"w-hwrapper valign_middle align_left\"><div class=\"w-text us_custom_20be0902 has_text_color\"><span class=\"w-text-h\"><span class=\"w-text-value\">02<\/span><\/span><\/div><div class=\"w-image align_left\"><div class=\"w-image-h\"><img decoding=\"async\" width=\"369\" height=\"85\" src=\"https:\/\/nlp6.mycube.kz\/wp-content\/uploads\/2026\/03\/gr01.png\" class=\"attachment-full size-full\" alt=\"\" loading=\"lazy\" srcset=\"https:\/\/nlp6.mycube.kz\/wp-content\/uploads\/2026\/03\/gr01.png 369w, https:\/\/nlp6.mycube.kz\/wp-content\/uploads\/2026\/03\/gr01-300x69.png 300w\" sizes=\"auto, (max-width: 369px) 100vw, 369px\" \/><\/div><\/div><\/div><div class=\"w-separator us_custom_39f13dbb has_text_color size_custom has_font_size with_line width_default thick_1 style_dotted color_text align_right with_text with_content\" style=\"height:30px\"><div class=\"w-separator-h\"><h6 class=\"w-separator-text\"><span>\u00c9TAPE<\/span><\/h6><\/div><\/div><div class=\"wpb_text_column\"><div class=\"wpb_wrapper\"><h6>Obtenez une assistance experte<\/h6>\n<p>Un sp\u00e9cialiste du financement d\u00e9di\u00e9 vous guidera \u00e0 chaque \u00e9tape, en veillant \u00e0 ce que votre d\u00e9p\u00f4t soit effectu\u00e9 en toute s\u00e9curit\u00e9 et efficacit\u00e9.<\/p>\n<\/div><\/div><\/div><\/div><\/div><div class=\"vc_col-sm-3 wpb_column vc_column_container has_bg_color\"><div class=\"vc_column-inner us_custom_5533cc46\"><div class=\"wpb_wrapper\"><div class=\"w-hwrapper valign_middle align_left\"><div class=\"w-text us_custom_20be0902 has_text_color\"><span class=\"w-text-h\"><span class=\"w-text-value\">03<\/span><\/span><\/div><div class=\"w-image align_left\"><div class=\"w-image-h\"><img decoding=\"async\" width=\"369\" height=\"85\" src=\"https:\/\/nlp6.mycube.kz\/wp-content\/uploads\/2026\/03\/gr01.png\" class=\"attachment-full size-full\" alt=\"\" loading=\"lazy\" srcset=\"https:\/\/nlp6.mycube.kz\/wp-content\/uploads\/2026\/03\/gr01.png 369w, https:\/\/nlp6.mycube.kz\/wp-content\/uploads\/2026\/03\/gr01-300x69.png 300w\" sizes=\"auto, (max-width: 369px) 100vw, 369px\" \/><\/div><\/div><\/div><div class=\"w-separator us_custom_39f13dbb has_text_color size_custom has_font_size with_line width_default thick_1 style_dotted color_text align_right with_text with_content\" style=\"height:30px\"><div class=\"w-separator-h\"><h6 class=\"w-separator-text\"><span>\u00c9TAPE<\/span><\/h6><\/div><\/div><div class=\"wpb_text_column\"><div class=\"wpb_wrapper\"><h6>Cr\u00e9dit instantan\u00e9 du compte<\/h6>\n<p>Une fois votre paiement approuv\u00e9, les fonds sont ajout\u00e9s \u00e0 votre compte imm\u00e9diatement \u2014 vous ne manquerez jamais une opportunit\u00e9 de trading.<\/p>\n<\/div><\/div><\/div><\/div><\/div><div class=\"vc_col-sm-3 wpb_column vc_column_container has_bg_color\"><div class=\"vc_column-inner us_custom_5533cc46\"><div class=\"wpb_wrapper\"><div class=\"w-hwrapper valign_middle align_left\"><div class=\"w-text us_custom_20be0902 has_text_color\"><span class=\"w-text-h\"><span class=\"w-text-value\">04<\/span><\/span><\/div><div class=\"w-image align_left\"><div class=\"w-image-h\"><img decoding=\"async\" width=\"369\" height=\"85\" src=\"https:\/\/nlp6.mycube.kz\/wp-content\/uploads\/2026\/03\/gr01.png\" class=\"attachment-full size-full\" alt=\"\" loading=\"lazy\" srcset=\"https:\/\/nlp6.mycube.kz\/wp-content\/uploads\/2026\/03\/gr01.png 369w, https:\/\/nlp6.mycube.kz\/wp-content\/uploads\/2026\/03\/gr01-300x69.png 300w\" sizes=\"auto, (max-width: 369px) 100vw, 369px\" \/><\/div><\/div><\/div><div class=\"w-separator us_custom_39f13dbb has_text_color size_custom has_font_size with_line width_default thick_1 style_dotted color_text align_right with_text with_content\" style=\"height:30px\"><div class=\"w-separator-h\"><h6 class=\"w-separator-text\"><span>\u00c9TAPE<\/span><\/h6><\/div><\/div><div class=\"wpb_text_column\"><div class=\"wpb_wrapper\"><h6>Commencez \u00e0 trader imm\u00e9diatement<\/h6>\n<p>Avec les fonds disponibles sur votre compte, vous pouvez acc\u00e9der aux march\u00e9s instantan\u00e9ment, sans aucune p\u00e9riode d\u2019attente.<\/p>\n<\/div><\/div><\/div><\/div><\/div><\/div><div class=\"w-separator size_custom\" style=\"height:3rem\"><\/div><div class=\"g-cols wpb_row via_flex valign_top type_default stacking_default\"><div class=\"vc_col-sm-12 wpb_column vc_column_container\"><div class=\"vc_column-inner\"><div class=\"wpb_wrapper\"><div class=\"w-btn-wrapper align_center\"><a class=\"w-btn us-btn-style_3\" href=\"\/platform.html\"><span class=\"w-btn-label\">Approvisionnez votre compte aujourd\u2019hui<\/span><\/a><\/div><\/div><\/div><\/div><\/div><\/div><\/div><\/div><\/div><\/div><\/section>\n","protected":false},"excerpt":{"rendered":"AccueilPagesD\u00e9p\u00f4ts faciles et s\u00e9curis\u00e9s avec ICBC Markets Alimentez vos objectifs de trading en toute s\u00e9r\u00e9nit\u00e9 Chez ICBC Markets, nous avons optimis\u00e9 le processus de d\u00e9p\u00f4t pour qu\u2019il soit rapide, s\u00e9curis\u00e9 et sans effort. Que vous effectuiez votre premier d\u00e9p\u00f4t ou que vous approvisionniez votre compte, chaque transaction est trait\u00e9e de mani\u00e8re fluide, s\u00fbre et sans...","protected":false},"author":1,"featured_media":0,"parent":0,"menu_order":0,"comment_status":"closed","ping_status":"closed","template":"","meta":{"footnotes":""},"class_list":["post-886","page","type-page","status-publish","hentry"],"_links":{"self":[{"href":"https:\/\/nlp6.mycube.kz\/fr\/wp-json\/wp\/v2\/pages\/886","targetHints":{"allow":["GET"]}}],"collection":[{"href":"https:\/\/nlp6.mycube.kz\/fr\/wp-json\/wp\/v2\/pages"}],"about":[{"href":"https:\/\/nlp6.mycube.kz\/fr\/wp-json\/wp\/v2\/types\/page"}],"author":[{"embeddable":true,"href":"https:\/\/nlp6.mycube.kz\/fr\/wp-json\/wp\/v2\/users\/1"}],"replies":[{"embeddable":true,"href":"https:\/\/nlp6.mycube.kz\/fr\/wp-json\/wp\/v2\/comments?post=886"}],"version-history":[{"count":5,"href":"https:\/\/nlp6.mycube.kz\/fr\/wp-json\/wp\/v2\/pages\/886\/revisions"}],"predecessor-version":[{"id":893,"href":"https:\/\/nlp6.mycube.kz\/fr\/wp-json\/wp\/v2\/pages\/886\/revisions\/893"}],"wp:attachment":[{"href":"https:\/\/nlp6.mycube.kz\/fr\/wp-json\/wp\/v2\/media?parent=886"}],"curies":[{"name":"wp","href":"https:\/\/api.w.org\/{rel}","templated":true}]}}