{"id":909,"date":"2026-03-03T13:09:54","date_gmt":"2026-03-03T10:09:54","guid":{"rendered":"https:\/\/nlp6.mycube.kz\/trade-the-markets\/"},"modified":"2026-04-01T14:35:23","modified_gmt":"2026-04-01T11:35:23","slug":"trade-the-markets","status":"publish","type":"page","link":"https:\/\/nlp6.mycube.kz\/fr\/trade-the-markets\/","title":{"rendered":"Gamme des march\u00e9s"},"content":{"rendered":"<section class=\"l-section wpb_row us_custom_9ccc05f2 height_auto full_height valign_bottom\"><div class=\"l-section-h i-cf\"><div class=\"g-cols vc_row via_flex valign_top type_default stacking_default\"><div class=\"vc_col-sm-12 wpb_column vc_column_container\"><div class=\"vc_column-inner\"><div class=\"wpb_wrapper\"><div class=\"w-separator size_custom\" style=\"height:2rem\"><\/div><div class=\"g-cols wpb_row via_flex valign_top type_default stacking_default\"><div class=\"vc_col-sm-12 wpb_column vc_column_container\"><div class=\"vc_column-inner\"><div class=\"wpb_wrapper\"><nav class=\"g-breadcrumbs us_custom_183ff87a has_text_color separator_icon align_none\" itemscope itemtype=\"http:\/\/schema.org\/BreadcrumbList\"><div class=\"g-breadcrumbs-item\" itemscope itemprop=\"itemListElement\" itemtype=\"http:\/\/schema.org\/ListItem\"><a itemprop=\"item\" href=\"https:\/\/nlp6.mycube.kz\/fr\/\"><span itemprop=\"name\">Accueil<\/span><\/a><meta itemprop=\"position\" content=\"1\"\/><\/div><div class=\"g-breadcrumbs-separator\"><i class=\"far fa-angle-right\"><\/i><\/div><div class=\"g-breadcrumbs-item\">Pages<\/div><\/nav><div class=\"wpb_text_column\"><div class=\"wpb_wrapper\"><h1>D\u00e9couvrez les march\u00e9s de trading mondiaux avec ICBC Markets<\/h1>\n<\/div><\/div><\/div><\/div><\/div><\/div><div class=\"w-separator size_custom\" style=\"height:2rem\"><\/div><div class=\"g-cols wpb_row us_custom_a2ebf4ae via_flex valign_top type_boxes stacking_default\"><div class=\"vc_col-sm-6 wpb_column vc_column_container\"><div class=\"vc_column-inner us_custom_681cf35f\"><div class=\"wpb_wrapper\"><div class=\"w-image align_none\"><div class=\"w-image-h\"><img decoding=\"async\" width=\"734\" height=\"320\" src=\"https:\/\/nlp6.mycube.kz\/wp-content\/uploads\/2026\/02\/gr-page.png\" class=\"attachment-full size-full\" alt=\"\" loading=\"lazy\" srcset=\"https:\/\/nlp6.mycube.kz\/wp-content\/uploads\/2026\/02\/gr-page.png 734w, https:\/\/nlp6.mycube.kz\/wp-content\/uploads\/2026\/02\/gr-page-300x131.png 300w\" sizes=\"auto, (max-width: 734px) 100vw, 734px\" \/><\/div><\/div><\/div><\/div><\/div><div class=\"vc_col-sm-6 wpb_column vc_column_container has_bg_color\"><div class=\"vc_column-inner us_custom_243b448c\"><div class=\"wpb_wrapper\"><div class=\"wpb_text_column\"><div class=\"wpb_wrapper\"><h4>Entrez dans un univers de trading rapide et connect\u00e9 \u00e0 l\u2019international<\/h4>\n<p>Lib\u00e9rez tout le potentiel de ICBC Markets \u2014 votre porte d\u2019entr\u00e9e vers plus de 300 instruments mondiaux, une ex\u00e9cution ultra-rapide et des prix comp\u00e9titifs. Que vous d\u00e9butiez ou que vous perfectionniez des strat\u00e9gies avanc\u00e9es, tradez les march\u00e9s mondiaux avec pr\u00e9cision et confiance.<\/p>\n<\/div><\/div><div class=\"w-separator size_custom\" style=\"height:30px\"><\/div><div class=\"w-btn-wrapper align_none\"><a class=\"w-btn us-btn-style_4\" href=\"\/platform.html\"><span class=\"w-btn-label\">Commencer votre aventure de trading<\/span><\/a><\/div><\/div><\/div><\/div><\/div><div class=\"g-cols wpb_row hide_on_tablets hide_on_mobiles via_flex valign_top type_default stacking_default\"><div class=\"vc_col-sm-12 wpb_column vc_column_container stretched\"><div class=\"vc_column-inner\"><div class=\"wpb_wrapper\"><div data-us-scroll=\"{&quot;from_initial_position&quot;:&quot;0&quot;,&quot;start_position&quot;:&quot;0%&quot;,&quot;end_position&quot;:&quot;100%&quot;,&quot;delay&quot;:&quot;0s&quot;,&quot;translate_x_direction&quot;:&quot;left&quot;,&quot;translate_x_speed&quot;:&quot;0.5x&quot;}\" class=\"w-text us_custom_819caa63 has_text_color has_scroll_effects has_translate_x\"><span class=\"w-text-h\"><span class=\"w-text-value\">Tradez les March\u00e9s<\/span><\/span><\/div><\/div><\/div><\/div><\/div><\/div><\/div><\/div><\/div><\/div><\/section><section class=\"l-section wpb_row us_custom_4fb9e5a3 height_large\"><div class=\"l-section-h i-cf\"><div class=\"g-cols vc_row via_flex valign_middle type_default stacking_default\"><div class=\"vc_col-sm-4 wpb_column vc_column_container\"><div class=\"vc_column-inner\"><div class=\"wpb_wrapper\"><div class=\"g-cols wpb_row via_flex valign_top type_default stacking_default\"><div class=\"vc_col-sm-12 wpb_column vc_column_container\"><div class=\"vc_column-inner\"><div class=\"wpb_wrapper\"><div class=\"w-image align_none\"><div class=\"w-image-h\"><img decoding=\"async\" width=\"461\" height=\"551\" src=\"https:\/\/nlp6.mycube.kz\/wp-content\/uploads\/2026\/03\/img-8.png\" class=\"attachment-full size-full\" alt=\"\" loading=\"lazy\" srcset=\"https:\/\/nlp6.mycube.kz\/wp-content\/uploads\/2026\/03\/img-8.png 461w, https:\/\/nlp6.mycube.kz\/wp-content\/uploads\/2026\/03\/img-8-251x300.png 251w\" sizes=\"auto, (max-width: 461px) 100vw, 461px\" \/><\/div><\/div><\/div><\/div><\/div><\/div><\/div><\/div><\/div><div class=\"vc_col-sm-8 wpb_column vc_column_container\"><div class=\"vc_column-inner\"><div class=\"wpb_wrapper\"><div class=\"g-cols wpb_row via_flex valign_top type_default stacking_default\"><div class=\"vc_col-sm-6 wpb_column vc_column_container\"><div class=\"vc_column-inner\"><div class=\"wpb_wrapper\"><div class=\"wpb_text_column\"><div class=\"wpb_wrapper\"><h2>Une seule plateforme. Acc\u00e8s total aux march\u00e9s<\/h2>\n<p>Avec ICBC Markets, vous b\u00e9n\u00e9ficiez de la flexibilit\u00e9 et des outils professionnels n\u00e9cessaires pour trader sur les principaux march\u00e9s financiers mondiaux. Des cryptomonnaies \u00e0 forte volatilit\u00e9 aux paires Forex majeures, en passant par les indices, les m\u00e9taux, les mati\u00e8res premi\u00e8res et bien plus \u2014 tout est accessible depuis une seule plateforme robuste et compl\u00e8te.<\/p>\n<\/div><\/div><\/div><\/div><\/div><div class=\"vc_col-sm-6 wpb_column vc_column_container\"><div class=\"vc_column-inner\"><div class=\"wpb_wrapper\"><div class=\"wpb_text_column ulmoy\"><div class=\"wpb_wrapper\"><h4>Tradez des CFD sur les principales classes d\u2019actifs :<\/h4>\n<ul>\n<li>Paires Forex majeures, mineures et exotiques<\/li>\n<li>CFD sur cryptomonnaies<\/li>\n<li>Principaux indices mondiaux<\/li>\n<li>Mati\u00e8res premi\u00e8res agricoles et \u00e9nerg\u00e9tiques<\/li>\n<li>M\u00e9taux pr\u00e9cieux et industriels<\/li>\n<li>P\u00e9trole brut et gaz naturel<\/li>\n<li>CFD sur actions internationales<\/li>\n<\/ul>\n<\/div><\/div><\/div><\/div><\/div><\/div><\/div><\/div><\/div><\/div><\/div><\/section><section class=\"l-section wpb_row us_custom_0db20381 height_large with_img\"><div class=\"l-section-img\" role=\"img\" data-img-width=\"1920\" data-img-height=\"1080\" style=\"background-image: url(https:\/\/nlp6.mycube.kz\/wp-content\/uploads\/2026\/02\/bg-section.jpg);background-position: bottom center;background-repeat: no-repeat;background-size: auto;\"><\/div><div class=\"l-section-h i-cf\"><div class=\"g-cols vc_row via_flex valign_top type_default stacking_default\"><div class=\"vc_col-sm-12 wpb_column vc_column_container\"><div class=\"vc_column-inner\"><div class=\"wpb_wrapper\"><div class=\"g-cols wpb_row via_flex valign_top type_default stacking_default\"><div class=\"vc_col-sm-1 wpb_column vc_column_container hide_on_tablets hide_on_mobiles\"><div class=\"vc_column-inner\"><div class=\"wpb_wrapper\"><\/div><\/div><\/div><div class=\"vc_col-sm-10 wpb_column vc_column_container\"><div class=\"vc_column-inner\"><div class=\"wpb_wrapper\"><div class=\"wpb_text_column us_custom_d44d8758 has_text_color\"><div class=\"wpb_wrapper\"><h2>Tradez en toute confiance. R\u00e9agissez instantan\u00e9ment aux mouvements du march\u00e9.<\/h2>\n<\/div><\/div><\/div><\/div><\/div><\/div><div class=\"w-separator size_custom\" style=\"height:4rem\" id=\"l740\"><style>@media(max-width:767px){ #l740{height:3rem!important}}<\/style><\/div><div class=\"g-cols wpb_row via_flex valign_top type_boxes stacking_default\" style=\"--additional-gap:0.5rem;\"><div class=\"vc_col-sm-4 wpb_column vc_column_container has_bg_color\"><div class=\"vc_column-inner us_custom_5533cc46\"><div class=\"wpb_wrapper\"><div class=\"w-image align_center\"><div class=\"w-image-h\"><img decoding=\"async\" width=\"520\" height=\"223\" src=\"https:\/\/nlp6.mycube.kz\/wp-content\/uploads\/2026\/03\/gr-new.png\" class=\"attachment-full size-full\" alt=\"\" loading=\"lazy\" srcset=\"https:\/\/nlp6.mycube.kz\/wp-content\/uploads\/2026\/03\/gr-new.png 520w, https:\/\/nlp6.mycube.kz\/wp-content\/uploads\/2026\/03\/gr-new-300x129.png 300w\" sizes=\"auto, (max-width: 520px) 100vw, 520px\" \/><\/div><\/div><div class=\"w-separator us_custom_871532fd has_text_color size_custom has_font_size with_line width_default thick_1 style_dashed color_text align_center with_content\" style=\"height:60px\"><div class=\"w-separator-h\"><i class=\"material-icons\">swap_horizontal_circle<\/i><\/div><\/div><div class=\"wpb_text_column us_custom_eb849559\"><div class=\"wpb_wrapper\"><h6>Trading Forex avec<br \/>\nICBC Markets<\/h6>\n<p>Acc\u00e9dez facilement au march\u00e9 financier le plus liquide au monde. Choisissez parmi une large s\u00e9lection de paires de devises, tradez avec un levier jusqu\u2019\u00e0 500:1, b\u00e9n\u00e9ficiez de spreads comp\u00e9titifs et d\u2019une ex\u00e9cution rapide et fiable.<\/p>\n<\/div><\/div><div class=\"w-separator size_custom\" style=\"height:30px\"><\/div><div class=\"w-btn-wrapper align_center\"><a class=\"w-btn us-btn-style_3\" href=\"\/platform.html\"><span class=\"w-btn-label\">Commencer le trading Forex<\/span><\/a><\/div><\/div><\/div><\/div><div class=\"vc_col-sm-4 wpb_column vc_column_container has_bg_color\"><div class=\"vc_column-inner us_custom_5533cc46\"><div class=\"wpb_wrapper\"><div class=\"w-image align_center\"><div class=\"w-image-h\"><img decoding=\"async\" width=\"520\" height=\"223\" src=\"https:\/\/nlp6.mycube.kz\/wp-content\/uploads\/2026\/03\/gr-new.png\" class=\"attachment-full size-full\" alt=\"\" loading=\"lazy\" srcset=\"https:\/\/nlp6.mycube.kz\/wp-content\/uploads\/2026\/03\/gr-new.png 520w, https:\/\/nlp6.mycube.kz\/wp-content\/uploads\/2026\/03\/gr-new-300x129.png 300w\" sizes=\"auto, (max-width: 520px) 100vw, 520px\" \/><\/div><\/div><div class=\"w-separator us_custom_871532fd has_text_color size_custom has_font_size with_line width_default thick_1 style_dashed color_text align_center with_content\" style=\"height:60px\"><div class=\"w-separator-h\"><i class=\"fas fa-fas fa-coins\"><\/i><\/div><\/div><div class=\"wpb_text_column us_custom_eb849559\"><div class=\"wpb_wrapper\"><h6>Trading de CFD sur cryptomonnaies &#8211; March\u00e9s 24\/7<\/h6>\n<p>Tradez les principaux actifs num\u00e9riques \u00e0 tout moment, jour et nuit. Profitez de la volatilit\u00e9 du march\u00e9 crypto avec des prix clairs, une ex\u00e9cution rapide et un contr\u00f4le total sur vos positions.<\/p>\n<\/div><\/div><div class=\"w-separator size_custom\" style=\"height:30px\"><\/div><div class=\"w-btn-wrapper align_center\"><a class=\"w-btn us-btn-style_3\" href=\"\/platform.html\"><span class=\"w-btn-label\">Trader les cryptos maintenant<\/span><\/a><\/div><\/div><\/div><\/div><div class=\"vc_col-sm-4 wpb_column vc_column_container has_bg_color\"><div class=\"vc_column-inner us_custom_5533cc46\"><div class=\"wpb_wrapper\"><div class=\"w-image align_center\"><div class=\"w-image-h\"><img decoding=\"async\" width=\"520\" height=\"223\" src=\"https:\/\/nlp6.mycube.kz\/wp-content\/uploads\/2026\/03\/gr-new.png\" class=\"attachment-full size-full\" alt=\"\" loading=\"lazy\" srcset=\"https:\/\/nlp6.mycube.kz\/wp-content\/uploads\/2026\/03\/gr-new.png 520w, https:\/\/nlp6.mycube.kz\/wp-content\/uploads\/2026\/03\/gr-new-300x129.png 300w\" sizes=\"auto, (max-width: 520px) 100vw, 520px\" \/><\/div><\/div><div class=\"w-separator us_custom_871532fd has_text_color size_custom has_font_size with_line width_default thick_1 style_dashed color_text align_center with_content\" style=\"height:60px\"><div class=\"w-separator-h\"><i class=\"material-icons\">area_chart<\/i><\/div><\/div><div class=\"wpb_text_column us_custom_eb849559\"><div class=\"wpb_wrapper\"><h6>Trading fluide des indices mondiaux<\/h6>\n<p>Exposez-vous aux principaux indices tels que le S&amp;P 500, le FTSE, le DAX et bien d\u2019autres. B\u00e9n\u00e9ficiez d\u2019un levier flexible, de faibles co\u00fbts de trading et d\u2019une ex\u00e9cution efficace des ordres.<\/p>\n<\/div><\/div><div class=\"w-separator size_custom\" style=\"height:30px\"><\/div><div class=\"w-btn-wrapper align_center\"><a class=\"w-btn us-btn-style_3\" href=\"\/platform.html\"><span class=\"w-btn-label\">D\u00e9couvrir le trading d\u2019indices<\/span><\/a><\/div><\/div><\/div><\/div><\/div><div class=\"w-separator hide_on_tablets hide_on_mobiles size_custom\" style=\"height:1rem\"><\/div><div class=\"g-cols wpb_row via_flex valign_top type_boxes stacking_default\" style=\"--additional-gap:0.5rem;\"><div class=\"vc_col-sm-4 wpb_column vc_column_container has_bg_color\"><div class=\"vc_column-inner us_custom_5533cc46\"><div class=\"wpb_wrapper\"><div class=\"w-image align_center\"><div class=\"w-image-h\"><img decoding=\"async\" width=\"520\" height=\"223\" src=\"https:\/\/nlp6.mycube.kz\/wp-content\/uploads\/2026\/03\/gr-new.png\" class=\"attachment-full size-full\" alt=\"\" loading=\"lazy\" srcset=\"https:\/\/nlp6.mycube.kz\/wp-content\/uploads\/2026\/03\/gr-new.png 520w, https:\/\/nlp6.mycube.kz\/wp-content\/uploads\/2026\/03\/gr-new-300x129.png 300w\" sizes=\"auto, (max-width: 520px) 100vw, 520px\" \/><\/div><\/div><div class=\"w-separator us_custom_871532fd has_text_color size_custom has_font_size with_line width_default thick_1 style_dashed color_text align_center with_content\" style=\"height:60px\"><div class=\"w-separator-h\"><i class=\"material-icons\">donut_small<\/i><\/div><\/div><div class=\"wpb_text_column us_custom_eb849559\"><div class=\"wpb_wrapper\"><h6>Acc\u00e8s complet aux march\u00e9s des mati\u00e8res premi\u00e8res<\/h6>\n<p>Enrichissez votre portefeuille avec des mati\u00e8res premi\u00e8res telles que le p\u00e9trole, le bl\u00e9, le caf\u00e9 et le ma\u00efs \u2014 toutes n\u00e9gociables depuis une seule plateforme avanc\u00e9e et facile \u00e0 utiliser.<\/p>\n<\/div><\/div><div class=\"w-separator size_custom\" style=\"height:30px\"><\/div><div class=\"w-btn-wrapper align_center\"><a class=\"w-btn us-btn-style_3\" href=\"\/platform.html\"><span class=\"w-btn-label\">Voir les march\u00e9s des mati\u00e8res premi\u00e8res<\/span><\/a><\/div><\/div><\/div><\/div><div class=\"vc_col-sm-4 wpb_column vc_column_container has_bg_color\"><div class=\"vc_column-inner us_custom_5533cc46\"><div class=\"wpb_wrapper\"><div class=\"w-image align_center\"><div class=\"w-image-h\"><img decoding=\"async\" width=\"520\" height=\"223\" src=\"https:\/\/nlp6.mycube.kz\/wp-content\/uploads\/2026\/03\/gr-new.png\" class=\"attachment-full size-full\" alt=\"\" loading=\"lazy\" srcset=\"https:\/\/nlp6.mycube.kz\/wp-content\/uploads\/2026\/03\/gr-new.png 520w, https:\/\/nlp6.mycube.kz\/wp-content\/uploads\/2026\/03\/gr-new-300x129.png 300w\" sizes=\"auto, (max-width: 520px) 100vw, 520px\" \/><\/div><\/div><div class=\"w-separator us_custom_871532fd has_text_color size_custom has_font_size with_line width_default thick_1 style_dashed color_text align_center with_content\" style=\"height:60px\"><div class=\"w-separator-h\"><i class=\"material-icons\">poll<\/i><\/div><\/div><div class=\"wpb_text_column us_custom_eb849559\"><div class=\"wpb_wrapper\"><h6>Trading pr\u00e9cis des m\u00e9taux<\/h6>\n<p>Tradez l\u2019or, l\u2019argent et d\u2019autres m\u00e9taux majeurs \u00e0 l\u2019aide d\u2019outils graphiques et d\u2019analyse puissants \u2014 id\u00e9al pour les strat\u00e9gies \u00e0 long terme et la diversification de portefeuille.<\/p>\n<\/div><\/div><div class=\"w-separator size_custom\" style=\"height:30px\"><\/div><div class=\"w-btn-wrapper align_center\"><a class=\"w-btn us-btn-style_3\" href=\"\/platform.html\"><span class=\"w-btn-label\">Trader les m\u00e9taux aujourd\u2019hui<\/span><\/a><\/div><\/div><\/div><\/div><div class=\"vc_col-sm-4 wpb_column vc_column_container has_bg_color\"><div class=\"vc_column-inner us_custom_5533cc46\"><div class=\"wpb_wrapper\"><div class=\"w-image align_center\"><div class=\"w-image-h\"><img decoding=\"async\" width=\"520\" height=\"223\" src=\"https:\/\/nlp6.mycube.kz\/wp-content\/uploads\/2026\/03\/gr-new.png\" class=\"attachment-full size-full\" alt=\"\" loading=\"lazy\" srcset=\"https:\/\/nlp6.mycube.kz\/wp-content\/uploads\/2026\/03\/gr-new.png 520w, https:\/\/nlp6.mycube.kz\/wp-content\/uploads\/2026\/03\/gr-new-300x129.png 300w\" sizes=\"auto, (max-width: 520px) 100vw, 520px\" \/><\/div><\/div><div class=\"w-separator us_custom_871532fd has_text_color size_custom has_font_size with_line width_default thick_1 style_dashed color_text align_center with_content\" style=\"height:60px\"><div class=\"w-separator-h\"><i class=\"material-icons\">oil_barrel<\/i><\/div><\/div><div class=\"wpb_text_column us_custom_eb849559\"><div class=\"wpb_wrapper\"><h6>Acc\u00e8s direct aux march\u00e9s \u00e9nerg\u00e9tiques<\/h6>\n<p>Tradez les principaux actifs \u00e9nerg\u00e9tiques tels que le p\u00e9trole brut et le gaz naturel. Suivez les prix en temps r\u00e9el et g\u00e9rez vos risques efficacement gr\u00e2ce aux fonctionnalit\u00e9s de trading int\u00e9gr\u00e9es.<\/p>\n<\/div><\/div><div class=\"w-separator size_custom\" style=\"height:30px\"><\/div><div class=\"w-btn-wrapper align_center\"><a class=\"w-btn us-btn-style_3\" href=\"\/platform.html\"><span class=\"w-btn-label\">Explorer les march\u00e9s \u00e9nerg\u00e9tiques<\/span><\/a><\/div><\/div><\/div><\/div><\/div><\/div><\/div><\/div><\/div><\/div><\/section><section class=\"l-section wpb_row height_large\"><div class=\"l-section-h i-cf\"><div class=\"g-cols vc_row via_flex valign_top type_default stacking_default\"><div class=\"vc_col-sm-12 wpb_column vc_column_container\"><div class=\"vc_column-inner\"><div class=\"wpb_wrapper\"><div class=\"g-cols wpb_row via_flex valign_middle type_default stacking_default\"><div class=\"vc_col-sm-6 wpb_column vc_column_container\"><div class=\"vc_column-inner\"><div class=\"wpb_wrapper\"><div class=\"w-image us_custom_447bff20 align_center\"><div class=\"w-image-h\"><img decoding=\"async\" width=\"725\" height=\"537\" src=\"https:\/\/nlp6.mycube.kz\/wp-content\/uploads\/2026\/03\/img-9.jpg\" class=\"attachment-full size-full\" alt=\"\" loading=\"lazy\" srcset=\"https:\/\/nlp6.mycube.kz\/wp-content\/uploads\/2026\/03\/img-9.jpg 725w, https:\/\/nlp6.mycube.kz\/wp-content\/uploads\/2026\/03\/img-9-300x222.jpg 300w\" sizes=\"auto, (max-width: 725px) 100vw, 725px\" \/><\/div><\/div><\/div><\/div><\/div><div class=\"vc_col-sm-6 wpb_column vc_column_container\"><div class=\"vc_column-inner\"><div class=\"wpb_wrapper\"><div class=\"wpb_text_column\"><div class=\"wpb_wrapper\"><h2>Perfectionnez vos connaissances en trading avec ICBC Markets<\/h2>\n<p>La r\u00e9ussite \u00e0 long terme commence par l\u2019\u00e9ducation. Acc\u00e9dez \u00e0 des ressources d\u2019apprentissage premium : webinaires en direct, tutoriels vid\u00e9o approfondis, analyses de march\u00e9 par des experts et mentorat personnalis\u00e9 en t\u00eate-\u00e0-t\u00eate. Rejoignez la communaut\u00e9 ICBC Markets et d\u00e9veloppez les comp\u00e9tences et la confiance n\u00e9cessaires pour trader de mani\u00e8re plus intelligente et strat\u00e9gique.<\/p>\n<\/div><\/div><div class=\"w-separator size_custom\" style=\"height:30px\"><\/div><div class=\"w-btn-wrapper align_none\"><a class=\"w-btn us-btn-style_4\" href=\"\/platform.html\"><span class=\"w-btn-label\">Commencer \u00e0 apprendre maintenant<\/span><\/a><\/div><\/div><\/div><\/div><\/div><\/div><\/div><\/div><\/div><\/div><\/section>\n","protected":false},"excerpt":{"rendered":"AccueilPagesD\u00e9couvrez les march\u00e9s de trading mondiaux avec ICBC Markets Entrez dans un univers de trading rapide et connect\u00e9 \u00e0 l\u2019international Lib\u00e9rez tout le potentiel de ICBC Markets \u2014 votre porte d\u2019entr\u00e9e vers plus de 300 instruments mondiaux, une ex\u00e9cution ultra-rapide et des prix comp\u00e9titifs. Que vous d\u00e9butiez ou que vous perfectionniez des strat\u00e9gies avanc\u00e9es, tradez...","protected":false},"author":1,"featured_media":0,"parent":0,"menu_order":0,"comment_status":"closed","ping_status":"closed","template":"","meta":{"footnotes":""},"class_list":["post-909","page","type-page","status-publish","hentry"],"_links":{"self":[{"href":"https:\/\/nlp6.mycube.kz\/fr\/wp-json\/wp\/v2\/pages\/909","targetHints":{"allow":["GET"]}}],"collection":[{"href":"https:\/\/nlp6.mycube.kz\/fr\/wp-json\/wp\/v2\/pages"}],"about":[{"href":"https:\/\/nlp6.mycube.kz\/fr\/wp-json\/wp\/v2\/types\/page"}],"author":[{"embeddable":true,"href":"https:\/\/nlp6.mycube.kz\/fr\/wp-json\/wp\/v2\/users\/1"}],"replies":[{"embeddable":true,"href":"https:\/\/nlp6.mycube.kz\/fr\/wp-json\/wp\/v2\/comments?post=909"}],"version-history":[{"count":2,"href":"https:\/\/nlp6.mycube.kz\/fr\/wp-json\/wp\/v2\/pages\/909\/revisions"}],"predecessor-version":[{"id":912,"href":"https:\/\/nlp6.mycube.kz\/fr\/wp-json\/wp\/v2\/pages\/909\/revisions\/912"}],"wp:attachment":[{"href":"https:\/\/nlp6.mycube.kz\/fr\/wp-json\/wp\/v2\/media?parent=909"}],"curies":[{"name":"wp","href":"https:\/\/api.w.org\/{rel}","templated":true}]}}