{"id":917,"date":"2026-03-03T17:39:10","date_gmt":"2026-03-03T14:39:10","guid":{"rendered":"https:\/\/nlp6.mycube.kz\/trading-schedule\/"},"modified":"2026-04-01T14:42:57","modified_gmt":"2026-04-01T11:42:57","slug":"trading-schedule","status":"publish","type":"page","link":"https:\/\/nlp6.mycube.kz\/fr\/trading-schedule\/","title":{"rendered":"Calendrier de Commerce"},"content":{"rendered":"<section class=\"l-section wpb_row us_custom_9ccc05f2 height_auto full_height valign_bottom\"><div class=\"l-section-h i-cf\"><div class=\"g-cols vc_row via_flex valign_top type_default stacking_default\"><div class=\"vc_col-sm-12 wpb_column vc_column_container\"><div class=\"vc_column-inner\"><div class=\"wpb_wrapper\"><div class=\"w-separator size_custom\" style=\"height:2rem\"><\/div><div class=\"g-cols wpb_row via_flex valign_top type_default stacking_default\"><div class=\"vc_col-sm-12 wpb_column vc_column_container\"><div class=\"vc_column-inner\"><div class=\"wpb_wrapper\"><nav class=\"g-breadcrumbs us_custom_183ff87a has_text_color separator_icon align_none\" itemscope itemtype=\"http:\/\/schema.org\/BreadcrumbList\"><div class=\"g-breadcrumbs-item\" itemscope itemprop=\"itemListElement\" itemtype=\"http:\/\/schema.org\/ListItem\"><a itemprop=\"item\" href=\"https:\/\/nlp6.mycube.kz\/fr\/\"><span itemprop=\"name\">Accueil<\/span><\/a><meta itemprop=\"position\" content=\"1\"\/><\/div><div class=\"g-breadcrumbs-separator\"><i class=\"far fa-angle-right\"><\/i><\/div><div class=\"g-breadcrumbs-item\">Pages<\/div><\/nav><div class=\"wpb_text_column\"><div class=\"wpb_wrapper\"><h1>Am\u00e9liorez vos performances de trading avec les insights sur les sessions de march\u00e9 de ICBC Markets<\/h1>\n<\/div><\/div><\/div><\/div><\/div><\/div><div class=\"w-separator size_custom\" style=\"height:2rem\"><\/div><div class=\"g-cols wpb_row us_custom_a2ebf4ae via_flex valign_top type_boxes stacking_default\"><div class=\"vc_col-sm-6 wpb_column vc_column_container\"><div class=\"vc_column-inner us_custom_681cf35f\"><div class=\"wpb_wrapper\"><div class=\"w-image align_none\"><div class=\"w-image-h\"><img decoding=\"async\" width=\"734\" height=\"320\" src=\"https:\/\/nlp6.mycube.kz\/wp-content\/uploads\/2026\/02\/gr-page.png\" class=\"attachment-full size-full\" alt=\"\" loading=\"lazy\" srcset=\"https:\/\/nlp6.mycube.kz\/wp-content\/uploads\/2026\/02\/gr-page.png 734w, https:\/\/nlp6.mycube.kz\/wp-content\/uploads\/2026\/02\/gr-page-300x131.png 300w\" sizes=\"auto, (max-width: 734px) 100vw, 734px\" \/><\/div><\/div><\/div><\/div><\/div><div class=\"vc_col-sm-6 wpb_column vc_column_container has_bg_color\"><div class=\"vc_column-inner us_custom_243b448c\"><div class=\"wpb_wrapper\"><div class=\"wpb_text_column\"><div class=\"wpb_wrapper\"><h4>Affinez votre timing et profitez de chaque opportunit\u00e9 de march\u00e9<\/h4>\n<p>Dans des march\u00e9s \u00e0 grande vitesse, le moment o\u00f9 vous tradez est tout aussi important que la fa\u00e7on dont vous tradez. ICBC Markets vous offre des insights en temps r\u00e9el sur les sessions de march\u00e9 mondiales, vous permettant d\u2019ex\u00e9cuter vos trades pendant les p\u00e9riodes d\u2019activit\u00e9 maximale pour une plus grande pr\u00e9cision et de meilleurs r\u00e9sultats.<\/p>\n<\/div><\/div><div class=\"w-separator size_custom\" style=\"height:30px\"><\/div><div class=\"w-btn-wrapper align_none\"><a class=\"w-btn us-btn-style_4\" href=\"\/platform.html\"><span class=\"w-btn-label\">Trader au moment optimal<\/span><\/a><\/div><\/div><\/div><\/div><\/div><div class=\"g-cols wpb_row hide_on_tablets hide_on_mobiles via_flex valign_top type_default stacking_default\"><div class=\"vc_col-sm-12 wpb_column vc_column_container stretched\"><div class=\"vc_column-inner\"><div class=\"wpb_wrapper\"><div data-us-scroll=\"{&quot;from_initial_position&quot;:&quot;0&quot;,&quot;start_position&quot;:&quot;0%&quot;,&quot;end_position&quot;:&quot;100%&quot;,&quot;delay&quot;:&quot;0s&quot;,&quot;translate_x_direction&quot;:&quot;left&quot;,&quot;translate_x_speed&quot;:&quot;0.5x&quot;}\" class=\"w-text us_custom_819caa63 has_text_color has_scroll_effects has_translate_x\"><span class=\"w-text-h\"><span class=\"w-text-value\">Calendrier de Trading<\/span><\/span><\/div><\/div><\/div><\/div><\/div><\/div><\/div><\/div><\/div><\/div><\/section><section class=\"l-section wpb_row us_custom_4fb9e5a3 height_large\"><div class=\"l-section-h i-cf\"><div class=\"g-cols vc_row via_flex valign_middle type_default stacking_default\"><div class=\"vc_col-sm-4 wpb_column vc_column_container\"><div class=\"vc_column-inner\"><div class=\"wpb_wrapper\"><div class=\"g-cols wpb_row via_flex valign_top type_default stacking_default\"><div class=\"vc_col-sm-12 wpb_column vc_column_container\"><div class=\"vc_column-inner\"><div class=\"wpb_wrapper\"><div class=\"w-image us_custom_447bff20 align_none\"><div class=\"w-image-h\"><img decoding=\"async\" width=\"457\" height=\"568\" src=\"https:\/\/nlp6.mycube.kz\/wp-content\/uploads\/2026\/03\/img12.jpg\" class=\"attachment-full size-full\" alt=\"\" loading=\"lazy\" srcset=\"https:\/\/nlp6.mycube.kz\/wp-content\/uploads\/2026\/03\/img12.jpg 457w, https:\/\/nlp6.mycube.kz\/wp-content\/uploads\/2026\/03\/img12-241x300.jpg 241w\" sizes=\"auto, (max-width: 457px) 100vw, 457px\" \/><\/div><\/div><\/div><\/div><\/div><\/div><\/div><\/div><\/div><div class=\"vc_col-sm-8 wpb_column vc_column_container\"><div class=\"vc_column-inner\"><div class=\"wpb_wrapper\"><div class=\"g-cols wpb_row via_flex valign_middle type_default stacking_default\"><div class=\"vc_col-sm-8 wpb_column vc_column_container\"><div class=\"vc_column-inner\"><div class=\"wpb_wrapper\"><div class=\"wpb_text_column\"><div class=\"wpb_wrapper\"><h2>Timing parfait des march\u00e9s avec ICBC Markets<\/h2>\n<p>Un trading efficace d\u00e9pend de l\u2019entr\u00e9e et de la sortie du march\u00e9 aux bons moments. C\u2019est pourquoi ICBC Markets propose un outil de suivi en direct des sessions qui affiche les heures d\u2019ouverture des march\u00e9s, les p\u00e9riodes d\u2019activit\u00e9 accrue et les chevauchements cl\u00e9s \u2014 automatiquement ajust\u00e9s aux changements d\u2019heure d\u2019\u00e9t\u00e9 pour une pr\u00e9cision tout au long de l\u2019ann\u00e9e.<\/p>\n<\/div><\/div><\/div><\/div><\/div><div class=\"vc_col-sm-4 wpb_column vc_column_container\"><div class=\"vc_column-inner\"><div class=\"wpb_wrapper\"><div data-us-scroll=\"{&quot;from_initial_position&quot;:&quot;0&quot;,&quot;start_position&quot;:&quot;0%&quot;,&quot;end_position&quot;:&quot;100%&quot;,&quot;delay&quot;:&quot;0s&quot;,&quot;translate_y_direction&quot;:&quot;down&quot;,&quot;translate_y_speed&quot;:&quot;0.2x&quot;}\" class=\"w-image has_scroll_effects has_translate_y align_center\"><div class=\"w-image-h\"><img decoding=\"async\" width=\"317\" height=\"414\" src=\"https:\/\/nlp6.mycube.kz\/wp-content\/uploads\/2026\/03\/img13.jpg\" class=\"attachment-full size-full\" alt=\"\" loading=\"lazy\" srcset=\"https:\/\/nlp6.mycube.kz\/wp-content\/uploads\/2026\/03\/img13.jpg 317w, https:\/\/nlp6.mycube.kz\/wp-content\/uploads\/2026\/03\/img13-230x300.jpg 230w\" sizes=\"auto, (max-width: 317px) 100vw, 317px\" \/><\/div><\/div><\/div><\/div><\/div><\/div><\/div><\/div><\/div><\/div><\/div><\/section><section class=\"l-section wpb_row us_custom_9ccc05f2 height_large\"><div class=\"l-section-h i-cf\"><div class=\"g-cols vc_row via_flex valign_top type_default stacking_default\"><div class=\"vc_col-sm-12 wpb_column vc_column_container\"><div class=\"vc_column-inner\"><div class=\"wpb_wrapper\"><div class=\"g-cols wpb_row via_flex valign_top type_default stacking_default\"><div class=\"vc_col-sm-12 wpb_column vc_column_container\"><div class=\"vc_column-inner\"><div class=\"wpb_wrapper\"><div class=\"wpb_text_column us_custom_40c523d3 has_text_color\"><div class=\"wpb_wrapper\"><h2>Mises \u00e0 jour automatiques des horaires saisonniers<\/h2>\n<p>Les principaux centres financiers mondiaux modifient leurs horaires de trading entre l\u2019\u00e9t\u00e9 et l\u2019hiver.<br \/>\nAvec ICBC Markets, votre plateforme reste parfaitement synchronis\u00e9e :<\/p>\n<\/div><\/div><\/div><\/div><\/div><\/div><div class=\"w-separator size_custom\" style=\"height:4rem\" id=\"rfdf\"><style>@media(max-width:767px){ #rfdf{height:3rem!important}}<\/style><\/div><div class=\"g-cols wpb_row via_flex valign_top type_boxes stacking_default\" style=\"--additional-gap:0.5rem;\"><div class=\"vc_col-sm-6 wpb_column vc_column_container has_bg_color\"><div class=\"vc_column-inner us_custom_62f6d392\"><div class=\"wpb_wrapper\"><h5 class=\"w-text us_custom_83a03b96 has_text_color\"><span class=\"w-text-h\"><span class=\"w-text-value\">Horaire d\u2019\u00e9t\u00e9 : GMT +3<\/span><\/span><\/h5><div class=\"w-separator us_custom_112a99c3 has_text_color size_custom has_font_size with_line width_50 thick_1 style_dashed color_text align_center with_content\" style=\"height:60px\"><div class=\"w-separator-h\"><i class=\"material-icons\">watch_later<\/i><\/div><\/div><div class=\"w-hwrapper valign_top stack_on_mobiles align_center\"><div class=\"wpb_text_column us_custom_6df4bc3a ulmoy2 has_text_color\"><div class=\"wpb_wrapper\"><ul>\n<li>Australie : 21h \u2013 6h<\/li>\n<li>Tokyo : 0h \u2013 9h<\/li>\n<\/ul>\n<\/div><\/div><div class=\"wpb_text_column us_custom_6df4bc3a ulmoy2 has_text_color\"><div class=\"wpb_wrapper\"><ul>\n<li>Londres : 7h \u2013 15h<\/li>\n<li>New York : 12h \u2013 21h<\/li>\n<\/ul>\n<\/div><\/div><\/div><\/div><\/div><\/div><div class=\"vc_col-sm-6 wpb_column vc_column_container has_bg_color\"><div class=\"vc_column-inner us_custom_6f89978b\"><div class=\"wpb_wrapper\"><h5 class=\"w-text us_custom_eb849559\"><span class=\"w-text-h\"><span class=\"w-text-value\">Horaire d\u2019hiver : GMT +2<\/span><\/span><\/h5><div class=\"w-separator us_custom_e21592b0 has_text_color size_custom has_font_size with_line width_50 thick_1 style_dashed color_text align_center with_content\" style=\"height:60px\"><div class=\"w-separator-h\"><i class=\"material-icons\">watch_later<\/i><\/div><\/div><div class=\"w-hwrapper valign_top stack_on_mobiles align_center\"><div class=\"wpb_text_column us_custom_0259209c ulmoy has_text_color\"><div class=\"wpb_wrapper\"><ul>\n<li>Australie : 20h \u2013 5h<\/li>\n<li>Tokyo : 0h \u2013 9h<\/li>\n<\/ul>\n<\/div><\/div><div class=\"wpb_text_column us_custom_0259209c ulmoy has_text_color\"><div class=\"wpb_wrapper\"><ul>\n<li>Londres : 8h \u2013 16h<\/li>\n<li>New York : 13h \u2013 22h<\/li>\n<\/ul>\n<\/div><\/div><\/div><\/div><\/div><\/div><\/div><div class=\"w-separator size_custom\" style=\"height:4rem\" id=\"if2e\"><style>@media(max-width:767px){ #if2e{height:3rem!important}}<\/style><\/div><div class=\"g-cols wpb_row via_flex valign_top type_default stacking_default\"><div class=\"vc_col-sm-3 wpb_column vc_column_container hide_on_tablets hide_on_mobiles\"><div class=\"vc_column-inner\"><div class=\"wpb_wrapper\"><\/div><\/div><\/div><div class=\"vc_col-sm-6 wpb_column vc_column_container\"><div class=\"vc_column-inner\"><div class=\"wpb_wrapper\"><div class=\"wpb_text_column us_custom_eb849559\"><div class=\"wpb_wrapper\"><h6>Toutes les mises \u00e0 jour sont effectu\u00e9es automatiquement \u2014 aucun ajustement manuel n\u2019est n\u00e9cessaire.<\/h6>\n<\/div><\/div><div class=\"w-separator size_custom\" style=\"height:30px\"><\/div><div class=\"w-btn-wrapper align_center\"><a class=\"w-btn us-btn-style_1\" href=\"\/platform.html\"><span class=\"w-btn-label\">V\u00e9rifier les sessions de trading d\u2019aujourd\u2019hui<\/span><\/a><\/div><\/div><\/div><\/div><\/div><\/div><\/div><\/div><\/div><\/div><\/section><section class=\"l-section wpb_row height_large\"><div class=\"l-section-h i-cf\"><div class=\"g-cols vc_row via_flex valign_top type_default stacking_default\"><div class=\"vc_col-sm-12 wpb_column vc_column_container\"><div class=\"vc_column-inner\"><div class=\"wpb_wrapper\"><div class=\"g-cols wpb_row via_flex valign_top type_default stacking_default\"><div class=\"vc_col-sm-12 wpb_column vc_column_container\"><div class=\"vc_column-inner\"><div class=\"wpb_wrapper\"><div class=\"wpb_text_column us_custom_eb849559\"><div class=\"wpb_wrapper\"><h2>Tradez quand les march\u00e9s sont les plus actifs<\/h2>\n<p>Lorsque plusieurs grands centres financiers fonctionnent simultan\u00e9ment, la liquidit\u00e9 et les mouvements de prix augmentent souvent \u2014 cr\u00e9ant des conditions de trading favorables. Avec les march\u00e9s Forex et cryptomonnaies disponibles 24h\/24 et 7j\/7, vous pouvez trader \u00e0 tout moment tout en vous concentrant sur les fen\u00eatres les plus actives et potentiellement les plus rentables. Collaborez avec votre gestionnaire de compte ICBC Markets pour affiner votre strat\u00e9gie autour de ces p\u00e9riodes de fort volume.<\/p>\n<\/div><\/div><\/div><\/div><\/div><\/div><div class=\"w-separator size_custom\" style=\"height:4rem\" id=\"g644\"><style>@media(max-width:767px){ #g644{height:3rem!important}}<\/style><\/div><div class=\"w-tabs us_custom_a61e2493 layout_hor style_radio2 switch_click has_scrolling\" style=\"--sections-title-size:14px\"><div class=\"w-tabs-list items_2 align_center\" style=\"font-family:var(--font-family);font-weight:700;text-transform:uppercase;\"><div class=\"w-tabs-list-h\"><button class=\"w-tabs-item active\" aria-controls=\"content-g4f1\" aria-expanded=\"false\"><span class=\"w-tabs-item-title\">Session d\u2019\u00e9t\u00e9<\/span><\/button><button class=\"w-tabs-item\" aria-controls=\"content-se55\" aria-expanded=\"false\"><span class=\"w-tabs-item-title\">Session d\u2019hiver<\/span><\/button><\/div><\/div><div class=\"w-tabs-sections titles-align_none icon_chevron cpos_right\"><div class=\"w-tabs-section active\" id=\"g4f1\"><button class=\"w-tabs-section-header active\" aria-controls=\"content-g4f1\" aria-expanded=\"true\"><div class=\"w-tabs-section-title\">Session d\u2019\u00e9t\u00e9<\/div><div class=\"w-tabs-section-control\"><\/div><\/button><div  class=\"w-tabs-section-content\" id=\"content-g4f1\"><div class=\"w-tabs-section-content-h i-cf\"><div class=\"w-image us_custom_7f574db7 align_center has_bg_color\"><div class=\"w-image-h\"><img decoding=\"async\" width=\"1319\" height=\"473\" src=\"https:\/\/nlp6.mycube.kz\/wp-content\/uploads\/2026\/03\/summer.png\" class=\"attachment-full size-full\" alt=\"\" loading=\"lazy\" srcset=\"https:\/\/nlp6.mycube.kz\/wp-content\/uploads\/2026\/03\/summer.png 1319w, https:\/\/nlp6.mycube.kz\/wp-content\/uploads\/2026\/03\/summer-300x108.png 300w, https:\/\/nlp6.mycube.kz\/wp-content\/uploads\/2026\/03\/summer-1024x367.png 1024w\" sizes=\"auto, (max-width: 1319px) 100vw, 1319px\" \/><\/div><\/div><\/div><\/div><\/div><div class=\"w-tabs-section\" id=\"se55\"><button class=\"w-tabs-section-header\" aria-controls=\"content-se55\" aria-expanded=\"false\"><div class=\"w-tabs-section-title\">Session d\u2019hiver<\/div><div class=\"w-tabs-section-control\"><\/div><\/button><div  class=\"w-tabs-section-content\" id=\"content-se55\"><div class=\"w-tabs-section-content-h i-cf\"><div class=\"w-image us_custom_7f574db7 align_center has_bg_color\"><div class=\"w-image-h\"><img decoding=\"async\" width=\"1319\" height=\"473\" src=\"https:\/\/nlp6.mycube.kz\/wp-content\/uploads\/2026\/03\/winter.png\" class=\"attachment-full size-full\" alt=\"\" loading=\"lazy\" srcset=\"https:\/\/nlp6.mycube.kz\/wp-content\/uploads\/2026\/03\/winter.png 1319w, https:\/\/nlp6.mycube.kz\/wp-content\/uploads\/2026\/03\/winter-300x108.png 300w, https:\/\/nlp6.mycube.kz\/wp-content\/uploads\/2026\/03\/winter-1024x367.png 1024w\" sizes=\"auto, (max-width: 1319px) 100vw, 1319px\" \/><\/div><\/div><\/div><\/div><\/div><\/div><\/div><\/div><\/div><\/div><\/div><\/div><\/section><section class=\"l-section wpb_row us_custom_c70c97eb height_large\"><div class=\"l-section-h i-cf\"><div class=\"g-cols vc_row via_flex valign_top type_default stacking_default\"><div class=\"vc_col-sm-12 wpb_column vc_column_container\"><div class=\"vc_column-inner\"><div class=\"wpb_wrapper\"><div class=\"g-cols wpb_row via_flex valign_middle type_default stacking_default\"><div class=\"vc_col-sm-6 wpb_column vc_column_container\"><div class=\"vc_column-inner\"><div class=\"wpb_wrapper\"><div class=\"w-image us_custom_447bff20 align_center\"><div class=\"w-image-h\"><img decoding=\"async\" width=\"698\" height=\"534\" src=\"https:\/\/nlp6.mycube.kz\/wp-content\/uploads\/2026\/03\/img14.jpg\" class=\"attachment-full size-full\" alt=\"\" loading=\"lazy\" srcset=\"https:\/\/nlp6.mycube.kz\/wp-content\/uploads\/2026\/03\/img14.jpg 698w, https:\/\/nlp6.mycube.kz\/wp-content\/uploads\/2026\/03\/img14-300x230.jpg 300w\" sizes=\"auto, (max-width: 698px) 100vw, 698px\" \/><\/div><\/div><\/div><\/div><\/div><div class=\"vc_col-sm-6 wpb_column vc_column_container\"><div class=\"vc_column-inner\"><div class=\"wpb_wrapper\"><div class=\"wpb_text_column us_custom_0259209c ulmoy has_text_color\"><div class=\"wpb_wrapper\"><h2>Chevauchements de sessions cl\u00e9s \u00e0 surveiller:<\/h2>\n<ul>\n<li><strong>Londres &amp; New York<\/strong><\/li>\n<li><strong>Tokyo &amp; Sydney<\/strong><\/li>\n<\/ul>\n<p>Ces chevauchements g\u00e9n\u00e8rent souvent un momentum plus fort, des spreads plus serr\u00e9s et des opportunit\u00e9s de trading \u00e9largies. Utilisez le tableau de bord des sessions de march\u00e9 ICBC Markets pour aligner votre strat\u00e9gie sur les mouvements en direct des march\u00e9s mondiaux.<\/p>\n<\/div><\/div><div class=\"w-separator size_custom\" style=\"height:30px\"><\/div><div class=\"w-btn-wrapper align_none\"><a class=\"w-btn us-btn-style_4\" href=\"\/platform.html\"><span class=\"w-btn-label\">Ouvrir la carte des sessions de march\u00e9 en temps r\u00e9el<\/span><\/a><\/div><\/div><\/div><\/div><\/div><\/div><\/div><\/div><\/div><\/div><\/section>\n","protected":false},"excerpt":{"rendered":"AccueilPagesAm\u00e9liorez vos performances de trading avec les insights sur les sessions de march\u00e9 de ICBC Markets Affinez votre timing et profitez de chaque opportunit\u00e9 de march\u00e9 Dans des march\u00e9s \u00e0 grande vitesse, le moment o\u00f9 vous tradez est tout aussi important que la fa\u00e7on dont vous tradez. ICBC Markets vous offre des insights en temps...","protected":false},"author":1,"featured_media":0,"parent":0,"menu_order":0,"comment_status":"closed","ping_status":"closed","template":"","meta":{"footnotes":""},"class_list":["post-917","page","type-page","status-publish","hentry"],"_links":{"self":[{"href":"https:\/\/nlp6.mycube.kz\/fr\/wp-json\/wp\/v2\/pages\/917","targetHints":{"allow":["GET"]}}],"collection":[{"href":"https:\/\/nlp6.mycube.kz\/fr\/wp-json\/wp\/v2\/pages"}],"about":[{"href":"https:\/\/nlp6.mycube.kz\/fr\/wp-json\/wp\/v2\/types\/page"}],"author":[{"embeddable":true,"href":"https:\/\/nlp6.mycube.kz\/fr\/wp-json\/wp\/v2\/users\/1"}],"replies":[{"embeddable":true,"href":"https:\/\/nlp6.mycube.kz\/fr\/wp-json\/wp\/v2\/comments?post=917"}],"version-history":[{"count":3,"href":"https:\/\/nlp6.mycube.kz\/fr\/wp-json\/wp\/v2\/pages\/917\/revisions"}],"predecessor-version":[{"id":921,"href":"https:\/\/nlp6.mycube.kz\/fr\/wp-json\/wp\/v2\/pages\/917\/revisions\/921"}],"wp:attachment":[{"href":"https:\/\/nlp6.mycube.kz\/fr\/wp-json\/wp\/v2\/media?parent=917"}],"curies":[{"name":"wp","href":"https:\/\/api.w.org\/{rel}","templated":true}]}}