{"id":926,"date":"2026-03-03T22:30:54","date_gmt":"2026-03-03T19:30:54","guid":{"rendered":"https:\/\/nlp6.mycube.kz\/trading-platform\/"},"modified":"2026-04-01T15:33:42","modified_gmt":"2026-04-01T12:33:42","slug":"trading-platform","status":"publish","type":"page","link":"https:\/\/nlp6.mycube.kz\/fr\/trading-platform\/","title":{"rendered":"La Plateforme"},"content":{"rendered":"<section class=\"l-section wpb_row us_custom_9ccc05f2 height_auto full_height valign_bottom\"><div class=\"l-section-h i-cf\"><div class=\"g-cols vc_row via_flex valign_top type_default stacking_default\"><div class=\"vc_col-sm-12 wpb_column vc_column_container\"><div class=\"vc_column-inner\"><div class=\"wpb_wrapper\"><div class=\"w-separator size_custom\" style=\"height:2rem\"><\/div><div class=\"g-cols wpb_row via_flex valign_top type_default stacking_default\"><div class=\"vc_col-sm-12 wpb_column vc_column_container\"><div class=\"vc_column-inner\"><div class=\"wpb_wrapper\"><nav class=\"g-breadcrumbs us_custom_183ff87a has_text_color separator_icon align_none\" itemscope itemtype=\"http:\/\/schema.org\/BreadcrumbList\"><div class=\"g-breadcrumbs-item\" itemscope itemprop=\"itemListElement\" itemtype=\"http:\/\/schema.org\/ListItem\"><a itemprop=\"item\" href=\"https:\/\/nlp6.mycube.kz\/fr\/\"><span itemprop=\"name\">Accueil<\/span><\/a><meta itemprop=\"position\" content=\"1\"\/><\/div><div class=\"g-breadcrumbs-separator\"><i class=\"far fa-angle-right\"><\/i><\/div><div class=\"g-breadcrumbs-item\">Pages<\/div><\/nav><div class=\"wpb_text_column\"><div class=\"wpb_wrapper\"><h1>Red\u00e9finissez votre parcours de trading avec la plateforme ICBC Markets<\/h1>\n<\/div><\/div><\/div><\/div><\/div><\/div><div class=\"w-separator size_custom\" style=\"height:2rem\"><\/div><div class=\"g-cols wpb_row us_custom_a2ebf4ae via_flex valign_top type_boxes stacking_default\"><div class=\"vc_col-sm-6 wpb_column vc_column_container\"><div class=\"vc_column-inner us_custom_681cf35f\"><div class=\"wpb_wrapper\"><div class=\"w-image align_none\"><div class=\"w-image-h\"><img decoding=\"async\" width=\"734\" height=\"320\" src=\"https:\/\/nlp6.mycube.kz\/wp-content\/uploads\/2026\/02\/gr-page.png\" class=\"attachment-full size-full\" alt=\"\" loading=\"lazy\" srcset=\"https:\/\/nlp6.mycube.kz\/wp-content\/uploads\/2026\/02\/gr-page.png 734w, https:\/\/nlp6.mycube.kz\/wp-content\/uploads\/2026\/02\/gr-page-300x131.png 300w\" sizes=\"auto, (max-width: 734px) 100vw, 734px\" \/><\/div><\/div><\/div><\/div><\/div><div class=\"vc_col-sm-6 wpb_column vc_column_container has_bg_color\"><div class=\"vc_column-inner us_custom_2bf2f786\"><div class=\"wpb_wrapper\"><div class=\"wpb_text_column\"><div class=\"wpb_wrapper\"><h4>Tradez avec vitesse, intelligence et pr\u00e9cision<\/h4>\n<p>Entrez en toute confiance dans les march\u00e9s mondiaux gr\u00e2ce \u00e0 la plateforme ICBC Markets \u2014 con\u00e7ue pour surpasser les solutions traditionnelles telles que MT4 et MT5. Que vous d\u00e9butiez ou que vous soyez un trader exp\u00e9riment\u00e9, ICBC Markets vous offre les performances, la pr\u00e9cision et le contr\u00f4le n\u00e9cessaires pour g\u00e9rer chaque trade efficacement.<\/p>\n<\/div><\/div><div class=\"w-separator size_custom\" style=\"height:30px\"><\/div><div class=\"w-btn-wrapper align_none\"><a class=\"w-btn us-btn-style_4\" href=\"\/platform.html\"><span class=\"w-btn-label\">Commencez votre parcours de trading d\u00e8s maintenant<\/span><\/a><\/div><\/div><\/div><\/div><\/div><div class=\"g-cols wpb_row hide_on_tablets hide_on_mobiles via_flex valign_top type_default stacking_default\"><div class=\"vc_col-sm-12 wpb_column vc_column_container stretched\"><div class=\"vc_column-inner\"><div class=\"wpb_wrapper\"><div data-us-scroll=\"{&quot;from_initial_position&quot;:&quot;0&quot;,&quot;start_position&quot;:&quot;0%&quot;,&quot;end_position&quot;:&quot;100%&quot;,&quot;delay&quot;:&quot;0s&quot;,&quot;translate_x_direction&quot;:&quot;left&quot;,&quot;translate_x_speed&quot;:&quot;0.5x&quot;}\" class=\"w-text us_custom_819caa63 has_text_color has_scroll_effects has_translate_x\"><span class=\"w-text-h\"><span class=\"w-text-value\">La Plateforme<\/span><\/span><\/div><\/div><\/div><\/div><\/div><\/div><\/div><\/div><\/div><\/div><\/section><section class=\"l-section wpb_row us_custom_4fb9e5a3 height_auto\"><div class=\"l-section-h i-cf\"><div class=\"g-cols vc_row via_flex valign_middle type_default stacking_default\"><div class=\"vc_col-sm-12 wpb_column vc_column_container\"><div class=\"vc_column-inner\"><div class=\"wpb_wrapper\"><div class=\"w-separator hide_on_default hide_on_laptops size_custom\" style=\"height:3rem\"><\/div><div class=\"g-cols wpb_row via_flex valign_middle type_default stacking_default\"><div class=\"vc_col-sm-6 wpb_column vc_column_container\"><div class=\"vc_column-inner\"><div class=\"wpb_wrapper\"><div class=\"wpb_text_column\"><div class=\"wpb_wrapper\"><h2>D\u00e9couvrez toute la puissance du hub de trading ICBC Markets<\/h2>\n<p>Notre plateforme est con\u00e7ue pour simplifier vos flux de travail et am\u00e9liorer vos r\u00e9sultats de trading. Gr\u00e2ce \u00e0 des fonctionnalit\u00e9s avanc\u00e9es et un acc\u00e8s fluide aux march\u00e9s mondiaux, ICBC Markets offre un environnement de trading complet adapt\u00e9 \u00e0 tous les niveaux d\u2019exp\u00e9rience.<\/p>\n<\/div><\/div><\/div><\/div><\/div><div class=\"vc_col-sm-6 wpb_column vc_column_container\"><div class=\"vc_column-inner\"><div class=\"wpb_wrapper\"><div class=\"w-image us_custom_ab6aa706 align_none\"><div class=\"w-image-h\"><img decoding=\"async\" width=\"859\" height=\"965\" src=\"https:\/\/nlp6.mycube.kz\/wp-content\/uploads\/2026\/03\/macbook.png\" class=\"attachment-full size-full\" alt=\"\" loading=\"lazy\" srcset=\"https:\/\/nlp6.mycube.kz\/wp-content\/uploads\/2026\/03\/macbook.png 859w, https:\/\/nlp6.mycube.kz\/wp-content\/uploads\/2026\/03\/macbook-267x300.png 267w\" sizes=\"auto, (max-width: 859px) 100vw, 859px\" \/><\/div><\/div><\/div><\/div><\/div><\/div><\/div><\/div><\/div><\/div><\/div><\/section><section class=\"l-section wpb_row us_custom_c70c97eb height_large\"><div class=\"l-section-h i-cf\"><div class=\"g-cols vc_row via_flex valign_top type_default stacking_default\"><div class=\"vc_col-sm-12 wpb_column vc_column_container\"><div class=\"vc_column-inner\"><div class=\"wpb_wrapper\"><div class=\"g-cols wpb_row via_flex valign_top type_default stacking_default\"><div class=\"vc_col-sm-12 wpb_column vc_column_container\"><div class=\"vc_column-inner\"><div class=\"wpb_wrapper\"><div class=\"wpb_text_column us_custom_eb849559\"><div class=\"wpb_wrapper\"><h2>Pourquoi les traders<br \/>\nchoisissent ICBC Markets<\/h2>\n<\/div><\/div><\/div><\/div><\/div><\/div><div class=\"w-separator size_custom\" style=\"height:4rem\" id=\"uee0\"><style>@media(max-width:767px){ #uee0{height:3rem!important}}<\/style><\/div><div class=\"g-cols wpb_row via_flex valign_top type_boxes stacking_default\" style=\"--additional-gap:0.5rem;\"><div class=\"vc_col-sm-3 wpb_column vc_column_container has_bg_color\"><div class=\"vc_column-inner us_custom_5533cc46\"><div class=\"wpb_wrapper\"><div class=\"wpb_text_column\"><div class=\"wpb_wrapper\"><h6>Couverture compl\u00e8te des march\u00e9s<\/h6>\n<p>Tradez le forex, les cryptomonnaies, les actions et bien plus encore depuis un seul compte avec acc\u00e8s \u00e0 plus de 200 instruments.<\/p>\n<\/div><\/div><div class=\"w-image align_left\"><div class=\"w-image-h\"><img decoding=\"async\" width=\"625\" height=\"355\" src=\"https:\/\/nlp6.mycube.kz\/wp-content\/uploads\/2026\/03\/g1.png\" class=\"attachment-full size-full\" alt=\"\" loading=\"lazy\" srcset=\"https:\/\/nlp6.mycube.kz\/wp-content\/uploads\/2026\/03\/g1.png 625w, https:\/\/nlp6.mycube.kz\/wp-content\/uploads\/2026\/03\/g1-300x170.png 300w\" sizes=\"auto, (max-width: 625px) 100vw, 625px\" \/><\/div><\/div><\/div><\/div><\/div><div class=\"vc_col-sm-3 wpb_column vc_column_container has_bg_color\"><div class=\"vc_column-inner us_custom_5533cc46\"><div class=\"wpb_wrapper\"><div class=\"wpb_text_column\"><div class=\"wpb_wrapper\"><h6>Libert\u00e9 multiplateforme<\/h6>\n<p>Passez en toute fluidit\u00e9 du desktop \u00e0 la tablette et au mobile avec une synchronisation des donn\u00e9es en temps r\u00e9el.<\/p>\n<\/div><\/div><div class=\"w-image align_left\"><div class=\"w-image-h\"><img decoding=\"async\" width=\"625\" height=\"355\" src=\"https:\/\/nlp6.mycube.kz\/wp-content\/uploads\/2026\/03\/g1.png\" class=\"attachment-full size-full\" alt=\"\" loading=\"lazy\" srcset=\"https:\/\/nlp6.mycube.kz\/wp-content\/uploads\/2026\/03\/g1.png 625w, https:\/\/nlp6.mycube.kz\/wp-content\/uploads\/2026\/03\/g1-300x170.png 300w\" sizes=\"auto, (max-width: 625px) 100vw, 625px\" \/><\/div><\/div><\/div><\/div><\/div><div class=\"vc_col-sm-3 wpb_column vc_column_container has_bg_color\"><div class=\"vc_column-inner us_custom_5533cc46\"><div class=\"wpb_wrapper\"><div class=\"wpb_text_column\"><div class=\"wpb_wrapper\"><h6>Ex\u00e9cution ultra-rapide<\/h6>\n<p>Ouvrez et fermez vos positions instantan\u00e9ment avec une latence extr\u00eamement faible.<\/p>\n<\/div><\/div><div class=\"w-separator hide_on_tablets hide_on_mobiles size_custom\" style=\"height:60px\"><\/div><div class=\"w-image align_left\"><div class=\"w-image-h\"><img decoding=\"async\" width=\"625\" height=\"355\" src=\"https:\/\/nlp6.mycube.kz\/wp-content\/uploads\/2026\/03\/g1.png\" class=\"attachment-full size-full\" alt=\"\" loading=\"lazy\" srcset=\"https:\/\/nlp6.mycube.kz\/wp-content\/uploads\/2026\/03\/g1.png 625w, https:\/\/nlp6.mycube.kz\/wp-content\/uploads\/2026\/03\/g1-300x170.png 300w\" sizes=\"auto, (max-width: 625px) 100vw, 625px\" \/><\/div><\/div><\/div><\/div><\/div><div class=\"vc_col-sm-3 wpb_column vc_column_container has_bg_color\"><div class=\"vc_column-inner us_custom_5533cc46\"><div class=\"wpb_wrapper\"><div class=\"wpb_text_column\"><div class=\"wpb_wrapper\"><h6>Dispositions enti\u00e8rement personnalisables<\/h6>\n<p>Personnalisez vos graphiques, outils et espaces de travail selon votre style de trading.<\/p>\n<\/div><\/div><div class=\"w-image align_left\"><div class=\"w-image-h\"><img decoding=\"async\" width=\"625\" height=\"355\" src=\"https:\/\/nlp6.mycube.kz\/wp-content\/uploads\/2026\/03\/g1.png\" class=\"attachment-full size-full\" alt=\"\" loading=\"lazy\" srcset=\"https:\/\/nlp6.mycube.kz\/wp-content\/uploads\/2026\/03\/g1.png 625w, https:\/\/nlp6.mycube.kz\/wp-content\/uploads\/2026\/03\/g1-300x170.png 300w\" sizes=\"auto, (max-width: 625px) 100vw, 625px\" \/><\/div><\/div><\/div><\/div><\/div><\/div><div class=\"w-separator hide_on_tablets hide_on_mobiles size_custom\" style=\"height:1rem\"><\/div><div class=\"g-cols wpb_row via_flex valign_top type_boxes stacking_default\" style=\"--additional-gap:0.5rem;\"><div class=\"vc_col-sm-3 wpb_column vc_column_container has_bg_color\"><div class=\"vc_column-inner us_custom_5533cc46\"><div class=\"wpb_wrapper\"><div class=\"wpb_text_column\"><div class=\"wpb_wrapper\"><h6>Outils d\u2019analyse avanc\u00e9s<\/h6>\n<p>Utilisez plusieurs formats de graphiques, outils de dessin et indicateurs int\u00e9gr\u00e9s pour une analyse plus approfondie du march\u00e9.<\/p>\n<\/div><\/div><div class=\"w-image align_left\"><div class=\"w-image-h\"><img decoding=\"async\" width=\"625\" height=\"355\" src=\"https:\/\/nlp6.mycube.kz\/wp-content\/uploads\/2026\/03\/g1.png\" class=\"attachment-full size-full\" alt=\"\" loading=\"lazy\" srcset=\"https:\/\/nlp6.mycube.kz\/wp-content\/uploads\/2026\/03\/g1.png 625w, https:\/\/nlp6.mycube.kz\/wp-content\/uploads\/2026\/03\/g1-300x170.png 300w\" sizes=\"auto, (max-width: 625px) 100vw, 625px\" \/><\/div><\/div><\/div><\/div><\/div><div class=\"vc_col-sm-3 wpb_column vc_column_container has_bg_color\"><div class=\"vc_column-inner us_custom_5533cc46\"><div class=\"wpb_wrapper\"><div class=\"wpb_text_column\"><div class=\"wpb_wrapper\"><h6>Alertes en direct et automatisation des strat\u00e9gies<\/h6>\n<p>Restez inform\u00e9 gr\u00e2ce aux alertes de prix en temps r\u00e9el et automatisez vos strat\u00e9gies de trading sans effort.<\/p>\n<\/div><\/div><div class=\"w-image align_left\"><div class=\"w-image-h\"><img decoding=\"async\" width=\"625\" height=\"355\" src=\"https:\/\/nlp6.mycube.kz\/wp-content\/uploads\/2026\/03\/g1.png\" class=\"attachment-full size-full\" alt=\"\" loading=\"lazy\" srcset=\"https:\/\/nlp6.mycube.kz\/wp-content\/uploads\/2026\/03\/g1.png 625w, https:\/\/nlp6.mycube.kz\/wp-content\/uploads\/2026\/03\/g1-300x170.png 300w\" sizes=\"auto, (max-width: 625px) 100vw, 625px\" \/><\/div><\/div><\/div><\/div><\/div><div class=\"vc_col-sm-3 wpb_column vc_column_container has_bg_color\"><div class=\"vc_column-inner us_custom_5533cc46\"><div class=\"wpb_wrapper\"><div class=\"wpb_text_column\"><div class=\"wpb_wrapper\"><h6>Gestion des risques int\u00e9gr\u00e9e<\/h6>\n<p>Prot\u00e9gez vos trades gr\u00e2ce \u00e0 des fonctionnalit\u00e9s compl\u00e8tes de contr\u00f4le des risques.<\/p>\n<\/div><\/div><div class=\"w-separator hide_on_tablets hide_on_mobiles size_custom\" style=\"height:30px\"><\/div><div class=\"w-image align_left\"><div class=\"w-image-h\"><img decoding=\"async\" width=\"625\" height=\"355\" src=\"https:\/\/nlp6.mycube.kz\/wp-content\/uploads\/2026\/03\/g1.png\" class=\"attachment-full size-full\" alt=\"\" loading=\"lazy\" srcset=\"https:\/\/nlp6.mycube.kz\/wp-content\/uploads\/2026\/03\/g1.png 625w, https:\/\/nlp6.mycube.kz\/wp-content\/uploads\/2026\/03\/g1-300x170.png 300w\" sizes=\"auto, (max-width: 625px) 100vw, 625px\" \/><\/div><\/div><\/div><\/div><\/div><div class=\"vc_col-sm-3 wpb_column vc_column_container has_bg_color\"><div class=\"vc_column-inner us_custom_5533cc46\"><div class=\"wpb_wrapper\"><div class=\"wpb_text_column\"><div class=\"wpb_wrapper\"><h6>Design convivial<\/h6>\n<p>Profitez d\u2019une interface claire et intuitive con\u00e7ue pour la rapidit\u00e9 et l\u2019efficacit\u00e9.<\/p>\n<\/div><\/div><div class=\"w-separator hide_on_tablets hide_on_mobiles size_custom\" style=\"height:30px\"><\/div><div class=\"w-image align_left\"><div class=\"w-image-h\"><img decoding=\"async\" width=\"625\" height=\"355\" src=\"https:\/\/nlp6.mycube.kz\/wp-content\/uploads\/2026\/03\/g1.png\" class=\"attachment-full size-full\" alt=\"\" loading=\"lazy\" srcset=\"https:\/\/nlp6.mycube.kz\/wp-content\/uploads\/2026\/03\/g1.png 625w, https:\/\/nlp6.mycube.kz\/wp-content\/uploads\/2026\/03\/g1-300x170.png 300w\" sizes=\"auto, (max-width: 625px) 100vw, 625px\" \/><\/div><\/div><\/div><\/div><\/div><\/div><div class=\"w-separator size_custom\" style=\"height:3rem\"><\/div><div class=\"g-cols wpb_row via_flex valign_top type_default stacking_default\"><div class=\"vc_col-sm-12 wpb_column vc_column_container\"><div class=\"vc_column-inner\"><div class=\"wpb_wrapper\"><div class=\"w-btn-wrapper align_center\"><a class=\"w-btn us-btn-style_3\" href=\"\/platform.html\"><span class=\"w-btn-label\">Am\u00e9liorez votre plateforme de trading aujourd\u2019hui<\/span><\/a><\/div><\/div><\/div><\/div><\/div><\/div><\/div><\/div><\/div><\/div><\/section>\n","protected":false},"excerpt":{"rendered":"AccueilPages Red\u00e9finissez votre parcours de trading avec la plateforme ICBC Markets Tradez avec vitesse, intelligence et pr\u00e9cision Entrez en toute confiance dans les march\u00e9s mondiaux gr\u00e2ce \u00e0 la plateforme ICBC Markets \u2014 con\u00e7ue pour surpasser les solutions traditionnelles telles que MT4 et MT5. Que vous d\u00e9butiez ou que vous soyez un trader exp\u00e9riment\u00e9, ICBC Markets...","protected":false},"author":1,"featured_media":0,"parent":0,"menu_order":0,"comment_status":"closed","ping_status":"closed","template":"","meta":{"footnotes":""},"class_list":["post-926","page","type-page","status-publish","hentry"],"_links":{"self":[{"href":"https:\/\/nlp6.mycube.kz\/fr\/wp-json\/wp\/v2\/pages\/926","targetHints":{"allow":["GET"]}}],"collection":[{"href":"https:\/\/nlp6.mycube.kz\/fr\/wp-json\/wp\/v2\/pages"}],"about":[{"href":"https:\/\/nlp6.mycube.kz\/fr\/wp-json\/wp\/v2\/types\/page"}],"author":[{"embeddable":true,"href":"https:\/\/nlp6.mycube.kz\/fr\/wp-json\/wp\/v2\/users\/1"}],"replies":[{"embeddable":true,"href":"https:\/\/nlp6.mycube.kz\/fr\/wp-json\/wp\/v2\/comments?post=926"}],"version-history":[{"count":4,"href":"https:\/\/nlp6.mycube.kz\/fr\/wp-json\/wp\/v2\/pages\/926\/revisions"}],"predecessor-version":[{"id":959,"href":"https:\/\/nlp6.mycube.kz\/fr\/wp-json\/wp\/v2\/pages\/926\/revisions\/959"}],"wp:attachment":[{"href":"https:\/\/nlp6.mycube.kz\/fr\/wp-json\/wp\/v2\/media?parent=926"}],"curies":[{"name":"wp","href":"https:\/\/api.w.org\/{rel}","templated":true}]}}