{"id":936,"date":"2026-03-04T15:12:47","date_gmt":"2026-03-04T12:12:47","guid":{"rendered":"https:\/\/nlp6.mycube.kz\/why-trade-with\/"},"modified":"2026-04-01T15:20:02","modified_gmt":"2026-04-01T12:20:02","slug":"why-trade-with","status":"publish","type":"page","link":"https:\/\/nlp6.mycube.kz\/fr\/why-trade-with\/","title":{"rendered":"Pourquoi Trader avec ICBC Markets?"},"content":{"rendered":"<section class=\"l-section wpb_row us_custom_9ccc05f2 height_auto full_height valign_bottom\"><div class=\"l-section-h i-cf\"><div class=\"g-cols vc_row via_flex valign_top type_default stacking_default\"><div class=\"vc_col-sm-12 wpb_column vc_column_container\"><div class=\"vc_column-inner\"><div class=\"wpb_wrapper\"><div class=\"w-separator size_custom\" style=\"height:2rem\"><\/div><div class=\"g-cols wpb_row via_flex valign_middle type_default stacking_default\"><div class=\"vc_col-sm-6 wpb_column vc_column_container\"><div class=\"vc_column-inner\"><div class=\"wpb_wrapper\"><nav class=\"g-breadcrumbs us_custom_183ff87a has_text_color separator_icon align_none\" itemscope itemtype=\"http:\/\/schema.org\/BreadcrumbList\"><div class=\"g-breadcrumbs-item\" itemscope itemprop=\"itemListElement\" itemtype=\"http:\/\/schema.org\/ListItem\"><a itemprop=\"item\" href=\"https:\/\/nlp6.mycube.kz\/fr\/\"><span itemprop=\"name\">Accueil<\/span><\/a><meta itemprop=\"position\" content=\"1\"\/><\/div><div class=\"g-breadcrumbs-separator\"><i class=\"far fa-angle-right\"><\/i><\/div><div class=\"g-breadcrumbs-item\">Pages<\/div><\/nav><div class=\"wpb_text_column\"><div class=\"wpb_wrapper\"><h1>Pourquoi trader avec<br \/>\nICBC Markets?<\/h1>\n<\/div><\/div><\/div><\/div><\/div><div class=\"vc_col-sm-6 wpb_column vc_column_container\"><div class=\"vc_column-inner\"><div class=\"wpb_wrapper\"><div class=\"w-image align_none\"><div class=\"w-image-h\"><img decoding=\"async\" width=\"734\" height=\"320\" src=\"https:\/\/nlp6.mycube.kz\/wp-content\/uploads\/2026\/02\/gr-page.png\" class=\"attachment-full size-full\" alt=\"\" loading=\"lazy\" srcset=\"https:\/\/nlp6.mycube.kz\/wp-content\/uploads\/2026\/02\/gr-page.png 734w, https:\/\/nlp6.mycube.kz\/wp-content\/uploads\/2026\/02\/gr-page-300x131.png 300w\" sizes=\"auto, (max-width: 734px) 100vw, 734px\" \/><\/div><\/div><\/div><\/div><\/div><\/div><div class=\"w-separator size_custom\" style=\"height:2rem\"><\/div><div class=\"g-cols wpb_row us_custom_a2ebf4ae via_flex valign_top type_boxes stacking_default\"><div class=\"vc_col-sm-6 wpb_column vc_column_container\"><div class=\"vc_column-inner us_custom_681cf35f\"><div class=\"wpb_wrapper\"><div class=\"wpb_text_column us_custom_0259209c has_text_color\"><div class=\"wpb_wrapper\"><h4>Rejoignez une communaut\u00e9 mondiale de trading<\/h4>\n<p>Rejoignez plus de 100 000 traders actifs qui font confiance \u00e0 ICBC Markets pour am\u00e9liorer leurs performances et obtenir de meilleurs r\u00e9sultats.<\/p>\n<\/div><\/div><\/div><\/div><\/div><div class=\"vc_col-sm-6 wpb_column vc_column_container has_bg_color\"><div class=\"vc_column-inner us_custom_fc47a58d\"><div class=\"wpb_wrapper\"><div class=\"wpb_text_column\"><div class=\"wpb_wrapper\"><h4>Retraits rapides, s\u00e9curis\u00e9s et fiables<\/h4>\n<p>B\u00e9n\u00e9ficiez d\u2019un support client r\u00e9actif, de spreads comp\u00e9titifs, de ressources \u00e9ducatives avanc\u00e9es et d\u2019un acc\u00e8s \u00e0 plus de 300 march\u00e9s mondiaux \u2014 le tout via une plateforme puissante et facile \u00e0 utiliser.<\/p>\n<\/div><\/div><div class=\"w-separator size_custom\" style=\"height:30px\"><\/div><div class=\"w-btn-wrapper align_none\"><a class=\"w-btn us-btn-style_4\" href=\"\/platform.html\"><span class=\"w-btn-label\">Ouvrez votre compte ICBC Markets d\u00e8s aujourd\u2019hui<\/span><\/a><\/div><\/div><\/div><\/div><\/div><div class=\"g-cols wpb_row hide_on_tablets hide_on_mobiles via_flex valign_top type_default stacking_default\"><div class=\"vc_col-sm-12 wpb_column vc_column_container stretched\"><div class=\"vc_column-inner\"><div class=\"wpb_wrapper\"><div data-us-scroll=\"{&quot;from_initial_position&quot;:&quot;0&quot;,&quot;start_position&quot;:&quot;0%&quot;,&quot;end_position&quot;:&quot;100%&quot;,&quot;delay&quot;:&quot;0s&quot;,&quot;translate_x_direction&quot;:&quot;left&quot;,&quot;translate_x_speed&quot;:&quot;0.5x&quot;}\" class=\"w-text us_custom_819caa63 has_text_color has_scroll_effects has_translate_x\"><span class=\"w-text-h\"><span class=\"w-text-value\">\u00c0 propos de l&rsquo;entreprise<\/span><\/span><\/div><\/div><\/div><\/div><\/div><\/div><\/div><\/div><\/div><\/div><\/section><section class=\"l-section wpb_row us_custom_4fb9e5a3 height_large\"><div class=\"l-section-h i-cf\"><div class=\"g-cols vc_row via_flex valign_middle type_default stacking_default\"><div class=\"vc_col-sm-4 wpb_column vc_column_container\"><div class=\"vc_column-inner\"><div class=\"wpb_wrapper\"><div class=\"g-cols wpb_row via_flex valign_top type_default stacking_default\"><div class=\"vc_col-sm-12 wpb_column vc_column_container\"><div class=\"vc_column-inner\"><div class=\"wpb_wrapper\"><div class=\"w-image us_custom_447bff20 align_none\"><div class=\"w-image-h\"><img decoding=\"async\" width=\"461\" height=\"551\" src=\"https:\/\/nlp6.mycube.kz\/wp-content\/uploads\/2026\/03\/img15.png\" class=\"attachment-full size-full\" alt=\"\" loading=\"lazy\" srcset=\"https:\/\/nlp6.mycube.kz\/wp-content\/uploads\/2026\/03\/img15.png 461w, https:\/\/nlp6.mycube.kz\/wp-content\/uploads\/2026\/03\/img15-251x300.png 251w\" sizes=\"auto, (max-width: 461px) 100vw, 461px\" \/><\/div><\/div><\/div><\/div><\/div><\/div><\/div><\/div><\/div><div class=\"vc_col-sm-8 wpb_column vc_column_container\"><div class=\"vc_column-inner\"><div class=\"wpb_wrapper\"><div class=\"g-cols wpb_row via_flex valign_middle type_default stacking_default\"><div class=\"vc_col-sm-8 wpb_column vc_column_container\"><div class=\"vc_column-inner\"><div class=\"wpb_wrapper\"><div class=\"wpb_text_column us_custom_15a59903\"><div class=\"wpb_wrapper\"><h2>Qu\u2019est-ce qui distingue ICBC Markets?<\/h2>\n<p>Notre cr\u00e9dibilit\u00e9 repose sur la r\u00e9ussite r\u00e9elle des traders. Consultez nos \u00e9valuations v\u00e9rifi\u00e9es sur TrustPilot pour d\u00e9couvrir pourquoi les traders du monde entier choisissent ICBC Markets. Nous ne sommes pas seulement un courtier \u2014 nous sommes votre partenaire \u00e0 long terme dans le trading sur les march\u00e9s mondiaux.<\/p>\n<\/div><\/div><\/div><\/div><\/div><div class=\"vc_col-sm-4 wpb_column vc_column_container hide_on_tablets hide_on_mobiles\"><div class=\"vc_column-inner\"><div class=\"wpb_wrapper\"><div data-us-scroll=\"{&quot;from_initial_position&quot;:&quot;0&quot;,&quot;start_position&quot;:&quot;0%&quot;,&quot;end_position&quot;:&quot;100%&quot;,&quot;delay&quot;:&quot;0s&quot;}\" class=\"w-image us_custom_1f7b52e1 hide_on_tablets hide_on_mobiles has_scroll_effects align_center\"><div class=\"w-image-h\"><img decoding=\"async\" width=\"445\" height=\"774\" src=\"https:\/\/nlp6.mycube.kz\/wp-content\/uploads\/2026\/03\/img44.png\" class=\"attachment-full size-full\" alt=\"\" loading=\"lazy\" srcset=\"https:\/\/nlp6.mycube.kz\/wp-content\/uploads\/2026\/03\/img44.png 445w, https:\/\/nlp6.mycube.kz\/wp-content\/uploads\/2026\/03\/img44-172x300.png 172w\" sizes=\"auto, (max-width: 445px) 100vw, 445px\" \/><\/div><\/div><\/div><\/div><\/div><\/div><\/div><\/div><\/div><\/div><\/div><\/section><section class=\"l-section wpb_row us_custom_0db20381 height_large with_img\"><div class=\"l-section-img\" role=\"img\" data-img-width=\"1920\" data-img-height=\"1080\" style=\"background-image: url(https:\/\/nlp6.mycube.kz\/wp-content\/uploads\/2026\/03\/section4.jpg);background-position: bottom center;background-repeat: no-repeat;background-size: auto;\"><\/div><div class=\"l-section-h i-cf\"><div class=\"g-cols vc_row via_flex valign_middle type_default stacking_default\"><div class=\"vc_col-sm-6 wpb_column vc_column_container\"><div class=\"vc_column-inner\"><div class=\"wpb_wrapper\"><div class=\"g-cols wpb_row via_flex valign_top type_default stacking_default\"><div class=\"vc_col-sm-12 wpb_column vc_column_container\"><div class=\"vc_column-inner\"><div class=\"wpb_wrapper\"><div class=\"wpb_text_column us_custom_6df4bc3a has_text_color\"><div class=\"wpb_wrapper\"><h2>R\u00e9ussissez dans tous les environnements de march\u00e9<\/h2>\n<p>Naviguez en toute confiance dans des conditions de march\u00e9 changeantes gr\u00e2ce \u00e0 l\u2019acc\u00e8s \u00e0 six grandes classes d\u2019actifs. Constituez un portefeuille diversifi\u00e9 et d\u00e9couvrez des opportunit\u00e9s dans les domaines suivants :<\/p>\n<\/div><\/div><div class=\"w-separator size_custom\" style=\"height:30px\"><\/div><div class=\"w-btn-wrapper align_none\"><a class=\"w-btn us-btn-style_3\" href=\"\/platform.html\"><span class=\"w-btn-label\">Commencez \u00e0 trader d\u00e8s maintenant<\/span><\/a><\/div><\/div><\/div><\/div><\/div><\/div><\/div><\/div><div class=\"vc_col-sm-6 wpb_column vc_column_container\"><div class=\"vc_column-inner\"><div class=\"wpb_wrapper\"><div class=\"g-cols wpb_row via_flex valign_bottom type_boxes stacking_default\" style=\"--additional-gap:0.2rem;\"><div class=\"vc_col-sm-4 wpb_column vc_column_container has_bg_color\"><div class=\"vc_column-inner us_custom_a4c0738d\"><div class=\"wpb_wrapper\"><div class=\"w-image us_custom_635a79ca has_height align_none\"><div class=\"w-image-h\"><img decoding=\"async\" width=\"150\" height=\"150\" src=\"https:\/\/nlp6.mycube.kz\/wp-content\/uploads\/2026\/02\/icon1.png\" class=\"attachment-full size-full\" alt=\"\" loading=\"lazy\" \/><\/div><\/div><div class=\"w-separator size_custom\" style=\"height:80px\"><\/div><h6 class=\"w-text us_custom_5058d70d has_text_color\"><span class=\"w-text-h\"><span class=\"w-text-value\">Forex<br \/>\n(N\u00e9gociation de devises)<\/span><\/span><\/h6><\/div><\/div><\/div><div class=\"vc_col-sm-4 wpb_column vc_column_container has_bg_color\"><div class=\"vc_column-inner us_custom_899993a0\"><div class=\"wpb_wrapper\"><div class=\"w-image us_custom_635a79ca has_height align_none\"><div class=\"w-image-h\"><img decoding=\"async\" width=\"150\" height=\"150\" src=\"https:\/\/nlp6.mycube.kz\/wp-content\/uploads\/2026\/02\/icon2.png\" class=\"attachment-full size-full\" alt=\"\" loading=\"lazy\" \/><\/div><\/div><div class=\"w-separator size_custom\" style=\"height:80px\"><\/div><h6 class=\"w-text us_custom_5058d70d has_text_color\"><span class=\"w-text-h\"><span class=\"w-text-value\">March\u00e9s des cryptomonnaies<\/span><\/span><\/h6><\/div><\/div><\/div><div class=\"vc_col-sm-4 wpb_column vc_column_container has_bg_color\"><div class=\"vc_column-inner us_custom_a4c0738d\"><div class=\"wpb_wrapper\"><div class=\"w-image us_custom_635a79ca has_height align_none\"><div class=\"w-image-h\"><img decoding=\"async\" width=\"150\" height=\"150\" src=\"https:\/\/nlp6.mycube.kz\/wp-content\/uploads\/2026\/02\/icon3.png\" class=\"attachment-full size-full\" alt=\"\" loading=\"lazy\" \/><\/div><\/div><div class=\"w-separator size_custom\" style=\"height:80px\"><\/div><h6 class=\"w-text us_custom_5058d70d has_text_color\"><span class=\"w-text-h\"><span class=\"w-text-value\">CFD sur actions internationales<\/span><\/span><\/h6><\/div><\/div><\/div><\/div><div class=\"w-separator hide_on_tablets hide_on_mobiles size_custom\" style=\"height:0.4rem\"><\/div><div class=\"g-cols wpb_row via_flex valign_bottom type_boxes stacking_default\" style=\"--additional-gap:0.2rem;\"><div class=\"vc_col-sm-4 wpb_column vc_column_container has_bg_color\"><div class=\"vc_column-inner us_custom_899993a0\"><div class=\"wpb_wrapper\"><div class=\"w-image us_custom_635a79ca has_height align_none\"><div class=\"w-image-h\"><img decoding=\"async\" width=\"150\" height=\"150\" src=\"https:\/\/nlp6.mycube.kz\/wp-content\/uploads\/2026\/02\/icon5.png\" class=\"attachment-full size-full\" alt=\"\" loading=\"lazy\" \/><\/div><\/div><div class=\"w-separator size_custom\" style=\"height:80px\"><\/div><h6 class=\"w-text us_custom_5058d70d has_text_color\"><span class=\"w-text-h\"><span class=\"w-text-value\">M\u00e9taux<br \/>\npr\u00e9cieux<\/span><\/span><\/h6><\/div><\/div><\/div><div class=\"vc_col-sm-4 wpb_column vc_column_container has_bg_color\"><div class=\"vc_column-inner us_custom_a4c0738d\"><div class=\"wpb_wrapper\"><div class=\"w-image us_custom_635a79ca has_height align_none\"><div class=\"w-image-h\"><img decoding=\"async\" width=\"150\" height=\"150\" src=\"https:\/\/nlp6.mycube.kz\/wp-content\/uploads\/2026\/02\/icon4.png\" class=\"attachment-full size-full\" alt=\"\" loading=\"lazy\" \/><\/div><\/div><div class=\"w-separator size_custom\" style=\"height:80px\"><\/div><h6 class=\"w-text us_custom_5058d70d has_text_color\"><span class=\"w-text-h\"><span class=\"w-text-value\">Principaux indices internationaux<\/span><\/span><\/h6><\/div><\/div><\/div><div class=\"vc_col-sm-4 wpb_column vc_column_container has_bg_color\"><div class=\"vc_column-inner us_custom_899993a0\"><div class=\"wpb_wrapper\"><div class=\"w-image us_custom_635a79ca has_height align_none\"><div class=\"w-image-h\"><img decoding=\"async\" width=\"150\" height=\"150\" src=\"https:\/\/nlp6.mycube.kz\/wp-content\/uploads\/2026\/02\/icon6.png\" class=\"attachment-full size-full\" alt=\"\" loading=\"lazy\" \/><\/div><\/div><div class=\"w-separator size_custom\" style=\"height:80px\"><\/div><h6 class=\"w-text us_custom_5058d70d has_text_color\"><span class=\"w-text-h\"><span class=\"w-text-value\">March\u00e9s de l\u2019\u00e9nergie et des mati\u00e8res premi\u00e8res<\/span><\/span><\/h6><\/div><\/div><\/div><\/div><\/div><\/div><\/div><\/div><\/div><\/section><section class=\"l-section wpb_row height_large\"><div class=\"l-section-h i-cf\"><div class=\"g-cols vc_row via_flex valign_top type_default stacking_default\"><div class=\"vc_col-sm-12 wpb_column vc_column_container\"><div class=\"vc_column-inner\"><div class=\"wpb_wrapper\"><div class=\"g-cols wpb_row via_flex valign_middle type_default stacking_default\"><div class=\"vc_col-sm-6 wpb_column vc_column_container\"><div class=\"vc_column-inner\"><div class=\"wpb_wrapper\"><div class=\"w-image us_custom_447bff20 align_center\"><div class=\"w-image-h\"><img decoding=\"async\" width=\"762\" height=\"424\" src=\"https:\/\/nlp6.mycube.kz\/wp-content\/uploads\/2026\/03\/img17.jpg\" class=\"attachment-full size-full\" alt=\"\" loading=\"lazy\" srcset=\"https:\/\/nlp6.mycube.kz\/wp-content\/uploads\/2026\/03\/img17.jpg 762w, https:\/\/nlp6.mycube.kz\/wp-content\/uploads\/2026\/03\/img17-300x167.jpg 300w\" sizes=\"auto, (max-width: 762px) 100vw, 762px\" \/><\/div><\/div><\/div><\/div><\/div><div class=\"vc_col-sm-6 wpb_column vc_column_container\"><div class=\"vc_column-inner\"><div class=\"wpb_wrapper\"><div class=\"wpb_text_column us_custom_0259209c ulmoy has_text_color\"><div class=\"wpb_wrapper\"><h2>Transformez vos ambitions de trading en r\u00e9sultats concrets<\/h2>\n<p>Nos programmes \u00e9ducatifs con\u00e7us par des experts vous aident \u00e0 d\u00e9velopper vos comp\u00e9tences, \u00e0 prendre des d\u00e9cisions \u00e9clair\u00e9es et \u00e0 trader en toute confiance. Des d\u00e9butants aux traders exp\u00e9riment\u00e9s, ICBC Markets propose un apprentissage structur\u00e9 et pratique pour soutenir votre am\u00e9lioration continue.<\/p>\n<\/div><\/div><\/div><\/div><\/div><\/div><div class=\"w-separator size_custom\" style=\"height:6rem\" id=\"ud65\"><style>@media(max-width:767px){ #ud65{height:3rem!important}}<\/style><\/div><div class=\"g-cols wpb_row via_flex valign_top type_default stacking_default\"><div class=\"vc_col-sm-6 wpb_column vc_column_container\"><div class=\"vc_column-inner\"><div class=\"wpb_wrapper\"><div class=\"wpb_text_column\"><div class=\"wpb_wrapper\"><h2>Support d\u00e9di\u00e9 au trading<\/h2>\n<p>Collaborez en t\u00eate-\u00e0-t\u00eate avec votre sp\u00e9cialiste de trading personnel pour affiner vos strat\u00e9gies, optimiser l\u2019ex\u00e9cution et am\u00e9liorer vos performances.<\/p>\n<\/div><\/div><\/div><\/div><\/div><div class=\"vc_col-sm-6 wpb_column vc_column_container\"><div class=\"vc_column-inner\"><div class=\"wpb_wrapper\"><div class=\"wpb_text_column\"><div class=\"wpb_wrapper\"><h2>Tradez avec connaissance et confiance<\/h2>\n<p>Les d\u00e9cisions \u00e9clair\u00e9es sont la cl\u00e9 du succ\u00e8s. Acc\u00e9dez \u00e0 des recherches de march\u00e9 approfondies, \u00e0 des mises \u00e0 jour en temps r\u00e9el et \u00e0 des analyses professionnelles pour soutenir chacun de vos trades.<\/p>\n<\/div><\/div><\/div><\/div><\/div><\/div><div class=\"w-separator size_custom with_line width_default thick_1 style_solid color_border align_center\" style=\"height:6rem\"><div class=\"w-separator-h\"><\/div><\/div><div class=\"g-cols wpb_row via_flex valign_top type_default stacking_default\"><div class=\"vc_col-sm-12 wpb_column vc_column_container\"><div class=\"vc_column-inner\"><div class=\"wpb_wrapper\"><div class=\"w-btn-wrapper align_none\"><a class=\"w-btn us-btn-style_3\" href=\"\/platform.html\"><span class=\"w-btn-label\">Commencez votre parcours ICBC Markets aujourd\u2019hui<\/span><\/a><\/div><\/div><\/div><\/div><\/div><\/div><\/div><\/div><\/div><\/div><\/section>\n","protected":false},"excerpt":{"rendered":"AccueilPagesPourquoi trader avec ICBC Markets? Rejoignez une communaut\u00e9 mondiale de trading Rejoignez plus de 100 000 traders actifs qui font confiance \u00e0 ICBC Markets pour am\u00e9liorer leurs performances et obtenir de meilleurs r\u00e9sultats. Retraits rapides, s\u00e9curis\u00e9s et fiables B\u00e9n\u00e9ficiez d\u2019un support client r\u00e9actif, de spreads comp\u00e9titifs, de ressources \u00e9ducatives avanc\u00e9es et d\u2019un acc\u00e8s \u00e0 plus...","protected":false},"author":1,"featured_media":0,"parent":0,"menu_order":0,"comment_status":"closed","ping_status":"closed","template":"","meta":{"footnotes":""},"class_list":["post-936","page","type-page","status-publish","hentry"],"_links":{"self":[{"href":"https:\/\/nlp6.mycube.kz\/fr\/wp-json\/wp\/v2\/pages\/936","targetHints":{"allow":["GET"]}}],"collection":[{"href":"https:\/\/nlp6.mycube.kz\/fr\/wp-json\/wp\/v2\/pages"}],"about":[{"href":"https:\/\/nlp6.mycube.kz\/fr\/wp-json\/wp\/v2\/types\/page"}],"author":[{"embeddable":true,"href":"https:\/\/nlp6.mycube.kz\/fr\/wp-json\/wp\/v2\/users\/1"}],"replies":[{"embeddable":true,"href":"https:\/\/nlp6.mycube.kz\/fr\/wp-json\/wp\/v2\/comments?post=936"}],"version-history":[{"count":4,"href":"https:\/\/nlp6.mycube.kz\/fr\/wp-json\/wp\/v2\/pages\/936\/revisions"}],"predecessor-version":[{"id":941,"href":"https:\/\/nlp6.mycube.kz\/fr\/wp-json\/wp\/v2\/pages\/936\/revisions\/941"}],"wp:attachment":[{"href":"https:\/\/nlp6.mycube.kz\/fr\/wp-json\/wp\/v2\/media?parent=936"}],"curies":[{"name":"wp","href":"https:\/\/api.w.org\/{rel}","templated":true}]}}