{"id":976,"date":"2026-03-02T19:03:59","date_gmt":"2026-03-02T16:03:59","guid":{"rendered":"https:\/\/nlp6.mycube.kz\/get-in-touch\/"},"modified":"2026-04-01T16:00:20","modified_gmt":"2026-04-01T13:00:20","slug":"get-in-touch","status":"publish","type":"page","link":"https:\/\/nlp6.mycube.kz\/fr\/get-in-touch\/","title":{"rendered":"Entrer En Contact"},"content":{"rendered":"<section class=\"l-section wpb_row us_custom_9ccc05f2 height_auto full_height valign_bottom\"><div class=\"l-section-h i-cf\"><div class=\"g-cols vc_row via_flex valign_top type_default stacking_default\"><div class=\"vc_col-sm-12 wpb_column vc_column_container\"><div class=\"vc_column-inner\"><div class=\"wpb_wrapper\"><div class=\"w-separator size_custom\" style=\"height:2rem\"><\/div><div class=\"g-cols wpb_row via_flex valign_top type_default stacking_default\"><div class=\"vc_col-sm-12 wpb_column vc_column_container\"><div class=\"vc_column-inner\"><div class=\"wpb_wrapper\"><nav class=\"g-breadcrumbs us_custom_183ff87a has_text_color separator_icon align_none\" itemscope itemtype=\"http:\/\/schema.org\/BreadcrumbList\"><div class=\"g-breadcrumbs-item\" itemscope itemprop=\"itemListElement\" itemtype=\"http:\/\/schema.org\/ListItem\"><a itemprop=\"item\" href=\"https:\/\/nlp6.mycube.kz\/fr\/\"><span itemprop=\"name\">Accueil<\/span><\/a><meta itemprop=\"position\" content=\"1\"\/><\/div><div class=\"g-breadcrumbs-separator\"><i class=\"far fa-angle-right\"><\/i><\/div><div class=\"g-breadcrumbs-item\">Pages<\/div><\/nav><div class=\"wpb_text_column\"><div class=\"wpb_wrapper\"><h1>Contactez le service client de ICBC Markets!<\/h1>\n<\/div><\/div><\/div><\/div><\/div><\/div><div class=\"w-separator size_custom\" style=\"height:2rem\"><\/div><div class=\"g-cols wpb_row us_custom_a2ebf4ae via_flex valign_top type_boxes stacking_default\"><div class=\"vc_col-sm-6 wpb_column vc_column_container\"><div class=\"vc_column-inner us_custom_681cf35f\"><div class=\"wpb_wrapper\"><div class=\"w-image align_none\"><div class=\"w-image-h\"><img decoding=\"async\" width=\"734\" height=\"320\" src=\"https:\/\/nlp6.mycube.kz\/wp-content\/uploads\/2026\/02\/gr-page.png\" class=\"attachment-full size-full\" alt=\"\" loading=\"lazy\" srcset=\"https:\/\/nlp6.mycube.kz\/wp-content\/uploads\/2026\/02\/gr-page.png 734w, https:\/\/nlp6.mycube.kz\/wp-content\/uploads\/2026\/02\/gr-page-300x131.png 300w\" sizes=\"auto, (max-width: 734px) 100vw, 734px\" \/><\/div><\/div><\/div><\/div><\/div><div class=\"vc_col-sm-6 wpb_column vc_column_container has_bg_color\"><div class=\"vc_column-inner us_custom_2bf2f786\"><div class=\"wpb_wrapper\"><div class=\"wpb_text_column\"><div class=\"wpb_wrapper\"><h4>Avez-vous des questions auxquelles vous aimeriez obtenir des r\u00e9ponses?<\/h4>\n<p>Vous avez des questions? Des doutes? Notre service client se fera un plaisir de vous aider! Oh, et sachez qu\u2019il est r\u00e9put\u00e9 pour \u00eatre le meilleur service d\u2019assistance du secteur!<\/p>\n<\/div><\/div><div class=\"w-separator size_custom\" style=\"height:30px\"><\/div><div class=\"w-btn-wrapper align_none\"><a class=\"w-btn us-btn-style_4\" href=\"\/platform.html\"><span class=\"w-btn-label\">Commencez \u00e0 trader<\/span><\/a><\/div><\/div><\/div><\/div><\/div><div class=\"g-cols wpb_row hide_on_tablets hide_on_mobiles via_flex valign_top type_default stacking_default\"><div class=\"vc_col-sm-12 wpb_column vc_column_container stretched\"><div class=\"vc_column-inner\"><div class=\"wpb_wrapper\"><div data-us-scroll=\"{&quot;from_initial_position&quot;:&quot;0&quot;,&quot;start_position&quot;:&quot;0%&quot;,&quot;end_position&quot;:&quot;100%&quot;,&quot;delay&quot;:&quot;0s&quot;,&quot;translate_x_direction&quot;:&quot;left&quot;,&quot;translate_x_speed&quot;:&quot;0.5x&quot;}\" class=\"w-text us_custom_819caa63 has_text_color has_scroll_effects has_translate_x\"><span class=\"w-text-h\"><span class=\"w-text-value\">Nous contacter<\/span><\/span><\/div><\/div><\/div><\/div><\/div><\/div><\/div><\/div><\/div><\/div><\/section><section class=\"l-section wpb_row height_large\"><div class=\"l-section-h i-cf\"><div class=\"g-cols vc_row via_flex valign_top type_default stacking_default\"><div class=\"vc_col-sm-12 wpb_column vc_column_container\"><div class=\"vc_column-inner\"><div class=\"wpb_wrapper\"><div class=\"g-cols wpb_row via_flex valign_top type_default stacking_default\"><div class=\"vc_col-sm-12 wpb_column vc_column_container\"><div class=\"vc_column-inner us_custom_558ec5ca\"><div class=\"wpb_wrapper\"><div class=\"w-image us_custom_15f9d3f2 align_none\"><div class=\"w-image-h\"><img decoding=\"async\" width=\"140\" height=\"20\" src=\"https:\/\/nlp6.mycube.kz\/wp-content\/uploads\/2026\/03\/7-stars.png\" class=\"attachment-full size-full\" alt=\"\" loading=\"lazy\" \/><\/div><\/div><div class=\"wpb_text_column\"><div class=\"wpb_wrapper\"><h2>Service Client 7 Etoiles<\/h2>\n<\/div><\/div><\/div><\/div><\/div><\/div><div class=\"w-separator size_custom\" style=\"height:3rem\"><\/div><div class=\"g-cols wpb_row via_flex valign_top type_boxes stacking_default\" style=\"--additional-gap:0.5rem;\"><div class=\"vc_col-sm-4 wpb_column vc_column_container has_bg_color\"><div class=\"vc_column-inner us_custom_2aabb217\"><div class=\"wpb_wrapper\"><div class=\"w-hwrapper valign_bottom align_left\"><div class=\"w-text us_custom_57ca39bb has_text_color no_text icon_atleft\"><span class=\"w-text-h\"><i class=\"fas fa-clock\"><\/i><span class=\"w-text-value\"><\/span><\/span><\/div><div class=\"w-image align_left\"><div class=\"w-image-h\"><img decoding=\"async\" width=\"369\" height=\"85\" src=\"https:\/\/nlp6.mycube.kz\/wp-content\/uploads\/2026\/03\/gr01.png\" class=\"attachment-full size-full\" alt=\"\" loading=\"lazy\" srcset=\"https:\/\/nlp6.mycube.kz\/wp-content\/uploads\/2026\/03\/gr01.png 369w, https:\/\/nlp6.mycube.kz\/wp-content\/uploads\/2026\/03\/gr01-300x69.png 300w\" sizes=\"auto, (max-width: 369px) 100vw, 369px\" \/><\/div><\/div><\/div><div class=\"w-separator us_custom_39f13dbb has_text_color size_custom has_font_size with_line width_default thick_1 style_dotted color_text align_left with_content\" style=\"height:30px\"><div class=\"w-separator-h\"><i class=\"fas fa-fas fa-arrow-down\"><\/i><\/div><\/div><div class=\"wpb_text_column us_custom_0259209c has_text_color\"><div class=\"wpb_wrapper\"><h6>R\u00e9ponses sous<\/h6>\n<p>1 heure<\/p>\n<\/div><\/div><\/div><\/div><\/div><div class=\"vc_col-sm-4 wpb_column vc_column_container has_bg_color\"><div class=\"vc_column-inner us_custom_584c885f\"><div class=\"wpb_wrapper\"><div class=\"w-hwrapper valign_bottom align_left\"><div class=\"w-text us_custom_795fd349 has_text_color no_text icon_atleft\"><span class=\"w-text-h\"><i class=\"fas fa-envelope\"><\/i><span class=\"w-text-value\"><\/span><\/span><\/div><div class=\"w-image align_left\"><div class=\"w-image-h\"><img decoding=\"async\" width=\"369\" height=\"85\" src=\"https:\/\/nlp6.mycube.kz\/wp-content\/uploads\/2026\/03\/gr02.png\" class=\"attachment-full size-full\" alt=\"\" loading=\"lazy\" srcset=\"https:\/\/nlp6.mycube.kz\/wp-content\/uploads\/2026\/03\/gr02.png 369w, https:\/\/nlp6.mycube.kz\/wp-content\/uploads\/2026\/03\/gr02-300x69.png 300w\" sizes=\"auto, (max-width: 369px) 100vw, 369px\" \/><\/div><\/div><\/div><div class=\"w-separator us_custom_8433f451 has_text_color size_custom has_font_size with_line width_default thick_1 style_dotted color_text align_left with_content\" style=\"height:30px\"><div class=\"w-separator-h\"><i class=\"fas fa-fas fa-arrow-down\"><\/i><\/div><\/div><div class=\"wpb_text_column us_custom_6df4bc3a has_text_color\"><div class=\"wpb_wrapper\"><h6>24\/5 Support<\/h6>\n<p>support@icbcmarkets.com<\/p>\n<\/div><\/div><\/div><\/div><\/div><div class=\"vc_col-sm-4 wpb_column vc_column_container has_bg_color\"><div class=\"vc_column-inner us_custom_0b41f71e\"><div class=\"wpb_wrapper\"><div class=\"w-hwrapper valign_bottom align_left\"><div class=\"w-text us_custom_57ca39bb has_text_color no_text icon_atleft\"><span class=\"w-text-h\"><i class=\"fas fa-fas fa-comment-alt-lines\"><\/i><span class=\"w-text-value\"><\/span><\/span><\/div><div class=\"w-image align_left\"><div class=\"w-image-h\"><img decoding=\"async\" width=\"369\" height=\"85\" src=\"https:\/\/nlp6.mycube.kz\/wp-content\/uploads\/2026\/03\/gr01.png\" class=\"attachment-full size-full\" alt=\"\" loading=\"lazy\" srcset=\"https:\/\/nlp6.mycube.kz\/wp-content\/uploads\/2026\/03\/gr01.png 369w, https:\/\/nlp6.mycube.kz\/wp-content\/uploads\/2026\/03\/gr01-300x69.png 300w\" sizes=\"auto, (max-width: 369px) 100vw, 369px\" \/><\/div><\/div><\/div><div class=\"w-separator us_custom_39f13dbb has_text_color size_custom has_font_size with_line width_default thick_1 style_dotted color_text align_left with_content\" style=\"height:30px\"><div class=\"w-separator-h\"><i class=\"fas fa-fas fa-arrow-down\"><\/i><\/div><\/div><div class=\"wpb_text_column us_custom_0259209c has_text_color\"><div class=\"wpb_wrapper\"><h6>Service Client<\/h6>\n<p>Exceptionnel<\/p>\n<\/div><\/div><\/div><\/div><\/div><\/div><\/div><\/div><\/div><\/div><\/div><\/section>\n","protected":false},"excerpt":{"rendered":"AccueilPages Contactez le service client de ICBC Markets! Avez-vous des questions auxquelles vous aimeriez obtenir des r\u00e9ponses? Vous avez des questions? Des doutes? Notre service client se fera un plaisir de vous aider! Oh, et sachez qu\u2019il est r\u00e9put\u00e9 pour \u00eatre le meilleur service d\u2019assistance du secteur! Commencez \u00e0 traderNous contacter Service Client 7 Etoiles...","protected":false},"author":1,"featured_media":0,"parent":0,"menu_order":0,"comment_status":"closed","ping_status":"closed","template":"","meta":{"footnotes":""},"class_list":["post-976","page","type-page","status-publish","hentry"],"_links":{"self":[{"href":"https:\/\/nlp6.mycube.kz\/fr\/wp-json\/wp\/v2\/pages\/976","targetHints":{"allow":["GET"]}}],"collection":[{"href":"https:\/\/nlp6.mycube.kz\/fr\/wp-json\/wp\/v2\/pages"}],"about":[{"href":"https:\/\/nlp6.mycube.kz\/fr\/wp-json\/wp\/v2\/types\/page"}],"author":[{"embeddable":true,"href":"https:\/\/nlp6.mycube.kz\/fr\/wp-json\/wp\/v2\/users\/1"}],"replies":[{"embeddable":true,"href":"https:\/\/nlp6.mycube.kz\/fr\/wp-json\/wp\/v2\/comments?post=976"}],"version-history":[{"count":4,"href":"https:\/\/nlp6.mycube.kz\/fr\/wp-json\/wp\/v2\/pages\/976\/revisions"}],"predecessor-version":[{"id":981,"href":"https:\/\/nlp6.mycube.kz\/fr\/wp-json\/wp\/v2\/pages\/976\/revisions\/981"}],"wp:attachment":[{"href":"https:\/\/nlp6.mycube.kz\/fr\/wp-json\/wp\/v2\/media?parent=976"}],"curies":[{"name":"wp","href":"https:\/\/api.w.org\/{rel}","templated":true}]}}